{"id":1615,"date":"2020-08-26T09:23:23","date_gmt":"2020-08-26T09:23:23","guid":{"rendered":"http:\/\/wldstainless.com\/?page_id=1615"},"modified":"2020-12-11T05:39:15","modified_gmt":"2020-12-11T05:39:15","slug":"stainless-steel-channel","status":"publish","type":"page","link":"https:\/\/wldstainless.com\/it\/products\/stainless-steel-channel\/","title":{"rendered":"Canale in acciaio inossidabile"},"content":{"rendered":"<div class=\"flex_column av_one_fourth  flex_column_div av-zero-column-padding first\" style='border-radius:0px; '><p><div class='avia-builder-widget-area clearfix'><div id=\"nav_menu-7\" class=\"widget clearfix widget_nav_menu\"><h3 class=\"widgettitle\">Prodotti<\/h3><div class=\"menu-accessories-container\"><ul id=\"menu-accessories\" class=\"menu\"><li id=\"menu-item-1924\" class=\"menu-item menu-item-type-post_type menu-item-object-page menu-item-1924\"><a href=\"https:\/\/wldstainless.com\/it\/products\/stainless-steel-angle\/\">Angolo in acciaio inossidabile<\/a><\/li>\n<li id=\"menu-item-1925\" class=\"menu-item menu-item-type-post_type menu-item-object-page menu-item-1925\"><a href=\"https:\/\/wldstainless.com\/it\/products\/stainless-steel-beam\/\">Trave in acciaio inossidabile<\/a><\/li>\n<li id=\"menu-item-1926\" class=\"menu-item menu-item-type-post_type menu-item-object-page menu-item-1926\"><a href=\"https:\/\/wldstainless.com\/it\/products\/stainless-steel-capillary-tubes\/\">Tubi capillari in acciaio inossidabile<\/a><\/li>\n<li id=\"menu-item-1927\" class=\"menu-item menu-item-type-post_type menu-item-object-page menu-item-1927\"><a href=\"https:\/\/wldstainless.com\/it\/products\/stainless-steel-channel\/\">Canale in acciaio inossidabile<\/a><\/li>\n<li id=\"menu-item-1928\" class=\"menu-item menu-item-type-post_type menu-item-object-page menu-item-1928\"><a href=\"https:\/\/wldstainless.com\/it\/products\/stainless-steel-coiled-tube\/\">Tubo a spirale in acciaio inossidabile<\/a><\/li>\n<li id=\"menu-item-1929\" class=\"menu-item menu-item-type-post_type menu-item-object-page menu-item-1929\"><a href=\"https:\/\/wldstainless.com\/it\/products\/stainless-steel-cold-rolled-plate-sheet-coil\/\">Lamiera\/lamiera\/bobina laminata a freddo in acciaio inossidabile<\/a><\/li>\n<li id=\"menu-item-1930\" class=\"menu-item menu-item-type-post_type menu-item-object-page menu-item-1930\"><a href=\"https:\/\/wldstainless.com\/it\/products\/stainless-steel-flats\/\">Piatti in acciaio inossidabile<\/a><\/li>\n<li id=\"menu-item-1931\" class=\"menu-item menu-item-type-post_type menu-item-object-page menu-item-1931\"><a href=\"https:\/\/wldstainless.com\/it\/products\/stainless-steel-hexagon-bars\/\">Barre esagonali in acciaio inossidabile<\/a><\/li>\n<li id=\"menu-item-1932\" class=\"menu-item menu-item-type-post_type menu-item-object-page menu-item-1932\"><a href=\"https:\/\/wldstainless.com\/it\/products\/stainless-steel-hot-rolled-plate-sheet-coil\/\">Lamiera\/lamiera\/bobina laminata a caldo in acciaio inossidabile<\/a><\/li>\n<li id=\"menu-item-1933\" class=\"menu-item menu-item-type-post_type menu-item-object-page menu-item-1933\"><a href=\"https:\/\/wldstainless.com\/it\/products\/stainless-steel-large-diameter-pipe\/\">Tubo in acciaio inossidabile di grande diametro<\/a><\/li>\n<li id=\"menu-item-1934\" class=\"menu-item menu-item-type-post_type menu-item-object-page menu-item-1934\"><a href=\"https:\/\/wldstainless.com\/it\/products\/stainless-steel-round-bars\/\">Barre tonde in acciaio inossidabile<\/a><\/li>\n<li id=\"menu-item-1935\" class=\"menu-item menu-item-type-post_type menu-item-object-page menu-item-1935\"><a href=\"https:\/\/wldstainless.com\/it\/products\/stainless-steel-square-tube\/\">Tubo quadrato in acciaio inossidabile<\/a><\/li>\n<li id=\"menu-item-1936\" class=\"menu-item menu-item-type-post_type menu-item-object-page menu-item-1936\"><a href=\"https:\/\/wldstainless.com\/it\/products\/stainless-steel-u-bend-tube\/\">Tubo piegato a U in acciaio inossidabile<\/a><\/li>\n<\/ul><\/div><\/div><\/div><br \/>\n<div  class='hr hr-default'><span class='hr-inner' ><span class='hr-inner-style'><\/span><\/span><\/div><br \/>\n<div class='avia-button-wrap avia-button-left'><a href='http:\/\/wldstainless.com\/contact\/#contact' class='avia-button   avia-icon_select-yes-left-icon avia-color-custom avia-size-large avia-position-left'  target=\"_blank\"  style='background-color:#e82221; border-color:#e82221; color:#ffffff; ' ><span class='avia_button_icon avia_button_icon_left' aria-hidden='true' data-av_icon='\ue84b' data-av_iconfont='entypo-fontello'><\/span><span class='avia_iconbox_title' >Richiedi un preventivo<\/span><\/a><\/div><\/p><\/div>\n<div class=\"flex_column av_three_fourth  flex_column_div\" style='padding:0px 0px 50px 0px ; border-radius:0px; '><p><div style='padding-bottom:10px;color:#d3311f;' class='av-special-heading av-special-heading-h3 custom-color-heading'><h3 class='av-special-heading-tag'  itemprop=\"headline\"  >Canale in acciaio inossidabile<\/h3><div class='special-heading-border'><div class='special-heading-inner-border' style='border-color:#d3311f'><\/div><\/div><\/div><br \/>\n<div  class='hr hr-default'><span class='hr-inner' ><span class='hr-inner-style'><\/span><\/span><\/div><br \/>\n<section class=\"av_textblock_section\"  itemscope=\"itemscope\" itemtype=\"https:\/\/schema.org\/CreativeWork\" ><div class='avia_textblock'   itemprop=\"text\" ><p>Il profilo in acciaio inossidabile \u00e8 l&#039;acciaio formato con una sezione ottenuta mediante fusione a caldo, formatura, fusione laser, laminazione a freddo, estrusione o altri metodi sulla barra o nastro di acciaio inossidabile. I tipi comuni tra cui acciaio inossidabile ad angolo r, acciaio inossidabile piatto, acciaio inossidabile a canale (canale a C, canale a U), trave (trave ad H, trave a I) e forme quasi nette completamente personalizzate nelle nostre leghe. Presso WLD Steel forniamo e produciamo principalmente canali a C e canali a U in acciaio inossidabile in conformit\u00e0 con ASTM A276.<\/p>\n<p><img decoding=\"async\" class=\"size-full wp-image-1657 aligncenter\" src=\"http:\/\/wldstainless.com\/wp-content\/uploads\/2020\/09\/SS-channels.jpg\" alt=\"\" width=\"127\" height=\"120\" \/><\/p>\n<p>L&#039;acciaio del canale in acciaio inossidabile \u00e8 un acciaio lungo con una sezione a forma di scanalatura, generalmente in altezza (A) * Larghezza (B) * Spessore (C). I materiali comuni sono 201, 202, 301, 304, 321, 316, 316L, ecc. L&#039;acciaio per canali in acciaio inossidabile laminato a caldo viene utilizzato principalmente in strutture edili, ponti, veicoli e altre strutture industriali ed \u00e8 spesso utilizzato con travi a I. L&#039;acciaio per canali in acciaio inossidabile leggero laminato a caldo \u00e8 un tipo di acciaio con un profilo ampio e pareti sottili, che \u00e8 pi\u00f9 economico del normale acciaio per canali laminato a caldo. Offriamo praticamente qualsiasi tipo di canale personalizzato in acciaio inossidabile per ponti, edifici, automobili, tessili, prodotti chimici, macchinari e altri settori.<\/p>\n<p><strong>Specifiche del canale industriale:<\/strong><\/p>\n<table>\n<tbody>\n<tr>\n<td width=\"426\">Forme:<\/td>\n<td width=\"426\">Canale a forma di C<\/p>\n<p>Canale U<\/td>\n<\/tr>\n<tr>\n<td width=\"426\">Materiale<\/td>\n<td width=\"426\">Acciaio inossidabile<\/p>\n<p>Acciaio inossidabile duplex<\/td>\n<\/tr>\n<tr>\n<td width=\"426\">Specifica<\/td>\n<td width=\"426\">ASTM A276\/A276M<\/p>\n<p>ASTM A484\/A484M<\/p>\n<p>ASTM A564\/A564M<\/p>\n<p>ASTM A582\/A582M<\/p>\n<p>ASTM A638\/A638M<\/p>\n<p>ASTM A705\/A705M<\/td>\n<\/tr>\n<tr>\n<td width=\"426\">Misurare<\/td>\n<td width=\"426\">Canale: 40 mm*20 mm~300 mm*300 mm<\/p>\n<p>Lunghezza: 3M, 4M, 5M, 6M o dimensioni di taglio personalizzate<\/td>\n<\/tr>\n<\/tbody>\n<\/table>\n<\/div><\/section><br \/>\n<div  class='hr hr-default'><span class='hr-inner' ><span class='hr-inner-style'><\/span><\/span><\/div><br \/>\n<section class=\"av_textblock_section\"  itemscope=\"itemscope\" itemtype=\"https:\/\/schema.org\/CreativeWork\" ><div class='avia_textblock'   itemprop=\"text\" ><h4>Gradi disponibili di SS Channel presso WID Steel<\/h4>\n<ul>\n<li>Acciaio inossidabile <a href=\"https:\/\/wldstainless.com\/materials\/austenitic-stainless-steel\/304-304l-stainless-steel\/\">304\/304L\/304H<\/a> Canale<\/li>\n<li>Acciaio inossidabile <a href=\"https:\/\/wldstainless.com\/materials\/austenitic-stainless-steel\/316-316l-stainless-steel\/\">316\/316L\/316Ti<\/a> Canale<\/li>\n<li>Acciaio inossidabile <a href=\"https:\/\/wldstainless.com\/materials\/austenitic-stainless-steel\/309s-stainless-steel\/\">309\/309S<\/a> Canale<\/li>\n<li>Acciaio inossidabile <a href=\"https:\/\/wldstainless.com\/materials\/austenitic-stainless-steel\/310s-stainless-steel\/\">310\/310S<\/a> Canale<\/li>\n<li>Canale in acciaio inossidabile 317\/317L<\/li>\n<li>Acciaio inossidabile <a href=\"https:\/\/wldstainless.com\/materials\/austenitic-stainless-steel\/321-321h-stainless-steel\/\">321\/321H<\/a> Canale<\/li>\n<li>Acciaio inossidabile <a href=\"https:\/\/wldstainless.com\/materials\/austenitic-stainless-steel\/347-347h-stainless-steel\/\">347\/347H<\/a> Canale<\/li>\n<li>Acciaio inossidabile <a href=\"https:\/\/wldstainless.com\/materials\/austenitic-stainless-steel\/904l-stainless-steel\/\">904L<\/a> Canale<\/li>\n<li>Acciaio duplex <a href=\"https:\/\/wldstainless.com\/materials\/duplex-stainless-steel\/alloy-2304-stainless-steel\/\">31803<\/a> Canale<\/li>\n<li>Acciaio duplex <a href=\"https:\/\/wldstainless.com\/materials\/duplex-stainless-steel\/alloy-2205-stainless-steel\/\">32550<\/a> Canale<\/li>\n<\/ul>\n<\/div><\/section><\/p><\/div>","protected":false},"excerpt":{"rendered":"","protected":false},"author":1,"featured_media":0,"parent":346,"menu_order":0,"comment_status":"closed","ping_status":"closed","template":"","meta":{"footnotes":""},"class_list":["post-1615","page","type-page","status-publish","hentry"],"aioseo_notices":[],"_links":{"self":[{"href":"https:\/\/wldstainless.com\/it\/wp-json\/wp\/v2\/pages\/1615","targetHints":{"allow":["GET"]}}],"collection":[{"href":"https:\/\/wldstainless.com\/it\/wp-json\/wp\/v2\/pages"}],"about":[{"href":"https:\/\/wldstainless.com\/it\/wp-json\/wp\/v2\/types\/page"}],"author":[{"embeddable":true,"href":"https:\/\/wldstainless.com\/it\/wp-json\/wp\/v2\/users\/1"}],"replies":[{"embeddable":true,"href":"https:\/\/wldstainless.com\/it\/wp-json\/wp\/v2\/comments?post=1615"}],"version-history":[{"count":6,"href":"https:\/\/wldstainless.com\/it\/wp-json\/wp\/v2\/pages\/1615\/revisions"}],"predecessor-version":[{"id":2052,"href":"https:\/\/wldstainless.com\/it\/wp-json\/wp\/v2\/pages\/1615\/revisions\/2052"}],"up":[{"embeddable":true,"href":"https:\/\/wldstainless.com\/it\/wp-json\/wp\/v2\/pages\/346"}],"wp:attachment":[{"href":"https:\/\/wldstainless.com\/it\/wp-json\/wp\/v2\/media?parent=1615"}],"curies":[{"name":"wp","href":"https:\/\/api.w.org\/{rel}","templated":true}]}}