{"id":1581,"date":"2020-08-25T06:23:16","date_gmt":"2020-08-25T06:23:16","guid":{"rendered":"http:\/\/wldstainless.com\/?page_id=1581"},"modified":"2020-09-18T09:34:41","modified_gmt":"2020-09-18T09:34:41","slug":"430-430f-stainless-steel","status":"publish","type":"page","link":"https:\/\/wldstainless.com\/it\/materials\/ferritic-stainless-steel\/430-430f-stainless-steel\/","title":{"rendered":"Acciaio inossidabile 430\/430F"},"content":{"rendered":"<div class='flex_column_table av-equal-height-column-flextable -flextable' ><div class=\"flex_column av_one_fourth  flex_column_table_cell av-equal-height-column av-align-top av-zero-column-padding first\" style='border-radius:0px; '><p><div class='avia-builder-widget-area clearfix'><div id=\"nav_menu-5\" class=\"widget clearfix widget_nav_menu\"><h3 class=\"widgettitle\">Materiale<\/h3><div class=\"menu-products-sidebar-menu-container\"><ul id=\"menu-products-sidebar-menu\" class=\"menu\"><li id=\"menu-item-1329\" class=\"menu-item menu-item-type-post_type menu-item-object-page menu-item-1329\"><a href=\"https:\/\/wldstainless.com\/it\/materials\/ferritic-stainless-steel\/\">Acciaio inossidabile ferritico<\/a><\/li>\n<li id=\"menu-item-1328\" class=\"menu-item menu-item-type-post_type menu-item-object-page menu-item-1328\"><a href=\"https:\/\/wldstainless.com\/it\/materials\/martensitic-stainless-steel\/\">Acciaio inossidabile martensitico<\/a><\/li>\n<li id=\"menu-item-1327\" class=\"menu-item menu-item-type-post_type menu-item-object-page menu-item-1327\"><a href=\"https:\/\/wldstainless.com\/it\/materials\/austenitic-stainless-steel\/\">Acciaio inossidabile austenitico<\/a><\/li>\n<li id=\"menu-item-1889\" class=\"menu-item menu-item-type-post_type menu-item-object-page menu-item-1889\"><a href=\"https:\/\/wldstainless.com\/it\/materials\/duplex-stainless-steel\/\">Acciaio inossidabile duplex<\/a><\/li>\n<\/ul><\/div><\/div><\/div><br \/>\n<div  class='hr hr-default'><span class='hr-inner' ><span class='hr-inner-style'><\/span><\/span><\/div><br \/>\n<div class='avia-button-wrap avia-button-left'><a href='http:\/\/wldstainless.com\/contact\/#contact' class='avia-button   avia-icon_select-yes-left-icon avia-color-custom avia-size-large avia-position-left'  target=\"_blank\"  style='background-color:#e82221; border-color:#e82221; color:#ffffff; ' ><span class='avia_button_icon avia_button_icon_left' aria-hidden='true' data-av_icon='\ue84b' data-av_iconfont='entypo-fontello'><\/span><span class='avia_iconbox_title' >Richiedi un preventivo<\/span><\/a><\/div><\/p><\/div><\/div><!--close column table wrapper. Autoclose: 1 --><div class='flex_column_table av-equal-height-column-flextable -flextable' ><div class='av-flex-placeholder'><\/div><div class=\"flex_column av_three_fourth  flex_column_table_cell av-equal-height-column av-align-top av-zero-column-padding\" style='border-radius:0px; '><p><div style='padding-bottom:10px;color:#d3311f;font-size:26px;' class='av-special-heading av-special-heading-h3 custom-color-heading blockquote modern-quote   av-inherit-size'><h3 class='av-special-heading-tag'  itemprop=\"headline\"  >Acciaio inossidabile 430\/430F<\/h3><div class='special-heading-border'><div class='special-heading-inner-border' style='border-color:#d3311f'><\/div><\/div><\/div><br \/>\n<section class=\"av_textblock_section\"  itemscope=\"itemscope\" itemtype=\"https:\/\/schema.org\/CreativeWork\" ><div class='avia_textblock'   itemprop=\"text\" ><p>WLD Steel \u00e8 un produttore, fornitore ed esportatore leader di acciaio inossidabile 430\/430F disponibile in diverse dimensioni e forme, tra cui barre, tubi, lamiere, piastre e billette.<\/p>\n<p>Il tipo 430 \u00e8 un acciaio inossidabile ferrite contenente cromo con moderata resistenza alla corrosione e al calore. Combina buone caratteristiche di resistenza alla corrosione e duttilit\u00e0, \u00e8 stato ampiamente utilizzato nelle finiture automobilistiche e nelle applicazioni di componenti di elettrodomestici come parti di automobili, utensili da cucina, valvole, parti di lavorazione alimentare, coni televisivi, parti di macchine per il tabacco.<\/p>\n<p>Il grado 430LX \u00e8 la versione che aggiunge Ti o Nb, il contenuto di C \u00e8 ridotto sulla base dell&#039;acciaio 430, che migliora le prestazioni di lavorazione e saldatura, utilizzato principalmente in sistemi di riscaldamento dell&#039;acqua, apparecchi sanitari, elettrodomestici, volani di biciclette e cos\u00ec via. Grado 430F \u00e8 la versione a lavorazione libera di questo grado e ha una lavorabilit\u00e0 maggiore rispetto al 430 ed \u00e8 accettabile una ridotta resistenza alla corrosione, disponibile sotto forma di barra per l&#039;uso in macchine a vite automatiche.<\/p>\n<p><strong>Quali sono i moduli 430\/430F disponibili presso WLD Steel?<\/strong><\/p>\n<ul>\n<li>Foglio\/piastra\/bobina: ASTM A240, ASTM A480<\/li>\n<li>Barra tonda: ASTM A276, ASTM A479<\/li>\n<li>Tubo\/tubo: ASTM A335, A790, A268<\/li>\n<\/ul>\n<\/div><\/section><br \/>\n<div class=\"togglecontainer   toggle_close_all\" >\n<section class=\"av_toggle_section\"  itemscope=\"itemscope\" itemtype=\"https:\/\/schema.org\/CreativeWork\"  >    <div class=\"single_toggle\" data-tags=\"{Tutto} \"  >        <p data-fake-id=\"#toggle-id-1\" class=\"toggler\"  itemprop=\"headline\"  >Gradi equivalenti 430\/430F<span class=\"toggle_icon\" >        <span class=\"vert_icon\"><\/span><span class=\"hor_icon\"><\/span><\/span><\/p>        <div id=\"toggle-id-1-container\" class=\"toggle_wrap\"  >            <div class=\"toggle_content invers-color\"  itemprop=\"text\"   ><table>\n<tbody>\n<tr>\n<td width=\"136\">STANDARD<\/td>\n<td width=\"136\">UNS<\/td>\n<td width=\"136\">EN\/DIN<\/td>\n<td width=\"136\">JIS<\/td>\n<td width=\"136\">Che cavolo<\/td>\n<td width=\"137\">GB<\/td>\n<\/tr>\n<tr>\n<td width=\"136\">430<\/td>\n<td width=\"136\">S43000<\/td>\n<td width=\"136\">X8Cr17<\/p>\n<p>1.4016<\/td>\n<td width=\"136\">SUS 430<\/td>\n<td width=\"136\">430S17<\/td>\n<td width=\"137\">1Cr17<\/td>\n<\/tr>\n<tr>\n<td width=\"136\">430F<\/td>\n<td width=\"136\">S43020<\/td>\n<td width=\"136\">X12CrMoS17<\/p>\n<p>1.4104<\/td>\n<td width=\"136\">SUS430F<\/td>\n<td width=\"136\">\/<\/td>\n<td width=\"137\">YCr17<\/td>\n<\/tr>\n<\/tbody>\n<\/table>\n            <\/div>        <\/div>    <\/div><\/section>\n<section class=\"av_toggle_section\"  itemscope=\"itemscope\" itemtype=\"https:\/\/schema.org\/CreativeWork\"  >    <div class=\"single_toggle\" data-tags=\"{Tutto} \"  >        <p data-fake-id=\"#toggle-id-2\" class=\"toggler\"  itemprop=\"headline\"  >Composizione chimica 430\/430F<span class=\"toggle_icon\" >        <span class=\"vert_icon\"><\/span><span class=\"hor_icon\"><\/span><\/span><\/p>        <div id=\"toggle-id-2-container\" class=\"toggle_wrap\"  >            <div class=\"toggle_content invers-color\"  itemprop=\"text\"   ><table>\n<tbody>\n<tr>\n<td width=\"106\">gradi<\/td>\n<td width=\"106\">C<\/td>\n<td width=\"106\">Mn<\/td>\n<td width=\"106\">S\u00ec<\/td>\n<td width=\"106\">P<\/td>\n<td width=\"106\">S<\/td>\n<td width=\"106\">Cr<\/td>\n<td width=\"106\">Ni<\/td>\n<\/tr>\n<tr>\n<td width=\"106\">430<\/td>\n<td width=\"106\">\u2264<span style=\"font-family: inherit; font-size: inherit;\">0.12<\/span><\/td>\n<td width=\"106\">\u2264<span style=\"font-family: inherit; font-size: inherit;\">1<\/span><\/td>\n<td width=\"106\">1<\/td>\n<td width=\"106\">\u2264<span style=\"font-family: inherit; font-size: inherit;\">0.04<\/span><\/td>\n<td width=\"106\">\u2264<span style=\"font-family: inherit; font-size: inherit;\">0.03<\/span><\/td>\n<td width=\"106\">16.0-18.0<\/td>\n<td width=\"106\">\u2264<span style=\"font-family: inherit; font-size: inherit;\">0.75<\/span><\/td>\n<\/tr>\n<tr>\n<td width=\"106\">430F<\/td>\n<td width=\"106\">\u2264<span style=\"font-family: inherit; font-size: inherit;\">0.12<\/span><\/td>\n<td width=\"106\">\u2264<span style=\"font-family: inherit; font-size: inherit;\">1.25<\/span><\/td>\n<td width=\"106\">1<\/td>\n<td width=\"106\">\u2264<span style=\"font-family: inherit; font-size: inherit;\">0.06<\/span><\/td>\n<td width=\"106\">\u2264<span style=\"font-family: inherit; font-size: inherit;\">0.15<\/span><\/td>\n<td width=\"106\">16.0-18.0<\/td>\n<td width=\"106\">\/<\/td>\n<\/tr>\n<\/tbody>\n<\/table>\n            <\/div>        <\/div>    <\/div><\/section>\n<section class=\"av_toggle_section\"  itemscope=\"itemscope\" itemtype=\"https:\/\/schema.org\/CreativeWork\"  >    <div class=\"single_toggle\" data-tags=\"{Tutto} \"  >        <p data-fake-id=\"#toggle-id-3\" class=\"toggler\"  itemprop=\"headline\"  >Propriet\u00e0 meccaniche 430\/430F<span class=\"toggle_icon\" >        <span class=\"vert_icon\"><\/span><span class=\"hor_icon\"><\/span><\/span><\/p>        <div id=\"toggle-id-3-container\" class=\"toggle_wrap\"  >            <div class=\"toggle_content invers-color\"  itemprop=\"text\"   ><table>\n<tbody>\n<tr>\n<td width=\"170\">gradi<\/td>\n<td width=\"170\">Resistenza alla trazione (MPa) min<\/td>\n<td width=\"170\">Resistenza allo snervamento 0,2% Prova (MPa) min<\/td>\n<td width=\"170\">Allungamento (% in 50mm) min<\/td>\n<td width=\"170\">Durezza Brinell (HB) max<\/td>\n<\/tr>\n<tr>\n<td width=\"170\">430<\/td>\n<td width=\"170\">450<\/td>\n<td width=\"170\">205<\/td>\n<td width=\"170\">22<\/td>\n<td width=\"170\">183<\/td>\n<\/tr>\n<tr>\n<td width=\"170\">430F<\/td>\n<td width=\"170\">552 tipico<\/td>\n<td width=\"170\">379 tipico<\/td>\n<td width=\"170\">25 tipico<\/td>\n<td width=\"170\">262<\/td>\n<\/tr>\n<\/tbody>\n<\/table>\n            <\/div>        <\/div>    <\/div><\/section>\n<\/div><\/p><\/div><\/div><!--close column table wrapper. Autoclose: 1 --><\/p>","protected":false},"excerpt":{"rendered":"","protected":false},"author":1,"featured_media":0,"parent":159,"menu_order":0,"comment_status":"closed","ping_status":"closed","template":"","meta":{"footnotes":""},"class_list":["post-1581","page","type-page","status-publish","hentry"],"aioseo_notices":[],"_links":{"self":[{"href":"https:\/\/wldstainless.com\/it\/wp-json\/wp\/v2\/pages\/1581","targetHints":{"allow":["GET"]}}],"collection":[{"href":"https:\/\/wldstainless.com\/it\/wp-json\/wp\/v2\/pages"}],"about":[{"href":"https:\/\/wldstainless.com\/it\/wp-json\/wp\/v2\/types\/page"}],"author":[{"embeddable":true,"href":"https:\/\/wldstainless.com\/it\/wp-json\/wp\/v2\/users\/1"}],"replies":[{"embeddable":true,"href":"https:\/\/wldstainless.com\/it\/wp-json\/wp\/v2\/comments?post=1581"}],"version-history":[{"count":6,"href":"https:\/\/wldstainless.com\/it\/wp-json\/wp\/v2\/pages\/1581\/revisions"}],"predecessor-version":[{"id":1914,"href":"https:\/\/wldstainless.com\/it\/wp-json\/wp\/v2\/pages\/1581\/revisions\/1914"}],"up":[{"embeddable":true,"href":"https:\/\/wldstainless.com\/it\/wp-json\/wp\/v2\/pages\/159"}],"wp:attachment":[{"href":"https:\/\/wldstainless.com\/it\/wp-json\/wp\/v2\/media?parent=1581"}],"curies":[{"name":"wp","href":"https:\/\/api.w.org\/{rel}","templated":true}]}}