{"id":1529,"date":"2020-08-19T09:37:03","date_gmt":"2020-08-19T09:37:03","guid":{"rendered":"http:\/\/wldstainless.com\/?page_id=1529"},"modified":"2020-09-18T09:44:05","modified_gmt":"2020-09-18T09:44:05","slug":"420-stainless-steel","status":"publish","type":"page","link":"https:\/\/wldstainless.com\/it\/materials\/martensitic-stainless-steel\/420-stainless-steel\/","title":{"rendered":"Acciaio inossidabile 420"},"content":{"rendered":"<div class='flex_column_table av-equal-height-column-flextable -flextable' ><div class=\"flex_column av_one_fourth  flex_column_table_cell av-equal-height-column av-align-top av-zero-column-padding first\" style='border-radius:0px; '><p><div class='avia-builder-widget-area clearfix'><div id=\"nav_menu-5\" class=\"widget clearfix widget_nav_menu\"><h3 class=\"widgettitle\">Materiale<\/h3><div class=\"menu-products-sidebar-menu-container\"><ul id=\"menu-products-sidebar-menu\" class=\"menu\"><li id=\"menu-item-1329\" class=\"menu-item menu-item-type-post_type menu-item-object-page menu-item-1329\"><a href=\"https:\/\/wldstainless.com\/it\/materials\/ferritic-stainless-steel\/\">Acciaio inossidabile ferritico<\/a><\/li>\n<li id=\"menu-item-1328\" class=\"menu-item menu-item-type-post_type menu-item-object-page menu-item-1328\"><a href=\"https:\/\/wldstainless.com\/it\/materials\/martensitic-stainless-steel\/\">Acciaio inossidabile martensitico<\/a><\/li>\n<li id=\"menu-item-1327\" class=\"menu-item menu-item-type-post_type menu-item-object-page menu-item-1327\"><a href=\"https:\/\/wldstainless.com\/it\/materials\/austenitic-stainless-steel\/\">Acciaio inossidabile austenitico<\/a><\/li>\n<li id=\"menu-item-1889\" class=\"menu-item menu-item-type-post_type menu-item-object-page menu-item-1889\"><a href=\"https:\/\/wldstainless.com\/it\/materials\/duplex-stainless-steel\/\">Acciaio inossidabile duplex<\/a><\/li>\n<\/ul><\/div><\/div><\/div><br \/>\n<div  class='hr hr-default'><span class='hr-inner' ><span class='hr-inner-style'><\/span><\/span><\/div><br \/>\n<div class='avia-button-wrap avia-button-left'><a href='http:\/\/wldstainless.com\/contact\/#contact' class='avia-button   avia-icon_select-yes-left-icon avia-color-custom avia-size-large avia-position-left'  target=\"_blank\"  style='background-color:#e82221; border-color:#e82221; color:#ffffff; ' ><span class='avia_button_icon avia_button_icon_left' aria-hidden='true' data-av_icon='\ue84b' data-av_iconfont='entypo-fontello'><\/span><span class='avia_iconbox_title' >Richiedi un preventivo<\/span><\/a><\/div><\/p><\/div><\/div><!--close column table wrapper. Autoclose: 1 --><div class='flex_column_table av-equal-height-column-flextable -flextable' ><div class='av-flex-placeholder'><\/div><div class=\"flex_column av_three_fourth  flex_column_table_cell av-equal-height-column av-align-top av-zero-column-padding\" style='border-radius:0px; '><p><div style='padding-bottom:10px;color:#d3311f;font-size:26px;' class='av-special-heading av-special-heading-h3 custom-color-heading blockquote modern-quote   av-inherit-size'><h3 class='av-special-heading-tag'  itemprop=\"headline\"  >Acciaio inossidabile 420<\/h3><div class='special-heading-border'><div class='special-heading-inner-border' style='border-color:#d3311f'><\/div><\/div><\/div><br \/>\n<section class=\"av_textblock_section\"  itemscope=\"itemscope\" itemtype=\"https:\/\/schema.org\/CreativeWork\" ><div class='avia_textblock'   itemprop=\"text\" ><p>WLD Steel \u00e8 un produttore, fornitore ed esportatore leader di acciaio inossidabile 420 disponibile in diverse dimensioni e forme tra cui tubi, tubi, lamiere, piastre, barre, aste e altre forme come un angelo, un canale, una trave, un pezzo tagliato e Presto. Acciaio inossidabile martensitico ad alto tenore di carbonio Acciaio inossidabile 420, noto anche come &quot;acciaio per posate&quot; o &quot;acciaio chirurgico&quot;. Pu\u00f2 essere indurito mediante trattamento termico, che conferisce una buona duttilit\u00e0 ai produttori di metalli nonch\u00e9 un&#039;eccellente lucidabilit\u00e0. L&#039;acciaio inossidabile di tipo 420 \u00e8 spesso utilizzato laddove sono richieste buona corrosione e durezza. Le applicazioni tipiche includono posate, strumenti chirurgici e dentistici, forbici, nastri e bordi dritti, calibri, valvole a spillo, valvole di ritegno a sfera, alberi di ingranaggi, camme, perni, cuscinetti a sfera e utensili manuali.<\/p>\n<p><strong>Quali sono le 420 forme e specifiche disponibili presso WLD Steel?<\/strong><\/p>\n<table>\n<tbody>\n<tr>\n<td width=\"170\">Foglio\/Piastra\/Bobina<\/td>\n<td width=\"170\">Tubo\/tubo senza saldatura<\/td>\n<td width=\"170\">Tubo\/tubo saldato<\/td>\n<td width=\"170\">Barra rotonda<\/td>\n<td width=\"170\">Acciaio formato (a forma di)<\/td>\n<\/tr>\n<tr>\n<td width=\"170\">ASTM A240<\/p>\n<p>ASTM A480<\/td>\n<td width=\"170\">ASTM A312<\/p>\n<p>ASTM A213<\/td>\n<td width=\"170\">ASTM A554<\/td>\n<td width=\"170\">ASTM A276<\/p>\n<p>ASTM A479<\/td>\n<td width=\"170\">ASTM A276<\/td>\n<\/tr>\n<\/tbody>\n<\/table>\n<\/div><\/section><br \/>\n<div class=\"togglecontainer   toggle_close_all\" >\n<section class=\"av_toggle_section\"  itemscope=\"itemscope\" itemtype=\"https:\/\/schema.org\/CreativeWork\"  >    <div class=\"single_toggle\" data-tags=\"{Tutto} \"  >        <p data-fake-id=\"#toggle-id-1\" class=\"toggler\"  itemprop=\"headline\"  >420 voti equivalenti<span class=\"toggle_icon\" >        <span class=\"vert_icon\"><\/span><span class=\"hor_icon\"><\/span><\/span><\/p>        <div id=\"toggle-id-1-container\" class=\"toggle_wrap\"  >            <div class=\"toggle_content invers-color\"  itemprop=\"text\"   ><table>\n<tbody>\n<tr>\n<td width=\"121\">TANDARD<\/td>\n<td width=\"121\">UNS<\/td>\n<td width=\"121\">IT<\/td>\n<td width=\"121\">Che cavolo<\/td>\n<td width=\"121\">JIS<\/td>\n<td width=\"121\">DIN<\/td>\n<td width=\"121\">GB<\/td>\n<\/tr>\n<tr>\n<td width=\"121\">SS420<\/td>\n<td width=\"121\">S42010<\/td>\n<td width=\"121\">X20Cr13<\/td>\n<td width=\"121\">420S29 \/ 420S37<\/td>\n<td width=\"121\">SUS420J1<\/p>\n<p>SUS 420 J2<\/td>\n<td width=\"121\">1.4021<\/td>\n<td width=\"121\">2cr13<\/td>\n<\/tr>\n<\/tbody>\n<\/table>\n            <\/div>        <\/div>    <\/div><\/section>\n<section class=\"av_toggle_section\"  itemscope=\"itemscope\" itemtype=\"https:\/\/schema.org\/CreativeWork\"  >    <div class=\"single_toggle\" data-tags=\"{Tutto} \"  >        <p data-fake-id=\"#toggle-id-2\" class=\"toggler\"  itemprop=\"headline\"  >420 Composizione chimica<span class=\"toggle_icon\" >        <span class=\"vert_icon\"><\/span><span class=\"hor_icon\"><\/span><\/span><\/p>        <div id=\"toggle-id-2-container\" class=\"toggle_wrap\"  >            <div class=\"toggle_content invers-color\"  itemprop=\"text\"   ><table>\n<tbody>\n<tr>\n<td width=\"86\">Grado<\/td>\n<td width=\"108\">C<\/td>\n<td width=\"108\">S\u00ec<\/td>\n<td width=\"108\">Mn<\/td>\n<td width=\"108\">P<\/td>\n<td width=\"108\">S<\/td>\n<td width=\"108\">Ni<\/td>\n<td width=\"108\">Cr<\/td>\n<\/tr>\n<tr>\n<td width=\"86\">SS420<\/td>\n<td width=\"108\">0.15\u00a0-0.36<\/td>\n<td width=\"108\">\u22641,00<\/td>\n<td width=\"108\">\u22641,5<\/td>\n<td width=\"108\">massimo 0,04<\/td>\n<td width=\"108\">massimo 0,015<\/td>\n<td width=\"108\">\u22641,00<\/td>\n<td width=\"108\">12.00-\u00a014.00<\/td>\n<\/tr>\n<\/tbody>\n<\/table>\n            <\/div>        <\/div>    <\/div><\/section>\n<section class=\"av_toggle_section\"  itemscope=\"itemscope\" itemtype=\"https:\/\/schema.org\/CreativeWork\"  >    <div class=\"single_toggle\" data-tags=\"{Tutto} \"  >        <p data-fake-id=\"#toggle-id-3\" class=\"toggler\"  itemprop=\"headline\"  >420 Propriet\u00e0 meccaniche<span class=\"toggle_icon\" >        <span class=\"vert_icon\"><\/span><span class=\"hor_icon\"><\/span><\/span><\/p>        <div id=\"toggle-id-3-container\" class=\"toggle_wrap\"  >            <div class=\"toggle_content invers-color\"  itemprop=\"text\"   ><table>\n<tbody>\n<tr>\n<td width=\"116\">gradi<\/td>\n<td width=\"162\">Resistenza alla trazione (Mpa)<\/td>\n<td width=\"190\">Resistenza allo snervamento compensata 0,2% (Mpa)<\/td>\n<td width=\"214\">Allungamento, % in 2\u2033 (51 mm)<\/td>\n<td width=\"160\">Durezza, HB<\/td>\n<\/tr>\n<tr>\n<td width=\"116\">420<\/td>\n<td width=\"162\">650<\/td>\n<td width=\"190\">350<\/td>\n<td width=\"214\">25<\/td>\n<td width=\"160\">196<\/td>\n<\/tr>\n<\/tbody>\n<\/table>\n            <\/div>        <\/div>    <\/div><\/section>\n<\/div><\/p><\/div><\/div><!--close column table wrapper. Autoclose: 1 --><\/p>","protected":false},"excerpt":{"rendered":"","protected":false},"author":1,"featured_media":0,"parent":1321,"menu_order":0,"comment_status":"closed","ping_status":"closed","template":"","meta":{"footnotes":""},"class_list":["post-1529","page","type-page","status-publish","hentry"],"aioseo_notices":[],"_links":{"self":[{"href":"https:\/\/wldstainless.com\/it\/wp-json\/wp\/v2\/pages\/1529","targetHints":{"allow":["GET"]}}],"collection":[{"href":"https:\/\/wldstainless.com\/it\/wp-json\/wp\/v2\/pages"}],"about":[{"href":"https:\/\/wldstainless.com\/it\/wp-json\/wp\/v2\/types\/page"}],"author":[{"embeddable":true,"href":"https:\/\/wldstainless.com\/it\/wp-json\/wp\/v2\/users\/1"}],"replies":[{"embeddable":true,"href":"https:\/\/wldstainless.com\/it\/wp-json\/wp\/v2\/comments?post=1529"}],"version-history":[{"count":5,"href":"https:\/\/wldstainless.com\/it\/wp-json\/wp\/v2\/pages\/1529\/revisions"}],"predecessor-version":[{"id":1920,"href":"https:\/\/wldstainless.com\/it\/wp-json\/wp\/v2\/pages\/1529\/revisions\/1920"}],"up":[{"embeddable":true,"href":"https:\/\/wldstainless.com\/it\/wp-json\/wp\/v2\/pages\/1321"}],"wp:attachment":[{"href":"https:\/\/wldstainless.com\/it\/wp-json\/wp\/v2\/media?parent=1529"}],"curies":[{"name":"wp","href":"https:\/\/api.w.org\/{rel}","templated":true}]}}