{"id":1522,"date":"2020-08-19T06:49:25","date_gmt":"2020-08-19T06:49:25","guid":{"rendered":"http:\/\/wldstainless.com\/?page_id=1522"},"modified":"2020-09-18T09:34:26","modified_gmt":"2020-09-18T09:34:26","slug":"410-410s-stainless-steel","status":"publish","type":"page","link":"https:\/\/wldstainless.com\/it\/materials\/ferritic-stainless-steel\/410-410s-stainless-steel\/","title":{"rendered":"Acciaio inossidabile 410\/410S"},"content":{"rendered":"<div class='flex_column_table av-equal-height-column-flextable -flextable' ><div class=\"flex_column av_one_fourth  flex_column_table_cell av-equal-height-column av-align-top av-zero-column-padding first\" style='border-radius:0px; '><p><div class='avia-builder-widget-area clearfix'><div id=\"nav_menu-5\" class=\"widget clearfix widget_nav_menu\"><h3 class=\"widgettitle\">Materiale<\/h3><div class=\"menu-products-sidebar-menu-container\"><ul id=\"menu-products-sidebar-menu\" class=\"menu\"><li id=\"menu-item-1329\" class=\"menu-item menu-item-type-post_type menu-item-object-page menu-item-1329\"><a href=\"https:\/\/wldstainless.com\/it\/materials\/ferritic-stainless-steel\/\">Acciaio inossidabile ferritico<\/a><\/li>\n<li id=\"menu-item-1328\" class=\"menu-item menu-item-type-post_type menu-item-object-page menu-item-1328\"><a href=\"https:\/\/wldstainless.com\/it\/materials\/martensitic-stainless-steel\/\">Acciaio inossidabile martensitico<\/a><\/li>\n<li id=\"menu-item-1327\" class=\"menu-item menu-item-type-post_type menu-item-object-page menu-item-1327\"><a href=\"https:\/\/wldstainless.com\/it\/materials\/austenitic-stainless-steel\/\">Acciaio inossidabile austenitico<\/a><\/li>\n<li id=\"menu-item-1889\" class=\"menu-item menu-item-type-post_type menu-item-object-page menu-item-1889\"><a href=\"https:\/\/wldstainless.com\/it\/materials\/duplex-stainless-steel\/\">Acciaio inossidabile duplex<\/a><\/li>\n<\/ul><\/div><\/div><\/div><br \/>\n<div  class='hr hr-default'><span class='hr-inner' ><span class='hr-inner-style'><\/span><\/span><\/div><br \/>\n<div class='avia-button-wrap avia-button-left'><a href='http:\/\/wldstainless.com\/contact\/#contact' class='avia-button   avia-icon_select-yes-left-icon avia-color-custom avia-size-large avia-position-left'  target=\"_blank\"  style='background-color:#e82221; border-color:#e82221; color:#ffffff; ' ><span class='avia_button_icon avia_button_icon_left' aria-hidden='true' data-av_icon='\ue84b' data-av_iconfont='entypo-fontello'><\/span><span class='avia_iconbox_title' >Richiedi un preventivo<\/span><\/a><\/div><\/p><\/div><\/div><!--close column table wrapper. Autoclose: 1 --><div class='flex_column_table av-equal-height-column-flextable -flextable' ><div class='av-flex-placeholder'><\/div><div class=\"flex_column av_three_fourth  flex_column_table_cell av-equal-height-column av-align-top av-zero-column-padding\" style='border-radius:0px; '><p><div style='padding-bottom:10px;color:#d3311f;' class='av-special-heading av-special-heading-h3 custom-color-heading'><h3 class='av-special-heading-tag'  itemprop=\"headline\"  >Acciaio inossidabile 410\/410S <\/h3><div class='special-heading-border'><div class='special-heading-inner-border' style='border-color:#d3311f'><\/div><\/div><\/div><br \/>\n<section class=\"av_textblock_section\"  itemscope=\"itemscope\" itemtype=\"https:\/\/schema.org\/CreativeWork\" ><div class='avia_textblock'   itemprop=\"text\" ><p>WLD Steel \u00e8 un produttore, fornitore ed esportatore leader di acciaio inossidabile 410\/410S disponibile in diverse dimensioni e forme tra cui tubi, lamiere, piastre, barre, aste e altre forme come un angelo, un canale, un cerchio, un taglio pezzo e cos\u00ec via.<\/p>\n<p>L&#039;acciaio inossidabile 410 \u00e8 un tipo di acciaio inossidabile trattabile termicamente a basso costo per usi generali, \u00e8 stato ampiamente utilizzato dove la corrosione non \u00e8 grave (aria, acqua, alcuni prodotti chimici e acidi alimentari o parti altamente sollecitate dove \u00e8 necessaria la combinazione di resistenza e resistenza alla corrosione come elementi di fissaggio e parti di valvole. 410S \u00e8 la versione a basso contenuto di carbonio del Tipo 410. Offre una migliore saldabilit\u00e0 ma una minore temprabilit\u00e0 consigliata per applicazioni resistenti alla corrosione \u00e8 il consumo principale del dispositivo di trattamento del vapore di scarico delle automobili, della camera di combustione della caldaia o dell&#039;ugello.<\/p>\n<p><strong>Quali sono i moduli 410\/410S disponibili presso WLD Steel?<\/strong><\/p>\n<table>\n<tbody>\n<tr>\n<td width=\"170\">Foglio\/Piastra\/Bobina<\/td>\n<td width=\"170\">Tubo\/tubo senza saldatura<\/td>\n<td width=\"170\">Tubo\/tubo saldato<\/td>\n<td width=\"170\">Barra rotonda<\/td>\n<td width=\"170\">Acciaio formato (a forma di)<\/td>\n<\/tr>\n<tr>\n<td width=\"170\">ASTM A240<\/p>\n<p>ASTM A480<\/td>\n<td width=\"170\">ASTM A312<\/p>\n<p>ASTM A213<\/td>\n<td width=\"170\">ASTM A554<\/td>\n<td width=\"170\">ASTM A276<\/p>\n<p>ASTM A479<\/td>\n<td width=\"170\">ASTM A276<\/td>\n<\/tr>\n<\/tbody>\n<\/table>\n<\/div><\/section><br \/>\n<div class=\"togglecontainer\" >\n<section class=\"av_toggle_section\"  itemscope=\"itemscope\" itemtype=\"https:\/\/schema.org\/CreativeWork\"  >    <div class=\"single_toggle\" data-tags=\"{Tutto} \"  >        <p data-fake-id=\"#toggle-id-1\" class=\"toggler\"  itemprop=\"headline\"  >Materiali equivalenti all&#039;acciaio 410\/410S<span class=\"toggle_icon\" >        <span class=\"vert_icon\"><\/span><span class=\"hor_icon\"><\/span><\/span><\/p>        <div id=\"toggle-id-1-container\" class=\"toggle_wrap\"  >            <div class=\"toggle_content invers-color\"  itemprop=\"text\"   ><table>\n<tbody>\n<tr>\n<td width=\"106\">Grado<\/td>\n<td width=\"106\">UNS<\/td>\n<td width=\"106\">AISI<\/td>\n<td width=\"106\">Che cavolo<\/td>\n<td width=\"106\">DIN<\/td>\n<td width=\"106\">IT<\/td>\n<td width=\"106\">JIS<\/td>\n<td width=\"106\">GB<\/td>\n<\/tr>\n<tr>\n<td width=\"106\">SS410<\/td>\n<td width=\"106\">S41000<\/td>\n<td width=\"106\">410<\/td>\n<td width=\"106\">410S21<\/td>\n<td width=\"106\">1.4006<\/td>\n<td width=\"106\">X12Cr13<\/td>\n<td width=\"106\">SUS410<\/td>\n<td width=\"106\">1Cr13<\/td>\n<\/tr>\n<tr>\n<td width=\"106\">SS410S<\/td>\n<td width=\"106\">S41008<\/td>\n<td width=\"106\">410S<\/td>\n<td width=\"106\"><\/td>\n<td width=\"106\">1.4000<\/td>\n<td width=\"106\"><\/td>\n<td width=\"106\"><\/td>\n<td width=\"106\">00Cr12<\/td>\n<\/tr>\n<\/tbody>\n<\/table>\n            <\/div>        <\/div>    <\/div><\/section>\n<section class=\"av_toggle_section\"  itemscope=\"itemscope\" itemtype=\"https:\/\/schema.org\/CreativeWork\"  >    <div class=\"single_toggle\" data-tags=\"{Tutto} \"  >        <p data-fake-id=\"#toggle-id-2\" class=\"toggler\"  itemprop=\"headline\"  >Composizione chimica 410\/410S <span class=\"toggle_icon\" >        <span class=\"vert_icon\"><\/span><span class=\"hor_icon\"><\/span><\/span><\/p>        <div id=\"toggle-id-2-container\" class=\"toggle_wrap\"  >            <div class=\"toggle_content invers-color\"  itemprop=\"text\"   ><table>\n<tbody>\n<tr>\n<td width=\"73\">Grado<\/td>\n<td width=\"126\">Cr<\/td>\n<td width=\"76\">Mn<\/td>\n<td width=\"76\">S\u00ec<\/td>\n<td width=\"97\">Ni<\/td>\n<td width=\"81\">C<\/td>\n<td width=\"87\">P<\/td>\n<td width=\"87\">S<\/td>\n<td width=\"81\">Fe<\/td>\n<\/tr>\n<tr>\n<td width=\"73\">SS410<\/td>\n<td width=\"126\">11:50 \u2013 13:50<\/td>\n<td width=\"76\">\u22641,50<\/td>\n<td width=\"76\">\u22641,00<\/td>\n<td width=\"97\">\u2264 0,75<\/td>\n<td width=\"81\">0,08 \u2013 0,15<\/td>\n<td width=\"87\">0.04<\/td>\n<td width=\"87\">0.02<\/td>\n<td width=\"81\">Bilancia<\/td>\n<\/tr>\n<tr>\n<td width=\"73\">SS410S<\/td>\n<td width=\"126\">11.50\u201313.50<\/td>\n<td width=\"76\">1,00 massimo<\/td>\n<td width=\"76\">1.00<\/td>\n<td width=\"97\">0.20-0.55<\/td>\n<td width=\"81\">0.08<\/td>\n<td width=\"87\">0.040<\/td>\n<td width=\"87\">0.030<\/td>\n<td width=\"81\">Bilancia<\/td>\n<\/tr>\n<\/tbody>\n<\/table>\n            <\/div>        <\/div>    <\/div><\/section>\n<section class=\"av_toggle_section\"  itemscope=\"itemscope\" itemtype=\"https:\/\/schema.org\/CreativeWork\"  >    <div class=\"single_toggle\" data-tags=\"{Tutto} \"  >        <p data-fake-id=\"#toggle-id-3\" class=\"toggler\"  itemprop=\"headline\"  >Propriet\u00e0 meccaniche 410\/410S<span class=\"toggle_icon\" >        <span class=\"vert_icon\"><\/span><span class=\"hor_icon\"><\/span><\/span><\/p>        <div id=\"toggle-id-3-container\" class=\"toggle_wrap\"  >            <div class=\"toggle_content invers-color\"  itemprop=\"text\"   ><table>\n<tbody>\n<tr>\n<td width=\"116\">gradi<\/td>\n<td width=\"162\">Resistenza alla trazione (Mpa)<\/td>\n<td width=\"190\">Resistenza allo snervamento compensata 0,2% (Mpa)<\/td>\n<td width=\"214\">Allungamento, % in 2\u2033 (51 mm)<\/td>\n<td width=\"160\">Rafforzamento della risposta HRC<\/td>\n<\/tr>\n<tr>\n<td width=\"116\">SS410\/410S<\/td>\n<td width=\"162\">450\u2013510<\/td>\n<td width=\"190\">205 \u2013 290<\/td>\n<td width=\"214\">20 \u2013 34<\/td>\n<td width=\"160\">38-45<\/td>\n<\/tr>\n<\/tbody>\n<\/table>\n            <\/div>        <\/div>    <\/div><\/section>\n<\/div><\/p><\/div><\/div><!--close column table wrapper. Autoclose: 1 --><\/p>","protected":false},"excerpt":{"rendered":"","protected":false},"author":1,"featured_media":0,"parent":159,"menu_order":0,"comment_status":"closed","ping_status":"closed","template":"","meta":{"footnotes":""},"class_list":["post-1522","page","type-page","status-publish","hentry"],"aioseo_notices":[],"_links":{"self":[{"href":"https:\/\/wldstainless.com\/it\/wp-json\/wp\/v2\/pages\/1522","targetHints":{"allow":["GET"]}}],"collection":[{"href":"https:\/\/wldstainless.com\/it\/wp-json\/wp\/v2\/pages"}],"about":[{"href":"https:\/\/wldstainless.com\/it\/wp-json\/wp\/v2\/types\/page"}],"author":[{"embeddable":true,"href":"https:\/\/wldstainless.com\/it\/wp-json\/wp\/v2\/users\/1"}],"replies":[{"embeddable":true,"href":"https:\/\/wldstainless.com\/it\/wp-json\/wp\/v2\/comments?post=1522"}],"version-history":[{"count":6,"href":"https:\/\/wldstainless.com\/it\/wp-json\/wp\/v2\/pages\/1522\/revisions"}],"predecessor-version":[{"id":1913,"href":"https:\/\/wldstainless.com\/it\/wp-json\/wp\/v2\/pages\/1522\/revisions\/1913"}],"up":[{"embeddable":true,"href":"https:\/\/wldstainless.com\/it\/wp-json\/wp\/v2\/pages\/159"}],"wp:attachment":[{"href":"https:\/\/wldstainless.com\/it\/wp-json\/wp\/v2\/media?parent=1522"}],"curies":[{"name":"wp","href":"https:\/\/api.w.org\/{rel}","templated":true}]}}