{"id":1377,"date":"2020-08-10T05:15:05","date_gmt":"2020-08-10T05:15:05","guid":{"rendered":"http:\/\/wldstainless.com\/?page_id=1377"},"modified":"2020-12-11T05:41:57","modified_gmt":"2020-12-11T05:41:57","slug":"stainless-steel-coiled-tube","status":"publish","type":"page","link":"https:\/\/wldstainless.com\/it\/products\/stainless-steel-coiled-tube\/","title":{"rendered":"Tubo a spirale in acciaio inossidabile"},"content":{"rendered":"<div class=\"flex_column av_one_fourth  flex_column_div av-zero-column-padding first\" style='border-radius:0px; '><p><div class='avia-builder-widget-area clearfix'><div id=\"nav_menu-7\" class=\"widget clearfix widget_nav_menu\"><h3 class=\"widgettitle\">Prodotti<\/h3><div class=\"menu-accessories-container\"><ul id=\"menu-accessories\" class=\"menu\"><li id=\"menu-item-1924\" class=\"menu-item menu-item-type-post_type menu-item-object-page menu-item-1924\"><a href=\"https:\/\/wldstainless.com\/it\/products\/stainless-steel-angle\/\">Angolo in acciaio inossidabile<\/a><\/li>\n<li id=\"menu-item-1925\" class=\"menu-item menu-item-type-post_type menu-item-object-page menu-item-1925\"><a href=\"https:\/\/wldstainless.com\/it\/products\/stainless-steel-beam\/\">Trave in acciaio inossidabile<\/a><\/li>\n<li id=\"menu-item-1926\" class=\"menu-item menu-item-type-post_type menu-item-object-page menu-item-1926\"><a href=\"https:\/\/wldstainless.com\/it\/products\/stainless-steel-capillary-tubes\/\">Tubi capillari in acciaio inossidabile<\/a><\/li>\n<li id=\"menu-item-1927\" class=\"menu-item menu-item-type-post_type menu-item-object-page menu-item-1927\"><a href=\"https:\/\/wldstainless.com\/it\/products\/stainless-steel-channel\/\">Canale in acciaio inossidabile<\/a><\/li>\n<li id=\"menu-item-1928\" class=\"menu-item menu-item-type-post_type menu-item-object-page menu-item-1928\"><a href=\"https:\/\/wldstainless.com\/it\/products\/stainless-steel-coiled-tube\/\">Tubo a spirale in acciaio inossidabile<\/a><\/li>\n<li id=\"menu-item-1929\" class=\"menu-item menu-item-type-post_type menu-item-object-page menu-item-1929\"><a href=\"https:\/\/wldstainless.com\/it\/products\/stainless-steel-cold-rolled-plate-sheet-coil\/\">Lamiera\/lamiera\/bobina laminata a freddo in acciaio inossidabile<\/a><\/li>\n<li id=\"menu-item-1930\" class=\"menu-item menu-item-type-post_type menu-item-object-page menu-item-1930\"><a href=\"https:\/\/wldstainless.com\/it\/products\/stainless-steel-flats\/\">Piatti in acciaio inossidabile<\/a><\/li>\n<li id=\"menu-item-1931\" class=\"menu-item menu-item-type-post_type menu-item-object-page menu-item-1931\"><a href=\"https:\/\/wldstainless.com\/it\/products\/stainless-steel-hexagon-bars\/\">Barre esagonali in acciaio inossidabile<\/a><\/li>\n<li id=\"menu-item-1932\" class=\"menu-item menu-item-type-post_type menu-item-object-page menu-item-1932\"><a href=\"https:\/\/wldstainless.com\/it\/products\/stainless-steel-hot-rolled-plate-sheet-coil\/\">Lamiera\/lamiera\/bobina laminata a caldo in acciaio inossidabile<\/a><\/li>\n<li id=\"menu-item-1933\" class=\"menu-item menu-item-type-post_type menu-item-object-page menu-item-1933\"><a href=\"https:\/\/wldstainless.com\/it\/products\/stainless-steel-large-diameter-pipe\/\">Tubo in acciaio inossidabile di grande diametro<\/a><\/li>\n<li id=\"menu-item-1934\" class=\"menu-item menu-item-type-post_type menu-item-object-page menu-item-1934\"><a href=\"https:\/\/wldstainless.com\/it\/products\/stainless-steel-round-bars\/\">Barre tonde in acciaio inossidabile<\/a><\/li>\n<li id=\"menu-item-1935\" class=\"menu-item menu-item-type-post_type menu-item-object-page menu-item-1935\"><a href=\"https:\/\/wldstainless.com\/it\/products\/stainless-steel-square-tube\/\">Tubo quadrato in acciaio inossidabile<\/a><\/li>\n<li id=\"menu-item-1936\" class=\"menu-item menu-item-type-post_type menu-item-object-page menu-item-1936\"><a href=\"https:\/\/wldstainless.com\/it\/products\/stainless-steel-u-bend-tube\/\">Tubo piegato a U in acciaio inossidabile<\/a><\/li>\n<\/ul><\/div><\/div><\/div><br \/>\n<div  class='hr hr-default'><span class='hr-inner' ><span class='hr-inner-style'><\/span><\/span><\/div><br \/>\n<div class='avia-button-wrap avia-button-left'><a href='http:\/\/wldstainless.com\/contact\/#contact' class='avia-button   avia-icon_select-yes-left-icon avia-color-custom avia-size-large avia-position-left'  target=\"_blank\"  style='background-color:#e82221; border-color:#e82221; color:#ffffff; ' ><span class='avia_button_icon avia_button_icon_left' aria-hidden='true' data-av_icon='\ue84b' data-av_iconfont='entypo-fontello'><\/span><span class='avia_iconbox_title' >Richiedi un preventivo<\/span><\/a><\/div><\/p><\/div>\n<div class=\"flex_column av_three_fourth  flex_column_div\" style='padding:0px 0px 50px 0px ; border-radius:0px; '><p><div style='padding-bottom:10px;color:#d3311f;' class='av-special-heading av-special-heading-h3 custom-color-heading'><h3 class='av-special-heading-tag'  itemprop=\"headline\"  >Tubo a spirale in acciaio inossidabile<\/h3><div class='special-heading-border'><div class='special-heading-inner-border' style='border-color:#d3311f'><\/div><\/div><\/div><br \/>\n<section class=\"av_textblock_section\"  itemscope=\"itemscope\" itemtype=\"https:\/\/schema.org\/CreativeWork\" ><div class='avia_textblock'   itemprop=\"text\" ><p>Il tubo a spirale \u00e8 generalmente un tubo a spirale tondo piegato con un diametro compreso tra 0,5 e 25 mm e uno spessore compreso tra 0,1 e 2,5 mm. Offre le eccellenti propriet\u00e0 dell&#039;acciaio inossidabile che resiste alle alte temperature e alla corrosione, lunga durata e la forma a spirale consente inoltre di risparmiare sui costi di stoccaggio e trasporto. Il tubo a spirale in acciaio inossidabile lucido \u00e8 realizzato in tubo di acciaio inossidabile con un processo di riduzione delle pareti mediante trattamento di ricottura brillante, generalmente la ricottura brillante o la lucidatura fine possono rendere la rugosit\u00e0 superficiale fino a meno di 0,2 um, che forma pareti interne ed esterne precise e pi\u00f9 lisce e non apparir\u00e0 ossido nero. La tolleranza del diametro esterno pu\u00f2 essere controllata a \u00b10,05 mm e il diametro esterno a \u00b10,02 mm in modo migliore rispetto al normale tubo in acciaio inossidabile. I tubi a spirale in acciaio inossidabile sono ampiamente utilizzati nell&#039;estrazione petrolifera, nell&#039;attrezzatura completa (condutture e cavi), nell&#039;industria chimica, nell&#039;industria farmaceutica, nell&#039;industria alimentare, nell&#039;industria dei macchinari, nell&#039;industria delle caldaie, nell&#039;industria della costruzione navale, ecc.<\/p>\n<p>Noi di WLD Steel forniamo e produciamo tubi a spirale in acciaio inossidabile con un diametro esterno di 1,6 mm-25 mm e uno spessore di parete di 0,4 mm-2,1 mm. Qui generalmente produciamo e controlliamo la qualit\u00e0 dei tubi a spirale in conformit\u00e0 con ASTM A\/ASME SA 213\/269\/511\/632. Possiamo offrire un servizio personalizzato se i clienti hanno requisiti pi\u00f9 rigorosi in termini di precisione dimensionale capillare e finitura superficiale, inclusi tubi ricotti lucidi in acciaio inossidabile, tubi lucidati elettroliticamente, inoltre forniamo sfaldamento, chiusura, punzonatura, taglio, piegatura e altri servizi di lavorazione<\/p>\n<\/div><\/section><br \/>\n<div class='avia-gallery  avia-gallery-1 avia_lazyload avia_animate_when_visible'  itemprop=\"ImageObject\" itemscope=\"itemscope\" itemtype=\"https:\/\/schema.org\/ImageObject\" ><div class='avia-gallery-thumb'> <a href='https:\/\/wldstainless.com\/wp-content\/uploads\/2020\/09\/316-coild-boiler-tube.jpg' data-rel='gallery-1' data-prev-img='https:\/\/wldstainless.com\/wp-content\/uploads\/2020\/09\/316-coild-boiler-tube.jpg' class='first_thumb lightbox' data-onclick='1' title=''  itemprop=\"thumbnailUrl\" ><img  src='https:\/\/wldstainless.com\/wp-content\/uploads\/2020\/09\/316-coild-boiler-tube.jpg' width='300' height='300'  title='Tubo caldaia a spirale 316' alt='' \/><\/a> <a href='https:\/\/wldstainless.com\/wp-content\/uploads\/2020\/09\/304-coild-tube.jpg' data-rel='gallery-1' data-prev-img='https:\/\/wldstainless.com\/wp-content\/uploads\/2020\/09\/304-coild-tube.jpg' class='lightbox' data-onclick='2' title=''  itemprop=\"thumbnailUrl\" ><img  src='https:\/\/wldstainless.com\/wp-content\/uploads\/2020\/09\/304-coild-tube.jpg' width='300' height='300'  title='Tubo a spirale 304' alt='' \/><\/a> <a href='https:\/\/wldstainless.com\/wp-content\/uploads\/2020\/09\/SS-BA-tube-1.jpg' data-rel='gallery-1' data-prev-img='https:\/\/wldstainless.com\/wp-content\/uploads\/2020\/09\/SS-BA-tube-1.jpg' class='lightbox' data-onclick='3' title=''  itemprop=\"thumbnailUrl\" ><img  src='https:\/\/wldstainless.com\/wp-content\/uploads\/2020\/09\/SS-BA-tube-1.jpg' width='300' height='300'  title='Tubo SSBA' alt='' \/><\/a><\/div><\/div><br \/>\n<section class=\"av_textblock_section\"  itemscope=\"itemscope\" itemtype=\"https:\/\/schema.org\/CreativeWork\" ><div class='avia_textblock'   itemprop=\"text\" ><h4><strong>Specifiche dei tubi a spirale SS industriali<\/strong><\/h4>\n<table>\n<tbody>\n<tr>\n<td width=\"191\">Materiale<\/td>\n<td width=\"661\">Acciaio inossidabile<\/p>\n<p>Acciaio inossidabile duplex<\/td>\n<\/tr>\n<tr>\n<td width=\"191\">Specifica<\/td>\n<td width=\"661\">ASTM A269\/A312\/A213\/A511<\/td>\n<\/tr>\n<tr>\n<td width=\"191\">Misurare<\/td>\n<td width=\"661\">Diametro esterno: 3,18-19,05 mm, Peso: 0,5-2,1 mm<\/td>\n<\/tr>\n<tr>\n<td width=\"191\">Usi<\/td>\n<td width=\"661\">Tubo a spirale SS per strumentazione, evaporatore, caldaia, scambiatore di calore, condensatore<\/td>\n<\/tr>\n<\/tbody>\n<\/table>\n<\/div><\/section><br \/>\n<section class=\"av_textblock_section\"  itemscope=\"itemscope\" itemtype=\"https:\/\/schema.org\/CreativeWork\" ><div class='avia_textblock'   itemprop=\"text\" ><h4><strong>Gradi disponibili di tubi a spirale SS presso WID Steel<\/strong><\/h4>\n<ul>\n<li>Acciaio inossidabile <a href=\"https:\/\/wldstainless.com\/materials\/austenitic-stainless-steel\/304-304l-stainless-steel\/\">304\/304L<\/a> Tubi a spirale<\/li>\n<li>Acciaio inossidabile <a href=\"https:\/\/wldstainless.com\/materials\/austenitic-stainless-steel\/316-316l-stainless-steel\/\">316\/316L<\/a>\u00a0Tubi a spirale<\/li>\n<li>Acciaio inossidabile <a href=\"https:\/\/wldstainless.com\/materials\/austenitic-stainless-steel\/309s-stainless-steel\/\">309\/309S<\/a>\u00a0Tubi a spirale<\/li>\n<li>Acciaio inossidabile <a href=\"https:\/\/wldstainless.com\/materials\/austenitic-stainless-steel\/310s-stainless-steel\/\">310\/310S<\/a> Tubi a spirale<\/li>\n<li>Acciaio inossidabile <a href=\"https:\/\/wldstainless.com\/materials\/austenitic-stainless-steel\/321-321h-stainless-steel\/\">321\/321H<\/a> Tubi a spirale<\/li>\n<li>Acciaio inossidabile <a href=\"https:\/\/wldstainless.com\/materials\/austenitic-stainless-steel\/347-347h-stainless-steel\/\">347\/347H<\/a> Tubi a spirale<\/li>\n<li>Acciaio duplex <a href=\"https:\/\/wldstainless.com\/materials\/duplex-stainless-steel\/alloy-2304-stainless-steel\/\">31803<\/a> Tubi a spirale<\/li>\n<li>Acciaio duplex <a href=\"https:\/\/wldstainless.com\/materials\/duplex-stainless-steel\/alloy-2205-stainless-steel\/\">32550<\/a> Tubi a spirale<\/li>\n<\/ul>\n<p><!--more--><\/p>\n<\/div><\/section><\/p><\/div>","protected":false},"excerpt":{"rendered":"<p>Gradi disponibili di tubo arrotolato SS presso WID Steel Acciaio inossidabile 304\/304L Tubi arrotolati Acciaio inossidabile 316\/316L Tubi arrotolati Acciaio inossidabile 309\/309S Tubi arrotolati Acciaio inossidabile 310\/310S Tubi arrotolati Acciaio inossidabile 321\/321H Tubi arrotolati Acciaio inossidabile 347\/347H Tubi arrotolati Acciaio duplex 31803 Tubi arrotolati Acciaio duplex 32550 Tubi arrotolati<\/p>","protected":false},"author":1,"featured_media":0,"parent":346,"menu_order":0,"comment_status":"closed","ping_status":"closed","template":"","meta":{"footnotes":""},"class_list":["post-1377","page","type-page","status-publish","hentry"],"aioseo_notices":[],"_links":{"self":[{"href":"https:\/\/wldstainless.com\/it\/wp-json\/wp\/v2\/pages\/1377","targetHints":{"allow":["GET"]}}],"collection":[{"href":"https:\/\/wldstainless.com\/it\/wp-json\/wp\/v2\/pages"}],"about":[{"href":"https:\/\/wldstainless.com\/it\/wp-json\/wp\/v2\/types\/page"}],"author":[{"embeddable":true,"href":"https:\/\/wldstainless.com\/it\/wp-json\/wp\/v2\/users\/1"}],"replies":[{"embeddable":true,"href":"https:\/\/wldstainless.com\/it\/wp-json\/wp\/v2\/comments?post=1377"}],"version-history":[{"count":15,"href":"https:\/\/wldstainless.com\/it\/wp-json\/wp\/v2\/pages\/1377\/revisions"}],"predecessor-version":[{"id":2053,"href":"https:\/\/wldstainless.com\/it\/wp-json\/wp\/v2\/pages\/1377\/revisions\/2053"}],"up":[{"embeddable":true,"href":"https:\/\/wldstainless.com\/it\/wp-json\/wp\/v2\/pages\/346"}],"wp:attachment":[{"href":"https:\/\/wldstainless.com\/it\/wp-json\/wp\/v2\/media?parent=1377"}],"curies":[{"name":"wp","href":"https:\/\/api.w.org\/{rel}","templated":true}]}}