{"id":1375,"date":"2020-08-10T05:14:35","date_gmt":"2020-08-10T05:14:35","guid":{"rendered":"http:\/\/wldstainless.com\/?page_id=1375"},"modified":"2020-12-11T05:51:52","modified_gmt":"2020-12-11T05:51:52","slug":"stainless-steel-hot-rolled-plate-sheet-coil","status":"publish","type":"page","link":"https:\/\/wldstainless.com\/it\/products\/stainless-steel-hot-rolled-plate-sheet-coil\/","title":{"rendered":"Lamiera\/lamiera\/bobina laminata a caldo in acciaio inossidabile"},"content":{"rendered":"<div class=\"flex_column av_one_fourth  flex_column_div av-zero-column-padding first\" style='border-radius:0px; '><p><div class='avia-builder-widget-area clearfix'><div id=\"nav_menu-7\" class=\"widget clearfix widget_nav_menu\"><h3 class=\"widgettitle\">Prodotti<\/h3><div class=\"menu-accessories-container\"><ul id=\"menu-accessories\" class=\"menu\"><li id=\"menu-item-1924\" class=\"menu-item menu-item-type-post_type menu-item-object-page menu-item-1924\"><a href=\"https:\/\/wldstainless.com\/it\/products\/stainless-steel-angle\/\">Angolo in acciaio inossidabile<\/a><\/li>\n<li id=\"menu-item-1925\" class=\"menu-item menu-item-type-post_type menu-item-object-page menu-item-1925\"><a href=\"https:\/\/wldstainless.com\/it\/products\/stainless-steel-beam\/\">Trave in acciaio inossidabile<\/a><\/li>\n<li id=\"menu-item-1926\" class=\"menu-item menu-item-type-post_type menu-item-object-page menu-item-1926\"><a href=\"https:\/\/wldstainless.com\/it\/products\/stainless-steel-capillary-tubes\/\">Tubi capillari in acciaio inossidabile<\/a><\/li>\n<li id=\"menu-item-1927\" class=\"menu-item menu-item-type-post_type menu-item-object-page menu-item-1927\"><a href=\"https:\/\/wldstainless.com\/it\/products\/stainless-steel-channel\/\">Canale in acciaio inossidabile<\/a><\/li>\n<li id=\"menu-item-1928\" class=\"menu-item menu-item-type-post_type menu-item-object-page menu-item-1928\"><a href=\"https:\/\/wldstainless.com\/it\/products\/stainless-steel-coiled-tube\/\">Tubo a spirale in acciaio inossidabile<\/a><\/li>\n<li id=\"menu-item-1929\" class=\"menu-item menu-item-type-post_type menu-item-object-page menu-item-1929\"><a href=\"https:\/\/wldstainless.com\/it\/products\/stainless-steel-cold-rolled-plate-sheet-coil\/\">Lamiera\/lamiera\/bobina laminata a freddo in acciaio inossidabile<\/a><\/li>\n<li id=\"menu-item-1930\" class=\"menu-item menu-item-type-post_type menu-item-object-page menu-item-1930\"><a href=\"https:\/\/wldstainless.com\/it\/products\/stainless-steel-flats\/\">Piatti in acciaio inossidabile<\/a><\/li>\n<li id=\"menu-item-1931\" class=\"menu-item menu-item-type-post_type menu-item-object-page menu-item-1931\"><a href=\"https:\/\/wldstainless.com\/it\/products\/stainless-steel-hexagon-bars\/\">Barre esagonali in acciaio inossidabile<\/a><\/li>\n<li id=\"menu-item-1932\" class=\"menu-item menu-item-type-post_type menu-item-object-page menu-item-1932\"><a href=\"https:\/\/wldstainless.com\/it\/products\/stainless-steel-hot-rolled-plate-sheet-coil\/\">Lamiera\/lamiera\/bobina laminata a caldo in acciaio inossidabile<\/a><\/li>\n<li id=\"menu-item-1933\" class=\"menu-item menu-item-type-post_type menu-item-object-page menu-item-1933\"><a href=\"https:\/\/wldstainless.com\/it\/products\/stainless-steel-large-diameter-pipe\/\">Tubo in acciaio inossidabile di grande diametro<\/a><\/li>\n<li id=\"menu-item-1934\" class=\"menu-item menu-item-type-post_type menu-item-object-page menu-item-1934\"><a href=\"https:\/\/wldstainless.com\/it\/products\/stainless-steel-round-bars\/\">Barre tonde in acciaio inossidabile<\/a><\/li>\n<li id=\"menu-item-1935\" class=\"menu-item menu-item-type-post_type menu-item-object-page menu-item-1935\"><a href=\"https:\/\/wldstainless.com\/it\/products\/stainless-steel-square-tube\/\">Tubo quadrato in acciaio inossidabile<\/a><\/li>\n<li id=\"menu-item-1936\" class=\"menu-item menu-item-type-post_type menu-item-object-page menu-item-1936\"><a href=\"https:\/\/wldstainless.com\/it\/products\/stainless-steel-u-bend-tube\/\">Tubo piegato a U in acciaio inossidabile<\/a><\/li>\n<\/ul><\/div><\/div><\/div><br \/>\n<div  class='hr hr-default'><span class='hr-inner' ><span class='hr-inner-style'><\/span><\/span><\/div><br \/>\n<div class='avia-button-wrap avia-button-left'><a href='http:\/\/wldstainless.com\/contact\/#contact' class='avia-button   avia-icon_select-yes-left-icon avia-color-custom avia-size-large avia-position-left'  target=\"_blank\"  style='background-color:#e82221; border-color:#e82221; color:#ffffff; ' ><span class='avia_button_icon avia_button_icon_left' aria-hidden='true' data-av_icon='\ue84b' data-av_iconfont='entypo-fontello'><\/span><span class='avia_iconbox_title' >Richiedi un preventivo<\/span><\/a><\/div><\/p><\/div>\n<div class=\"flex_column av_three_fourth  flex_column_div\" style='padding:0px 0px 50px 0px ; border-radius:0px; '><p><div style='padding-bottom:10px;color:#d3311f;' class='av-special-heading av-special-heading-h3 custom-color-heading'><h3 class='av-special-heading-tag'  itemprop=\"headline\"  >Lamiera\/piastra\/bobina di acciaio inossidabile laminata a caldo<\/h3><div class='special-heading-border'><div class='special-heading-inner-border' style='border-color:#d3311f'><\/div><\/div><\/div><br \/>\n<div  class='hr hr-default'><span class='hr-inner' ><span class='hr-inner-style'><\/span><\/span><\/div><br \/>\n<section class=\"av_textblock_section\"  itemscope=\"itemscope\" itemtype=\"https:\/\/schema.org\/CreativeWork\" ><div class='avia_textblock'   itemprop=\"text\" ><p>La piastra di laminazione a caldo in acciaio inossidabile \u00e8 costituita dalla bramma (principalmente bramma di colata continua) dopo il riscaldamento tramite mulino sbozzatore e mulino finitore. La lamiera di acciaio inossidabile laminata a caldo ha buona tenacit\u00e0 e duttilit\u00e0, bassa durezza, facile lavorazione, buona duttilit\u00e0, prezzo basso, ma le propriet\u00e0 meccaniche e la qualit\u00e0 della superficie sono inferiori a quelle di una lamiera di acciaio inossidabile lavorata a freddo, seconda solo alla lamiera di acciaio forgiato. Rispetto alla lamiera laminata a freddo, la lamiera laminata a caldo in acciaio inossidabile presenta scaglie di ossido e superficie grigia. Viene utilizzato principalmente nelle navi, nel petrolio e nel gas naturale, nell&#039;industria chimica, negli alimenti, negli utensili da cucina, negli elettrodomestici generali e cos\u00ec via.<\/p>\n<p>In qualit\u00e0 di fornitore e produttore di lamiere e piastre in acciaio inossidabile conformi alle norme ASTM, ASME ed EN. L&#039;acciaio WLD fornisce prodotti in acciaio inossidabile laminati a caldo (lamiere, piastre, bobine, nastri) disponibili nel tipo 201, 304\/304L, 316\/316L, 430, 410S, 409\/409L e duplex grado 2205, tutti i nostri prodotti possono essere ri- processo di piegatura, rifilatura, decapaggio, trattamento termico, rivestimento o altro.<\/p>\n<\/div><\/section><br \/>\n<div  class='hr hr-default'><span class='hr-inner' ><span class='hr-inner-style'><\/span><\/span><\/div><br \/>\n<section class=\"av_textblock_section\"  itemscope=\"itemscope\" itemtype=\"https:\/\/schema.org\/CreativeWork\" ><div class='avia_textblock'   itemprop=\"text\" ><p>Specifiche: ASTM A240, ASTM A480<\/p>\n<p>Finitura superficiale: No1<\/p>\n<p>Dimensioni: 800-2000*3-10,0 mm (piastra)<\/p>\n<p>Gradi disponibili: 201, <a href=\"https:\/\/wldstainless.com\/materials\/austenitic-stainless-steel\/304-304l-stainless-steel\/\">304\/304L<\/a>, <a href=\"https:\/\/wldstainless.com\/materials\/austenitic-stainless-steel\/316-316l-stainless-steel\/\">316\/316L<\/a>, 317, 309S, 321H, 347, 409L, <a href=\"https:\/\/wldstainless.com\/materials\/austenitic-stainless-steel\/904l-stainless-steel\/\">904L<\/a>, <a href=\"https:\/\/wldstainless.com\/materials\/duplex-stainless-steel\/alloy-2205-stainless-steel\/\">2205<\/a><\/p>\n<h4>La dimensione della lamiera\/piastra\/bobina laminata a caldo in acciaio inossidabile<\/h4>\n<table>\n<tbody>\n<tr>\n<td>Tipi di finitura superficiale<\/td>\n<td colspan=\"2\">Tipo di prodotti<\/td>\n<td>Spessore nominale<br \/>\nmm<\/td>\n<td>Larghezza nominale<br \/>\nmm<\/td>\n<td>Lunghezza nominale piastre o diametro interno bobine, mm<\/td>\n<\/tr>\n<tr>\n<td>No.1U<br \/>\nN.1C<\/td>\n<td>Bobina d&#039;acciaio<\/td>\n<td>Non tagliente<\/td>\n<td>2.0\uff5e10.0<\/td>\n<td>750\uff5e1600<\/td>\n<td>760(Bobina)<\/td>\n<\/tr>\n<tr>\n<td rowspan=\"4\">N.1<\/td>\n<td rowspan=\"2\">Lamiera di acciaio<\/td>\n<td>Taglio dei bordi<\/td>\n<td rowspan=\"2\">2.0\uff5e10.0<\/td>\n<td>730\uff5e1570<\/td>\n<td rowspan=\"2\">1000~12000 (piatto)<\/td>\n<\/tr>\n<tr>\n<td>Non tagliente<\/td>\n<td>750\uff5e1600<\/td>\n<\/tr>\n<tr>\n<td rowspan=\"2\">Bobina d&#039;acciaio<\/td>\n<td>Taglio dei bordi<\/td>\n<td rowspan=\"2\">2.0\uff5e10.0<\/td>\n<td>730\uff5e1570<\/td>\n<td rowspan=\"2\">610(Bobina)<\/td>\n<\/tr>\n<tr>\n<td>Non tagliente<\/td>\n<td>750\uff5e1600<\/td>\n<\/tr>\n<\/tbody>\n<\/table>\n<\/div><\/section><\/p><\/div>","protected":false},"excerpt":{"rendered":"","protected":false},"author":1,"featured_media":0,"parent":346,"menu_order":0,"comment_status":"closed","ping_status":"closed","template":"","meta":{"footnotes":""},"class_list":["post-1375","page","type-page","status-publish","hentry"],"aioseo_notices":[],"_links":{"self":[{"href":"https:\/\/wldstainless.com\/it\/wp-json\/wp\/v2\/pages\/1375","targetHints":{"allow":["GET"]}}],"collection":[{"href":"https:\/\/wldstainless.com\/it\/wp-json\/wp\/v2\/pages"}],"about":[{"href":"https:\/\/wldstainless.com\/it\/wp-json\/wp\/v2\/types\/page"}],"author":[{"embeddable":true,"href":"https:\/\/wldstainless.com\/it\/wp-json\/wp\/v2\/users\/1"}],"replies":[{"embeddable":true,"href":"https:\/\/wldstainless.com\/it\/wp-json\/wp\/v2\/comments?post=1375"}],"version-history":[{"count":12,"href":"https:\/\/wldstainless.com\/it\/wp-json\/wp\/v2\/pages\/1375\/revisions"}],"predecessor-version":[{"id":2057,"href":"https:\/\/wldstainless.com\/it\/wp-json\/wp\/v2\/pages\/1375\/revisions\/2057"}],"up":[{"embeddable":true,"href":"https:\/\/wldstainless.com\/it\/wp-json\/wp\/v2\/pages\/346"}],"wp:attachment":[{"href":"https:\/\/wldstainless.com\/it\/wp-json\/wp\/v2\/media?parent=1375"}],"curies":[{"name":"wp","href":"https:\/\/api.w.org\/{rel}","templated":true}]}}