{"id":114,"date":"2019-04-25T09:02:31","date_gmt":"2019-04-25T09:02:31","guid":{"rendered":"http:\/\/wldstainless.com\/?page_id=114"},"modified":"2020-12-11T06:24:33","modified_gmt":"2020-12-11T06:24:33","slug":"markets","status":"publish","type":"page","link":"https:\/\/wldstainless.com\/it\/markets\/","title":{"rendered":"MERCATI"},"content":{"rendered":"<div id='fullscreen_slider_1' class='avia-fullscreen-slider main_color   container_wrap sidebar_left'   ><div  data-size='no scaling'  data-lightbox_size='large'  data-animation='slide'  data-ids='2034'  data-video_counter='0'  data-autoplay='false'  data-bg_slider='true'  data-slide_height='100'  data-handle='av_fullscreen'  data-interval='5'  data-class=' '  data-css_id='fullscreen_slider_1'  data-scroll_down=''  data-control_layout='av-control-default'  data-custom_markup=''  data-perma_caption=''  data-autoplay_stopper=''  data-image_attachment=''  data-min_height='0px'  data-stretch=''  class='avia-slideshow avia-slideshow-1  av-control-default av-default-height-applied avia-slideshow-no scaling av_fullscreen   avia-slide-slider'  itemprop=\"ImageObject\" itemscope=\"itemscope\" itemtype=\"https:\/\/schema.org\/ImageObject\" ><ul class='avia-slideshow-inner' style='padding-bottom: 43.9453125%;'><li style='background-position:center center;' data-img-url='https:\/\/wldstainless.com\/wp-content\/uploads\/2020\/10\/WLDSS.jpg' class='av-single-slide slide-1' ><div data-rel='slideshow-1' class='avia-slide-wrap'  ><\/div><\/li><\/ul><\/div><\/div>\n<div class=\"flex_column av_one_full  flex_column_div av-zero-column-padding first\" style='border-radius:0px; '><section class=\"av_textblock_section\"  itemscope=\"itemscope\" itemtype=\"https:\/\/schema.org\/CreativeWork\" ><div class='avia_textblock'   itemprop=\"text\" ><p>Per anni di esperienza, WLD Steel \u00e8 stato un fornitore leader di prodotti in acciaio inossidabile per processi estremamente impegnativi nell&#039;industria alimentare, petrolchimica, automobilistica, dei fertilizzanti, medica, nucleare di desalinizzazione dell&#039;acqua e altri settori.<\/p>\n<p>Eccellenti standard metallurgici, garanzia di qualit\u00e0 stabile e un servizio di risposta rapida hanno aiutato WLD Steel a diventare un vero partner che guida i propri clienti a ottenere le specifiche e i materiali difficili da trovare. L&#039;acciaio WLD serve un&#039;ampia gamma di settori che richiedono le migliori leghe metalliche disponibili.<\/p>\n<\/div><\/section><\/div>\n<div class=\"flex_column av_one_fourth  flex_column_div av-zero-column-padding first\" style='border-radius:0px; '><div class='avia-image-container  av-styling-    avia-align-center'  itemprop=\"ImageObject\" itemscope=\"itemscope\" itemtype=\"https:\/\/schema.org\/ImageObject\"  ><div class='avia-image-container-inner'><img class='avia_image' src='https:\/\/wldstainless.com\/wp-content\/uploads\/2020\/09\/Food-processing.png' alt='' title='Trasformazione dei prodotti alimentari'   itemprop=\"thumbnailUrl\"  \/><\/div><\/div><\/div>\n<div class=\"flex_column av_three_fourth  flex_column_div av-zero-column-padding\" style='border-radius:0px; '><section class=\"av_textblock_section\"  itemscope=\"itemscope\" itemtype=\"https:\/\/schema.org\/CreativeWork\" ><div class='avia_textblock'   itemprop=\"text\" ><h3>Cibo e bevande<\/h3>\n<p>L\u2019acciaio inossidabile \u00e8 stato ampiamente utilizzato nell\u2019industria alimentare e delle bevande.<br \/>\nLe condizioni della superficie sembrano essere pi\u00f9 importanti che in altri settori come la produzione di petrolio e gas. Non solo resiste alla corrosione, ma le sue propriet\u00e0 igieniche e di assenza di adesione determinano le condizioni ottimali della superficie. I principali segmenti industriali e industriali includono:<\/p>\n<ul>\n<li>Produzione della birra<\/li>\n<li>Industria lattiero-casearia<\/li>\n<li>Farmaceutico<\/li>\n<li>Cosmetici o altre industrie generali con <span class=\"tran\" data-group=\"20_16\">fisico<\/span> <span class=\"tran\" data-group=\"21_17\">contatto<\/span>.<\/li>\n<\/ul>\n<\/div><\/section><\/div>\n<div class=\"flex_column av_one_fourth  flex_column_div av-zero-column-padding first\" style='border-radius:0px; '><div class='avia-image-container  av-styling-    avia-align-center'  itemprop=\"ImageObject\" itemscope=\"itemscope\" itemtype=\"https:\/\/schema.org\/ImageObject\"  ><div class='avia-image-container-inner'><img class='avia_image' src='https:\/\/wldstainless.com\/wp-content\/uploads\/2020\/09\/Chemical.png' alt='' title='Chimico'   itemprop=\"thumbnailUrl\"  \/><\/div><\/div><\/div>\n<div class=\"flex_column av_three_fourth  flex_column_div av-zero-column-padding\" style='border-radius:0px; '><section class=\"av_textblock_section\"  itemscope=\"itemscope\" itemtype=\"https:\/\/schema.org\/CreativeWork\" ><div class='avia_textblock'   itemprop=\"text\" ><h3>Chimico<\/h3>\n<p>La domanda chimica richiede una buona resistenza e resistenza alla corrosione e i nostri prodotti che offrono prodotti di qualit\u00e0 primaria soddisfano le esigenze dei nostri clienti di questi mercati. Gli acciai WLD hanno le propriet\u00e0 necessarie per gli ambienti altamente corrosivi o con acidit\u00e0 variabile e cloro presenti nelle trivellazioni petrolifere e negli impianti di processo chimici.<\/p>\n<p>Acciaio inossidabile duplex <a href=\"https:\/\/wldstainless.com\/materials\/duplex-stainless-steel\/alloy-2205-stainless-steel\/\">Tubo 2205<\/a> contiene un contenuto relativamente elevato di cromo, molibdeno, tungsteno e azoto, che gli conferisce una forte resistenza alla corrosione e resistenza e pu\u00f2 essere resistente a una variet\u00e0 di prodotti chimici corrosivi, particolarmente adatto per varie applicazioni chimiche e petrolchimiche.<\/p>\n<\/div><\/section><\/div><div class=\"flex_column av_one_fourth  flex_column_div av-zero-column-padding first\" style='border-radius:0px; '><div class='avia-image-container  av-styling-    avia-align-center'  itemprop=\"ImageObject\" itemscope=\"itemscope\" itemtype=\"https:\/\/schema.org\/ImageObject\"  ><div class='avia-image-container-inner'><img class='avia_image' src='https:\/\/wldstainless.com\/wp-content\/uploads\/2020\/09\/medical.jpg' alt='' title='medico'   itemprop=\"thumbnailUrl\"  \/><\/div><\/div><\/div><\/p>\n<div class=\"flex_column av_three_fourth  flex_column_div av-zero-column-padding\" style='border-radius:0px; '><section class=\"av_textblock_section\"  itemscope=\"itemscope\" itemtype=\"https:\/\/schema.org\/CreativeWork\" ><div class='avia_textblock'   itemprop=\"text\" ><h3>Biologico<\/h3>\n<p>Il materiale utilizzato nei contenitori di produzione e nei sistemi di tubazioni per le industrie biotecnologiche dovrebbe fornire un&#039;eccellente resistenza alla corrosione per garantire la purezza e la qualit\u00e0 del prodotto. Il materiale in acciaio dovrebbe inoltre avere una buona resistenza alle alte temperature e alla pressione nel processo di produzione, disinfezione e pulizia, nonch\u00e9 una buona saldabilit\u00e0 e una buona finitura superficiale.<\/p>\n<p>L&#039;acciaio inossidabile austenitico 316L \u00e8 il materiale principale e un materiale alternativo ideale per le industrie biotecnologiche grazie alla sua buona resistenza alla corrosione, saldabilit\u00e0 e propriet\u00e0 di lucidatura elettrolitica. I clienti hanno anche migliorato le prestazioni di <a href=\"https:\/\/wldstainless.com\/materials\/austenitic-stainless-steel\/316-316l-stainless-steel\/\">316L<\/a> acciaio inossidabile selezionando attentamente le composizioni chimiche specifiche di <a href=\"https:\/\/wldstainless.com\/materials\/austenitic-stainless-steel\/316-316l-stainless-steel\/\">316L<\/a> acciaio inossidabile e da processi di produzione ESR migliorati. l&#039;acciaio inossidabile duplex 2205 \u00e8 pi\u00f9 popolare per questi mercati negli ultimi anni.<\/p>\n<\/div><\/section><\/div><div class=\"flex_column av_one_fourth  flex_column_div av-zero-column-padding first\" style='border-radius:0px; '><div class='avia-image-container  av-styling-    avia-align-center'  itemprop=\"ImageObject\" itemscope=\"itemscope\" itemtype=\"https:\/\/schema.org\/ImageObject\"  ><div class='avia-image-container-inner'><img class='avia_image' src='https:\/\/wldstainless.com\/wp-content\/uploads\/2020\/09\/Power.png' alt='' title='Energia'   itemprop=\"thumbnailUrl\"  \/><\/div><\/div><\/div><\/p>\n<div class=\"flex_column av_three_fourth  flex_column_div av-zero-column-padding\" style='border-radius:0px; '><section class=\"av_textblock_section\"  itemscope=\"itemscope\" itemtype=\"https:\/\/schema.org\/CreativeWork\" ><div class='avia_textblock'   itemprop=\"text\" ><h3>Energia<\/h3>\n<p>La generazione di energia termica \u00e8 un modo di utilizzare il calore generato quando il carbone viene bruciato per trasformare l&#039;acqua in vapore ad alta pressione per azionare un generatore per generare elettricit\u00e0. Le centrali elettriche a carbone sono principalmente composte da una caldaia, una turbina a vapore e una generazione di energia del generatore nel tubo del vapore e dell&#039;acqua della caldaia, inclusi il tubo del riscaldatore, la parete d&#039;acqua, il surriscaldatore, il tubo dell&#039;economizzatore, il tubo di preriscaldamento dell&#039;aria, il tubo di calore, il tubo di discesa e tutti i tipi di controllo delle apparecchiature, che hanno funzionato ad alta temperatura e alta pressione nel gas e nel vapore e causeranno ossidazione e corrosione nell&#039;ambiente difficile, quindi il tubo in acciaio inossidabile \u00e8 ampiamente utilizzato nelle caldaie termoelettriche. Il nostro <a href=\"https:\/\/wldstainless.com\/materials\/austenitic-stainless-steel\/309s-stainless-steel\/\">309H<\/a>, <a href=\"https:\/\/wldstainless.com\/materials\/austenitic-stainless-steel\/321-321h-stainless-steel\/\">321H<\/a> E <a href=\"https:\/\/wldstainless.com\/materials\/austenitic-stainless-steel\/347-347h-stainless-steel\/\">347H<\/a> I tubi, le barre piatte e le piastre in acciaio inossidabile vengono utilizzati principalmente per produrre caldaie, pale per turbine a vapore e a gas.<\/p>\n<\/div><\/section><\/div>","protected":false},"excerpt":{"rendered":"","protected":false},"author":1,"featured_media":0,"parent":0,"menu_order":0,"comment_status":"closed","ping_status":"closed","template":"","meta":{"footnotes":""},"class_list":["post-114","page","type-page","status-publish","hentry"],"aioseo_notices":[],"_links":{"self":[{"href":"https:\/\/wldstainless.com\/it\/wp-json\/wp\/v2\/pages\/114","targetHints":{"allow":["GET"]}}],"collection":[{"href":"https:\/\/wldstainless.com\/it\/wp-json\/wp\/v2\/pages"}],"about":[{"href":"https:\/\/wldstainless.com\/it\/wp-json\/wp\/v2\/types\/page"}],"author":[{"embeddable":true,"href":"https:\/\/wldstainless.com\/it\/wp-json\/wp\/v2\/users\/1"}],"replies":[{"embeddable":true,"href":"https:\/\/wldstainless.com\/it\/wp-json\/wp\/v2\/comments?post=114"}],"version-history":[{"count":13,"href":"https:\/\/wldstainless.com\/it\/wp-json\/wp\/v2\/pages\/114\/revisions"}],"predecessor-version":[{"id":2062,"href":"https:\/\/wldstainless.com\/it\/wp-json\/wp\/v2\/pages\/114\/revisions\/2062"}],"wp:attachment":[{"href":"https:\/\/wldstainless.com\/it\/wp-json\/wp\/v2\/media?parent=114"}],"curies":[{"name":"wp","href":"https:\/\/api.w.org\/{rel}","templated":true}]}}