{"id":76,"date":"2019-04-24T18:14:45","date_gmt":"2019-04-24T18:14:45","guid":{"rendered":"http:\/\/wldstainless.com\/?page_id=76"},"modified":"2020-12-11T03:34:19","modified_gmt":"2020-12-11T03:34:19","slug":"about","status":"publish","type":"page","link":"https:\/\/wldstainless.com\/fr\/about\/","title":{"rendered":"\u00c0 PROPOS"},"content":{"rendered":"<div id='fullscreen_slider_1' class='avia-fullscreen-slider main_color   container_wrap sidebar_left'   ><div  data-size='no scaling'  data-lightbox_size='large'  data-animation='slide'  data-ids='2030'  data-video_counter='0'  data-autoplay='false'  data-bg_slider='true'  data-slide_height='100'  data-handle='av_fullscreen'  data-interval='5'  data-class=' '  data-css_id='fullscreen_slider_1'  data-scroll_down=''  data-control_layout='av-control-default'  data-custom_markup=''  data-perma_caption=''  data-autoplay_stopper=''  data-image_attachment=''  data-min_height='0px'  data-stretch=''  class='avia-slideshow avia-slideshow-1  av-control-default av-default-height-applied avia-slideshow-no scaling av_fullscreen   avia-slide-slider'  itemprop=\"ImageObject\" itemscope=\"itemscope\" itemtype=\"https:\/\/schema.org\/ImageObject\" ><ul class='avia-slideshow-inner' style='padding-bottom: 43.9453125%;'><li style='background-position:center center;' data-img-url='https:\/\/wldstainless.com\/wp-content\/uploads\/2020\/10\/About-SS.jpg' class='av-single-slide slide-1' ><div data-rel='slideshow-1' class='avia-slide-wrap'  ><\/div><\/li><\/ul><\/div><\/div>\n<div class=\"flex_column av_one_full  flex_column_div av-zero-column-padding first\" style='border-radius:0px; '><p><section class=\"av_textblock_section\"  itemscope=\"itemscope\" itemtype=\"https:\/\/schema.org\/CreativeWork\" ><div class='avia_textblock'   itemprop=\"text\" ><p>WLD Stainless est l&#039;un des fournisseurs, fabricants et distributeurs professionnels de produits semi-finis et finis en acier inoxydable, notamment l&#039;acier inoxydable s\u00e9rie 200, l&#039;acier inoxydable s\u00e9rie 300, l&#039;acier inoxydable s\u00e9rie 400, l&#039;acier inoxydable \u00e0 durcissement par pr\u00e9cipitation et l&#039;acier inoxydable duplex dans une grande vari\u00e9t\u00e9 de qualit\u00e9s. et les formulaires. Nos produits vendus aux centres de service, aux forgerons, aux laminoirs et aux fabricants d&#039;\u00e9quipement d&#039;origine, sont ensuite transform\u00e9s par nos clients pour \u00eatre utilis\u00e9s dans diverses industries, notamment l&#039;offshore, l&#039;a\u00e9rospatiale, la production d&#039;\u00e9lectricit\u00e9, le p\u00e9trole et le gaz, la p\u00e9trochimie et la fabrication d&#039;\u00e9quipements lourds.<\/p>\n<p>Nous fournissons principalement les tuyaux en acier inoxydable, <a href=\"https:\/\/wldstainless.com\/products\/stainless-steel-square-tube\/\">tubes<\/a>, <a href=\"https:\/\/wldstainless.com\/products\/stainless-steel-cold-rolled-plate-sheet-coil\/\">feuilles<\/a>, plaques, bobines, bandes, <a href=\"https:\/\/wldstainless.com\/products\/stainless-steel-round-bars\/\">barre ronde<\/a>, barre hexagonale, plate et acier form\u00e9 tel que <a href=\"https:\/\/wldstainless.com\/products\/stainless-steel-angle\/\">angles<\/a>, <a href=\"https:\/\/wldstainless.com\/products\/stainless-steel-beam\/\">poutres<\/a> et <a href=\"https:\/\/wldstainless.com\/products\/stainless-steel-channel\/\">cha\u00eenes<\/a>. Ce que nous proposons est fabriqu\u00e9 avec des mati\u00e8res premi\u00e8res qualifi\u00e9es et des techniques de pointe. En fonction de vos exigences, nous nous assurons que nos produits r\u00e9pondent aux termes des sp\u00e9cifications et normes bien d\u00e9finies dans l&#039;industrie.<\/p>\n<h3><\/h3>\n<\/div><\/section><br \/>\n<div style='padding-bottom:10px;color:#d3311f;' class='av-special-heading av-special-heading-h3 custom-color-heading'><h3 class='av-special-heading-tag'  itemprop=\"headline\"  >Pourquoi nous choisir?<\/h3><div class='special-heading-border'><div class='special-heading-inner-border' style='border-color:#d3311f'><\/div><\/div><\/div><\/p><\/div><div class=\"flex_column av_one_full  flex_column_div av-zero-column-padding first\" style='border-radius:0px; '><section class=\"av_textblock_section\"  itemscope=\"itemscope\" itemtype=\"https:\/\/schema.org\/CreativeWork\" ><div class='avia_textblock'   itemprop=\"text\" ><h3><\/h3>\n<h4>La qualit\u00e9 avant tout<\/h4>\n<p>\u00ab Nous faisons ce que nous pouvons faire et ce que nous ne pouvons pas faire \u00bb. Au fil des d\u00e9cennies de progr\u00e8s, nous avons r\u00e9alis\u00e9 que seuls les produits qualifi\u00e9s sont notre principe fondamental, c&#039;est exactement ce dont nous sommes fiers. WLD Steel a collabor\u00e9 avec l&#039;usine de transformation \u00e9quip\u00e9e de formage, de meulage, de soudage, de rodage, d&#039;usinage, de traitement thermique et d&#039;installations de tests physiques et chimiques, ce qui nous permet de r\u00e9pondre aux exigences strictes des clients.<\/p>\n<h4>Personnel exp\u00e9riment\u00e9<\/h4>\n<p>WLD Steel dispose d&#039;une \u00e9quipe dot\u00e9e de solides comp\u00e9tences multilingues pour des clients du monde entier, ce qui constitue la base d&#039;une entreprise performante. Notre personnel comprenant \u00e9galement l&#039;ing\u00e9nieur m\u00e9tallurgiste, sp\u00e9cialiste en logistique qui poss\u00e8de un large savoir-faire technique, r\u00e9pond aux besoins de vos produits dans des d\u00e9lais tr\u00e8s courts.<\/p>\n<h4>Service additionnel<\/h4>\n<p>Avec des \u00e9quipements de pointe et un plan de production strict, nous fabriquons des produits sp\u00e9ciaux sur mesure selon les besoins et les dessins sp\u00e9cifiques du client, en plus de nos produits standard. Notre ing\u00e9nieur et notre ouvrier qualifi\u00e9s s&#039;unissent pour offrir une gamme de services suppl\u00e9mentaires pour vous aider \u00e0 \u00e9conomiser du temps et de l&#039;argent.<\/p>\n<h4>Mat\u00e9riaux larges<\/h4>\n<p>WLD Steel stocke une large gamme de mat\u00e9riaux certifi\u00e9s ASME\/EN\/JIS et stocke \u00e9galement une gamme compl\u00e8te imm\u00e9diatement disponible de qualit\u00e9s alimentaires, m\u00e9dicales, ur\u00e9e et nitriques. Un vaste inventaire de tuyaux, t\u00f4les form\u00e9es, raccords, brides, barres, plaques et raccords forg\u00e9s de qualit\u00e9s g\u00e9n\u00e9rales, industrielles et sp\u00e9cialis\u00e9es.<\/p>\n<\/div><\/section><\/div><\/p>","protected":false},"excerpt":{"rendered":"","protected":false},"author":1,"featured_media":0,"parent":0,"menu_order":0,"comment_status":"closed","ping_status":"closed","template":"","meta":{"footnotes":""},"class_list":["post-76","page","type-page","status-publish","hentry"],"aioseo_notices":[],"_links":{"self":[{"href":"https:\/\/wldstainless.com\/fr\/wp-json\/wp\/v2\/pages\/76","targetHints":{"allow":["GET"]}}],"collection":[{"href":"https:\/\/wldstainless.com\/fr\/wp-json\/wp\/v2\/pages"}],"about":[{"href":"https:\/\/wldstainless.com\/fr\/wp-json\/wp\/v2\/types\/page"}],"author":[{"embeddable":true,"href":"https:\/\/wldstainless.com\/fr\/wp-json\/wp\/v2\/users\/1"}],"replies":[{"embeddable":true,"href":"https:\/\/wldstainless.com\/fr\/wp-json\/wp\/v2\/comments?post=76"}],"version-history":[{"count":29,"href":"https:\/\/wldstainless.com\/fr\/wp-json\/wp\/v2\/pages\/76\/revisions"}],"predecessor-version":[{"id":2047,"href":"https:\/\/wldstainless.com\/fr\/wp-json\/wp\/v2\/pages\/76\/revisions\/2047"}],"wp:attachment":[{"href":"https:\/\/wldstainless.com\/fr\/wp-json\/wp\/v2\/media?parent=76"}],"curies":[{"name":"wp","href":"https:\/\/api.w.org\/{rel}","templated":true}]}}