{"id":558,"date":"2019-06-26T00:45:37","date_gmt":"2019-06-26T00:45:37","guid":{"rendered":"http:\/\/wldstainless.com\/?page_id=558"},"modified":"2020-12-11T05:43:53","modified_gmt":"2020-12-11T05:43:53","slug":"stainless-steel-cold-rolled-plate-sheet-coil","status":"publish","type":"page","link":"https:\/\/wldstainless.com\/fr\/products\/stainless-steel-cold-rolled-plate-sheet-coil\/","title":{"rendered":"Plaque\/feuille\/bobine lamin\u00e9es \u00e0 froid en acier inoxydable"},"content":{"rendered":"<div class=\"flex_column av_one_fourth  flex_column_div av-zero-column-padding first\" style='border-radius:0px; '><p><div class='avia-builder-widget-area clearfix'><div id=\"nav_menu-7\" class=\"widget clearfix widget_nav_menu\"><h3 class=\"widgettitle\">Des produits<\/h3><div class=\"menu-accessories-container\"><ul id=\"menu-accessories\" class=\"menu\"><li id=\"menu-item-1924\" class=\"menu-item menu-item-type-post_type menu-item-object-page menu-item-1924\"><a href=\"https:\/\/wldstainless.com\/fr\/products\/stainless-steel-angle\/\">Corni\u00e8re en acier inoxydable<\/a><\/li>\n<li id=\"menu-item-1925\" class=\"menu-item menu-item-type-post_type menu-item-object-page menu-item-1925\"><a href=\"https:\/\/wldstainless.com\/fr\/products\/stainless-steel-beam\/\">Poutre en acier inoxydable<\/a><\/li>\n<li id=\"menu-item-1926\" class=\"menu-item menu-item-type-post_type menu-item-object-page menu-item-1926\"><a href=\"https:\/\/wldstainless.com\/fr\/products\/stainless-steel-capillary-tubes\/\">Tubes capillaires en acier inoxydable<\/a><\/li>\n<li id=\"menu-item-1927\" class=\"menu-item menu-item-type-post_type menu-item-object-page menu-item-1927\"><a href=\"https:\/\/wldstainless.com\/fr\/products\/stainless-steel-channel\/\">Canal en acier inoxydable<\/a><\/li>\n<li id=\"menu-item-1928\" class=\"menu-item menu-item-type-post_type menu-item-object-page menu-item-1928\"><a href=\"https:\/\/wldstainless.com\/fr\/products\/stainless-steel-coiled-tube\/\">Tube enroul\u00e9 en acier inoxydable<\/a><\/li>\n<li id=\"menu-item-1929\" class=\"menu-item menu-item-type-post_type menu-item-object-page menu-item-1929\"><a href=\"https:\/\/wldstainless.com\/fr\/products\/stainless-steel-cold-rolled-plate-sheet-coil\/\">Plaque\/feuille\/bobine lamin\u00e9es \u00e0 froid en acier inoxydable<\/a><\/li>\n<li id=\"menu-item-1930\" class=\"menu-item menu-item-type-post_type menu-item-object-page menu-item-1930\"><a href=\"https:\/\/wldstainless.com\/fr\/products\/stainless-steel-flats\/\">Appartements en acier inoxydable<\/a><\/li>\n<li id=\"menu-item-1931\" class=\"menu-item menu-item-type-post_type menu-item-object-page menu-item-1931\"><a href=\"https:\/\/wldstainless.com\/fr\/products\/stainless-steel-hexagon-bars\/\">Barres hexagonales en acier inoxydable<\/a><\/li>\n<li id=\"menu-item-1932\" class=\"menu-item menu-item-type-post_type menu-item-object-page menu-item-1932\"><a href=\"https:\/\/wldstainless.com\/fr\/products\/stainless-steel-hot-rolled-plate-sheet-coil\/\">Plaque\/feuille\/bobine lamin\u00e9es \u00e0 chaud en acier inoxydable<\/a><\/li>\n<li id=\"menu-item-1933\" class=\"menu-item menu-item-type-post_type menu-item-object-page menu-item-1933\"><a href=\"https:\/\/wldstainless.com\/fr\/products\/stainless-steel-large-diameter-pipe\/\">Tuyau de grand diam\u00e8tre en acier inoxydable<\/a><\/li>\n<li id=\"menu-item-1934\" class=\"menu-item menu-item-type-post_type menu-item-object-page menu-item-1934\"><a href=\"https:\/\/wldstainless.com\/fr\/products\/stainless-steel-round-bars\/\">Barres rondes en acier inoxydable<\/a><\/li>\n<li id=\"menu-item-1935\" class=\"menu-item menu-item-type-post_type menu-item-object-page menu-item-1935\"><a href=\"https:\/\/wldstainless.com\/fr\/products\/stainless-steel-square-tube\/\">Tube carr\u00e9 en acier inoxydable<\/a><\/li>\n<li id=\"menu-item-1936\" class=\"menu-item menu-item-type-post_type menu-item-object-page menu-item-1936\"><a href=\"https:\/\/wldstainless.com\/fr\/products\/stainless-steel-u-bend-tube\/\">Tube coud\u00e9 en U en acier inoxydable<\/a><\/li>\n<\/ul><\/div><\/div><\/div><br \/>\n<div  class='hr hr-default'><span class='hr-inner' ><span class='hr-inner-style'><\/span><\/span><\/div><br \/>\n<div class='avia-button-wrap avia-button-left'><a href='http:\/\/wldstainless.com\/contact\/#contact' class='avia-button   avia-icon_select-yes-left-icon avia-color-custom avia-size-large avia-position-left'  target=\"_blank\"  style='background-color:#e82221; border-color:#e82221; color:#ffffff; ' ><span class='avia_button_icon avia_button_icon_left' aria-hidden='true' data-av_icon='\ue84b' data-av_iconfont='entypo-fontello'><\/span><span class='avia_iconbox_title' >Demander un devis<\/span><\/a><\/div><\/p><\/div>\n<div class=\"flex_column av_three_fourth  flex_column_div\" style='padding:0px 0px 50px 0px ; border-radius:0px; '><p><div style='padding-bottom:10px;color:#d3311f;' class='av-special-heading av-special-heading-h3 custom-color-heading'><h3 class='av-special-heading-tag'  itemprop=\"headline\"  >T\u00f4le\/plaque\/bobine d&#039;acier inoxydable lamin\u00e9es \u00e0 froid<\/h3><div class='special-heading-border'><div class='special-heading-inner-border' style='border-color:#d3311f'><\/div><\/div><\/div><br \/>\n<div  class='hr hr-default'><span class='hr-inner' ><span class='hr-inner-style'><\/span><\/span><\/div><br \/>\n<section class=\"av_textblock_section\"  itemscope=\"itemscope\" itemtype=\"https:\/\/schema.org\/CreativeWork\" ><div class='avia_textblock'   itemprop=\"text\" ><p>Comme son nom l&#039;indique, les t\u00f4les lamin\u00e9es \u00e0 froid en acier inoxydable sont des t\u00f4les en acier inoxydable produites par le proc\u00e9d\u00e9 de laminage \u00e0 froid. On parle g\u00e9n\u00e9ralement d&#039;\u00e9paisseur inf\u00e9rieure \u00e0 3 mm pour la t\u00f4le et sup\u00e9rieure \u00e0 3 mm pour la plaque. Les t\u00f4les\/plaques, bobines et bandes lamin\u00e9es \u00e0 froid en acier inoxydable ont une excellente r\u00e9sistance \u00e0 la corrosion, de bonnes propri\u00e9t\u00e9s m\u00e9caniques, des propri\u00e9t\u00e9s de traitement et une vari\u00e9t\u00e9 de finitions de surface. Elles ont \u00e9t\u00e9 largement utilis\u00e9es dans les appareils \u00e9lectrom\u00e9nagers, la p\u00e9trochimie, les \u00e9quipements m\u00e9dicaux, les automobiles, les navires et l&#039;\u00e9lectronique de pr\u00e9cision. et d&#039;autres domaines.<\/p>\n<p>Le retraitement des surfaces lamin\u00e9es \u00e0 froid permet \u00e0 la surface en acier inoxydable de pr\u00e9senter une finition, une texture et une couleur diff\u00e9rentes. Les finitions de surface des t\u00f4les lamin\u00e9es \u00e0 froid en acier inoxydable comprennent 2D, 2B, No.3, No.4, 240, 320, No.7, No.8, HL, BA, TR, \u00e9tat dur, gaufr\u00e9 et autres qualit\u00e9s de surface. Il peut \u00eatre trait\u00e9 ult\u00e9rieurement par galvanoplastie, \u00e9lectropolissage, gravure, grenaillage, coloration, rev\u00eatement et diverses combinaisons bas\u00e9es sur le laminage \u00e0 froid.<\/p>\n<p>En tant que fournisseur et fabricant de t\u00f4les et plaques d&#039;acier inoxydable conformes aux normes ASTM, ASME et EN. WLD Steel fournit ces produits disponibles dans les types 201, 304\/304L, 316\/316L, 430, 410S, 409\/409L et duplex grade 2205, tous nos produits peuvent \u00eatre retrait\u00e9s pour le pliage, le d\u00e9coupage, le d\u00e9capage, le traitement thermique, enduit ou autres.<\/p>\n<\/div><\/section><br \/>\n<section class=\"av_textblock_section\"  itemscope=\"itemscope\" itemtype=\"https:\/\/schema.org\/CreativeWork\" ><div class='avia_textblock'   itemprop=\"text\" ><p>Sp\u00e9cifications\u00a0: ASTM A240, ASTM A480<\/p>\n<p>Finition de surface\u00a0: No1, 2D, 2B, BA, No 3, No4, No8, HL,<\/p>\n<p>Taille : 800-1300*0,2-3,0 mm (bobine) ; 800-2000*0,2-100 mm (plaque)<\/p>\n<p>Grades disponibles\u00a0: 201, <a href=\"https:\/\/wldstainless.com\/materials\/austenitic-stainless-steel\/304-304l-stainless-steel\/\">304\/304L<\/a>, <a href=\"https:\/\/wldstainless.com\/materials\/austenitic-stainless-steel\/316-316l-stainless-steel\/\">316\/316L<\/a>, 317, 309S, 321H, <a href=\"https:\/\/wldstainless.com\/materials\/austenitic-stainless-steel\/347-347h-stainless-steel\/\">347<\/a>, 409L,<a href=\"https:\/\/wldstainless.com\/materials\/austenitic-stainless-steel\/904l-stainless-steel\/\"> 904L<\/a>,<a href=\"https:\/\/wldstainless.com\/materials\/duplex-stainless-steel\/alloy-2205-stainless-steel\/\"> 2205<\/a><\/p>\n<h4>La taille de la t\u00f4le\/plaque\/bobine lamin\u00e9es \u00e0 froid en acier inoxydable<\/h4>\n<table>\n<tbody>\n<tr>\n<td width=\"13.1000%\">Types de finition de surface<\/td>\n<td colspan=\"2\" width=\"32.5400%\">Des produits<\/td>\n<td width=\"14.6200%\">\u00c9paisseur nominale, mm<\/td>\n<td width=\"14.6400%\">Largeur nominale, mm<\/td>\n<td width=\"22.9000%\">Longueur nominale de la plaque ou diam\u00e8tre int\u00e9rieur de la bobine, mm<\/td>\n<\/tr>\n<tr>\n<td rowspan=\"5\" width=\"13.1000%\">N\u00b02E<\/td>\n<td rowspan=\"2\" width=\"14.4200%\">Plaque d&#039;acier<\/td>\n<td width=\"17.7600%\">Coupe des bords<\/td>\n<td rowspan=\"2\" width=\"14.6200%\">1,4 \uff5e 6,5<\/td>\n<td width=\"14.6400%\">730\uff5e1570<\/td>\n<td rowspan=\"2\" width=\"22.9000%\">1000\uff5e12000(Plaque)<\/td>\n<\/tr>\n<tr>\n<td width=\"17.7600%\">Non d\u00e9coup\u00e9<\/td>\n<td width=\"14.6400%\">750\uff5e1600<\/td>\n<\/tr>\n<tr>\n<td rowspan=\"2\" width=\"14.4200%\">Bobine d&#039;acier<\/td>\n<td width=\"17.7600%\">Coupe des bords<\/td>\n<td rowspan=\"2\" width=\"14.6200%\">1,4 \uff5e 6,5<\/td>\n<td width=\"14.6400%\">730\uff5e1570<\/td>\n<td rowspan=\"2\" width=\"22.9000%\">610 (bobine)<\/td>\n<\/tr>\n<tr>\n<td width=\"17.7600%\">Non d\u00e9coup\u00e9<\/td>\n<td width=\"14.6400%\">750\uff5e1600<\/td>\n<\/tr>\n<tr>\n<td colspan=\"2\" width=\"32.5400%\">Bobine d&#039;acier de coupe longitudinale<\/td>\n<td width=\"14.6200%\">1,4 ~ 3,0<\/td>\n<td width=\"14.6400%\">120\uff5e700<\/td>\n<td width=\"22.9000%\">508\/610 (bobine)<\/td>\n<\/tr>\n<tr>\n<td rowspan=\"5\" width=\"13.1000%\">N\u00b02D<br \/>\nN\u00b02B<\/td>\n<td rowspan=\"2\" width=\"14.4200%\">Plaque d&#039;acier<\/td>\n<td width=\"17.7600%\">Coupe des bords<\/td>\n<td rowspan=\"2\" width=\"14.6200%\">0,20\uff5e3,0<\/td>\n<td width=\"14.6400%\">730\uff5e1350<\/td>\n<td rowspan=\"2\" width=\"22.9000%\">1000\uff5e5000 (Plaque)<\/td>\n<\/tr>\n<tr>\n<td width=\"17.7600%\">Non d\u00e9coup\u00e9<\/td>\n<td width=\"14.6400%\">750\uff5e1350<\/td>\n<\/tr>\n<tr>\n<td rowspan=\"2\" width=\"14.4200%\">Bobine d&#039;acier<\/td>\n<td width=\"17.7600%\">Coupe des bords<\/td>\n<td rowspan=\"2\" width=\"14.6200%\">0,20\uff5e5,0<\/td>\n<td width=\"14.6400%\">730\uff5e1570<\/td>\n<td rowspan=\"3\" width=\"22.9000%\">508\/610 (bobine)<\/td>\n<\/tr>\n<tr>\n<td width=\"17.7600%\">Non d\u00e9coup\u00e9<\/td>\n<td width=\"14.6400%\">750\uff5e1600<\/td>\n<\/tr>\n<tr>\n<td colspan=\"2\" width=\"32.5400%\">Bobine d&#039;acier de coupe longitudinale<\/td>\n<td width=\"14.6200%\">0,20\uff5e3,0<\/td>\n<td width=\"14.6400%\">120\uff5e700<\/td>\n<\/tr>\n<tr>\n<td rowspan=\"5\" width=\"13.1000%\">N \u00b0 3<br \/>\nNum\u00e9ro 4<br \/>\nHL<br \/>\nBA<\/td>\n<td rowspan=\"2\" width=\"14.4200%\">Plaque d&#039;acier<\/td>\n<td width=\"17.7600%\">Coupe des bords<\/td>\n<td rowspan=\"2\" width=\"14.6200%\">0,20\uff5e3,0<\/td>\n<td width=\"14.6400%\">730\uff5e1350<\/td>\n<td rowspan=\"2\" width=\"22.9000%\">1000~9000 (Plaque)<\/td>\n<\/tr>\n<tr>\n<td width=\"17.7600%\">Non d\u00e9coup\u00e9<\/td>\n<td width=\"14.6400%\">750\uff5e1350<\/td>\n<\/tr>\n<tr>\n<td rowspan=\"2\" width=\"14.4200%\">Bobine d&#039;acier<\/td>\n<td width=\"17.7600%\">Coupe des bords<\/td>\n<td rowspan=\"2\" width=\"14.6200%\">0,20\uff5e3,0<\/td>\n<td width=\"14.6400%\">730\uff5e1570<\/td>\n<td rowspan=\"3\" width=\"22.9000%\">508\/610 (bobine)<\/td>\n<\/tr>\n<tr>\n<td width=\"17.7600%\">Non d\u00e9coup\u00e9<\/td>\n<td width=\"14.6400%\">750\uff5e1600<\/td>\n<\/tr>\n<tr>\n<td colspan=\"2\" width=\"32.5400%\">Bande d&#039;acier de coupe longitudinale<\/td>\n<td width=\"14.6200%\">0,20\uff5e3,0<\/td>\n<td width=\"14.6400%\">120\uff5e700<\/td>\n<\/tr>\n<\/tbody>\n<\/table>\n<\/div><\/section><\/p><\/div>","protected":false},"excerpt":{"rendered":"","protected":false},"author":1,"featured_media":0,"parent":346,"menu_order":0,"comment_status":"closed","ping_status":"closed","template":"","meta":{"footnotes":""},"class_list":["post-558","page","type-page","status-publish","hentry"],"aioseo_notices":[],"_links":{"self":[{"href":"https:\/\/wldstainless.com\/fr\/wp-json\/wp\/v2\/pages\/558","targetHints":{"allow":["GET"]}}],"collection":[{"href":"https:\/\/wldstainless.com\/fr\/wp-json\/wp\/v2\/pages"}],"about":[{"href":"https:\/\/wldstainless.com\/fr\/wp-json\/wp\/v2\/types\/page"}],"author":[{"embeddable":true,"href":"https:\/\/wldstainless.com\/fr\/wp-json\/wp\/v2\/users\/1"}],"replies":[{"embeddable":true,"href":"https:\/\/wldstainless.com\/fr\/wp-json\/wp\/v2\/comments?post=558"}],"version-history":[{"count":16,"href":"https:\/\/wldstainless.com\/fr\/wp-json\/wp\/v2\/pages\/558\/revisions"}],"predecessor-version":[{"id":2054,"href":"https:\/\/wldstainless.com\/fr\/wp-json\/wp\/v2\/pages\/558\/revisions\/2054"}],"up":[{"embeddable":true,"href":"https:\/\/wldstainless.com\/fr\/wp-json\/wp\/v2\/pages\/346"}],"wp:attachment":[{"href":"https:\/\/wldstainless.com\/fr\/wp-json\/wp\/v2\/media?parent=558"}],"curies":[{"name":"wp","href":"https:\/\/api.w.org\/{rel}","templated":true}]}}