{"id":2082,"date":"2021-02-24T14:19:37","date_gmt":"2021-02-24T14:19:37","guid":{"rendered":"https:\/\/wldstainless.com\/?page_id=2082"},"modified":"2021-02-25T05:29:29","modified_gmt":"2021-02-25T05:29:29","slug":"stainless-steel-pipe-tees","status":"publish","type":"page","link":"https:\/\/wldstainless.com\/fr\/products\/stainless-steel-pipe-tees\/","title":{"rendered":"T\u00e9s de tuyaux en acier inoxydable"},"content":{"rendered":"<div class=\"flex_column av_one_fourth  flex_column_div av-zero-column-padding first\" style='border-radius:0px; '><p><div class='avia-builder-widget-area clearfix'><div id=\"nav_menu-7\" class=\"widget clearfix widget_nav_menu\"><h3 class=\"widgettitle\">Des produits<\/h3><div class=\"menu-accessories-container\"><ul id=\"menu-accessories\" class=\"menu\"><li id=\"menu-item-1924\" class=\"menu-item menu-item-type-post_type menu-item-object-page menu-item-1924\"><a href=\"https:\/\/wldstainless.com\/fr\/products\/stainless-steel-angle\/\">Corni\u00e8re en acier inoxydable<\/a><\/li>\n<li id=\"menu-item-1925\" class=\"menu-item menu-item-type-post_type menu-item-object-page menu-item-1925\"><a href=\"https:\/\/wldstainless.com\/fr\/products\/stainless-steel-beam\/\">Poutre en acier inoxydable<\/a><\/li>\n<li id=\"menu-item-1926\" class=\"menu-item menu-item-type-post_type menu-item-object-page menu-item-1926\"><a href=\"https:\/\/wldstainless.com\/fr\/products\/stainless-steel-capillary-tubes\/\">Tubes capillaires en acier inoxydable<\/a><\/li>\n<li id=\"menu-item-1927\" class=\"menu-item menu-item-type-post_type menu-item-object-page menu-item-1927\"><a href=\"https:\/\/wldstainless.com\/fr\/products\/stainless-steel-channel\/\">Canal en acier inoxydable<\/a><\/li>\n<li id=\"menu-item-1928\" class=\"menu-item menu-item-type-post_type menu-item-object-page menu-item-1928\"><a href=\"https:\/\/wldstainless.com\/fr\/products\/stainless-steel-coiled-tube\/\">Tube enroul\u00e9 en acier inoxydable<\/a><\/li>\n<li id=\"menu-item-1929\" class=\"menu-item menu-item-type-post_type menu-item-object-page menu-item-1929\"><a href=\"https:\/\/wldstainless.com\/fr\/products\/stainless-steel-cold-rolled-plate-sheet-coil\/\">Plaque\/feuille\/bobine lamin\u00e9es \u00e0 froid en acier inoxydable<\/a><\/li>\n<li id=\"menu-item-1930\" class=\"menu-item menu-item-type-post_type menu-item-object-page menu-item-1930\"><a href=\"https:\/\/wldstainless.com\/fr\/products\/stainless-steel-flats\/\">Appartements en acier inoxydable<\/a><\/li>\n<li id=\"menu-item-1931\" class=\"menu-item menu-item-type-post_type menu-item-object-page menu-item-1931\"><a href=\"https:\/\/wldstainless.com\/fr\/products\/stainless-steel-hexagon-bars\/\">Barres hexagonales en acier inoxydable<\/a><\/li>\n<li id=\"menu-item-1932\" class=\"menu-item menu-item-type-post_type menu-item-object-page menu-item-1932\"><a href=\"https:\/\/wldstainless.com\/fr\/products\/stainless-steel-hot-rolled-plate-sheet-coil\/\">Plaque\/feuille\/bobine lamin\u00e9es \u00e0 chaud en acier inoxydable<\/a><\/li>\n<li id=\"menu-item-1933\" class=\"menu-item menu-item-type-post_type menu-item-object-page menu-item-1933\"><a href=\"https:\/\/wldstainless.com\/fr\/products\/stainless-steel-large-diameter-pipe\/\">Tuyau de grand diam\u00e8tre en acier inoxydable<\/a><\/li>\n<li id=\"menu-item-1934\" class=\"menu-item menu-item-type-post_type menu-item-object-page menu-item-1934\"><a href=\"https:\/\/wldstainless.com\/fr\/products\/stainless-steel-round-bars\/\">Barres rondes en acier inoxydable<\/a><\/li>\n<li id=\"menu-item-1935\" class=\"menu-item menu-item-type-post_type menu-item-object-page menu-item-1935\"><a href=\"https:\/\/wldstainless.com\/fr\/products\/stainless-steel-square-tube\/\">Tube carr\u00e9 en acier inoxydable<\/a><\/li>\n<li id=\"menu-item-1936\" class=\"menu-item menu-item-type-post_type menu-item-object-page menu-item-1936\"><a href=\"https:\/\/wldstainless.com\/fr\/products\/stainless-steel-u-bend-tube\/\">Tube coud\u00e9 en U en acier inoxydable<\/a><\/li>\n<\/ul><\/div><\/div><\/div><br \/>\n<div  class='hr hr-default'><span class='hr-inner' ><span class='hr-inner-style'><\/span><\/span><\/div><br \/>\n<div class='avia-button-wrap avia-button-left'><a href='http:\/\/wldstainless.com\/contact\/#contact' class='avia-button   avia-icon_select-yes-left-icon avia-color-custom avia-size-large avia-position-left'  target=\"_blank\"  style='background-color:#e82221; border-color:#e82221; color:#ffffff; ' ><span class='avia_button_icon avia_button_icon_left' aria-hidden='true' data-av_icon='\ue84b' data-av_iconfont='entypo-fontello'><\/span><span class='avia_iconbox_title' >Demander un devis<\/span><\/a><\/div><\/p><\/div>\n<div class=\"flex_column av_three_fourth  flex_column_div\" style='padding:0px 0px 50px 0px ; border-radius:0px; '><p><div style='padding-bottom:10px;color:#d3311f;' class='av-special-heading av-special-heading-h3 custom-color-heading'><h3 class='av-special-heading-tag'  itemprop=\"headline\"  >T\u00e9s en acier inoxydable<\/h3><div class='special-heading-border'><div class='special-heading-inner-border' style='border-color:#d3311f'><\/div><\/div><\/div><br \/>\n<div  class='hr hr-default'><span class='hr-inner' ><span class='hr-inner-style'><\/span><\/span><\/div><br \/>\n<section class=\"av_textblock_section\"  itemscope=\"itemscope\" itemtype=\"https:\/\/schema.org\/CreativeWork\" ><div class='avia_textblock'   itemprop=\"text\" ><p>Le t\u00e9 est une sorte de raccord de tuyauterie couramment utilis\u00e9 pour le raccordement de tuyaux, comprenant principalement un t\u00e9 de diam\u00e8tre \u00e9gal et un t\u00e9 r\u00e9ducteur. Selon le joint bout \u00e0 bout, il peut \u00eatre divis\u00e9 en t\u00e9 de soudage bout \u00e0 bout, t\u00e9 \u00e0 douille, t\u00e9 \u00e0 manchon et t\u00e9 filet\u00e9. Le t\u00e9 en acier inoxydable peut \u00eatre sans soudure ou soud\u00e9 et les t\u00e9s en acier inoxydable sans soudure sont fabriqu\u00e9s par renflement hydraulique et pressage \u00e0 chaud. WLD Steel est l&#039;un des principaux fabricants, fournisseurs et inventaires de t\u00e9s en acier inoxydable disponibles dans un certain nombre de qualit\u00e9s et de tailles diff\u00e9rentes.<\/p>\n<h3>Sp\u00e9cifications des raccords de tuyauterie<\/h3>\n<p>Type\u00a0: Sans soudure\/soud\u00e9\/fabriqu\u00e9<\/p>\n<p>Sp\u00e9cification\u00a0:\u00a0ASTM A403<\/p>\n<p>Dimensions : ANSI\/ASME B16.9, B16.28, MSS-SP-43.<\/p>\n<p>\u00c9paisseur : Programme 5S, 10S, 20S, S10, S20, S30, STD, 40S, S40, S60, XS, S100, S120, S140, S160, XXS et etc.<\/p>\n<p>Taille\u00a0: Sans couture (1\/2\u2033\uff5e24\u2033), ERW \/ Coude soud\u00e9\/fabriqu\u00e9 (1\/2\u2033\uff5e48\u2033)<\/p>\n<p>Forme\u00a0: T\u00e9 de tuyau, T\u00e9 \u00e9gal, T\u00e9 in\u00e9gal, T\u00e9 crois\u00e9, T\u00e9 droit, T\u00e9 r\u00e9ducteur, T\u00e9 sans soudure, T\u00e9 soud\u00e9<\/p>\n<\/div><\/section><br \/>\n<div class='avia-gallery  avia-gallery-1 avia_lazyload avia_animate_when_visible'  itemprop=\"ImageObject\" itemscope=\"itemscope\" itemtype=\"https:\/\/schema.org\/ImageObject\" ><div class='avia-gallery-thumb'> <a href='https:\/\/wldstainless.com\/wp-content\/uploads\/2021\/02\/ASTM-A403-Ppipe-fitting-tees.jpg' data-rel='gallery-1' data-prev-img='https:\/\/wldstainless.com\/wp-content\/uploads\/2021\/02\/ASTM-A403-Ppipe-fitting-tees.jpg' class='first_thumb lightbox' data-onclick='1' title=''  itemprop=\"thumbnailUrl\" ><img  src='https:\/\/wldstainless.com\/wp-content\/uploads\/2021\/02\/ASTM-A403-Ppipe-fitting-tees.jpg' width='300' height='300'  title='T\u00e9s de raccord ASTM A403 Ppipe' alt='' \/><\/a> <a href='https:\/\/wldstainless.com\/wp-content\/uploads\/2021\/02\/304-Cross-Tees.jpg' data-rel='gallery-1' data-prev-img='https:\/\/wldstainless.com\/wp-content\/uploads\/2021\/02\/304-Cross-Tees.jpg' class='lightbox' data-onclick='2' title=''  itemprop=\"thumbnailUrl\" ><img  src='https:\/\/wldstainless.com\/wp-content\/uploads\/2021\/02\/304-Cross-Tees.jpg' width='300' height='300'  title='304 T\u00e9s crois\u00e9s' alt='' \/><\/a> <a href='https:\/\/wldstainless.com\/wp-content\/uploads\/2021\/02\/304-Tees.jpg' data-rel='gallery-1' data-prev-img='https:\/\/wldstainless.com\/wp-content\/uploads\/2021\/02\/304-Tees.jpg' class='lightbox' data-onclick='3' title=''  itemprop=\"thumbnailUrl\" ><img  src='https:\/\/wldstainless.com\/wp-content\/uploads\/2021\/02\/304-Tees.jpg' width='300' height='300'  title='304 T-shirts' alt='' \/><\/a><\/div><\/div><br \/>\n<div  class='hr hr-default'><span class='hr-inner' ><span class='hr-inner-style'><\/span><\/span><\/div><br \/>\n<section class=\"av_textblock_section\"  itemscope=\"itemscope\" itemtype=\"https:\/\/schema.org\/CreativeWork\" ><div class='avia_textblock'   itemprop=\"text\" ><h4>Qualit\u00e9s de t\u00e9 SS disponibles chez WID Steel<\/h4>\n<ul>\n<li>Acier inoxydable <a href=\"https:\/\/wldstainless.com\/materials\/austenitic-stainless-steel\/304-304l-stainless-steel\/\">304\/304L\/304H<\/a> Tee<\/li>\n<li>Acier inoxydable <a href=\"https:\/\/wldstainless.com\/materials\/austenitic-stainless-steel\/316-316l-stainless-steel\/\">316\/316L\/316Ti<\/a> Tee<\/li>\n<li>Acier inoxydable <a href=\"https:\/\/wldstainless.com\/materials\/austenitic-stainless-steel\/309s-stainless-steel\/\">309S<\/a> Tee<\/li>\n<li>Acier inoxydable <a href=\"https:\/\/wldstainless.com\/materials\/austenitic-stainless-steel\/310s-stainless-steel\/\">310\/310S<\/a> Tee<\/li>\n<li>T\u00e9 en acier inoxydable 317\/317L<\/li>\n<li>Acier inoxydable <a href=\"https:\/\/wldstainless.com\/materials\/austenitic-stainless-steel\/321-321h-stainless-steel\/\">321\/321H<\/a> Tee<\/li>\n<li>Acier inoxydable <a href=\"https:\/\/wldstainless.com\/materials\/austenitic-stainless-steel\/347-347h-stainless-steel\/\">347\/347H<\/a> Tee<\/li>\n<li>T\u00e9 duplex en acier 31803<\/li>\n<li>Acier duplex <a href=\"https:\/\/wldstainless.com\/materials\/duplex-stainless-steel\/alloy-2205-stainless-steel\/\">32550<\/a> Tee<\/li>\n<\/ul>\n<\/div><\/section><\/p><\/div>","protected":false},"excerpt":{"rendered":"","protected":false},"author":1,"featured_media":0,"parent":346,"menu_order":0,"comment_status":"closed","ping_status":"closed","template":"","meta":{"footnotes":""},"class_list":["post-2082","page","type-page","status-publish","hentry"],"aioseo_notices":[],"_links":{"self":[{"href":"https:\/\/wldstainless.com\/fr\/wp-json\/wp\/v2\/pages\/2082","targetHints":{"allow":["GET"]}}],"collection":[{"href":"https:\/\/wldstainless.com\/fr\/wp-json\/wp\/v2\/pages"}],"about":[{"href":"https:\/\/wldstainless.com\/fr\/wp-json\/wp\/v2\/types\/page"}],"author":[{"embeddable":true,"href":"https:\/\/wldstainless.com\/fr\/wp-json\/wp\/v2\/users\/1"}],"replies":[{"embeddable":true,"href":"https:\/\/wldstainless.com\/fr\/wp-json\/wp\/v2\/comments?post=2082"}],"version-history":[{"count":4,"href":"https:\/\/wldstainless.com\/fr\/wp-json\/wp\/v2\/pages\/2082\/revisions"}],"predecessor-version":[{"id":2090,"href":"https:\/\/wldstainless.com\/fr\/wp-json\/wp\/v2\/pages\/2082\/revisions\/2090"}],"up":[{"embeddable":true,"href":"https:\/\/wldstainless.com\/fr\/wp-json\/wp\/v2\/pages\/346"}],"wp:attachment":[{"href":"https:\/\/wldstainless.com\/fr\/wp-json\/wp\/v2\/media?parent=2082"}],"curies":[{"name":"wp","href":"https:\/\/api.w.org\/{rel}","templated":true}]}}