{"id":197,"date":"2019-05-16T14:56:59","date_gmt":"2019-05-16T14:56:59","guid":{"rendered":"http:\/\/wldstainless.com\/?page_id=197"},"modified":"2020-12-11T03:38:18","modified_gmt":"2020-12-11T03:38:18","slug":"steel-services","status":"publish","type":"page","link":"https:\/\/wldstainless.com\/fr\/about\/steel-services\/","title":{"rendered":"PRESTATIONS DE SERVICE"},"content":{"rendered":"<\/div><\/div><\/div><!-- close content main div --><\/div><\/div><div id='aboutpage' class='avia-section main_color avia-section-small avia-no-shadow avia-bg-style-scroll   container_wrap sidebar_left'   ><div class='container' ><div class='template-page content  av-content-small units'><div class='post-entry post-entry-type-page post-entry-197'><div class='entry-content-wrapper clearfix'>\n<div class=\"flex_column av_one_full  flex_column_div av-zero-column-padding first\" style='border-radius:0px; '><section class=\"av_textblock_section\"  itemscope=\"itemscope\" itemtype=\"https:\/\/schema.org\/CreativeWork\" ><div class='avia_textblock'   itemprop=\"text\" ><p>Avec des \u00e9quipements de pointe et un plan de production strict, WLD Steel fabrique des produits sp\u00e9ciaux sur mesure selon les besoins et les dessins sp\u00e9cifiques du client, en plus de nos produits standard. Nous fournissons \u00e9galement \u00e0 nos clients une vari\u00e9t\u00e9 de services de traitement \u00e0 guichet unique de l&#039;acier inoxydable, tels que le soudage, le per\u00e7age, le pliage, le polissage et l&#039;usinage au tour.<\/p>\n<\/div><\/section><\/div><div class=\"flex_column av_one_fourth  flex_column_div av-zero-column-padding first\" style='border-radius:0px; '><div class='avia-image-container  av-styling-circle    avia-align-center'  itemprop=\"ImageObject\" itemscope=\"itemscope\" itemtype=\"https:\/\/schema.org\/ImageObject\"  ><div class='avia-image-container-inner'><img class='avia_image' src='https:\/\/wldstainless.com\/wp-content\/uploads\/2020\/08\/Water-jet-cutting.jpg' alt='' title='D\u00e9coupe au jet d&#039;eau'   itemprop=\"thumbnailUrl\"  \/><\/div><\/div><\/div><div class=\"flex_column av_three_fourth  flex_column_div\" style='padding:50px 0px 50px 0px ; border-radius:0px; '><section class=\"av_textblock_section\"  itemscope=\"itemscope\" itemtype=\"https:\/\/schema.org\/CreativeWork\" ><div class='avia_textblock'   itemprop=\"text\" ><h3 align=\"justify\"><\/h3>\n<h3>Service de d\u00e9coupe de pr\u00e9cision<\/h3>\n<p>D\u00e9coupe au laser<\/p>\n<p>La d\u00e9coupe au laser peut \u00eatre utilis\u00e9e pour d\u00e9couper des formes complexes ou, lorsque des dimensions de haute pr\u00e9cision sont n\u00e9cessaires, elle peut \u00eatre d\u00e9coup\u00e9e des deux c\u00f4t\u00e9s de la pi\u00e8ce en acier inoxydable en m\u00eame temps avec une grande efficacit\u00e9. Chez WLD Steel, nous sommes fiers de notre capacit\u00e9 \u00e0 usiner <a href=\"https:\/\/wldstainless.com\/products\/stainless-steel-coiled-tube\/\">tube en acier inoxydable<\/a> ou tige d&#039;un diam\u00e8tre maximum de 508 mm, d&#039;une longueur de 15,5 m et d&#039;une plaque en acier inoxydable d&#039;une largeur maximale de 4,5 m et d&#039;une \u00e9paisseur de 16 mm.<\/p>\n<p>D\u00e9coupe Plasma<\/p>\n<p>Le coupage au plasma est un processus de coupage par fusion qui UTILISE la chaleur du plasma chaud pour faire fondre le m\u00e9tal et souffler le m\u00e9tal en fusion loin de la coupe. Cette m\u00e9thode est efficace pour d\u00e9couper des plaques d\u2019acier inoxydable d\u2019une \u00e9paisseur inf\u00e9rieure \u00e0 30 mm. Il pr\u00e9sente l\u2019avantage d\u2019une faible d\u00e9formation car la d\u00e9coupe est r\u00e9alis\u00e9e dans une zone \u00e9troite \u00e0 haute temp\u00e9rature.<\/p>\n<p>Coupe \u00e0 la scie<\/p>\n<p>WLD Steel est en mesure de traiter les commandes selon les exigences exactes du client. Nos tubes et profil\u00e9s en acier inoxydable peuvent \u00eatre d\u00e9coup\u00e9s \u00e0 la scie avec une ligne droite ou selon l&#039;angle requis, en fonction des sp\u00e9cifications sp\u00e9cifi\u00e9es. Le proc\u00e9d\u00e9 est particuli\u00e8rement destin\u00e9 aux secteurs de la construction et de l&#039;ing\u00e9nierie.<\/p>\n<p>Coupage \u00e0 la flamme<\/p>\n<p>WLD Steel accepte la d\u00e9coupe \u00e0 la flamme et au jet d&#039;eau \u00e0 haute pression. L&#039;oxycoupage est un processus dans lequel un m\u00e9lange d&#039;oxyg\u00e8ne et de gaz est utilis\u00e9 pour faire fondre l&#039;acier et le m\u00e9tal en fusion est br\u00fbl\u00e9 par un pistolet pulv\u00e9risateur \u00e0 oxyg\u00e8ne, adapt\u00e9 \u00e0 la d\u00e9coupe de t\u00f4les \u00e9paisses en acier inoxydable.<\/p>\n<p>D\u00e9coupe au jet d&#039;eau Hp<\/p>\n<p>La d\u00e9coupe au jet d&#039;eau est un processus qui utilise un jet d&#039;eau \u00e0 haute pression pour transporter un grain abrasif. qui se caract\u00e9rise par sa pr\u00e9cision, son \u00e9conomie, son respect de l&#039;environnement et sans traitement ult\u00e9rieur et ne provoque pas de d\u00e9formation thermique de la zone de coupe.<\/p>\n<\/div><\/section><br \/>\n<div style='height:50px' class='hr hr-invisible'><span class='hr-inner' ><span class='hr-inner-style'><\/span><\/span><\/div><\/p><\/div><\/div><\/div><\/div><!-- close content main div --><\/div><\/div><div id='after_section_1' class='main_color av_default_container_wrap container_wrap sidebar_left'   ><div class='container' ><div class='template-page content  av-content-small units'><div class='post-entry post-entry-type-page post-entry-197'><div class='entry-content-wrapper clearfix'><div class=\"flex_column av_one_fourth  flex_column_div av-zero-column-padding first\" style='border-radius:0px; '><div class='avia-image-container  av-styling-circle    avia-align-center'  itemprop=\"ImageObject\" itemscope=\"itemscope\" itemtype=\"https:\/\/schema.org\/ImageObject\"  ><div class='avia-image-container-inner'><img class='avia_image' src='https:\/\/wldstainless.com\/wp-content\/uploads\/2020\/08\/Sandblasting.jpg' alt='' title='Sablage'   itemprop=\"thumbnailUrl\"  \/><\/div><\/div><\/div><\/p>\n<div class=\"flex_column av_three_fourth  flex_column_div av-zero-column-padding\" style='border-radius:0px; '><section class=\"av_textblock_section\"  itemscope=\"itemscope\" itemtype=\"https:\/\/schema.org\/CreativeWork\" ><div class='avia_textblock'   itemprop=\"text\" ><h3>Service de traitement de surface<\/h3>\n<p>WLD Steel a toujours trait\u00e9 sur mesure une s\u00e9rie de traitements de surface sur des t\u00f4les et des plaques d&#039;acier inoxydable, y compris 2B Mill, BA (Bright Recuit), #4 bross\u00e9 \/ No 4 Satin Finishes, finition d\u00e9li\u00e9, finition miroir, d\u00e9li\u00e9 crois\u00e9, rev\u00eatement color\u00e9 \/ PVD. Finitions, rev\u00eatement anti-traces de doigts<\/p>\n<\/div><\/section><br \/>\n<div style='height:50px' class='hr hr-invisible'><span class='hr-inner' ><span class='hr-inner-style'><\/span><\/span><\/div><\/p><\/div><div class=\"flex_column av_one_fourth  flex_column_div av-zero-column-padding first\" style='border-radius:0px; '><div class='avia-image-container  av-styling-circle    avia-align-center'  itemprop=\"ImageObject\" itemscope=\"itemscope\" itemtype=\"https:\/\/schema.org\/ImageObject\"  ><div class='avia-image-container-inner'><img class='avia_image' src='https:\/\/wldstainless.com\/wp-content\/uploads\/2020\/08\/Bending-2.jpg' alt='' title='Pliant'   itemprop=\"thumbnailUrl\"  \/><\/div><\/div><\/div><\/p>\n<div class=\"flex_column av_three_fourth  flex_column_div av-zero-column-padding\" style='border-radius:0px; '><section class=\"av_textblock_section\"  itemscope=\"itemscope\" itemtype=\"https:\/\/schema.org\/CreativeWork\" ><div class='avia_textblock'   itemprop=\"text\" ><h3>Service de pliage CNC<\/h3>\n<p>Le cintrage concerne principalement les t\u00f4les et profil\u00e9s en acier inoxydable. Notre cintreuse CNC nous permet de maintenir un contr\u00f4le qualit\u00e9 strict sur nos processus de fabrication, vous offrant des angles de pliage et une qualit\u00e9 de surface parfaite. Nous proposons \u00e9galement des services d&#039;essais de pliage selon des sp\u00e9cifications sans compromis telles que ANSI, ASTM et ASME.<\/p>\n<\/div><\/section><\/div>","protected":false},"excerpt":{"rendered":"","protected":false},"author":1,"featured_media":0,"parent":76,"menu_order":0,"comment_status":"closed","ping_status":"closed","template":"","meta":{"footnotes":""},"class_list":["post-197","page","type-page","status-publish","hentry"],"aioseo_notices":[],"_links":{"self":[{"href":"https:\/\/wldstainless.com\/fr\/wp-json\/wp\/v2\/pages\/197","targetHints":{"allow":["GET"]}}],"collection":[{"href":"https:\/\/wldstainless.com\/fr\/wp-json\/wp\/v2\/pages"}],"about":[{"href":"https:\/\/wldstainless.com\/fr\/wp-json\/wp\/v2\/types\/page"}],"author":[{"embeddable":true,"href":"https:\/\/wldstainless.com\/fr\/wp-json\/wp\/v2\/users\/1"}],"replies":[{"embeddable":true,"href":"https:\/\/wldstainless.com\/fr\/wp-json\/wp\/v2\/comments?post=197"}],"version-history":[{"count":19,"href":"https:\/\/wldstainless.com\/fr\/wp-json\/wp\/v2\/pages\/197\/revisions"}],"predecessor-version":[{"id":2048,"href":"https:\/\/wldstainless.com\/fr\/wp-json\/wp\/v2\/pages\/197\/revisions\/2048"}],"up":[{"embeddable":true,"href":"https:\/\/wldstainless.com\/fr\/wp-json\/wp\/v2\/pages\/76"}],"wp:attachment":[{"href":"https:\/\/wldstainless.com\/fr\/wp-json\/wp\/v2\/media?parent=197"}],"curies":[{"name":"wp","href":"https:\/\/api.w.org\/{rel}","templated":true}]}}