{"id":1682,"date":"2020-09-09T02:12:40","date_gmt":"2020-09-09T02:12:40","guid":{"rendered":"http:\/\/wldstainless.com\/?page_id=1682"},"modified":"2020-12-11T05:50:03","modified_gmt":"2020-12-11T05:50:03","slug":"stainless-steel-hexagon-bars","status":"publish","type":"page","link":"https:\/\/wldstainless.com\/fr\/products\/stainless-steel-hexagon-bars\/","title":{"rendered":"Barres hexagonales en acier inoxydable"},"content":{"rendered":"<div class=\"flex_column av_one_fourth  flex_column_div av-zero-column-padding first\" style='border-radius:0px; '><p><div class='avia-builder-widget-area clearfix'><div id=\"nav_menu-7\" class=\"widget clearfix widget_nav_menu\"><h3 class=\"widgettitle\">Des produits<\/h3><div class=\"menu-accessories-container\"><ul id=\"menu-accessories\" class=\"menu\"><li id=\"menu-item-1924\" class=\"menu-item menu-item-type-post_type menu-item-object-page menu-item-1924\"><a href=\"https:\/\/wldstainless.com\/fr\/products\/stainless-steel-angle\/\">Corni\u00e8re en acier inoxydable<\/a><\/li>\n<li id=\"menu-item-1925\" class=\"menu-item menu-item-type-post_type menu-item-object-page menu-item-1925\"><a href=\"https:\/\/wldstainless.com\/fr\/products\/stainless-steel-beam\/\">Poutre en acier inoxydable<\/a><\/li>\n<li id=\"menu-item-1926\" class=\"menu-item menu-item-type-post_type menu-item-object-page menu-item-1926\"><a href=\"https:\/\/wldstainless.com\/fr\/products\/stainless-steel-capillary-tubes\/\">Tubes capillaires en acier inoxydable<\/a><\/li>\n<li id=\"menu-item-1927\" class=\"menu-item menu-item-type-post_type menu-item-object-page menu-item-1927\"><a href=\"https:\/\/wldstainless.com\/fr\/products\/stainless-steel-channel\/\">Canal en acier inoxydable<\/a><\/li>\n<li id=\"menu-item-1928\" class=\"menu-item menu-item-type-post_type menu-item-object-page menu-item-1928\"><a href=\"https:\/\/wldstainless.com\/fr\/products\/stainless-steel-coiled-tube\/\">Tube enroul\u00e9 en acier inoxydable<\/a><\/li>\n<li id=\"menu-item-1929\" class=\"menu-item menu-item-type-post_type menu-item-object-page menu-item-1929\"><a href=\"https:\/\/wldstainless.com\/fr\/products\/stainless-steel-cold-rolled-plate-sheet-coil\/\">Plaque\/feuille\/bobine lamin\u00e9es \u00e0 froid en acier inoxydable<\/a><\/li>\n<li id=\"menu-item-1930\" class=\"menu-item menu-item-type-post_type menu-item-object-page menu-item-1930\"><a href=\"https:\/\/wldstainless.com\/fr\/products\/stainless-steel-flats\/\">Appartements en acier inoxydable<\/a><\/li>\n<li id=\"menu-item-1931\" class=\"menu-item menu-item-type-post_type menu-item-object-page menu-item-1931\"><a href=\"https:\/\/wldstainless.com\/fr\/products\/stainless-steel-hexagon-bars\/\">Barres hexagonales en acier inoxydable<\/a><\/li>\n<li id=\"menu-item-1932\" class=\"menu-item menu-item-type-post_type menu-item-object-page menu-item-1932\"><a href=\"https:\/\/wldstainless.com\/fr\/products\/stainless-steel-hot-rolled-plate-sheet-coil\/\">Plaque\/feuille\/bobine lamin\u00e9es \u00e0 chaud en acier inoxydable<\/a><\/li>\n<li id=\"menu-item-1933\" class=\"menu-item menu-item-type-post_type menu-item-object-page menu-item-1933\"><a href=\"https:\/\/wldstainless.com\/fr\/products\/stainless-steel-large-diameter-pipe\/\">Tuyau de grand diam\u00e8tre en acier inoxydable<\/a><\/li>\n<li id=\"menu-item-1934\" class=\"menu-item menu-item-type-post_type menu-item-object-page menu-item-1934\"><a href=\"https:\/\/wldstainless.com\/fr\/products\/stainless-steel-round-bars\/\">Barres rondes en acier inoxydable<\/a><\/li>\n<li id=\"menu-item-1935\" class=\"menu-item menu-item-type-post_type menu-item-object-page menu-item-1935\"><a href=\"https:\/\/wldstainless.com\/fr\/products\/stainless-steel-square-tube\/\">Tube carr\u00e9 en acier inoxydable<\/a><\/li>\n<li id=\"menu-item-1936\" class=\"menu-item menu-item-type-post_type menu-item-object-page menu-item-1936\"><a href=\"https:\/\/wldstainless.com\/fr\/products\/stainless-steel-u-bend-tube\/\">Tube coud\u00e9 en U en acier inoxydable<\/a><\/li>\n<\/ul><\/div><\/div><\/div><br \/>\n<div  class='hr hr-default'><span class='hr-inner' ><span class='hr-inner-style'><\/span><\/span><\/div><br \/>\n<div class='avia-button-wrap avia-button-left'><a href='http:\/\/wldstainless.com\/contact\/#contact' class='avia-button   avia-icon_select-yes-left-icon avia-color-custom avia-size-large avia-position-left'  target=\"_blank\"  style='background-color:#e82221; border-color:#e82221; color:#ffffff; ' ><span class='avia_button_icon avia_button_icon_left' aria-hidden='true' data-av_icon='\ue84b' data-av_iconfont='entypo-fontello'><\/span><span class='avia_iconbox_title' >Demander un devis<\/span><\/a><\/div><\/p><\/div>\n<div class=\"flex_column av_three_fourth  flex_column_div\" style='padding:0px 0px 50px 0px ; border-radius:0px; '><p><div style='padding-bottom:10px;color:#d3311f;' class='av-special-heading av-special-heading-h3 custom-color-heading'><h3 class='av-special-heading-tag'  itemprop=\"headline\"  >Barres hexagonales en acier inoxydable<\/h3><div class='special-heading-border'><div class='special-heading-inner-border' style='border-color:#d3311f'><\/div><\/div><\/div><br \/>\n<div class='avia-gallery  avia-gallery-1 avia_lazyload avia_animate_when_visible'  itemprop=\"ImageObject\" itemscope=\"itemscope\" itemtype=\"https:\/\/schema.org\/ImageObject\" ><div class='avia-gallery-thumb'> <a href='https:\/\/wldstainless.com\/wp-content\/uploads\/2020\/09\/304-Hex-bar-1.jpg' data-rel='gallery-1' data-prev-img='https:\/\/wldstainless.com\/wp-content\/uploads\/2020\/09\/304-Hex-bar-1.jpg' class='first_thumb lightbox' data-onclick='1' title=''  itemprop=\"thumbnailUrl\" ><img  src='https:\/\/wldstainless.com\/wp-content\/uploads\/2020\/09\/304-Hex-bar-1.jpg' width='300' height='300'  title='304 Barre hexagonale' alt='' \/><\/a> <a href='https:\/\/wldstainless.com\/wp-content\/uploads\/2020\/09\/SS-Hex-bar-1.jpg' data-rel='gallery-1' data-prev-img='https:\/\/wldstainless.com\/wp-content\/uploads\/2020\/09\/SS-Hex-bar-1.jpg' class='lightbox' data-onclick='2' title=''  itemprop=\"thumbnailUrl\" ><img  src='https:\/\/wldstainless.com\/wp-content\/uploads\/2020\/09\/SS-Hex-bar-1.jpg' width='300' height='300'  title='Barre hexagonale SS' alt='' \/><\/a> <a href='https:\/\/wldstainless.com\/wp-content\/uploads\/2020\/09\/SS-rod.jpg' data-rel='gallery-1' data-prev-img='https:\/\/wldstainless.com\/wp-content\/uploads\/2020\/09\/SS-rod.jpg' class='lightbox' data-onclick='3' title=''  itemprop=\"thumbnailUrl\" ><img  src='https:\/\/wldstainless.com\/wp-content\/uploads\/2020\/09\/SS-rod.jpg' width='300' height='300'  title='tige en acier inoxydable' alt='' \/><\/a><\/div><\/div><br \/>\n<div  class='hr hr-default'><span class='hr-inner' ><span class='hr-inner-style'><\/span><\/span><\/div><br \/>\n<section class=\"av_textblock_section\"  itemscope=\"itemscope\" itemtype=\"https:\/\/schema.org\/CreativeWork\" ><div class='avia_textblock'   itemprop=\"text\" ><p>Une barre ou une tige en acier inoxydable est fabriqu\u00e9e par un proc\u00e9d\u00e9 d&#039;\u00e9tirage \u00e0 froid ou de laminage \u00e0 chaud. Selon la structure et la composition chimique de l&#039;acier, la barre d&#039;acier inoxydable peut \u00eatre divis\u00e9e en barre d&#039;acier inoxydable martensitique, barre d&#039;acier inoxydable ferritique, barre d&#039;acier inoxydable aust\u00e9nitique, barre d&#039;acier inoxydable duplex et barre d&#039;acier inoxydable \u00e0 durcissement pr\u00e9cipit\u00e9 ou barre d&#039;acier inoxydable au chrome et nickel. -barre en acier inoxydable. Selon sa forme et ses formes, la barre en acier inoxydable peut \u00eatre une barre plate, une barre hexagonale, une barre carr\u00e9e, une barre ronde.<\/p>\n<p>La barre hexagonale en acier inoxydable offre diverses applications et peut \u00eatre utilis\u00e9e pour les pi\u00e8ces m\u00e9caniques n\u00e9cessitant une bonne r\u00e9sistance \u00e0 la corrosion et une excellente r\u00e9sistance telles que les pi\u00e8ces automobiles, les pi\u00e8ces d&#039;ascenseur, les \u00e9quipements de cuisine, les r\u00e9cipients sous pression et d&#039;autres domaines d&#039;usinage et de fabrication de composants tels que les boulons hexagonaux, vis hexagonales, vis de r\u00e9glage hexagonales. Chez WLD Steel, nous fournissons et fabriquons des barres hexagonales en acier inoxydable dans diff\u00e9rentes dimensions et qualit\u00e9s, dans des conditions lamin\u00e9es, recuites et normalis\u00e9es. Nous proposons \u00e9galement des d\u00e9coupes sur mesure et des traitements thermiques via notre centre de service.<\/p>\n<\/div><\/section><br \/>\n<div  class='hr hr-default'><span class='hr-inner' ><span class='hr-inner-style'><\/span><\/span><\/div><br \/>\n<section class=\"av_textblock_section\"  itemscope=\"itemscope\" itemtype=\"https:\/\/schema.org\/CreativeWork\" ><div class='avia_textblock'   itemprop=\"text\" ><h3>Sp\u00e9cifications des barres hexagonales industrielles en acier inoxydable<\/h3>\n<table>\n<tbody>\n<tr>\n<td width=\"323\">Formes:<\/td>\n<td width=\"529\">Barre hexagonale, tige hexagonale<\/td>\n<\/tr>\n<tr>\n<td width=\"323\">Mat\u00e9riel<\/td>\n<td width=\"529\">Acier inoxydable<\/p>\n<p>Acier inoxydable duplex<\/td>\n<\/tr>\n<tr>\n<td width=\"323\">Finition de surface<\/td>\n<td width=\"529\">Poli, brillant, broy\u00e9, sabl\u00e9, d\u00e9cap\u00e9, fini en usine<\/td>\n<\/tr>\n<tr>\n<td width=\"323\">sp\u00e9cification<\/td>\n<td width=\"529\">ASTMA276<\/p>\n<p>ASTMA484<\/p>\n<p>ASTMA564<\/p>\n<p>ASTMA581<\/p>\n<p>ASTMA582<\/td>\n<\/tr>\n<tr>\n<td width=\"323\">Taille<\/td>\n<td width=\"529\">Taille : 8 mm-100 mm, c\u00f4t\u00e9 : 8 x 8 mm-100 x 100 mm.<\/td>\n<\/tr>\n<tr>\n<td width=\"323\">Longueur<\/td>\n<td width=\"529\">5,8\u00a0M, 6\u00a0M ou selon des exigences particuli\u00e8res<\/td>\n<\/tr>\n<\/tbody>\n<\/table>\n<h4><\/h4>\n<h4>Qualit\u00e9s disponibles de barres hexagonales SS chez WID Steel<\/h4>\n<ul>\n<li>Acier inoxydable <a href=\"https:\/\/wldstainless.com\/materials\/austenitic-stainless-steel\/304-304l-stainless-steel\/\">304\/304L<\/a> Barre\/tige hexagonale<\/li>\n<li>Acier inoxydable <a href=\"https:\/\/wldstainless.com\/materials\/austenitic-stainless-steel\/310s-stainless-steel\/\">310\/310S<\/a> Barre hexagonale\/tige<\/li>\n<li>Acier inoxydable <a href=\"https:\/\/wldstainless.com\/materials\/austenitic-stainless-steel\/316-316l-stainless-steel\/\">316\/316L<\/a> Barre\/tige hexagonale<\/li>\n<li>Acier inoxydable <a href=\"https:\/\/wldstainless.com\/materials\/austenitic-stainless-steel\/321-321h-stainless-steel\/\">321<\/a> Barre\/tiges hexagonales<\/li>\n<li>Acier inoxydable <a href=\"https:\/\/wldstainless.com\/materials\/austenitic-stainless-steel\/347-347h-stainless-steel\/\">347H<\/a> Barre\/tige hexagonale<\/li>\n<li>Acier inoxydable <a href=\"https:\/\/wldstainless.com\/materials\/austenitic-stainless-steel\/904l-stainless-steel\/\">904L<\/a> Barre\/tige hexagonale<\/li>\n<li>Acier inoxydable <a href=\"https:\/\/wldstainless.com\/materials\/ferritic-stainless-steel\/409-409l-stainless-steel\/\">409\/409L<\/a> Barre\/tige hexagonale<\/li>\n<li>Acier inoxydable <a href=\"https:\/\/wldstainless.com\/materials\/ferritic-stainless-steel\/410-410s-stainless-steel\/\">410\/410S<\/a> Barre\/tige hexagonale<\/li>\n<li>Acier inoxydable <a href=\"https:\/\/wldstainless.com\/materials\/ferritic-stainless-steel\/430-430f-stainless-steel\/\">430<\/a> Barre\/tige hexagonale<\/li>\n<li>Acier inoxydable duplex <a href=\"https:\/\/wldstainless.com\/materials\/duplex-stainless-steel\/alloy-2205-stainless-steel\/\">2205<\/a> Barre\/tige hexagonale<\/li>\n<\/ul>\n<\/div><\/section><\/p><\/div>","protected":false},"excerpt":{"rendered":"","protected":false},"author":1,"featured_media":0,"parent":346,"menu_order":0,"comment_status":"closed","ping_status":"closed","template":"","meta":{"footnotes":""},"class_list":["post-1682","page","type-page","status-publish","hentry"],"aioseo_notices":[],"_links":{"self":[{"href":"https:\/\/wldstainless.com\/fr\/wp-json\/wp\/v2\/pages\/1682","targetHints":{"allow":["GET"]}}],"collection":[{"href":"https:\/\/wldstainless.com\/fr\/wp-json\/wp\/v2\/pages"}],"about":[{"href":"https:\/\/wldstainless.com\/fr\/wp-json\/wp\/v2\/types\/page"}],"author":[{"embeddable":true,"href":"https:\/\/wldstainless.com\/fr\/wp-json\/wp\/v2\/users\/1"}],"replies":[{"embeddable":true,"href":"https:\/\/wldstainless.com\/fr\/wp-json\/wp\/v2\/comments?post=1682"}],"version-history":[{"count":12,"href":"https:\/\/wldstainless.com\/fr\/wp-json\/wp\/v2\/pages\/1682\/revisions"}],"predecessor-version":[{"id":2056,"href":"https:\/\/wldstainless.com\/fr\/wp-json\/wp\/v2\/pages\/1682\/revisions\/2056"}],"up":[{"embeddable":true,"href":"https:\/\/wldstainless.com\/fr\/wp-json\/wp\/v2\/pages\/346"}],"wp:attachment":[{"href":"https:\/\/wldstainless.com\/fr\/wp-json\/wp\/v2\/media?parent=1682"}],"curies":[{"name":"wp","href":"https:\/\/api.w.org\/{rel}","templated":true}]}}