{"id":1680,"date":"2020-09-09T02:11:54","date_gmt":"2020-09-09T02:11:54","guid":{"rendered":"http:\/\/wldstainless.com\/?page_id=1680"},"modified":"2020-12-11T06:05:25","modified_gmt":"2020-12-11T06:05:25","slug":"stainless-steel-square-tube","status":"publish","type":"page","link":"https:\/\/wldstainless.com\/fr\/products\/stainless-steel-square-tube\/","title":{"rendered":"Tube carr\u00e9 en acier inoxydable"},"content":{"rendered":"<div class=\"flex_column av_one_fourth  flex_column_div av-zero-column-padding first\" style='border-radius:0px; '><p><div class='avia-builder-widget-area clearfix'><div id=\"nav_menu-7\" class=\"widget clearfix widget_nav_menu\"><h3 class=\"widgettitle\">Des produits<\/h3><div class=\"menu-accessories-container\"><ul id=\"menu-accessories\" class=\"menu\"><li id=\"menu-item-1924\" class=\"menu-item menu-item-type-post_type menu-item-object-page menu-item-1924\"><a href=\"https:\/\/wldstainless.com\/fr\/products\/stainless-steel-angle\/\">Corni\u00e8re en acier inoxydable<\/a><\/li>\n<li id=\"menu-item-1925\" class=\"menu-item menu-item-type-post_type menu-item-object-page menu-item-1925\"><a href=\"https:\/\/wldstainless.com\/fr\/products\/stainless-steel-beam\/\">Poutre en acier inoxydable<\/a><\/li>\n<li id=\"menu-item-1926\" class=\"menu-item menu-item-type-post_type menu-item-object-page menu-item-1926\"><a href=\"https:\/\/wldstainless.com\/fr\/products\/stainless-steel-capillary-tubes\/\">Tubes capillaires en acier inoxydable<\/a><\/li>\n<li id=\"menu-item-1927\" class=\"menu-item menu-item-type-post_type menu-item-object-page menu-item-1927\"><a href=\"https:\/\/wldstainless.com\/fr\/products\/stainless-steel-channel\/\">Canal en acier inoxydable<\/a><\/li>\n<li id=\"menu-item-1928\" class=\"menu-item menu-item-type-post_type menu-item-object-page menu-item-1928\"><a href=\"https:\/\/wldstainless.com\/fr\/products\/stainless-steel-coiled-tube\/\">Tube enroul\u00e9 en acier inoxydable<\/a><\/li>\n<li id=\"menu-item-1929\" class=\"menu-item menu-item-type-post_type menu-item-object-page menu-item-1929\"><a href=\"https:\/\/wldstainless.com\/fr\/products\/stainless-steel-cold-rolled-plate-sheet-coil\/\">Plaque\/feuille\/bobine lamin\u00e9es \u00e0 froid en acier inoxydable<\/a><\/li>\n<li id=\"menu-item-1930\" class=\"menu-item menu-item-type-post_type menu-item-object-page menu-item-1930\"><a href=\"https:\/\/wldstainless.com\/fr\/products\/stainless-steel-flats\/\">Appartements en acier inoxydable<\/a><\/li>\n<li id=\"menu-item-1931\" class=\"menu-item menu-item-type-post_type menu-item-object-page menu-item-1931\"><a href=\"https:\/\/wldstainless.com\/fr\/products\/stainless-steel-hexagon-bars\/\">Barres hexagonales en acier inoxydable<\/a><\/li>\n<li id=\"menu-item-1932\" class=\"menu-item menu-item-type-post_type menu-item-object-page menu-item-1932\"><a href=\"https:\/\/wldstainless.com\/fr\/products\/stainless-steel-hot-rolled-plate-sheet-coil\/\">Plaque\/feuille\/bobine lamin\u00e9es \u00e0 chaud en acier inoxydable<\/a><\/li>\n<li id=\"menu-item-1933\" class=\"menu-item menu-item-type-post_type menu-item-object-page menu-item-1933\"><a href=\"https:\/\/wldstainless.com\/fr\/products\/stainless-steel-large-diameter-pipe\/\">Tuyau de grand diam\u00e8tre en acier inoxydable<\/a><\/li>\n<li id=\"menu-item-1934\" class=\"menu-item menu-item-type-post_type menu-item-object-page menu-item-1934\"><a href=\"https:\/\/wldstainless.com\/fr\/products\/stainless-steel-round-bars\/\">Barres rondes en acier inoxydable<\/a><\/li>\n<li id=\"menu-item-1935\" class=\"menu-item menu-item-type-post_type menu-item-object-page menu-item-1935\"><a href=\"https:\/\/wldstainless.com\/fr\/products\/stainless-steel-square-tube\/\">Tube carr\u00e9 en acier inoxydable<\/a><\/li>\n<li id=\"menu-item-1936\" class=\"menu-item menu-item-type-post_type menu-item-object-page menu-item-1936\"><a href=\"https:\/\/wldstainless.com\/fr\/products\/stainless-steel-u-bend-tube\/\">Tube coud\u00e9 en U en acier inoxydable<\/a><\/li>\n<\/ul><\/div><\/div><\/div><br \/>\n<div  class='hr hr-default'><span class='hr-inner' ><span class='hr-inner-style'><\/span><\/span><\/div><br \/>\n<div class='avia-button-wrap avia-button-left'><a href='http:\/\/wldstainless.com\/contact\/#contact' class='avia-button   avia-icon_select-yes-left-icon avia-color-custom avia-size-large avia-position-left'  target=\"_blank\"  style='background-color:#e82221; border-color:#e82221; color:#ffffff; ' ><span class='avia_button_icon avia_button_icon_left' aria-hidden='true' data-av_icon='\ue84b' data-av_iconfont='entypo-fontello'><\/span><span class='avia_iconbox_title' >Demander un devis<\/span><\/a><\/div><\/p><\/div>\n<div class=\"flex_column av_three_fourth  flex_column_div\" style='padding:0px 0px 50px 0px ; border-radius:0px; '><p><div style='padding-bottom:10px;color:#d3311f;' class='av-special-heading av-special-heading-h3 custom-color-heading'><h3 class='av-special-heading-tag'  itemprop=\"headline\"  >Tube carr\u00e9 en acier inoxydable<\/h3><div class='special-heading-border'><div class='special-heading-inner-border' style='border-color:#d3311f'><\/div><\/div><\/div><br \/>\n<section class=\"av_textblock_section\"  itemscope=\"itemscope\" itemtype=\"https:\/\/schema.org\/CreativeWork\" ><div class='avia_textblock'   itemprop=\"text\" ><p>Le tube carr\u00e9 en acier inoxydable est une sorte de long tuyau creux en acier avec une bonne r\u00e9sistance \u00e0 la flexion et \u00e0 la torsion, peut \u00eatre utilis\u00e9 pour transporter des fluides tels que le p\u00e9trole, le gaz naturel, l&#039;eau, le gaz, la vapeur, etc., ainsi que pour la fabrication de pi\u00e8ces m\u00e9caniques et ouvrages d&#039;art. Le tuyau carr\u00e9 en acier inoxydable peut \u00eatre sans soudure et soud\u00e9, carr\u00e9 ou rectangulaire, il existe parfois \u00e9galement d&#039;autres tuyaux en acier de forme comme un demi-cercle ovale, un hexagone, un triangle \u00e9quilat\u00e9ral, un octogonal. Le tuyau carr\u00e9 en acier inoxydable sous pression de fluide doit \u00eatre test\u00e9 hydrostatiquement pour v\u00e9rifier ses performances de compression et sa qualit\u00e9. Une partie du tuyau carr\u00e9 doit subir un test de sertissage, un test d&#039;expansion, un test d&#039;aplatissement, etc. conform\u00e9ment aux normes ou aux exigences du demandeur.<\/p>\n<p>WLD Steel est un fournisseur, stockiste et distributeur de premier plan de tubes carr\u00e9s en acier inoxydable avec une r\u00e9sistance \u00e0 la corrosion et \u00e0 la temp\u00e9rature de la plus haute qualit\u00e9. Le tube carr\u00e9 en acier inoxydable peut \u00eatre utilis\u00e9 partout comme d&#039;autres formes d&#039;acier inoxydable telles que la construction, les produits pharmaceutiques, les semi-conducteurs, l&#039;\u00e9nergie, le p\u00e9trole et le gaz, l&#039;arm\u00e9e et d&#039;autres entreprises commerciales et industrielles. WLD Steel garantit que les tubes carr\u00e9s en acier inoxydable de la plus haute qualit\u00e9 que nous fournissons proviennent de la principale aci\u00e9rie chinoise pour une utilisation dans des environnements extr\u00eames. Vous souhaitez acheter des tubes carr\u00e9s SS 201, 304, 316 au meilleur prix en Chine ? Contactez-nous maintenant.<\/p>\n<\/div><\/section><br \/>\n<div  class='hr hr-default'><span class='hr-inner' ><span class='hr-inner-style'><\/span><\/span><\/div><br \/>\n<div class='avia-gallery  avia-gallery-1 avia_lazyload avia_animate_when_visible'  itemprop=\"ImageObject\" itemscope=\"itemscope\" itemtype=\"https:\/\/schema.org\/ImageObject\" ><div class='avia-gallery-thumb'> <a href='https:\/\/wldstainless.com\/wp-content\/uploads\/2020\/09\/SS-suare-tube-1.jpg' data-rel='gallery-1' data-prev-img='https:\/\/wldstainless.com\/wp-content\/uploads\/2020\/09\/SS-suare-tube-1.jpg' class='first_thumb lightbox' data-onclick='1' title='Tube rectangulaire 304'  itemprop=\"thumbnailUrl\" ><img data-avia-tooltip='304 Rectangle Tube' src='https:\/\/wldstainless.com\/wp-content\/uploads\/2020\/09\/SS-suare-tube-1.jpg' width='300' height='300'  title='Tube suare SS' alt='' \/><\/a> <a href='https:\/\/wldstainless.com\/wp-content\/uploads\/2020\/09\/304-SS-square-pipe.jpg' data-rel='gallery-1' data-prev-img='https:\/\/wldstainless.com\/wp-content\/uploads\/2020\/09\/304-SS-square-pipe.jpg' class='lightbox' data-onclick='2' title='304 Tube carr\u00e9'  itemprop=\"thumbnailUrl\" ><img data-avia-tooltip='304 Square tube' src='https:\/\/wldstainless.com\/wp-content\/uploads\/2020\/09\/304-SS-square-pipe.jpg' width='300' height='300'  title='Tuyau carr\u00e9 304 SS' alt='' \/><\/a> <a href='https:\/\/wldstainless.com\/wp-content\/uploads\/2020\/09\/Square-Tube-2.jpg' data-rel='gallery-1' data-prev-img='https:\/\/wldstainless.com\/wp-content\/uploads\/2020\/09\/Square-Tube-2.jpg' class='lightbox' data-onclick='3' title='Tube carr\u00e9 316'  itemprop=\"thumbnailUrl\" ><img data-avia-tooltip='316 Square Tube' src='https:\/\/wldstainless.com\/wp-content\/uploads\/2020\/09\/Square-Tube-2.jpg' width='300' height='300'  title='Tube Carr\u00e9' alt='' \/><\/a><\/div><\/div><br \/>\n<div  class='hr hr-default'><span class='hr-inner' ><span class='hr-inner-style'><\/span><\/span><\/div><br \/>\n<section class=\"av_textblock_section\"  itemscope=\"itemscope\" itemtype=\"https:\/\/schema.org\/CreativeWork\" ><div class='avia_textblock'   itemprop=\"text\" ><h4><strong>Sp\u00e9cifications du tube industriel en forme de U SS<\/strong><\/h4>\n<table>\n<tbody>\n<tr>\n<td width=\"323\">Formes:<\/td>\n<td width=\"529\">Tube carr\u00e9 en acier inoxydable<\/p>\n<p>Tube rectangulaire en acier inoxydable<\/td>\n<\/tr>\n<tr>\n<td width=\"323\">Mat\u00e9riel<\/td>\n<td width=\"529\">Acier inoxydable<\/p>\n<p>Acier inoxydable duplex<\/td>\n<\/tr>\n<tr>\n<td width=\"323\">sp\u00e9cification<\/td>\n<td width=\"529\">\n<ul>\n<li>ASTMA249<\/li>\n<li>ASTMA269<\/li>\n<li>ASTMA312<\/li>\n<li>ASTMA358<\/li>\n<li>ASTMA409<\/li>\n<li>ASTMA554<\/li>\n<li>ASTMA778<\/li>\n<li>ASTMA789<\/li>\n<li>ASTMA790<\/li>\n<\/ul>\n<\/td>\n<\/tr>\n<tr>\n<td width=\"323\">Finition de surface<\/td>\n<td width=\"529\">Poli, brillant, broy\u00e9, sabl\u00e9, d\u00e9cap\u00e9, Mirror Square, fini en usine<\/td>\n<\/tr>\n<tr>\n<td width=\"323\">Taille<\/td>\n<td width=\"529\">POIDS: 5*5 ~ 150*150mm<\/p>\n<p>Diam\u00e8tre ext\u00e9rieur\u00a0: 0,4 ~ 6,0\u00a0mm<\/p>\n<p>Longueur\u00a0: 6000\u00a0mm, 12\u00a0000\u00a0mm +\/- 30\u00a0mm<\/td>\n<\/tr>\n<\/tbody>\n<\/table>\n<\/div><\/section><br \/>\n<div  class='hr hr-default'><span class='hr-inner' ><span class='hr-inner-style'><\/span><\/span><\/div><br \/>\n<section class=\"av_textblock_section\"  itemscope=\"itemscope\" itemtype=\"https:\/\/schema.org\/CreativeWork\" ><div class='avia_textblock'   itemprop=\"text\" ><h4>Qualit\u00e9s disponibles de tubes carr\u00e9s SS chez WID Steel<\/h4>\n<ul>\n<li>Acier inoxydable <a href=\"https:\/\/wldstainless.com\/materials\/austenitic-stainless-steel\/304-304l-stainless-steel\/\">304\/304L<\/a> Tube Carr\u00e9<\/li>\n<li>Acier inoxydable <a href=\"https:\/\/wldstainless.com\/materials\/austenitic-stainless-steel\/316-316l-stainless-steel\/\">316\/316L<\/a> Tube Carr\u00e9<\/li>\n<li>Tube carr\u00e9 en acier inoxydable 309S<\/li>\n<li>Acier inoxydable <a href=\"https:\/\/wldstainless.com\/materials\/austenitic-stainless-steel\/321-321h-stainless-steel\/\">321\/321H<\/a> Tube Carr\u00e9<\/li>\n<li>Acier inoxydable <a href=\"https:\/\/wldstainless.com\/materials\/austenitic-stainless-steel\/347-347h-stainless-steel\/\">347\/347H<\/a> Tube Carr\u00e9<\/li>\n<li>Acier inoxydable <a href=\"https:\/\/wldstainless.com\/materials\/ferritic-stainless-steel\/409-409l-stainless-steel\/\">409<\/a> Tube Carr\u00e9<\/li>\n<li>Acier inoxydable <a href=\"https:\/\/wldstainless.com\/materials\/austenitic-stainless-steel\/904l-stainless-steel\/\">904L<\/a> Tube Carr\u00e9<\/li>\n<\/ul>\n<\/div><\/section><\/p><\/div>","protected":false},"excerpt":{"rendered":"","protected":false},"author":1,"featured_media":0,"parent":346,"menu_order":0,"comment_status":"closed","ping_status":"closed","template":"","meta":{"footnotes":""},"class_list":["post-1680","page","type-page","status-publish","hentry"],"aioseo_notices":[],"_links":{"self":[{"href":"https:\/\/wldstainless.com\/fr\/wp-json\/wp\/v2\/pages\/1680","targetHints":{"allow":["GET"]}}],"collection":[{"href":"https:\/\/wldstainless.com\/fr\/wp-json\/wp\/v2\/pages"}],"about":[{"href":"https:\/\/wldstainless.com\/fr\/wp-json\/wp\/v2\/types\/page"}],"author":[{"embeddable":true,"href":"https:\/\/wldstainless.com\/fr\/wp-json\/wp\/v2\/users\/1"}],"replies":[{"embeddable":true,"href":"https:\/\/wldstainless.com\/fr\/wp-json\/wp\/v2\/comments?post=1680"}],"version-history":[{"count":12,"href":"https:\/\/wldstainless.com\/fr\/wp-json\/wp\/v2\/pages\/1680\/revisions"}],"predecessor-version":[{"id":2059,"href":"https:\/\/wldstainless.com\/fr\/wp-json\/wp\/v2\/pages\/1680\/revisions\/2059"}],"up":[{"embeddable":true,"href":"https:\/\/wldstainless.com\/fr\/wp-json\/wp\/v2\/pages\/346"}],"wp:attachment":[{"href":"https:\/\/wldstainless.com\/fr\/wp-json\/wp\/v2\/media?parent=1680"}],"curies":[{"name":"wp","href":"https:\/\/api.w.org\/{rel}","templated":true}]}}