{"id":1678,"date":"2020-09-09T02:11:01","date_gmt":"2020-09-09T02:11:01","guid":{"rendered":"http:\/\/wldstainless.com\/?page_id=1678"},"modified":"2020-09-18T10:04:14","modified_gmt":"2020-09-18T10:04:14","slug":"stainless-steel-round-bars","status":"publish","type":"page","link":"https:\/\/wldstainless.com\/fr\/products\/stainless-steel-round-bars\/","title":{"rendered":"Barres rondes en acier inoxydable"},"content":{"rendered":"<div class=\"flex_column av_one_fourth  flex_column_div av-zero-column-padding first\" style='border-radius:0px; '><p><div class='avia-builder-widget-area clearfix'><div id=\"nav_menu-7\" class=\"widget clearfix widget_nav_menu\"><h3 class=\"widgettitle\">Des produits<\/h3><div class=\"menu-accessories-container\"><ul id=\"menu-accessories\" class=\"menu\"><li id=\"menu-item-1924\" class=\"menu-item menu-item-type-post_type menu-item-object-page menu-item-1924\"><a href=\"https:\/\/wldstainless.com\/fr\/products\/stainless-steel-angle\/\">Corni\u00e8re en acier inoxydable<\/a><\/li>\n<li id=\"menu-item-1925\" class=\"menu-item menu-item-type-post_type menu-item-object-page menu-item-1925\"><a href=\"https:\/\/wldstainless.com\/fr\/products\/stainless-steel-beam\/\">Poutre en acier inoxydable<\/a><\/li>\n<li id=\"menu-item-1926\" class=\"menu-item menu-item-type-post_type menu-item-object-page menu-item-1926\"><a href=\"https:\/\/wldstainless.com\/fr\/products\/stainless-steel-capillary-tubes\/\">Tubes capillaires en acier inoxydable<\/a><\/li>\n<li id=\"menu-item-1927\" class=\"menu-item menu-item-type-post_type menu-item-object-page menu-item-1927\"><a href=\"https:\/\/wldstainless.com\/fr\/products\/stainless-steel-channel\/\">Canal en acier inoxydable<\/a><\/li>\n<li id=\"menu-item-1928\" class=\"menu-item menu-item-type-post_type menu-item-object-page menu-item-1928\"><a href=\"https:\/\/wldstainless.com\/fr\/products\/stainless-steel-coiled-tube\/\">Tube enroul\u00e9 en acier inoxydable<\/a><\/li>\n<li id=\"menu-item-1929\" class=\"menu-item menu-item-type-post_type menu-item-object-page menu-item-1929\"><a href=\"https:\/\/wldstainless.com\/fr\/products\/stainless-steel-cold-rolled-plate-sheet-coil\/\">Plaque\/feuille\/bobine lamin\u00e9es \u00e0 froid en acier inoxydable<\/a><\/li>\n<li id=\"menu-item-1930\" class=\"menu-item menu-item-type-post_type menu-item-object-page menu-item-1930\"><a href=\"https:\/\/wldstainless.com\/fr\/products\/stainless-steel-flats\/\">Appartements en acier inoxydable<\/a><\/li>\n<li id=\"menu-item-1931\" class=\"menu-item menu-item-type-post_type menu-item-object-page menu-item-1931\"><a href=\"https:\/\/wldstainless.com\/fr\/products\/stainless-steel-hexagon-bars\/\">Barres hexagonales en acier inoxydable<\/a><\/li>\n<li id=\"menu-item-1932\" class=\"menu-item menu-item-type-post_type menu-item-object-page menu-item-1932\"><a href=\"https:\/\/wldstainless.com\/fr\/products\/stainless-steel-hot-rolled-plate-sheet-coil\/\">Plaque\/feuille\/bobine lamin\u00e9es \u00e0 chaud en acier inoxydable<\/a><\/li>\n<li id=\"menu-item-1933\" class=\"menu-item menu-item-type-post_type menu-item-object-page menu-item-1933\"><a href=\"https:\/\/wldstainless.com\/fr\/products\/stainless-steel-large-diameter-pipe\/\">Tuyau de grand diam\u00e8tre en acier inoxydable<\/a><\/li>\n<li id=\"menu-item-1934\" class=\"menu-item menu-item-type-post_type menu-item-object-page menu-item-1934\"><a href=\"https:\/\/wldstainless.com\/fr\/products\/stainless-steel-round-bars\/\">Barres rondes en acier inoxydable<\/a><\/li>\n<li id=\"menu-item-1935\" class=\"menu-item menu-item-type-post_type menu-item-object-page menu-item-1935\"><a href=\"https:\/\/wldstainless.com\/fr\/products\/stainless-steel-square-tube\/\">Tube carr\u00e9 en acier inoxydable<\/a><\/li>\n<li id=\"menu-item-1936\" class=\"menu-item menu-item-type-post_type menu-item-object-page menu-item-1936\"><a href=\"https:\/\/wldstainless.com\/fr\/products\/stainless-steel-u-bend-tube\/\">Tube coud\u00e9 en U en acier inoxydable<\/a><\/li>\n<\/ul><\/div><\/div><\/div><br \/>\n<div  class='hr hr-default'><span class='hr-inner' ><span class='hr-inner-style'><\/span><\/span><\/div><br \/>\n<div class='avia-button-wrap avia-button-left'><a href='http:\/\/wldstainless.com\/contact\/#contact' class='avia-button   avia-icon_select-yes-left-icon avia-color-custom avia-size-large avia-position-left'  target=\"_blank\"  style='background-color:#e82221; border-color:#e82221; color:#ffffff; ' ><span class='avia_button_icon avia_button_icon_left' aria-hidden='true' data-av_icon='\ue84b' data-av_iconfont='entypo-fontello'><\/span><span class='avia_iconbox_title' >Demander un devis<\/span><\/a><\/div><\/p><\/div><div class=\"flex_column av_three_fourth  flex_column_div\" style='padding:0px 0px 50px 0px ; border-radius:0px; '><p><div style='padding-bottom:10px;color:#d3311f;' class='av-special-heading av-special-heading-h3 custom-color-heading'><h3 class='av-special-heading-tag'  itemprop=\"headline\"  >Barres rondes en acier inoxydable<\/h3><div class='special-heading-border'><div class='special-heading-inner-border' style='border-color:#d3311f'><\/div><\/div><\/div><br \/>\n<div  class='hr hr-default'><span class='hr-inner' ><span class='hr-inner-style'><\/span><\/span><\/div><br \/>\n<section class=\"av_textblock_section\"  itemscope=\"itemscope\" itemtype=\"https:\/\/schema.org\/CreativeWork\" ><div class='avia_textblock'   itemprop=\"text\" ><p>La barre ou la tige ronde en acier inoxydable est fabriqu\u00e9e par \u00e9tirage \u00e0 froid ou lamin\u00e9 \u00e0 chaud. Selon la structure et la composition chimique de l&#039;acier, la barre d&#039;acier inoxydable peut \u00eatre divis\u00e9e en barre d&#039;acier inoxydable martensitique, barre d&#039;acier inoxydable ferritique, barre d&#039;acier inoxydable aust\u00e9nitique, barre d&#039;acier inoxydable duplex et barre d&#039;acier inoxydable \u00e0 durcissement pr\u00e9cipit\u00e9 ou barre d&#039;acier inoxydable au chrome et nickel. -barre en acier inoxydable. Selon sa forme et ses formes, la barre en acier inoxydable peut \u00eatre une barre plate, une barre hexagonale, une barre carr\u00e9e, une barre ronde.<\/p>\n<p>La barre ronde en acier inoxydable offre diverses applications et peut \u00eatre utilis\u00e9e presque partout o\u00f9 une bonne r\u00e9sistance \u00e0 la corrosion et une excellente r\u00e9sistance sont n\u00e9cessaires. C&#039;est le mat\u00e9riau de base de la fabrication de tuyaux en acier inoxydable sans soudure. Chez WLD Steel, nous fournissons et fabriquons des barres rondes en acier inoxydable dans diff\u00e9rentes dimensions et qualit\u00e9s, dans des conditions lamin\u00e9es, recuites et normalis\u00e9es. Nous proposons \u00e9galement des d\u00e9coupes sur mesure et des traitements thermiques via notre centre de service.<\/p>\n<\/div><\/section><br \/>\n<div  class='hr hr-default'><span class='hr-inner' ><span class='hr-inner-style'><\/span><\/span><\/div><br \/>\n<section class=\"av_textblock_section\"  itemscope=\"itemscope\" itemtype=\"https:\/\/schema.org\/CreativeWork\" ><div class='avia_textblock'   itemprop=\"text\" ><h4>Sp\u00e9cifications des barres rondes industrielles en acier inoxydable<\/h4>\n<table>\n<tbody>\n<tr>\n<td width=\"323\">Formes:<\/td>\n<td width=\"529\">Barre ronde<\/td>\n<\/tr>\n<tr>\n<td width=\"323\">Mat\u00e9riel<\/td>\n<td width=\"529\">Acier inoxydable<\/p>\n<p>Acier inoxydable duplex<\/td>\n<\/tr>\n<tr>\n<td width=\"323\">Finition de surface<\/td>\n<td width=\"529\">Poli, brillant, broy\u00e9, sabl\u00e9, d\u00e9cap\u00e9, fini en usine<\/td>\n<\/tr>\n<tr>\n<td width=\"323\">sp\u00e9cification<\/td>\n<td width=\"529\">ASTMA276<\/p>\n<p>ASTMA484<\/p>\n<p>ASTMA564<\/p>\n<p>ASTMA581<\/p>\n<p>ASTMA582<\/td>\n<\/tr>\n<tr>\n<td width=\"323\">Taille<\/td>\n<td width=\"529\">3,17 mm \u2013 350 mm<\/td>\n<\/tr>\n<tr>\n<td width=\"323\">\u00c9paisseur<\/td>\n<td width=\"529\">0,3 mm \u00e0 120 mm<\/td>\n<\/tr>\n<\/tbody>\n<\/table>\n<h4>Qualit\u00e9s de tiges et de barres disponibles chez WID Steel<\/h4>\n<ul>\n<li>Barre\/tige ronde en acier inoxydable 304\/304L<\/li>\n<li>Barre ronde\/tige en acier inoxydable 310\/310S<\/li>\n<li>Barre\/tige ronde en acier inoxydable 316\/316L<\/li>\n<li>Barres\/tiges rondes en acier inoxydable 321<\/li>\n<li>Barre\/tige ronde en acier inoxydable 347H<\/li>\n<li>Barre\/tige ronde en acier inoxydable 904L<\/li>\n<li>Barre\/tige ronde en acier inoxydable 409\/409L<\/li>\n<li>Barre\/tige ronde en acier inoxydable 410\/410S<\/li>\n<li>Barre\/tige ronde en acier inoxydable 430<\/li>\n<li>Barre\/tige ronde duplex en acier inoxydable 2205<\/li>\n<\/ul>\n<\/div><\/section><\/p><\/div><\/p>","protected":false},"excerpt":{"rendered":"","protected":false},"author":1,"featured_media":0,"parent":346,"menu_order":0,"comment_status":"closed","ping_status":"closed","template":"","meta":{"footnotes":""},"class_list":["post-1678","page","type-page","status-publish","hentry"],"aioseo_notices":[],"_links":{"self":[{"href":"https:\/\/wldstainless.com\/fr\/wp-json\/wp\/v2\/pages\/1678","targetHints":{"allow":["GET"]}}],"collection":[{"href":"https:\/\/wldstainless.com\/fr\/wp-json\/wp\/v2\/pages"}],"about":[{"href":"https:\/\/wldstainless.com\/fr\/wp-json\/wp\/v2\/types\/page"}],"author":[{"embeddable":true,"href":"https:\/\/wldstainless.com\/fr\/wp-json\/wp\/v2\/users\/1"}],"replies":[{"embeddable":true,"href":"https:\/\/wldstainless.com\/fr\/wp-json\/wp\/v2\/comments?post=1678"}],"version-history":[{"count":5,"href":"https:\/\/wldstainless.com\/fr\/wp-json\/wp\/v2\/pages\/1678\/revisions"}],"predecessor-version":[{"id":1951,"href":"https:\/\/wldstainless.com\/fr\/wp-json\/wp\/v2\/pages\/1678\/revisions\/1951"}],"up":[{"embeddable":true,"href":"https:\/\/wldstainless.com\/fr\/wp-json\/wp\/v2\/pages\/346"}],"wp:attachment":[{"href":"https:\/\/wldstainless.com\/fr\/wp-json\/wp\/v2\/media?parent=1678"}],"curies":[{"name":"wp","href":"https:\/\/api.w.org\/{rel}","templated":true}]}}