{"id":1622,"date":"2020-08-26T09:26:00","date_gmt":"2020-08-26T09:26:00","guid":{"rendered":"http:\/\/wldstainless.com\/?page_id=1622"},"modified":"2020-12-11T05:52:43","modified_gmt":"2020-12-11T05:52:43","slug":"stainless-steel-large-diameter-pipe","status":"publish","type":"page","link":"https:\/\/wldstainless.com\/fr\/products\/stainless-steel-large-diameter-pipe\/","title":{"rendered":"Tuyau de grand diam\u00e8tre en acier inoxydable"},"content":{"rendered":"<div class=\"flex_column av_one_fourth  flex_column_div av-zero-column-padding first\" style='border-radius:0px; '><p><div class='avia-builder-widget-area clearfix'><div id=\"nav_menu-7\" class=\"widget clearfix widget_nav_menu\"><h3 class=\"widgettitle\">Des produits<\/h3><div class=\"menu-accessories-container\"><ul id=\"menu-accessories\" class=\"menu\"><li id=\"menu-item-1924\" class=\"menu-item menu-item-type-post_type menu-item-object-page menu-item-1924\"><a href=\"https:\/\/wldstainless.com\/fr\/products\/stainless-steel-angle\/\">Corni\u00e8re en acier inoxydable<\/a><\/li>\n<li id=\"menu-item-1925\" class=\"menu-item menu-item-type-post_type menu-item-object-page menu-item-1925\"><a href=\"https:\/\/wldstainless.com\/fr\/products\/stainless-steel-beam\/\">Poutre en acier inoxydable<\/a><\/li>\n<li id=\"menu-item-1926\" class=\"menu-item menu-item-type-post_type menu-item-object-page menu-item-1926\"><a href=\"https:\/\/wldstainless.com\/fr\/products\/stainless-steel-capillary-tubes\/\">Tubes capillaires en acier inoxydable<\/a><\/li>\n<li id=\"menu-item-1927\" class=\"menu-item menu-item-type-post_type menu-item-object-page menu-item-1927\"><a href=\"https:\/\/wldstainless.com\/fr\/products\/stainless-steel-channel\/\">Canal en acier inoxydable<\/a><\/li>\n<li id=\"menu-item-1928\" class=\"menu-item menu-item-type-post_type menu-item-object-page menu-item-1928\"><a href=\"https:\/\/wldstainless.com\/fr\/products\/stainless-steel-coiled-tube\/\">Tube enroul\u00e9 en acier inoxydable<\/a><\/li>\n<li id=\"menu-item-1929\" class=\"menu-item menu-item-type-post_type menu-item-object-page menu-item-1929\"><a href=\"https:\/\/wldstainless.com\/fr\/products\/stainless-steel-cold-rolled-plate-sheet-coil\/\">Plaque\/feuille\/bobine lamin\u00e9es \u00e0 froid en acier inoxydable<\/a><\/li>\n<li id=\"menu-item-1930\" class=\"menu-item menu-item-type-post_type menu-item-object-page menu-item-1930\"><a href=\"https:\/\/wldstainless.com\/fr\/products\/stainless-steel-flats\/\">Appartements en acier inoxydable<\/a><\/li>\n<li id=\"menu-item-1931\" class=\"menu-item menu-item-type-post_type menu-item-object-page menu-item-1931\"><a href=\"https:\/\/wldstainless.com\/fr\/products\/stainless-steel-hexagon-bars\/\">Barres hexagonales en acier inoxydable<\/a><\/li>\n<li id=\"menu-item-1932\" class=\"menu-item menu-item-type-post_type menu-item-object-page menu-item-1932\"><a href=\"https:\/\/wldstainless.com\/fr\/products\/stainless-steel-hot-rolled-plate-sheet-coil\/\">Plaque\/feuille\/bobine lamin\u00e9es \u00e0 chaud en acier inoxydable<\/a><\/li>\n<li id=\"menu-item-1933\" class=\"menu-item menu-item-type-post_type menu-item-object-page menu-item-1933\"><a href=\"https:\/\/wldstainless.com\/fr\/products\/stainless-steel-large-diameter-pipe\/\">Tuyau de grand diam\u00e8tre en acier inoxydable<\/a><\/li>\n<li id=\"menu-item-1934\" class=\"menu-item menu-item-type-post_type menu-item-object-page menu-item-1934\"><a href=\"https:\/\/wldstainless.com\/fr\/products\/stainless-steel-round-bars\/\">Barres rondes en acier inoxydable<\/a><\/li>\n<li id=\"menu-item-1935\" class=\"menu-item menu-item-type-post_type menu-item-object-page menu-item-1935\"><a href=\"https:\/\/wldstainless.com\/fr\/products\/stainless-steel-square-tube\/\">Tube carr\u00e9 en acier inoxydable<\/a><\/li>\n<li id=\"menu-item-1936\" class=\"menu-item menu-item-type-post_type menu-item-object-page menu-item-1936\"><a href=\"https:\/\/wldstainless.com\/fr\/products\/stainless-steel-u-bend-tube\/\">Tube coud\u00e9 en U en acier inoxydable<\/a><\/li>\n<\/ul><\/div><\/div><\/div><br \/>\n<div  class='hr hr-default'><span class='hr-inner' ><span class='hr-inner-style'><\/span><\/span><\/div><br \/>\n<div class='avia-button-wrap avia-button-left'><a href='http:\/\/wldstainless.com\/contact\/#contact' class='avia-button   avia-icon_select-yes-left-icon avia-color-custom avia-size-large avia-position-left'  target=\"_blank\"  style='background-color:#e82221; border-color:#e82221; color:#ffffff; ' ><span class='avia_button_icon avia_button_icon_left' aria-hidden='true' data-av_icon='\ue84b' data-av_iconfont='entypo-fontello'><\/span><span class='avia_iconbox_title' >Demander un devis<\/span><\/a><\/div><\/p><\/div>\n<div class=\"flex_column av_three_fourth  flex_column_div\" style='padding:0px 0px 50px 0px ; border-radius:0px; '><section class=\"av_textblock_section\"  itemscope=\"itemscope\" itemtype=\"https:\/\/schema.org\/CreativeWork\" ><div class='avia_textblock'   itemprop=\"text\" ><h3>Tuyau de grand diam\u00e8tre en acier inoxydable<\/h3>\n<\/div><\/section><br \/>\n<div class='avia-gallery  avia-gallery-1 avia_lazyload avia_animate_when_visible'  itemprop=\"ImageObject\" itemscope=\"itemscope\" itemtype=\"https:\/\/schema.org\/ImageObject\" ><div class='avia-gallery-thumb'> <a href='https:\/\/wldstainless.com\/wp-content\/uploads\/2020\/09\/304-heavy-thickness-tube.jpg' data-rel='gallery-1' data-prev-img='https:\/\/wldstainless.com\/wp-content\/uploads\/2020\/09\/304-heavy-thickness-tube.jpg' class='first_thumb lightbox' data-onclick='1' title=''  itemprop=\"thumbnailUrl\" ><img  src='https:\/\/wldstainless.com\/wp-content\/uploads\/2020\/09\/304-heavy-thickness-tube.jpg' width='300' height='300'  title='Tube 304 de forte \u00e9paisseur' alt='' \/><\/a> <a href='https:\/\/wldstainless.com\/wp-content\/uploads\/2020\/09\/304-Welded-pipe.jpg' data-rel='gallery-1' data-prev-img='https:\/\/wldstainless.com\/wp-content\/uploads\/2020\/09\/304-Welded-pipe.jpg' class='lightbox' data-onclick='2' title=''  itemprop=\"thumbnailUrl\" ><img  src='https:\/\/wldstainless.com\/wp-content\/uploads\/2020\/09\/304-Welded-pipe.jpg' width='300' height='300'  title='304 Tuyau soud\u00e9' alt='' \/><\/a> <a href='https:\/\/wldstainless.com\/wp-content\/uploads\/2020\/09\/stainless-steel-pipe.jpg' data-rel='gallery-1' data-prev-img='https:\/\/wldstainless.com\/wp-content\/uploads\/2020\/09\/stainless-steel-pipe.jpg' class='lightbox' data-onclick='3' title=''  itemprop=\"thumbnailUrl\" ><img  src='https:\/\/wldstainless.com\/wp-content\/uploads\/2020\/09\/stainless-steel-pipe.jpg' width='300' height='300'  title='tuyau en acier inoxydable' alt='' \/><\/a><\/div><\/div><br \/>\n<div  class='hr hr-default'><span class='hr-inner' ><span class='hr-inner-style'><\/span><\/span><\/div><br \/>\n<section class=\"av_textblock_section\"  itemscope=\"itemscope\" itemtype=\"https:\/\/schema.org\/CreativeWork\" ><div class='avia_textblock'   itemprop=\"text\" ><p>Les tuyaux sans soudure et soud\u00e9s en acier inoxydable d&#039;un diam\u00e8tre ext\u00e9rieur sup\u00e9rieur \u00e0 8\u2033 (219,1 mm) sont g\u00e9n\u00e9ralement appel\u00e9s tuyaux de grand diam\u00e8tre. Tous deux pr\u00e9sentent les caract\u00e9ristiques sp\u00e9cifiques de l&#039;acier inoxydable, telles qu&#039;une excellente r\u00e9sistance \u00e0 la corrosion et de bonnes propri\u00e9t\u00e9s m\u00e9caniques, qui ont \u00e9t\u00e9 principalement utilis\u00e9es dans les machines, les transports, l&#039;aviation, la construction et d&#039;autres domaines. La taille de l&#039;acier inoxydable sans soudure de grand diam\u00e8tre est de 8\u2033 \u00e0 30\u2033 ou plus (219,1 mm \u00e0 830 mm) et une plage d&#039;\u00e9paisseur de 0,5 mm \u00e0 59,54 mm. Le tuyau en acier inoxydable soud\u00e9 de grand diam\u00e8tre a un diam\u00e8tre ext\u00e9rieur de 219,1 mm \u00e0 1 800 mm et une \u00e9paisseur comprise entre 0,5 mm et 20 mm.<\/p>\n<p>WLD Stainless propose une large gamme de tubes et tuyaux soud\u00e9s principalement en acier inoxydable, conformes aux normes ASTM, AISI, JIS, DIN, ISO et GB. Nous proposons des tubes non standard personnalis\u00e9s selon votre demande, disponibles dans diff\u00e9rentes dimensions et qualit\u00e9s. Ces tubes et tuyaux en acier inoxydable sont largement utilis\u00e9s dans diff\u00e9rentes industries telles que l&#039;\u00e9nergie, l&#039;ing\u00e9nierie, la construction et bien d&#039;autres. Nous proposons des produits \u00e0 des prix tr\u00e8s comp\u00e9titifs et livrons les envois dans les plus brefs d\u00e9lais. Les autres options de traitement comprennent le per\u00e7age, l&#039;al\u00e9sage, le fraisage et le filetage.<\/p>\n<hr \/>\n<p><strong>Sp\u00e9cifications des tuyaux industriels en acier inoxydable de grand diam\u00e8tre<\/strong><\/p>\n<table>\n<tbody>\n<tr>\n<td width=\"189\">Mat\u00e9riel<\/td>\n<td width=\"640\">Tuyau en acier inoxydable sans soudure de grand diam\u00e8tre<\/p>\n<p>Tuyau en acier inoxydable soud\u00e9 de grand diam\u00e8tre<\/td>\n<\/tr>\n<tr>\n<td width=\"189\">sp\u00e9cification<\/td>\n<td width=\"640\">ASTM A269\/ A270\/ A249\/ A312\/ A789\/ A790\/ A554\/ A688\/ A778<\/p>\n<p>ASTMA358<\/td>\n<\/tr>\n<tr>\n<td width=\"189\">Taille<\/td>\n<td width=\"640\">Soud\u00e9 : OD : 219,1 mm \u00e0 830 mm\u00a0; POIDS\u00a0: 0,5\u00a0mm \u00e0 59,5\u00a0mm<\/p>\n<p>Sans couture : 219,1 mm \u00e0 1\u00a0800 mm\u00a0; POIDS\u00a0: 0,5\u00a0mm \u00e0 20\u00a0mm<\/td>\n<\/tr>\n<tr>\n<td width=\"189\">Application<\/td>\n<td width=\"640\">Construction, traitement alimentaire et m\u00e9dical, traitement des eaux us\u00e9es, p\u00e9trochimie, fabrication du papier, \u00e9nergie \u00e9lectrique, militaire, marine, a\u00e9rospatiale et autres domaines.<\/td>\n<\/tr>\n<\/tbody>\n<\/table>\n<\/div><\/section><br \/>\n<div  class='hr hr-default'><span class='hr-inner' ><span class='hr-inner-style'><\/span><\/span><\/div><br \/>\n<section class=\"av_textblock_section\"  itemscope=\"itemscope\" itemtype=\"https:\/\/schema.org\/CreativeWork\" ><div class='avia_textblock'   itemprop=\"text\" ><h4>Nuances disponibles de grand diam\u00e8tre chez WID Steel<\/h4>\n<ul>\n<li>Acier inoxydable <a href=\"https:\/\/wldstainless.com\/materials\/austenitic-stainless-steel\/304-304l-stainless-steel\/\">304\/304L<\/a> Tuyaux sans soudure\/soud\u00e9s<\/li>\n<li>Acier inoxydable <a href=\"https:\/\/wldstainless.com\/materials\/austenitic-stainless-steel\/316-316l-stainless-steel\/\">316\/316L<\/a> Tuyaux soud\u00e9s<\/li>\n<li>Tuyaux soud\u00e9s en acier inoxydable 317<\/li>\n<\/ul>\n<\/div><\/section><\/p><\/div>","protected":false},"excerpt":{"rendered":"","protected":false},"author":1,"featured_media":0,"parent":346,"menu_order":0,"comment_status":"closed","ping_status":"closed","template":"","meta":{"footnotes":""},"class_list":["post-1622","page","type-page","status-publish","hentry"],"aioseo_notices":[],"_links":{"self":[{"href":"https:\/\/wldstainless.com\/fr\/wp-json\/wp\/v2\/pages\/1622","targetHints":{"allow":["GET"]}}],"collection":[{"href":"https:\/\/wldstainless.com\/fr\/wp-json\/wp\/v2\/pages"}],"about":[{"href":"https:\/\/wldstainless.com\/fr\/wp-json\/wp\/v2\/types\/page"}],"author":[{"embeddable":true,"href":"https:\/\/wldstainless.com\/fr\/wp-json\/wp\/v2\/users\/1"}],"replies":[{"embeddable":true,"href":"https:\/\/wldstainless.com\/fr\/wp-json\/wp\/v2\/comments?post=1622"}],"version-history":[{"count":13,"href":"https:\/\/wldstainless.com\/fr\/wp-json\/wp\/v2\/pages\/1622\/revisions"}],"predecessor-version":[{"id":2058,"href":"https:\/\/wldstainless.com\/fr\/wp-json\/wp\/v2\/pages\/1622\/revisions\/2058"}],"up":[{"embeddable":true,"href":"https:\/\/wldstainless.com\/fr\/wp-json\/wp\/v2\/pages\/346"}],"wp:attachment":[{"href":"https:\/\/wldstainless.com\/fr\/wp-json\/wp\/v2\/media?parent=1622"}],"curies":[{"name":"wp","href":"https:\/\/api.w.org\/{rel}","templated":true}]}}