{"id":1619,"date":"2020-08-26T09:24:57","date_gmt":"2020-08-26T09:24:57","guid":{"rendered":"http:\/\/wldstainless.com\/?page_id=1619"},"modified":"2020-12-11T06:07:39","modified_gmt":"2020-12-11T06:07:39","slug":"stainless-steel-u-bend-tube","status":"publish","type":"page","link":"https:\/\/wldstainless.com\/fr\/products\/stainless-steel-u-bend-tube\/","title":{"rendered":"Tube coud\u00e9 en U en acier inoxydable"},"content":{"rendered":"<div class=\"flex_column av_one_fourth  flex_column_div av-zero-column-padding first\" style='border-radius:0px; '><p><div class='avia-builder-widget-area clearfix'><div id=\"nav_menu-7\" class=\"widget clearfix widget_nav_menu\"><h3 class=\"widgettitle\">Des produits<\/h3><div class=\"menu-accessories-container\"><ul id=\"menu-accessories\" class=\"menu\"><li id=\"menu-item-1924\" class=\"menu-item menu-item-type-post_type menu-item-object-page menu-item-1924\"><a href=\"https:\/\/wldstainless.com\/fr\/products\/stainless-steel-angle\/\">Corni\u00e8re en acier inoxydable<\/a><\/li>\n<li id=\"menu-item-1925\" class=\"menu-item menu-item-type-post_type menu-item-object-page menu-item-1925\"><a href=\"https:\/\/wldstainless.com\/fr\/products\/stainless-steel-beam\/\">Poutre en acier inoxydable<\/a><\/li>\n<li id=\"menu-item-1926\" class=\"menu-item menu-item-type-post_type menu-item-object-page menu-item-1926\"><a href=\"https:\/\/wldstainless.com\/fr\/products\/stainless-steel-capillary-tubes\/\">Tubes capillaires en acier inoxydable<\/a><\/li>\n<li id=\"menu-item-1927\" class=\"menu-item menu-item-type-post_type menu-item-object-page menu-item-1927\"><a href=\"https:\/\/wldstainless.com\/fr\/products\/stainless-steel-channel\/\">Canal en acier inoxydable<\/a><\/li>\n<li id=\"menu-item-1928\" class=\"menu-item menu-item-type-post_type menu-item-object-page menu-item-1928\"><a href=\"https:\/\/wldstainless.com\/fr\/products\/stainless-steel-coiled-tube\/\">Tube enroul\u00e9 en acier inoxydable<\/a><\/li>\n<li id=\"menu-item-1929\" class=\"menu-item menu-item-type-post_type menu-item-object-page menu-item-1929\"><a href=\"https:\/\/wldstainless.com\/fr\/products\/stainless-steel-cold-rolled-plate-sheet-coil\/\">Plaque\/feuille\/bobine lamin\u00e9es \u00e0 froid en acier inoxydable<\/a><\/li>\n<li id=\"menu-item-1930\" class=\"menu-item menu-item-type-post_type menu-item-object-page menu-item-1930\"><a href=\"https:\/\/wldstainless.com\/fr\/products\/stainless-steel-flats\/\">Appartements en acier inoxydable<\/a><\/li>\n<li id=\"menu-item-1931\" class=\"menu-item menu-item-type-post_type menu-item-object-page menu-item-1931\"><a href=\"https:\/\/wldstainless.com\/fr\/products\/stainless-steel-hexagon-bars\/\">Barres hexagonales en acier inoxydable<\/a><\/li>\n<li id=\"menu-item-1932\" class=\"menu-item menu-item-type-post_type menu-item-object-page menu-item-1932\"><a href=\"https:\/\/wldstainless.com\/fr\/products\/stainless-steel-hot-rolled-plate-sheet-coil\/\">Plaque\/feuille\/bobine lamin\u00e9es \u00e0 chaud en acier inoxydable<\/a><\/li>\n<li id=\"menu-item-1933\" class=\"menu-item menu-item-type-post_type menu-item-object-page menu-item-1933\"><a href=\"https:\/\/wldstainless.com\/fr\/products\/stainless-steel-large-diameter-pipe\/\">Tuyau de grand diam\u00e8tre en acier inoxydable<\/a><\/li>\n<li id=\"menu-item-1934\" class=\"menu-item menu-item-type-post_type menu-item-object-page menu-item-1934\"><a href=\"https:\/\/wldstainless.com\/fr\/products\/stainless-steel-round-bars\/\">Barres rondes en acier inoxydable<\/a><\/li>\n<li id=\"menu-item-1935\" class=\"menu-item menu-item-type-post_type menu-item-object-page menu-item-1935\"><a href=\"https:\/\/wldstainless.com\/fr\/products\/stainless-steel-square-tube\/\">Tube carr\u00e9 en acier inoxydable<\/a><\/li>\n<li id=\"menu-item-1936\" class=\"menu-item menu-item-type-post_type menu-item-object-page menu-item-1936\"><a href=\"https:\/\/wldstainless.com\/fr\/products\/stainless-steel-u-bend-tube\/\">Tube coud\u00e9 en U en acier inoxydable<\/a><\/li>\n<\/ul><\/div><\/div><\/div><br \/>\n<div  class='hr hr-default'><span class='hr-inner' ><span class='hr-inner-style'><\/span><\/span><\/div><br \/>\n<div class='avia-button-wrap avia-button-left'><a href='http:\/\/wldstainless.com\/contact\/#contact' class='avia-button   avia-icon_select-yes-left-icon avia-color-custom avia-size-large avia-position-left'  target=\"_blank\"  style='background-color:#e82221; border-color:#e82221; color:#ffffff; ' ><span class='avia_button_icon avia_button_icon_left' aria-hidden='true' data-av_icon='\ue84b' data-av_iconfont='entypo-fontello'><\/span><span class='avia_iconbox_title' >Demander un devis<\/span><\/a><\/div><\/p><\/div>\n<div class=\"flex_column av_three_fourth  flex_column_div\" style='padding:0px 0px 50px 0px ; border-radius:0px; '><p><div style='padding-bottom:10px;color:#d3311f;' class='av-special-heading av-special-heading-h3 custom-color-heading'><h3 class='av-special-heading-tag'  itemprop=\"headline\"  >Tube coud\u00e9 en U en acier inoxydable<\/h3><div class='special-heading-border'><div class='special-heading-inner-border' style='border-color:#d3311f'><\/div><\/div><\/div><br \/>\n<div class='avia-gallery  avia-gallery-1 avia_lazyload avia_animate_when_visible'  itemprop=\"ImageObject\" itemscope=\"itemscope\" itemtype=\"https:\/\/schema.org\/ImageObject\" ><div class='avia-gallery-thumb'> <a href='https:\/\/wldstainless.com\/wp-content\/uploads\/2020\/09\/stainless-steel-condensor-U-tube.jpg' data-rel='gallery-1' data-prev-img='https:\/\/wldstainless.com\/wp-content\/uploads\/2020\/09\/stainless-steel-condensor-U-tube.jpg' class='first_thumb lightbox' data-onclick='1' title=''  itemprop=\"thumbnailUrl\" ><img  src='https:\/\/wldstainless.com\/wp-content\/uploads\/2020\/09\/stainless-steel-condensor-U-tube.jpg' width='300' height='300'  title='Tube en U du condenseur en acier inoxydable' alt='' \/><\/a> <a href='https:\/\/wldstainless.com\/wp-content\/uploads\/2020\/09\/410-U-tube.jpg' data-rel='gallery-1' data-prev-img='https:\/\/wldstainless.com\/wp-content\/uploads\/2020\/09\/410-U-tube.jpg' class='lightbox' data-onclick='2' title=''  itemprop=\"thumbnailUrl\" ><img  src='https:\/\/wldstainless.com\/wp-content\/uploads\/2020\/09\/410-U-tube.jpg' width='300' height='300'  title='Tube 410U' alt='' \/><\/a> <a href='https:\/\/wldstainless.com\/wp-content\/uploads\/2020\/09\/304-SS-U-Tube.jpg' data-rel='gallery-1' data-prev-img='https:\/\/wldstainless.com\/wp-content\/uploads\/2020\/09\/304-SS-U-Tube.jpg' class='lightbox' data-onclick='3' title=''  itemprop=\"thumbnailUrl\" ><img  src='https:\/\/wldstainless.com\/wp-content\/uploads\/2020\/09\/304-SS-U-Tube.jpg' width='300' height='300'  title='Tube en U en acier inoxydable 304' alt='' \/><\/a><\/div><\/div><br \/>\n<div  class='hr hr-default'><span class='hr-inner' ><span class='hr-inner-style'><\/span><\/span><\/div><br \/>\n<section class=\"av_textblock_section\"  itemscope=\"itemscope\" itemtype=\"https:\/\/schema.org\/CreativeWork\" ><div class='avia_textblock'   itemprop=\"text\" ><p>Le tuyau en acier sans soudure en forme de U en acier inoxydable est g\u00e9n\u00e9ralement utilis\u00e9 pour les chaudi\u00e8res, les condenseurs, les \u00e9changeurs de chaleur et autres syst\u00e8mes de transducteurs thermiques. Avec une taille de 12,7-38,1 mm*2 m-15 m, le tube sans soudure en acier inoxydable coud\u00e9 en U peut convenir \u00e0 diverses chaudi\u00e8res dans les domaines \u00e9lectriques. Chez WLD Steel, nous fabriquons et fournissons g\u00e9n\u00e9ralement des tuyaux en acier inoxydable en forme de U conform\u00e9ment \u00e0 la norme ASTM A\/ASME SA 213\/ A269\/ A312\/ A511\/ A789\/ A790. Nous pouvons proposer un service personnalis\u00e9 si les clients ont des exigences plus strictes en mati\u00e8re de pr\u00e9cision dimensionnelle capillaire et de finition de surface, y compris les tuyaux recuits brillants en acier inoxydable, les tuyaux polis \u00e9lectrolytiquement. De plus, nous fournissons des services d&#039;\u00e9caillage, de fermeture, de poin\u00e7onnage, de d\u00e9coupe, de pliage et d&#039;autres services de traitement.<\/p>\n<h4><\/h4>\n<h4><strong>Sp\u00e9cifications industrielles du tube en forme de U SS\u00a0:<\/strong><\/h4>\n<table>\n<tbody>\n<tr>\n<td width=\"426\">Rayon de courbure:<\/td>\n<td width=\"426\">de 1,5 * OD (diam\u00e8tre ext\u00e9rieur) \u00e0 1500 mm<\/td>\n<\/tr>\n<tr>\n<td width=\"426\">Mat\u00e9riel<\/td>\n<td width=\"426\">Acier inoxydable<\/p>\n<p>Acier inoxydable duplex<\/td>\n<\/tr>\n<tr>\n<td width=\"426\">sp\u00e9cification<\/td>\n<td width=\"426\">\n<ul>\n<li>ASTM A 213\/A 213M<\/li>\n<li>ASTM A 269\/A 269M<\/li>\n<li>ASTM A 312\/A 312M<\/li>\n<li>ASTM A 511\/A 511M<\/li>\n<li>ASTM A 789\/A 789M<\/li>\n<li>ASTM A 790 \/A 790M<\/li>\n<\/ul>\n<\/td>\n<\/tr>\n<tr>\n<td width=\"426\">Taille<\/td>\n<td width=\"426\">Diam\u00e8tre ext\u00e9rieur\u00a0: 12,7-38,1\u00a0mm<\/p>\n<p>Longueur\u00a0: 3\u00a0M-12\u00a0M ou tailles de coupe personnalis\u00e9es<\/td>\n<\/tr>\n<\/tbody>\n<\/table>\n<\/div><\/section><br \/>\n<div  class='hr hr-default'><span class='hr-inner' ><span class='hr-inner-style'><\/span><\/span><\/div><br \/>\n<section class=\"av_textblock_section\"  itemscope=\"itemscope\" itemtype=\"https:\/\/schema.org\/CreativeWork\" ><div class='avia_textblock'   itemprop=\"text\" ><h4>Qualit\u00e9s disponibles de tubes en forme de U SS chez WID Steel<\/h4>\n<ul>\n<li>Acier inoxydable<a href=\"https:\/\/wldstainless.com\/materials\/austenitic-stainless-steel\/304-304l-stainless-steel\/\"> 304\/304L\/304H<\/a> Tube en forme de U<\/li>\n<li>Acier inoxydable <a href=\"https:\/\/wldstainless.com\/materials\/austenitic-stainless-steel\/316-316l-stainless-steel\/\">316\/316L\/316Ti<\/a> Tube en forme de U<\/li>\n<li>Acier inoxydable <a href=\"https:\/\/wldstainless.com\/materials\/austenitic-stainless-steel\/309s-stainless-steel\/\">309S<\/a> Tube en forme de U<\/li>\n<li>Acier inoxydable <a href=\"https:\/\/wldstainless.com\/materials\/austenitic-stainless-steel\/310s-stainless-steel\/\">310\/310S<\/a> Tube en forme de U<\/li>\n<li>Tube en forme de U en acier inoxydable 317\/317L<\/li>\n<li>Acier inoxydable <a href=\"https:\/\/wldstainless.com\/materials\/austenitic-stainless-steel\/321-321h-stainless-steel\/\">321\/321H<\/a> Tube en forme de U<\/li>\n<li>Acier inoxydable <a href=\"https:\/\/wldstainless.com\/materials\/austenitic-stainless-steel\/347-347h-stainless-steel\/\">347\/347H<\/a> Tube en forme de U<\/li>\n<li>Tube en forme de U en acier duplex 31803<\/li>\n<li>Acier duplex<a href=\"https:\/\/wldstainless.com\/materials\/duplex-stainless-steel\/alloy-2205-stainless-steel\/\"> 32550<\/a> Tube en forme de U<\/li>\n<\/ul>\n<\/div><\/section><\/p><\/div>","protected":false},"excerpt":{"rendered":"","protected":false},"author":1,"featured_media":0,"parent":346,"menu_order":0,"comment_status":"closed","ping_status":"closed","template":"","meta":{"footnotes":""},"class_list":["post-1619","page","type-page","status-publish","hentry"],"aioseo_notices":[],"_links":{"self":[{"href":"https:\/\/wldstainless.com\/fr\/wp-json\/wp\/v2\/pages\/1619","targetHints":{"allow":["GET"]}}],"collection":[{"href":"https:\/\/wldstainless.com\/fr\/wp-json\/wp\/v2\/pages"}],"about":[{"href":"https:\/\/wldstainless.com\/fr\/wp-json\/wp\/v2\/types\/page"}],"author":[{"embeddable":true,"href":"https:\/\/wldstainless.com\/fr\/wp-json\/wp\/v2\/users\/1"}],"replies":[{"embeddable":true,"href":"https:\/\/wldstainless.com\/fr\/wp-json\/wp\/v2\/comments?post=1619"}],"version-history":[{"count":8,"href":"https:\/\/wldstainless.com\/fr\/wp-json\/wp\/v2\/pages\/1619\/revisions"}],"predecessor-version":[{"id":2060,"href":"https:\/\/wldstainless.com\/fr\/wp-json\/wp\/v2\/pages\/1619\/revisions\/2060"}],"up":[{"embeddable":true,"href":"https:\/\/wldstainless.com\/fr\/wp-json\/wp\/v2\/pages\/346"}],"wp:attachment":[{"href":"https:\/\/wldstainless.com\/fr\/wp-json\/wp\/v2\/media?parent=1619"}],"curies":[{"name":"wp","href":"https:\/\/api.w.org\/{rel}","templated":true}]}}