{"id":1613,"date":"2020-08-26T09:22:28","date_gmt":"2020-08-26T09:22:28","guid":{"rendered":"http:\/\/wldstainless.com\/?page_id=1613"},"modified":"2020-12-11T05:16:12","modified_gmt":"2020-12-11T05:16:12","slug":"stainless-steel-angle","status":"publish","type":"page","link":"https:\/\/wldstainless.com\/fr\/products\/stainless-steel-angle\/","title":{"rendered":"Corni\u00e8re en acier inoxydable"},"content":{"rendered":"<div class=\"flex_column av_one_fourth  flex_column_div av-zero-column-padding first\" style='border-radius:0px; '><p><div class='avia-builder-widget-area clearfix'><div id=\"nav_menu-7\" class=\"widget clearfix widget_nav_menu\"><h3 class=\"widgettitle\">Des produits<\/h3><div class=\"menu-accessories-container\"><ul id=\"menu-accessories\" class=\"menu\"><li id=\"menu-item-1924\" class=\"menu-item menu-item-type-post_type menu-item-object-page menu-item-1924\"><a href=\"https:\/\/wldstainless.com\/fr\/products\/stainless-steel-angle\/\">Corni\u00e8re en acier inoxydable<\/a><\/li>\n<li id=\"menu-item-1925\" class=\"menu-item menu-item-type-post_type menu-item-object-page menu-item-1925\"><a href=\"https:\/\/wldstainless.com\/fr\/products\/stainless-steel-beam\/\">Poutre en acier inoxydable<\/a><\/li>\n<li id=\"menu-item-1926\" class=\"menu-item menu-item-type-post_type menu-item-object-page menu-item-1926\"><a href=\"https:\/\/wldstainless.com\/fr\/products\/stainless-steel-capillary-tubes\/\">Tubes capillaires en acier inoxydable<\/a><\/li>\n<li id=\"menu-item-1927\" class=\"menu-item menu-item-type-post_type menu-item-object-page menu-item-1927\"><a href=\"https:\/\/wldstainless.com\/fr\/products\/stainless-steel-channel\/\">Canal en acier inoxydable<\/a><\/li>\n<li id=\"menu-item-1928\" class=\"menu-item menu-item-type-post_type menu-item-object-page menu-item-1928\"><a href=\"https:\/\/wldstainless.com\/fr\/products\/stainless-steel-coiled-tube\/\">Tube enroul\u00e9 en acier inoxydable<\/a><\/li>\n<li id=\"menu-item-1929\" class=\"menu-item menu-item-type-post_type menu-item-object-page menu-item-1929\"><a href=\"https:\/\/wldstainless.com\/fr\/products\/stainless-steel-cold-rolled-plate-sheet-coil\/\">Plaque\/feuille\/bobine lamin\u00e9es \u00e0 froid en acier inoxydable<\/a><\/li>\n<li id=\"menu-item-1930\" class=\"menu-item menu-item-type-post_type menu-item-object-page menu-item-1930\"><a href=\"https:\/\/wldstainless.com\/fr\/products\/stainless-steel-flats\/\">Appartements en acier inoxydable<\/a><\/li>\n<li id=\"menu-item-1931\" class=\"menu-item menu-item-type-post_type menu-item-object-page menu-item-1931\"><a href=\"https:\/\/wldstainless.com\/fr\/products\/stainless-steel-hexagon-bars\/\">Barres hexagonales en acier inoxydable<\/a><\/li>\n<li id=\"menu-item-1932\" class=\"menu-item menu-item-type-post_type menu-item-object-page menu-item-1932\"><a href=\"https:\/\/wldstainless.com\/fr\/products\/stainless-steel-hot-rolled-plate-sheet-coil\/\">Plaque\/feuille\/bobine lamin\u00e9es \u00e0 chaud en acier inoxydable<\/a><\/li>\n<li id=\"menu-item-1933\" class=\"menu-item menu-item-type-post_type menu-item-object-page menu-item-1933\"><a href=\"https:\/\/wldstainless.com\/fr\/products\/stainless-steel-large-diameter-pipe\/\">Tuyau de grand diam\u00e8tre en acier inoxydable<\/a><\/li>\n<li id=\"menu-item-1934\" class=\"menu-item menu-item-type-post_type menu-item-object-page menu-item-1934\"><a href=\"https:\/\/wldstainless.com\/fr\/products\/stainless-steel-round-bars\/\">Barres rondes en acier inoxydable<\/a><\/li>\n<li id=\"menu-item-1935\" class=\"menu-item menu-item-type-post_type menu-item-object-page menu-item-1935\"><a href=\"https:\/\/wldstainless.com\/fr\/products\/stainless-steel-square-tube\/\">Tube carr\u00e9 en acier inoxydable<\/a><\/li>\n<li id=\"menu-item-1936\" class=\"menu-item menu-item-type-post_type menu-item-object-page menu-item-1936\"><a href=\"https:\/\/wldstainless.com\/fr\/products\/stainless-steel-u-bend-tube\/\">Tube coud\u00e9 en U en acier inoxydable<\/a><\/li>\n<\/ul><\/div><\/div><\/div><br \/>\n<div  class='hr hr-default'><span class='hr-inner' ><span class='hr-inner-style'><\/span><\/span><\/div><br \/>\n<div class='avia-button-wrap avia-button-left'><a href='http:\/\/wldstainless.com\/contact\/#contact' class='avia-button   avia-icon_select-yes-left-icon avia-color-custom avia-size-large avia-position-left'  target=\"_blank\"  style='background-color:#e82221; border-color:#e82221; color:#ffffff; ' ><span class='avia_button_icon avia_button_icon_left' aria-hidden='true' data-av_icon='\ue84b' data-av_iconfont='entypo-fontello'><\/span><span class='avia_iconbox_title' >Demander un devis<\/span><\/a><\/div><\/p><\/div>\n<div class=\"flex_column av_three_fourth  flex_column_div\" style='padding:0px 0px 50px 0px ; border-radius:0px; '><section class=\"av_textblock_section\"  itemscope=\"itemscope\" itemtype=\"https:\/\/schema.org\/CreativeWork\" ><div class='avia_textblock'   itemprop=\"text\" ><h3>Corni\u00e8re en acier inoxydable<\/h3>\n<\/div><\/section><br \/>\n<div class='avia-gallery  avia-gallery-1 avia_lazyload avia_animate_when_visible'  itemprop=\"ImageObject\" itemscope=\"itemscope\" itemtype=\"https:\/\/schema.org\/ImageObject\" ><div class='avia-gallery-thumb'> <a href='https:\/\/wldstainless.com\/wp-content\/uploads\/2020\/09\/316-angle.jpg' data-rel='gallery-1' data-prev-img='https:\/\/wldstainless.com\/wp-content\/uploads\/2020\/09\/316-angle.jpg' class='first_thumb lightbox' data-onclick='1' title='Corni\u00e8re en acier inoxydable 316'  itemprop=\"thumbnailUrl\" ><img data-avia-tooltip='316 Stainless Steel Angle' src='https:\/\/wldstainless.com\/wp-content\/uploads\/2020\/09\/316-angle.jpg' width='300' height='300'  title='Angle 316' alt='' \/><\/a> <a href='https:\/\/wldstainless.com\/wp-content\/uploads\/2020\/09\/304-angle.jpg' data-rel='gallery-1' data-prev-img='https:\/\/wldstainless.com\/wp-content\/uploads\/2020\/09\/304-angle.jpg' class='lightbox' data-onclick='2' title='304 Angle'  itemprop=\"thumbnailUrl\" ><img data-avia-tooltip='304 Angle' src='https:\/\/wldstainless.com\/wp-content\/uploads\/2020\/09\/304-angle.jpg' width='300' height='300'  title='Angle 304' alt='' \/><\/a> <a href='https:\/\/wldstainless.com\/wp-content\/uploads\/2020\/09\/347-angle.jpg' data-rel='gallery-1' data-prev-img='https:\/\/wldstainless.com\/wp-content\/uploads\/2020\/09\/347-angle.jpg' class='lightbox' data-onclick='3' title='347 Angle'  itemprop=\"thumbnailUrl\" ><img data-avia-tooltip='347 Angle' src='https:\/\/wldstainless.com\/wp-content\/uploads\/2020\/09\/347-angle.jpg' width='300' height='300'  title='Angle 347' alt='' \/><\/a><\/div><\/div><br \/>\n<div  class='hr hr-default'><span class='hr-inner' ><span class='hr-inner-style'><\/span><\/span><\/div><br \/>\n<section class=\"av_textblock_section\"  itemscope=\"itemscope\" itemtype=\"https:\/\/schema.org\/CreativeWork\" ><div class='avia_textblock'   itemprop=\"text\" ><p>Le profil\u00e9 en acier inoxydable est l&#039;acier form\u00e9 avec une section obtenue par fusion \u00e0 chaud, formage, fusion laser, laminage \u00e0 froid, extrusion ou autres m\u00e9thodes sur la barre ou la bande d&#039;acier inoxydable. Les types courants, notamment l&#039;acier inoxydable \u00e0 angle r, l&#039;acier inoxydable plat, l&#039;acier inoxydable \u00e0 canal (canal C, canal U), la poutre (poutre en H, poutre en I) et les formes presque nettes enti\u00e8rement personnalis\u00e9es dans nos alliages. WLD Steel est l\u2019un des principaux fabricants, fournisseurs et exportateurs de corni\u00e8res en acier inoxydable de diff\u00e9rentes tailles et sp\u00e9cifications.<\/p>\n<p><img decoding=\"async\" class=\"aligncenter size-full wp-image-1663\" src=\"http:\/\/wldstainless.com\/wp-content\/uploads\/2020\/09\/SS-angles.jpg\" alt=\"\" width=\"127\" height=\"120\" \/><\/p>\n<p>L&#039;angle en acier inoxydable est perpendiculaire aux deux c\u00f4t\u00e9s avec un angle sp\u00e9cifi\u00e9 d&#039;acier form\u00e9. Il pr\u00e9sente une excellente r\u00e9sistance, r\u00e9sistance \u00e0 la corrosion et soudabilit\u00e9, indiqu\u00e9es en largeur par largeur par \u00e9paisseur de bord (mm). Par exemple, la corni\u00e8re 25\u00d725\u00d73\u2033 repr\u00e9sente une corni\u00e8re en acier inoxydable \u00e0 faces \u00e9gales avec une largeur de c\u00f4t\u00e9 de 25 mm et une \u00e9paisseur de c\u00f4t\u00e9 de 3 mm. Il est principalement divis\u00e9 en angle \u00e9gal en acier inoxydable et en angle in\u00e9gal en acier inoxydable pouvant \u00eatre utilis\u00e9 comme connexion entre diff\u00e9rentes pi\u00e8ces et composants de contrainte, largement utilis\u00e9 dans toutes sortes de structures de b\u00e2timent et de structures d&#039;ing\u00e9nierie, telles que des poutres, des ponts, des tours de transmission, des levages et machines de transport, navires, fours industriels, tours de r\u00e9action, supports \u00e0 conteneurs et \u00e9tag\u00e8res d&#039;entrep\u00f4t.<\/p>\n<h4><strong>Sp\u00e9cifications des angles industriels<\/strong><\/h4>\n<table>\n<tbody>\n<tr>\n<td width=\"426\">Formes:<\/td>\n<td width=\"426\">\n<ul>\n<li>Angles de jambe \u00e9gaux<\/li>\n<li>Angles de jambe in\u00e9gaux<\/li>\n<li>Angles structurels en L<\/li>\n<li>Angles structurels en C<\/li>\n<\/ul>\n<\/td>\n<\/tr>\n<tr>\n<td width=\"426\">Mat\u00e9riel<\/td>\n<td width=\"426\">Acier inoxydable<\/p>\n<p>Acier inoxydable duplex<\/td>\n<\/tr>\n<tr>\n<td width=\"426\">sp\u00e9cification<\/td>\n<td width=\"426\">\n<ul>\n<li>ASTM A 276\/A 276M<\/li>\n<li>ASTM A 484\/A 484M<\/li>\n<li>ASTM A 564\/A 564M<\/li>\n<li>ASTM A 582\/A 582M<\/li>\n<li>ASTM A 638 \/A 638M<\/li>\n<li>ASTM A 705\/A 705M<\/li>\n<\/ul>\n<\/td>\n<\/tr>\n<tr>\n<td width=\"426\">Taille<\/td>\n<td width=\"426\">Angle\u00a0: 3\u00a0\u00e0\u00a09\u00a0m, 4\u00a0\u00e0\u00a012\u00a0m, 4\u00a0\u00e0\u00a019\u00a0m, 6\u00a0\u00e0\u00a019\u00a0m ou tailles de coupe personnalis\u00e9es<\/td>\n<\/tr>\n<\/tbody>\n<\/table>\n<\/div><\/section><br \/>\n<div  class='hr hr-default'><span class='hr-inner' ><span class='hr-inner-style'><\/span><\/span><\/div><br \/>\n<section class=\"av_textblock_section\"  itemscope=\"itemscope\" itemtype=\"https:\/\/schema.org\/CreativeWork\" ><div class='avia_textblock'   itemprop=\"text\" ><h4>Qualit\u00e9s d&#039;angles disponibles chez WID Steel<\/h4>\n<ul>\n<li>Acier inoxydable <a href=\"https:\/\/wldstainless.com\/materials\/austenitic-stainless-steel\/201-stainless-steel\/\">201<\/a> Angle<\/li>\n<li>Acier inoxydable <a href=\"https:\/\/wldstainless.com\/materials\/austenitic-stainless-steel\/304-304l-stainless-steel\/\">304\/304L<\/a> Angle<\/li>\n<li>Acier inoxydable <a href=\"https:\/\/wldstainless.com\/materials\/austenitic-stainless-steel\/310s-stainless-steel\/\">310\/310S<\/a> Angle<\/li>\n<li>Acier inoxydable <a href=\"https:\/\/wldstainless.com\/materials\/austenitic-stainless-steel\/316-316l-stainless-steel\/\">316\/316L<\/a> Angle<\/li>\n<li>Acier inoxydable <a href=\"https:\/\/wldstainless.com\/materials\/austenitic-stainless-steel\/321-321h-stainless-steel\/\">321<\/a> Angle<\/li>\n<li>Acier inoxydable <a href=\"https:\/\/wldstainless.com\/materials\/austenitic-stainless-steel\/347-347h-stainless-steel\/\">347H<\/a> Angle<\/li>\n<li>Acier inoxydable <a href=\"https:\/\/wldstainless.com\/materials\/austenitic-stainless-steel\/904l-stainless-steel\/\">904L<\/a> Faisceau<\/li>\n<li>Acier inoxydable <a href=\"https:\/\/wldstainless.com\/materials\/ferritic-stainless-steel\/409-409l-stainless-steel\/\">409\/409L<\/a> Angle<\/li>\n<li>Acier inoxydable <a href=\"https:\/\/wldstainless.com\/materials\/ferritic-stainless-steel\/410-410s-stainless-steel\/\">410\/410S<\/a> Angle<\/li>\n<li>Acier inoxydable <a href=\"https:\/\/wldstainless.com\/materials\/martensitic-stainless-steel\/420-stainless-steel\/\">420<\/a> Angle<\/li>\n<li>Acier inoxydable duplex <a href=\"https:\/\/wldstainless.com\/materials\/duplex-stainless-steel\/alloy-2205-stainless-steel\/\">2205<\/a> Angle<\/li>\n<\/ul>\n<\/div><\/section><\/p><\/div>","protected":false},"excerpt":{"rendered":"","protected":false},"author":1,"featured_media":0,"parent":346,"menu_order":0,"comment_status":"closed","ping_status":"closed","template":"","meta":{"footnotes":""},"class_list":["post-1613","page","type-page","status-publish","hentry"],"aioseo_notices":[],"_links":{"self":[{"href":"https:\/\/wldstainless.com\/fr\/wp-json\/wp\/v2\/pages\/1613","targetHints":{"allow":["GET"]}}],"collection":[{"href":"https:\/\/wldstainless.com\/fr\/wp-json\/wp\/v2\/pages"}],"about":[{"href":"https:\/\/wldstainless.com\/fr\/wp-json\/wp\/v2\/types\/page"}],"author":[{"embeddable":true,"href":"https:\/\/wldstainless.com\/fr\/wp-json\/wp\/v2\/users\/1"}],"replies":[{"embeddable":true,"href":"https:\/\/wldstainless.com\/fr\/wp-json\/wp\/v2\/comments?post=1613"}],"version-history":[{"count":11,"href":"https:\/\/wldstainless.com\/fr\/wp-json\/wp\/v2\/pages\/1613\/revisions"}],"predecessor-version":[{"id":2049,"href":"https:\/\/wldstainless.com\/fr\/wp-json\/wp\/v2\/pages\/1613\/revisions\/2049"}],"up":[{"embeddable":true,"href":"https:\/\/wldstainless.com\/fr\/wp-json\/wp\/v2\/pages\/346"}],"wp:attachment":[{"href":"https:\/\/wldstainless.com\/fr\/wp-json\/wp\/v2\/media?parent=1613"}],"curies":[{"name":"wp","href":"https:\/\/api.w.org\/{rel}","templated":true}]}}