{"id":1586,"date":"2020-08-25T07:23:03","date_gmt":"2020-08-25T07:23:03","guid":{"rendered":"http:\/\/wldstainless.com\/?page_id=1586"},"modified":"2020-09-18T09:34:04","modified_gmt":"2020-09-18T09:34:04","slug":"409-409l-stainless-steel","status":"publish","type":"page","link":"https:\/\/wldstainless.com\/fr\/materials\/ferritic-stainless-steel\/409-409l-stainless-steel\/","title":{"rendered":"Acier inoxydable 409\/409L"},"content":{"rendered":"<div class='flex_column_table av-equal-height-column-flextable -flextable' ><div class=\"flex_column av_one_fourth  flex_column_table_cell av-equal-height-column av-align-top av-zero-column-padding first\" style='border-radius:0px; '><p><div class='avia-builder-widget-area clearfix'><div id=\"nav_menu-5\" class=\"widget clearfix widget_nav_menu\"><h3 class=\"widgettitle\">Mat\u00e9riel<\/h3><div class=\"menu-products-sidebar-menu-container\"><ul id=\"menu-products-sidebar-menu\" class=\"menu\"><li id=\"menu-item-1329\" class=\"menu-item menu-item-type-post_type menu-item-object-page menu-item-1329\"><a href=\"https:\/\/wldstainless.com\/fr\/materials\/ferritic-stainless-steel\/\">Acier inoxydable ferritique<\/a><\/li>\n<li id=\"menu-item-1328\" class=\"menu-item menu-item-type-post_type menu-item-object-page menu-item-1328\"><a href=\"https:\/\/wldstainless.com\/fr\/materials\/martensitic-stainless-steel\/\">Acier inoxydable martensitique<\/a><\/li>\n<li id=\"menu-item-1327\" class=\"menu-item menu-item-type-post_type menu-item-object-page menu-item-1327\"><a href=\"https:\/\/wldstainless.com\/fr\/materials\/austenitic-stainless-steel\/\">Acier inoxydable aust\u00e9nitique<\/a><\/li>\n<li id=\"menu-item-1889\" class=\"menu-item menu-item-type-post_type menu-item-object-page menu-item-1889\"><a href=\"https:\/\/wldstainless.com\/fr\/materials\/duplex-stainless-steel\/\">Acier inoxydable duplex<\/a><\/li>\n<\/ul><\/div><\/div><\/div><br \/>\n<div  class='hr hr-default'><span class='hr-inner' ><span class='hr-inner-style'><\/span><\/span><\/div><br \/>\n<div class='avia-button-wrap avia-button-left'><a href='http:\/\/wldstainless.com\/contact\/#contact' class='avia-button   avia-icon_select-yes-left-icon avia-color-custom avia-size-large avia-position-left'  target=\"_blank\"  style='background-color:#e82221; border-color:#e82221; color:#ffffff; ' ><span class='avia_button_icon avia_button_icon_left' aria-hidden='true' data-av_icon='\ue84b' data-av_iconfont='entypo-fontello'><\/span><span class='avia_iconbox_title' >Demander un devis<\/span><\/a><\/div><\/p><\/div><\/div><!--close column table wrapper. Autoclose: 1 --><div class='flex_column_table av-equal-height-column-flextable -flextable' ><div class='av-flex-placeholder'><\/div><div class=\"flex_column av_three_fourth  flex_column_table_cell av-equal-height-column av-align-top av-zero-column-padding\" style='border-radius:0px; '><p><div style='padding-bottom:10px;color:#d3311f;font-size:26px;' class='av-special-heading av-special-heading-h3 custom-color-heading blockquote modern-quote   av-inherit-size'><h3 class='av-special-heading-tag'  itemprop=\"headline\"  >Acier inoxydable 409\/409L<\/h3><div class='special-heading-border'><div class='special-heading-inner-border' style='border-color:#d3311f'><\/div><\/div><\/div><br \/>\n<section class=\"av_textblock_section\"  itemscope=\"itemscope\" itemtype=\"https:\/\/schema.org\/CreativeWork\" ><div class='avia_textblock'   itemprop=\"text\" ><p>WLD Steel est l&#039;un des principaux fabricants, fournisseurs et exportateurs d&#039;acier inoxydable 409\/409L disponible dans un certain nombre de tailles et de formes diff\u00e9rentes, notamment des barres, des tiges, des tuyaux, des tubes, des plaques, des feuilles et des billettes.<\/p>\n<p>Le type 409 est du chrome, du titane stabilis\u00e9 sans nickel, de l&#039;acier inoxydable ferritique \u00e0 usage g\u00e9n\u00e9ral. Il est magn\u00e9tique et combine une bonne r\u00e9sistance \u00e0 la corrosion \u00e0 temp\u00e9rature \u00e9lev\u00e9e, une r\u00e9sistance \u00e0 l&#039;oxydation avec une r\u00e9sistance moyenne, une bonne formabilit\u00e9 et un co\u00fbt global. 409L est la version \u00e0 faible teneur en carbone de l&#039;acier de nuance 430, les deux offrent une meilleure r\u00e9sistance \u00e0 la corrosion et des propri\u00e9t\u00e9s m\u00e9caniques que l&#039;acier au carbone et l&#039;acier inoxydable aust\u00e9nitique. Il a \u00e9t\u00e9 utilis\u00e9 dans des applications o\u00f9 une r\u00e9sistance \u00e9lev\u00e9e \u00e0 la corrosion et une oxydation \u00e0 haute temp\u00e9rature sont requises, comme le haut rendement. moteur d&#039;une automobile, syst\u00e8me d&#039;\u00e9chappement, interrupteurs thermiques, ch\u00e2ssis et \u00e9changeur de chaleur.<\/p>\n<p><strong>Quelles sont les formes et sp\u00e9cifications 409\/409L disponibles chez WLD Steel\u00a0?<\/strong><\/p>\n<ul>\n<li>Feuille\/plaque\/bobine\u00a0:ASTM A240, ASTM A480<\/li>\n<li>Barre ronde\u00a0:ASTM A276, ASTM A479<\/li>\n<li>Tuyau\/Tube\u00a0:\u00a0ASTM A335, A268, A790<\/li>\n<\/ul>\n<\/div><\/section><br \/>\n<div class=\"togglecontainer   toggle_close_all\" >\n<section class=\"av_toggle_section\"  itemscope=\"itemscope\" itemtype=\"https:\/\/schema.org\/CreativeWork\"  >    <div class=\"single_toggle\" data-tags=\"{Tout} \"  >        <p data-fake-id=\"#toggle-id-1\" class=\"toggler\"  itemprop=\"headline\"  >Qualit\u00e9s \u00e9quivalentes 409\/409L<span class=\"toggle_icon\" >        <span class=\"vert_icon\"><\/span><span class=\"hor_icon\"><\/span><\/span><\/p>        <div id=\"toggle-id-1-container\" class=\"toggle_wrap\"  >            <div class=\"toggle_content invers-color\"  itemprop=\"text\"   ><table>\n<tbody>\n<tr>\n<td width=\"136\">STANDARD<\/td>\n<td width=\"136\">UNS<\/td>\n<td width=\"136\">FR\/DIN<\/td>\n<td width=\"136\">JIS<\/td>\n<td width=\"136\">BS<\/td>\n<td width=\"137\">FR<\/td>\n<\/tr>\n<tr>\n<td width=\"136\">409\/409L<\/td>\n<td width=\"136\">S409000<\/td>\n<td width=\"136\">X2CrTi12<\/p>\n<p>1.4512<\/td>\n<td width=\"136\">SUH 409<\/td>\n<td width=\"136\">\/<\/td>\n<td width=\"137\">022Cr11Ti<\/td>\n<\/tr>\n<\/tbody>\n<\/table>\n            <\/div>        <\/div>    <\/div><\/section>\n<section class=\"av_toggle_section\"  itemscope=\"itemscope\" itemtype=\"https:\/\/schema.org\/CreativeWork\"  >    <div class=\"single_toggle\" data-tags=\"{Tout} \"  >        <p data-fake-id=\"#toggle-id-2\" class=\"toggler\"  itemprop=\"headline\"  >Composition chimique 409\/409L<span class=\"toggle_icon\" >        <span class=\"vert_icon\"><\/span><span class=\"hor_icon\"><\/span><\/span><\/p>        <div id=\"toggle-id-2-container\" class=\"toggle_wrap\"  >            <div class=\"toggle_content invers-color\"  itemprop=\"text\"   ><table>\n<tbody>\n<tr>\n<td width=\"93\">Grade<\/td>\n<td width=\"93\">C<\/td>\n<td width=\"93\">Mn<\/td>\n<td width=\"93\">Si<\/td>\n<td width=\"94\">P.<\/td>\n<td width=\"94\">S<\/td>\n<td width=\"100\">Cr<\/td>\n<td width=\"93\">Ni<\/td>\n<td width=\"94\">Ti<\/td>\n<\/tr>\n<tr>\n<td width=\"93\">409<\/td>\n<td width=\"93\">\u22640,08<\/td>\n<td width=\"93\">\u22641,0<\/td>\n<td width=\"93\">\u22641,0<\/td>\n<td width=\"94\">\u22640,045<\/td>\n<td width=\"94\">\u22640,045<\/td>\n<td width=\"100\">10.5-11.75<\/td>\n<td width=\"93\">\u22640,5<\/td>\n<td width=\"94\">0.48-0.75<\/td>\n<\/tr>\n<tr>\n<td width=\"93\">409L<\/td>\n<td width=\"93\">\u22640,030<\/td>\n<td width=\"93\">\u22641,0<\/td>\n<td width=\"93\">\u22641,0<\/td>\n<td width=\"94\">\u22640,045<\/td>\n<td width=\"94\">\u22640,045<\/td>\n<td width=\"100\">10.5-11.75<\/td>\n<td width=\"93\">\u22640,5<\/td>\n<td width=\"94\">\u22640,5<\/td>\n<\/tr>\n<\/tbody>\n<\/table>\n            <\/div>        <\/div>    <\/div><\/section>\n<section class=\"av_toggle_section\"  itemscope=\"itemscope\" itemtype=\"https:\/\/schema.org\/CreativeWork\"  >    <div class=\"single_toggle\" data-tags=\"{Tout} \"  >        <p data-fake-id=\"#toggle-id-3\" class=\"toggler\"  itemprop=\"headline\"  >Propri\u00e9t\u00e9s m\u00e9caniques 409\/409L<span class=\"toggle_icon\" >        <span class=\"vert_icon\"><\/span><span class=\"hor_icon\"><\/span><\/span><\/p>        <div id=\"toggle-id-3-container\" class=\"toggle_wrap\"  >            <div class=\"toggle_content invers-color\"  itemprop=\"text\"   ><table>\n<tbody>\n<tr>\n<td width=\"170\">Grade<\/td>\n<td width=\"170\">R\u00e9sistance \u00e0 la traction MPa (min)<\/td>\n<td width=\"170\">Limite d&#039;\u00e9lasticit\u00e9 0,21 TP3T MPa (min)<\/td>\n<td width=\"170\">Allongement %<\/td>\n<td width=\"170\">Duret\u00e9 (Brinell) MAX<\/td>\n<\/tr>\n<tr>\n<td width=\"170\">409<\/td>\n<td width=\"170\">380<\/td>\n<td width=\"170\">207<\/td>\n<td width=\"170\">20<\/td>\n<td width=\"170\">207<\/td>\n<\/tr>\n<tr>\n<td width=\"170\">409L<\/td>\n<td width=\"170\">380<\/td>\n<td width=\"170\">170<\/td>\n<td width=\"170\">20<\/td>\n<td width=\"170\">207<\/td>\n<\/tr>\n<\/tbody>\n<\/table>\n            <\/div>        <\/div>    <\/div><\/section>\n<\/div><\/p><\/div><\/div><!--close column table wrapper. Autoclose: 1 --><\/p>","protected":false},"excerpt":{"rendered":"","protected":false},"author":1,"featured_media":0,"parent":159,"menu_order":0,"comment_status":"closed","ping_status":"closed","template":"","meta":{"footnotes":""},"class_list":["post-1586","page","type-page","status-publish","hentry"],"aioseo_notices":[],"_links":{"self":[{"href":"https:\/\/wldstainless.com\/fr\/wp-json\/wp\/v2\/pages\/1586","targetHints":{"allow":["GET"]}}],"collection":[{"href":"https:\/\/wldstainless.com\/fr\/wp-json\/wp\/v2\/pages"}],"about":[{"href":"https:\/\/wldstainless.com\/fr\/wp-json\/wp\/v2\/types\/page"}],"author":[{"embeddable":true,"href":"https:\/\/wldstainless.com\/fr\/wp-json\/wp\/v2\/users\/1"}],"replies":[{"embeddable":true,"href":"https:\/\/wldstainless.com\/fr\/wp-json\/wp\/v2\/comments?post=1586"}],"version-history":[{"count":7,"href":"https:\/\/wldstainless.com\/fr\/wp-json\/wp\/v2\/pages\/1586\/revisions"}],"predecessor-version":[{"id":1912,"href":"https:\/\/wldstainless.com\/fr\/wp-json\/wp\/v2\/pages\/1586\/revisions\/1912"}],"up":[{"embeddable":true,"href":"https:\/\/wldstainless.com\/fr\/wp-json\/wp\/v2\/pages\/159"}],"wp:attachment":[{"href":"https:\/\/wldstainless.com\/fr\/wp-json\/wp\/v2\/media?parent=1586"}],"curies":[{"name":"wp","href":"https:\/\/api.w.org\/{rel}","templated":true}]}}