{"id":1578,"date":"2020-08-25T05:41:41","date_gmt":"2020-08-25T05:41:41","guid":{"rendered":"http:\/\/wldstainless.com\/?page_id=1578"},"modified":"2020-09-18T09:26:27","modified_gmt":"2020-09-18T09:26:27","slug":"201-stainless-steel","status":"publish","type":"page","link":"https:\/\/wldstainless.com\/fr\/materials\/austenitic-stainless-steel\/201-stainless-steel\/","title":{"rendered":"Acier inoxydable 201"},"content":{"rendered":"<div class='flex_column_table av-equal-height-column-flextable -flextable' ><div class=\"flex_column av_one_fourth  flex_column_table_cell av-equal-height-column av-align-top av-zero-column-padding first\" style='border-radius:0px; '><p><div class='avia-builder-widget-area clearfix'><div id=\"nav_menu-5\" class=\"widget clearfix widget_nav_menu\"><h3 class=\"widgettitle\">Mat\u00e9riel<\/h3><div class=\"menu-products-sidebar-menu-container\"><ul id=\"menu-products-sidebar-menu\" class=\"menu\"><li id=\"menu-item-1329\" class=\"menu-item menu-item-type-post_type menu-item-object-page menu-item-1329\"><a href=\"https:\/\/wldstainless.com\/fr\/materials\/ferritic-stainless-steel\/\">Acier inoxydable ferritique<\/a><\/li>\n<li id=\"menu-item-1328\" class=\"menu-item menu-item-type-post_type menu-item-object-page menu-item-1328\"><a href=\"https:\/\/wldstainless.com\/fr\/materials\/martensitic-stainless-steel\/\">Acier inoxydable martensitique<\/a><\/li>\n<li id=\"menu-item-1327\" class=\"menu-item menu-item-type-post_type menu-item-object-page menu-item-1327\"><a href=\"https:\/\/wldstainless.com\/fr\/materials\/austenitic-stainless-steel\/\">Acier inoxydable aust\u00e9nitique<\/a><\/li>\n<li id=\"menu-item-1889\" class=\"menu-item menu-item-type-post_type menu-item-object-page menu-item-1889\"><a href=\"https:\/\/wldstainless.com\/fr\/materials\/duplex-stainless-steel\/\">Acier inoxydable duplex<\/a><\/li>\n<\/ul><\/div><\/div><\/div><br \/>\n<div  class='hr hr-default'><span class='hr-inner' ><span class='hr-inner-style'><\/span><\/span><\/div><br \/>\n<div class='avia-button-wrap avia-button-left'><a href='http:\/\/wldstainless.com\/contact\/#contact' class='avia-button   avia-icon_select-yes-left-icon avia-color-custom avia-size-large avia-position-left'  target=\"_blank\"  style='background-color:#e82221; border-color:#e82221; color:#ffffff; ' ><span class='avia_button_icon avia_button_icon_left' aria-hidden='true' data-av_icon='\ue84b' data-av_iconfont='entypo-fontello'><\/span><span class='avia_iconbox_title' >Demander un devis<\/span><\/a><\/div><\/p><\/div><\/div><!--close column table wrapper. Autoclose: 1 --><div class='flex_column_table av-equal-height-column-flextable -flextable' ><div class='av-flex-placeholder'><\/div><div class=\"flex_column av_three_fourth  flex_column_table_cell av-equal-height-column av-align-top av-zero-column-padding\" style='border-radius:0px; '><p><div style='padding-bottom:10px;color:#d3311f;font-size:26px;' class='av-special-heading av-special-heading-h3 custom-color-heading blockquote modern-quote   av-inherit-size'><h3 class='av-special-heading-tag'  itemprop=\"headline\"  >Acier inoxydable 201<\/h3><div class='special-heading-border'><div class='special-heading-inner-border' style='border-color:#d3311f'><\/div><\/div><\/div><br \/>\n<section class=\"av_textblock_section\"  itemscope=\"itemscope\" itemtype=\"https:\/\/schema.org\/CreativeWork\" ><div class='avia_textblock'   itemprop=\"text\" ><p>WLD Stainless est un fabricant, fournisseur et exportateur leader de l&#039;acier inoxydable 201 sous forme de tuyau, tube, t\u00f4le, plaque, barre, tige et autres formes telles qu&#039;un ange, un canal, un cercle, une pi\u00e8ce coup\u00e9e. L&#039;acier inoxydable de type 201 est un alliage inoxydable aust\u00e9nitique \u00e0 haute teneur en mangan\u00e8se et \u00e0 faible teneur en nickel. Il offre une limite d&#039;\u00e9lasticit\u00e9 relativement \u00e9lev\u00e9e et une faible r\u00e9sistance \u00e0 la corrosion, et est devenu une alternative viable \u00e0 moindre co\u00fbt aux nuances aust\u00e9nitiques populaires 301 et 304 dans certaines applications de revenu. L&#039;acier inoxydable 201 est g\u00e9n\u00e9ralement utilis\u00e9 \u00e0 l&#039;\u00e9tat revenu, en particulier pour les ustensiles de cuisine, la d\u00e9coration ext\u00e9rieure et les panneaux de meubles, les ressorts et les fixations.<\/p>\n<p><strong>Quels sont les 201 formulaires et sp\u00e9cifications disponibles chez WLD Steel ?<\/strong><\/p>\n<table>\n<tbody>\n<tr>\n<td width=\"170\">Feuille\/plaque\/bobine<\/td>\n<td width=\"170\">Tuyau\/tube sans soudure<\/td>\n<td width=\"170\">Tuyau\/tube soud\u00e9<\/td>\n<td width=\"170\">Barre ronde<\/td>\n<td width=\"170\">Acier form\u00e9 (en forme)<\/td>\n<\/tr>\n<tr>\n<td width=\"170\">ASTMA240<\/td>\n<td width=\"170\">ASTM A789\u00a0;<\/p>\n<p>ASTMA790<\/td>\n<td width=\"170\">ASTMA269<\/td>\n<td width=\"170\">ASTMA276\u00a0;<\/p>\n<p>ASTMA479<\/td>\n<td width=\"170\">ASTMA276<\/td>\n<\/tr>\n<\/tbody>\n<\/table>\n<h2><\/h2>\n<\/div><\/section><br \/>\n<div class=\"togglecontainer   toggle_close_all\" >\n<section class=\"av_toggle_section\"  itemscope=\"itemscope\" itemtype=\"https:\/\/schema.org\/CreativeWork\"  >    <div class=\"single_toggle\" data-tags=\"{Tout} \"  >        <p data-fake-id=\"#toggle-id-1\" class=\"toggler activeTitle\"  itemprop=\"headline\"  >201 notes \u00e9quivalentes<span class=\"toggle_icon\" >        <span class=\"vert_icon\"><\/span><span class=\"hor_icon\"><\/span><\/span><\/p>        <div id=\"toggle-id-1-container\" class=\"toggle_wrap active_tc\"  style='display:block;'>            <div class=\"toggle_content invers-color\"  itemprop=\"text\"   ><table>\n<tbody>\n<tr>\n<td width=\"112\">STANDARD<\/td>\n<td width=\"114\">UNS<\/td>\n<td width=\"114\">FR\/DIN<\/td>\n<td width=\"114\">JIS<\/td>\n<td width=\"114\">OIN<\/td>\n<td width=\"114\">AFNOR<\/td>\n<td width=\"115\">FR<\/td>\n<\/tr>\n<tr>\n<td width=\"112\">SS201<\/td>\n<td width=\"114\">S20100<\/td>\n<td width=\"114\">X12CrMnNiN17-7-5<\/p>\n<p>1.4372<\/td>\n<td width=\"114\">SUS201<\/td>\n<td width=\"114\">A-2<\/td>\n<td width=\"114\">X12CrMnNiN17-7-5<\/td>\n<td width=\"115\">1Cr17Mn6Ni5N<\/td>\n<\/tr>\n<\/tbody>\n<\/table>\n            <\/div>        <\/div>    <\/div><\/section>\n<section class=\"av_toggle_section\"  itemscope=\"itemscope\" itemtype=\"https:\/\/schema.org\/CreativeWork\"  >    <div class=\"single_toggle\" data-tags=\"{Tout} \"  >        <p data-fake-id=\"#toggle-id-2\" class=\"toggler\"  itemprop=\"headline\"  >201 Composition chimique<span class=\"toggle_icon\" >        <span class=\"vert_icon\"><\/span><span class=\"hor_icon\"><\/span><\/span><\/p>        <div id=\"toggle-id-2-container\" class=\"toggle_wrap\"  >            <div class=\"toggle_content invers-color\"  itemprop=\"text\"   ><table>\n<tbody>\n<tr>\n<td width=\"106\">C<\/td>\n<td width=\"106\">Si<\/td>\n<td width=\"106\">Mn<\/td>\n<td width=\"106\">P.<\/td>\n<td width=\"106\">S<\/td>\n<td width=\"106\">Ni<\/td>\n<td width=\"106\">Cr<\/td>\n<td width=\"106\">N<\/td>\n<\/tr>\n<tr>\n<td width=\"106\">\u22640,15<\/td>\n<td width=\"106\">\u22641,00<\/td>\n<td width=\"106\">5h50\uff5e7h50<\/td>\n<td width=\"106\">\u22640,060<\/td>\n<td width=\"106\">\u22640,030<\/td>\n<td width=\"106\">3,50\uff5e 5,50<\/td>\n<td width=\"106\">16h00\uff5e18h00<\/td>\n<td width=\"106\">\u22640,25<\/td>\n<\/tr>\n<\/tbody>\n<\/table>\n            <\/div>        <\/div>    <\/div><\/section>\n<section class=\"av_toggle_section\"  itemscope=\"itemscope\" itemtype=\"https:\/\/schema.org\/CreativeWork\"  >    <div class=\"single_toggle\" data-tags=\"{Tout} \"  >        <p data-fake-id=\"#toggle-id-3\" class=\"toggler\"  itemprop=\"headline\"  >201 Propri\u00e9t\u00e9s m\u00e9caniques<span class=\"toggle_icon\" >        <span class=\"vert_icon\"><\/span><span class=\"hor_icon\"><\/span><\/span><\/p>        <div id=\"toggle-id-3-container\" class=\"toggle_wrap\"  >            <div class=\"toggle_content invers-color\"  itemprop=\"text\"   ><table>\n<tbody>\n<tr>\n<td width=\"200\">R\u00e9sistance \u00e0 la traction Mpa(min)<\/td>\n<td width=\"200\">Limite d&#039;\u00e9lasticit\u00e9 0,21 TP3T Mpa (min)<\/td>\n<td width=\"200\">Allongement %<\/td>\n<td width=\"200\">Duret\u00e9 (Brinell, HBW, max)<\/td>\n<\/tr>\n<tr>\n<td width=\"200\">515<\/td>\n<td width=\"200\">260<\/td>\n<td width=\"200\">40<\/td>\n<td width=\"200\">217<\/td>\n<\/tr>\n<\/tbody>\n<\/table>\n            <\/div>        <\/div>    <\/div><\/section>\n<\/div><br \/>\n<\/p><\/div><\/div><!--close column table wrapper. Autoclose: 1 --><\/p>","protected":false},"excerpt":{"rendered":"","protected":false},"author":1,"featured_media":0,"parent":1323,"menu_order":0,"comment_status":"closed","ping_status":"closed","template":"","meta":{"footnotes":""},"class_list":["post-1578","page","type-page","status-publish","hentry"],"aioseo_notices":[],"_links":{"self":[{"href":"https:\/\/wldstainless.com\/fr\/wp-json\/wp\/v2\/pages\/1578","targetHints":{"allow":["GET"]}}],"collection":[{"href":"https:\/\/wldstainless.com\/fr\/wp-json\/wp\/v2\/pages"}],"about":[{"href":"https:\/\/wldstainless.com\/fr\/wp-json\/wp\/v2\/types\/page"}],"author":[{"embeddable":true,"href":"https:\/\/wldstainless.com\/fr\/wp-json\/wp\/v2\/users\/1"}],"replies":[{"embeddable":true,"href":"https:\/\/wldstainless.com\/fr\/wp-json\/wp\/v2\/comments?post=1578"}],"version-history":[{"count":8,"href":"https:\/\/wldstainless.com\/fr\/wp-json\/wp\/v2\/pages\/1578\/revisions"}],"predecessor-version":[{"id":1894,"href":"https:\/\/wldstainless.com\/fr\/wp-json\/wp\/v2\/pages\/1578\/revisions\/1894"}],"up":[{"embeddable":true,"href":"https:\/\/wldstainless.com\/fr\/wp-json\/wp\/v2\/pages\/1323"}],"wp:attachment":[{"href":"https:\/\/wldstainless.com\/fr\/wp-json\/wp\/v2\/media?parent=1578"}],"curies":[{"name":"wp","href":"https:\/\/api.w.org\/{rel}","templated":true}]}}