{"id":1522,"date":"2020-08-19T06:49:25","date_gmt":"2020-08-19T06:49:25","guid":{"rendered":"http:\/\/wldstainless.com\/?page_id=1522"},"modified":"2020-09-18T09:34:26","modified_gmt":"2020-09-18T09:34:26","slug":"410-410s-stainless-steel","status":"publish","type":"page","link":"https:\/\/wldstainless.com\/fr\/materials\/ferritic-stainless-steel\/410-410s-stainless-steel\/","title":{"rendered":"Acier inoxydable 410\/410S"},"content":{"rendered":"<div class='flex_column_table av-equal-height-column-flextable -flextable' ><div class=\"flex_column av_one_fourth  flex_column_table_cell av-equal-height-column av-align-top av-zero-column-padding first\" style='border-radius:0px; '><p><div class='avia-builder-widget-area clearfix'><div id=\"nav_menu-5\" class=\"widget clearfix widget_nav_menu\"><h3 class=\"widgettitle\">Mat\u00e9riel<\/h3><div class=\"menu-products-sidebar-menu-container\"><ul id=\"menu-products-sidebar-menu\" class=\"menu\"><li id=\"menu-item-1329\" class=\"menu-item menu-item-type-post_type menu-item-object-page menu-item-1329\"><a href=\"https:\/\/wldstainless.com\/fr\/materials\/ferritic-stainless-steel\/\">Acier inoxydable ferritique<\/a><\/li>\n<li id=\"menu-item-1328\" class=\"menu-item menu-item-type-post_type menu-item-object-page menu-item-1328\"><a href=\"https:\/\/wldstainless.com\/fr\/materials\/martensitic-stainless-steel\/\">Acier inoxydable martensitique<\/a><\/li>\n<li id=\"menu-item-1327\" class=\"menu-item menu-item-type-post_type menu-item-object-page menu-item-1327\"><a href=\"https:\/\/wldstainless.com\/fr\/materials\/austenitic-stainless-steel\/\">Acier inoxydable aust\u00e9nitique<\/a><\/li>\n<li id=\"menu-item-1889\" class=\"menu-item menu-item-type-post_type menu-item-object-page menu-item-1889\"><a href=\"https:\/\/wldstainless.com\/fr\/materials\/duplex-stainless-steel\/\">Acier inoxydable duplex<\/a><\/li>\n<\/ul><\/div><\/div><\/div><br \/>\n<div  class='hr hr-default'><span class='hr-inner' ><span class='hr-inner-style'><\/span><\/span><\/div><br \/>\n<div class='avia-button-wrap avia-button-left'><a href='http:\/\/wldstainless.com\/contact\/#contact' class='avia-button   avia-icon_select-yes-left-icon avia-color-custom avia-size-large avia-position-left'  target=\"_blank\"  style='background-color:#e82221; border-color:#e82221; color:#ffffff; ' ><span class='avia_button_icon avia_button_icon_left' aria-hidden='true' data-av_icon='\ue84b' data-av_iconfont='entypo-fontello'><\/span><span class='avia_iconbox_title' >Demander un devis<\/span><\/a><\/div><\/p><\/div><\/div><!--close column table wrapper. Autoclose: 1 --><div class='flex_column_table av-equal-height-column-flextable -flextable' ><div class='av-flex-placeholder'><\/div><div class=\"flex_column av_three_fourth  flex_column_table_cell av-equal-height-column av-align-top av-zero-column-padding\" style='border-radius:0px; '><p><div style='padding-bottom:10px;color:#d3311f;' class='av-special-heading av-special-heading-h3 custom-color-heading'><h3 class='av-special-heading-tag'  itemprop=\"headline\"  >Acier inoxydable 410\/410S <\/h3><div class='special-heading-border'><div class='special-heading-inner-border' style='border-color:#d3311f'><\/div><\/div><\/div><br \/>\n<section class=\"av_textblock_section\"  itemscope=\"itemscope\" itemtype=\"https:\/\/schema.org\/CreativeWork\" ><div class='avia_textblock'   itemprop=\"text\" ><p>WLD Steel est l&#039;un des principaux fabricants, fournisseurs et exportateurs d&#039;acier inoxydable 410\/410S disponible dans un certain nombre de tailles et de formes diff\u00e9rentes, notamment des tuyaux, des tubes, des t\u00f4les, des plaques, des barres, des tiges et d&#039;autres formes comme un ange, un canal, un cercle, une coupe. morceau et ainsi de suite.<\/p>\n<p>L&#039;acier inoxydable 410 est un type d&#039;acier inoxydable \u00e0 faible co\u00fbt et traitable thermiquement pour un usage g\u00e9n\u00e9ral. Il a \u00e9t\u00e9 largement utilis\u00e9 l\u00e0 o\u00f9 la corrosion n&#039;est pas grave (air, eau, certains produits chimiques et acides alimentaires, ou pi\u00e8ces tr\u00e8s sollicit\u00e9es n\u00e9cessitant une combinaison de r\u00e9sistance). et la r\u00e9sistance \u00e0 la corrosion telles que les fixations et les pi\u00e8ces de vannes. Le 410S est la version \u00e0 faible teneur en carbone du type 410. Il offre une soudabilit\u00e9 am\u00e9lior\u00e9e, mais une trempabilit\u00e9 inf\u00e9rieure recommand\u00e9e pour les applications r\u00e9sistant \u00e0 la corrosion est la principale consommation du dispositif de traitement de la vapeur d&#039;\u00e9chappement des automobiles, de la chambre de combustion de la chaudi\u00e8re ou de la buse.<\/p>\n<p><strong>Quelles sont les formes 410\/410S disponibles chez WLD Steel\u00a0?<\/strong><\/p>\n<table>\n<tbody>\n<tr>\n<td width=\"170\">Feuille\/plaque\/bobine<\/td>\n<td width=\"170\">Tuyau\/Tube sans soudure<\/td>\n<td width=\"170\">Tuyau\/Tube soud\u00e9<\/td>\n<td width=\"170\">Barre ronde<\/td>\n<td width=\"170\">Acier form\u00e9 (en forme)<\/td>\n<\/tr>\n<tr>\n<td width=\"170\">ASTMA240<\/p>\n<p>ASTMA480<\/td>\n<td width=\"170\">ASTMA312<\/p>\n<p>ASTMA213<\/td>\n<td width=\"170\">ASTMA554<\/td>\n<td width=\"170\">ASTMA276<\/p>\n<p>ASTMA479<\/td>\n<td width=\"170\">ASTMA276<\/td>\n<\/tr>\n<\/tbody>\n<\/table>\n<\/div><\/section><br \/>\n<div class=\"togglecontainer\" >\n<section class=\"av_toggle_section\"  itemscope=\"itemscope\" itemtype=\"https:\/\/schema.org\/CreativeWork\"  >    <div class=\"single_toggle\" data-tags=\"{Tout} \"  >        <p data-fake-id=\"#toggle-id-1\" class=\"toggler\"  itemprop=\"headline\"  >Mat\u00e9riaux \u00e9quivalents \u00e0 l&#039;acier 410\/410S<span class=\"toggle_icon\" >        <span class=\"vert_icon\"><\/span><span class=\"hor_icon\"><\/span><\/span><\/p>        <div id=\"toggle-id-1-container\" class=\"toggle_wrap\"  >            <div class=\"toggle_content invers-color\"  itemprop=\"text\"   ><table>\n<tbody>\n<tr>\n<td width=\"106\">Grade<\/td>\n<td width=\"106\">UNS<\/td>\n<td width=\"106\">AISI<\/td>\n<td width=\"106\">BS<\/td>\n<td width=\"106\">VACARME<\/td>\n<td width=\"106\">FR<\/td>\n<td width=\"106\">JIS<\/td>\n<td width=\"106\">FR<\/td>\n<\/tr>\n<tr>\n<td width=\"106\">SS410<\/td>\n<td width=\"106\">S41000<\/td>\n<td width=\"106\">410<\/td>\n<td width=\"106\">410S21<\/td>\n<td width=\"106\">1.4006<\/td>\n<td width=\"106\">X12Cr13<\/td>\n<td width=\"106\">SUS410<\/td>\n<td width=\"106\">1Cr13<\/td>\n<\/tr>\n<tr>\n<td width=\"106\">SS410S<\/td>\n<td width=\"106\">S41008<\/td>\n<td width=\"106\">410S<\/td>\n<td width=\"106\"><\/td>\n<td width=\"106\">1.4000<\/td>\n<td width=\"106\"><\/td>\n<td width=\"106\"><\/td>\n<td width=\"106\">00Cr12<\/td>\n<\/tr>\n<\/tbody>\n<\/table>\n            <\/div>        <\/div>    <\/div><\/section>\n<section class=\"av_toggle_section\"  itemscope=\"itemscope\" itemtype=\"https:\/\/schema.org\/CreativeWork\"  >    <div class=\"single_toggle\" data-tags=\"{Tout} \"  >        <p data-fake-id=\"#toggle-id-2\" class=\"toggler\"  itemprop=\"headline\"  >Composition chimique du 410\/410S <span class=\"toggle_icon\" >        <span class=\"vert_icon\"><\/span><span class=\"hor_icon\"><\/span><\/span><\/p>        <div id=\"toggle-id-2-container\" class=\"toggle_wrap\"  >            <div class=\"toggle_content invers-color\"  itemprop=\"text\"   ><table>\n<tbody>\n<tr>\n<td width=\"73\">Grade<\/td>\n<td width=\"126\">Cr<\/td>\n<td width=\"76\">Mn<\/td>\n<td width=\"76\">Si<\/td>\n<td width=\"97\">Ni<\/td>\n<td width=\"81\">C<\/td>\n<td width=\"87\">P.<\/td>\n<td width=\"87\">S<\/td>\n<td width=\"81\">Fe<\/td>\n<\/tr>\n<tr>\n<td width=\"73\">SS410<\/td>\n<td width=\"126\">11h50 \u2013 13h50<\/td>\n<td width=\"76\">\u22641,50<\/td>\n<td width=\"76\">\u22641,00<\/td>\n<td width=\"97\">\u2264 0,75<\/td>\n<td width=\"81\">0,08 \u2013 0,15<\/td>\n<td width=\"87\">0.04<\/td>\n<td width=\"87\">0.02<\/td>\n<td width=\"81\">\u00c9quilibre<\/td>\n<\/tr>\n<tr>\n<td width=\"73\">SS410S<\/td>\n<td width=\"126\">11h50-13h50<\/td>\n<td width=\"76\">1,00 maximum<\/td>\n<td width=\"76\">1.00<\/td>\n<td width=\"97\">0.20-0.55<\/td>\n<td width=\"81\">0.08<\/td>\n<td width=\"87\">0.040<\/td>\n<td width=\"87\">0.030<\/td>\n<td width=\"81\">\u00c9quilibre<\/td>\n<\/tr>\n<\/tbody>\n<\/table>\n            <\/div>        <\/div>    <\/div><\/section>\n<section class=\"av_toggle_section\"  itemscope=\"itemscope\" itemtype=\"https:\/\/schema.org\/CreativeWork\"  >    <div class=\"single_toggle\" data-tags=\"{Tout} \"  >        <p data-fake-id=\"#toggle-id-3\" class=\"toggler\"  itemprop=\"headline\"  >Propri\u00e9t\u00e9s m\u00e9caniques du 410\/410S<span class=\"toggle_icon\" >        <span class=\"vert_icon\"><\/span><span class=\"hor_icon\"><\/span><\/span><\/p>        <div id=\"toggle-id-3-container\" class=\"toggle_wrap\"  >            <div class=\"toggle_content invers-color\"  itemprop=\"text\"   ><table>\n<tbody>\n<tr>\n<td width=\"116\">Notes<\/td>\n<td width=\"162\">R\u00e9sistance \u00e0 la traction (MPa)<\/td>\n<td width=\"190\">Limite d&#039;\u00e9lasticit\u00e9 d\u00e9cal\u00e9e 0,2% (Mpa)<\/td>\n<td width=\"214\">Allongement, % en 2\u2033 (51 mm)<\/td>\n<td width=\"160\">R\u00e9ponse de durcissement HRC<\/td>\n<\/tr>\n<tr>\n<td width=\"116\">SS410 \/ 410S<\/td>\n<td width=\"162\">450-510<\/td>\n<td width=\"190\">205 \u2013 290<\/td>\n<td width=\"214\">20 \u2013 34<\/td>\n<td width=\"160\">38-45<\/td>\n<\/tr>\n<\/tbody>\n<\/table>\n            <\/div>        <\/div>    <\/div><\/section>\n<\/div><\/p><\/div><\/div><!--close column table wrapper. Autoclose: 1 --><\/p>","protected":false},"excerpt":{"rendered":"","protected":false},"author":1,"featured_media":0,"parent":159,"menu_order":0,"comment_status":"closed","ping_status":"closed","template":"","meta":{"footnotes":""},"class_list":["post-1522","page","type-page","status-publish","hentry"],"aioseo_notices":[],"_links":{"self":[{"href":"https:\/\/wldstainless.com\/fr\/wp-json\/wp\/v2\/pages\/1522","targetHints":{"allow":["GET"]}}],"collection":[{"href":"https:\/\/wldstainless.com\/fr\/wp-json\/wp\/v2\/pages"}],"about":[{"href":"https:\/\/wldstainless.com\/fr\/wp-json\/wp\/v2\/types\/page"}],"author":[{"embeddable":true,"href":"https:\/\/wldstainless.com\/fr\/wp-json\/wp\/v2\/users\/1"}],"replies":[{"embeddable":true,"href":"https:\/\/wldstainless.com\/fr\/wp-json\/wp\/v2\/comments?post=1522"}],"version-history":[{"count":6,"href":"https:\/\/wldstainless.com\/fr\/wp-json\/wp\/v2\/pages\/1522\/revisions"}],"predecessor-version":[{"id":1913,"href":"https:\/\/wldstainless.com\/fr\/wp-json\/wp\/v2\/pages\/1522\/revisions\/1913"}],"up":[{"embeddable":true,"href":"https:\/\/wldstainless.com\/fr\/wp-json\/wp\/v2\/pages\/159"}],"wp:attachment":[{"href":"https:\/\/wldstainless.com\/fr\/wp-json\/wp\/v2\/media?parent=1522"}],"curies":[{"name":"wp","href":"https:\/\/api.w.org\/{rel}","templated":true}]}}