{"id":1502,"date":"2020-08-17T05:48:30","date_gmt":"2020-08-17T05:48:30","guid":{"rendered":"http:\/\/wldstainless.com\/?page_id=1502"},"modified":"2020-09-18T09:28:55","modified_gmt":"2020-09-18T09:28:55","slug":"316-316l-stainless-steel","status":"publish","type":"page","link":"https:\/\/wldstainless.com\/fr\/materials\/austenitic-stainless-steel\/316-316l-stainless-steel\/","title":{"rendered":"Acier inoxydable 316\/316L"},"content":{"rendered":"<div class='flex_column_table av-equal-height-column-flextable -flextable' ><div class=\"flex_column av_one_fourth  flex_column_table_cell av-equal-height-column av-align-top av-zero-column-padding first\" style='border-radius:0px; '><p><div class='avia-builder-widget-area clearfix'><div id=\"nav_menu-5\" class=\"widget clearfix widget_nav_menu\"><h3 class=\"widgettitle\">Mat\u00e9riel<\/h3><div class=\"menu-products-sidebar-menu-container\"><ul id=\"menu-products-sidebar-menu\" class=\"menu\"><li id=\"menu-item-1329\" class=\"menu-item menu-item-type-post_type menu-item-object-page menu-item-1329\"><a href=\"https:\/\/wldstainless.com\/fr\/materials\/ferritic-stainless-steel\/\">Acier inoxydable ferritique<\/a><\/li>\n<li id=\"menu-item-1328\" class=\"menu-item menu-item-type-post_type menu-item-object-page menu-item-1328\"><a href=\"https:\/\/wldstainless.com\/fr\/materials\/martensitic-stainless-steel\/\">Acier inoxydable martensitique<\/a><\/li>\n<li id=\"menu-item-1327\" class=\"menu-item menu-item-type-post_type menu-item-object-page menu-item-1327\"><a href=\"https:\/\/wldstainless.com\/fr\/materials\/austenitic-stainless-steel\/\">Acier inoxydable aust\u00e9nitique<\/a><\/li>\n<li id=\"menu-item-1889\" class=\"menu-item menu-item-type-post_type menu-item-object-page menu-item-1889\"><a href=\"https:\/\/wldstainless.com\/fr\/materials\/duplex-stainless-steel\/\">Acier inoxydable duplex<\/a><\/li>\n<\/ul><\/div><\/div><\/div><br \/>\n<div  class='hr hr-default'><span class='hr-inner' ><span class='hr-inner-style'><\/span><\/span><\/div><br \/>\n<div class='avia-button-wrap avia-button-left'><a href='http:\/\/wldstainless.com\/contact\/#contact' class='avia-button   avia-icon_select-yes-left-icon avia-color-custom avia-size-large avia-position-left'  target=\"_blank\"  style='background-color:#e82221; border-color:#e82221; color:#ffffff; ' ><span class='avia_button_icon avia_button_icon_left' aria-hidden='true' data-av_icon='\ue84b' data-av_iconfont='entypo-fontello'><\/span><span class='avia_iconbox_title' >Demander un devis<\/span><\/a><\/div><\/p><\/div><\/div><!--close column table wrapper. Autoclose: 1 --><div class='flex_column_table av-equal-height-column-flextable -flextable' ><div class='av-flex-placeholder'><\/div><div class=\"flex_column av_three_fourth  flex_column_table_cell av-equal-height-column av-align-top av-zero-column-padding\" style='border-radius:0px; '><p><div style='padding-bottom:10px;color:#d3311f;font-size:26px;' class='av-special-heading av-special-heading-h3 custom-color-heading blockquote modern-quote   av-inherit-size'><h3 class='av-special-heading-tag'  itemprop=\"headline\"  >Acier inoxydable 316\/316L<\/h3><div class='special-heading-border'><div class='special-heading-inner-border' style='border-color:#d3311f'><\/div><\/div><\/div><br \/>\n<section class=\"av_textblock_section\"  itemscope=\"itemscope\" itemtype=\"https:\/\/schema.org\/CreativeWork\" ><div class='avia_textblock'   itemprop=\"text\" ><p>WLD Steel est l&#039;un des principaux fabricants, fournisseurs et exportateurs d&#039;acier inoxydable 316\/316L sous la forme de tuyaux, tubes, t\u00f4les, plaques, barres, tiges et autres formes comme un ange, un canal, un cercle, une pi\u00e8ce coup\u00e9e, etc. Semblables aux 304 et 304L, avec plus de teneur en Mo, les aciers inoxydables aust\u00e9nitiques 316 et 316L offrent de bonnes propri\u00e9t\u00e9s de r\u00e9sistance, de plasticit\u00e9, de t\u00e9nacit\u00e9 et de formage \u00e0 froid. Le 316L est une version \u00e0 faible teneur en carbone du 316 avec une r\u00e9sistance l\u00e9g\u00e8rement inf\u00e9rieure.<\/p>\n<p>Tous deux offrent une r\u00e9sistance \u00e0 la corrosion et fonctionnent bien \u00e0 basse temp\u00e9rature, en particulier dans divers acides organiques, acides inorganiques, bases et sels (tels que l&#039;acide sulfureux, l&#039;acide sulfurique, l&#039;acide phosphorique, l&#039;acide ac\u00e9tique, l&#039;acide formique, etc.) et dans l&#039;eau de mer. Il est \u00e0 noter que leur r\u00e9sistance \u00e0 la corrosion est de loin sup\u00e9rieure \u00e0 celle des aciers inoxydables 304 et 304L en milieu acide r\u00e9ducteur.<\/p>\n<p>Quelles sont les formes et sp\u00e9cifications 316\/316L disponibles chez WLD Steel\u00a0?<\/p>\n<table>\n<tbody>\n<tr>\n<td width=\"170\">Feuille\/plaque\/bobine<\/td>\n<td width=\"170\">Tuyau\/tube sans soudure<\/td>\n<td width=\"170\">Tuyau\/tube soud\u00e9<\/td>\n<td width=\"170\">Barre ronde<\/td>\n<td width=\"170\">Acier form\u00e9 (en forme)<\/td>\n<\/tr>\n<tr>\n<td width=\"170\">ASTMA240<\/td>\n<td width=\"170\">ASTM A789\u00a0;<\/p>\n<p>ASTMA790<\/td>\n<td width=\"170\">ASTMA928<\/td>\n<td width=\"170\">ASTMA276\u00a0;<\/p>\n<p>ASTMA479<\/td>\n<td width=\"170\">ASTMA276<\/td>\n<\/tr>\n<\/tbody>\n<\/table>\n<h2><\/h2>\n<\/div><\/section><br \/>\n<div class=\"togglecontainer   toggle_close_all\" >\n<section class=\"av_toggle_section\"  itemscope=\"itemscope\" itemtype=\"https:\/\/schema.org\/CreativeWork\"  >    <div class=\"single_toggle\" data-tags=\"{Tout} \"  >        <p data-fake-id=\"#toggle-id-1\" class=\"toggler\"  itemprop=\"headline\"  >Qualit\u00e9s \u00e9quivalentes 316\/316L<span class=\"toggle_icon\" >        <span class=\"vert_icon\"><\/span><span class=\"hor_icon\"><\/span><\/span><\/p>        <div id=\"toggle-id-1-container\" class=\"toggle_wrap\"  >            <div class=\"toggle_content invers-color\"  itemprop=\"text\"   ><table>\n<tbody>\n<tr>\n<td width=\"123\">STANDARD<\/td>\n<td width=\"123\">WERKSTOFF NR.<\/td>\n<td width=\"123\">UNS<\/td>\n<td width=\"123\">JIS<\/td>\n<td width=\"123\">BS<\/td>\n<td width=\"123\">FR<\/td>\n<td width=\"124\">FR<\/td>\n<\/tr>\n<tr>\n<td width=\"123\">SS 316<\/td>\n<td width=\"123\">1.4401\/\u00a01.4436<\/td>\n<td width=\"123\">S31600<\/td>\n<td width=\"123\">SUS316<\/td>\n<td width=\"123\">316S31 \/ 316S33<\/td>\n<td width=\"123\">X5CrNiMo17-12-2 \/ X3CrNiMo17-13-3<\/td>\n<td width=\"124\">06Cr17Ni12Mo2<\/td>\n<\/tr>\n<tr>\n<td width=\"123\">Acier inoxydable 316L<\/td>\n<td width=\"123\">1.4404\/\u00a01.4435<\/td>\n<td width=\"123\">S31603<\/td>\n<td width=\"123\">SUS316L<\/td>\n<td width=\"123\">316S11 \/ 316S13<\/td>\n<td width=\"123\">X2CrNiMo17-12-2 \/ X2CrNiMo18-14-3<\/td>\n<td width=\"124\">022Cr17Ni12Mo2<\/td>\n<\/tr>\n<\/tbody>\n<\/table>\n            <\/div>        <\/div>    <\/div><\/section>\n<section class=\"av_toggle_section\"  itemscope=\"itemscope\" itemtype=\"https:\/\/schema.org\/CreativeWork\"  >    <div class=\"single_toggle\" data-tags=\"{Tout} \"  >        <p data-fake-id=\"#toggle-id-2\" class=\"toggler\"  itemprop=\"headline\"  >Composition chimique 316\/316L<span class=\"toggle_icon\" >        <span class=\"vert_icon\"><\/span><span class=\"hor_icon\"><\/span><\/span><\/p>        <div id=\"toggle-id-2-container\" class=\"toggle_wrap\"  >            <div class=\"toggle_content invers-color\"  itemprop=\"text\"   ><table>\n<tbody>\n<tr>\n<td width=\"123\">STANDARD<\/td>\n<td width=\"123\">WERKSTOFF NR.<\/td>\n<td width=\"102\">UNS<\/td>\n<td width=\"95\">JIS<\/td>\n<td width=\"123\">BS<\/td>\n<td width=\"183\">FR<\/td>\n<td width=\"113\">FR<\/td>\n<\/tr>\n<tr>\n<td width=\"123\">SS 316<\/td>\n<td width=\"123\">1.4401\/\u00a01.4436<\/td>\n<td width=\"102\">S31600<\/td>\n<td width=\"95\">SUS316<\/td>\n<td width=\"123\">316S31 \/ 316S33<\/td>\n<td width=\"183\">X5CrNiMo17-12-2 \/X3CrNiMo17-13-3<\/td>\n<td width=\"113\">06Cr17Ni12Mo2<\/td>\n<\/tr>\n<tr>\n<td width=\"123\">Acier inoxydable 316L<\/td>\n<td width=\"123\">1.4404\/\u00a01.4435<\/td>\n<td width=\"102\">S31603<\/td>\n<td width=\"95\">SUS316L<\/td>\n<td width=\"123\">316S11 \/ 316S13<\/td>\n<td width=\"183\">X2CrNiMo17-12-2 \/X2CrNiMo18-14-3<\/td>\n<td width=\"113\">022Cr17Ni12Mo2<\/td>\n<\/tr>\n<\/tbody>\n<\/table>\n            <\/div>        <\/div>    <\/div><\/section>\n<section class=\"av_toggle_section\"  itemscope=\"itemscope\" itemtype=\"https:\/\/schema.org\/CreativeWork\"  >    <div class=\"single_toggle\" data-tags=\"{Tout} \"  >        <p data-fake-id=\"#toggle-id-3\" class=\"toggler\"  itemprop=\"headline\"  > Propri\u00e9t\u00e9s m\u00e9caniques du 316\/316L<span class=\"toggle_icon\" >        <span class=\"vert_icon\"><\/span><span class=\"hor_icon\"><\/span><\/span><\/p>        <div id=\"toggle-id-3-container\" class=\"toggle_wrap\"  >            <div class=\"toggle_content invers-color\"  itemprop=\"text\"   ><table>\n<tbody>\n<tr>\n<td width=\"88\">Notes<\/td>\n<td width=\"88\">C<\/td>\n<td width=\"88\">Mn<\/td>\n<td width=\"88\">Si<\/td>\n<td width=\"88\">P.<\/td>\n<td width=\"88\">S<\/td>\n<td width=\"88\">Cr<\/td>\n<td width=\"88\">Ni<\/td>\n<td width=\"88\">Mo<\/td>\n<td width=\"88\">N<\/td>\n<\/tr>\n<tr>\n<td width=\"88\">316<br \/>\n(S31600)<\/td>\n<td width=\"88\">\u22640,08<\/td>\n<td width=\"88\">\u22642,0<\/td>\n<td width=\"88\">\u22640,75<\/td>\n<td width=\"88\">\u22640,045<\/td>\n<td width=\"88\">\u22640,03<\/td>\n<td width=\"88\">16.0-18.0<\/td>\n<td width=\"88\">10.0-14.0<\/td>\n<td width=\"88\">2.0-3.0<\/td>\n<td width=\"88\">0.10<\/td>\n<\/tr>\n<tr>\n<td width=\"88\">316L<br \/>\n(S31603)<\/td>\n<td width=\"88\">\u22640,03<\/td>\n<td width=\"88\">\u22642,0<\/td>\n<td width=\"88\">\u22640,75<\/td>\n<td width=\"88\">\u22640,045<\/td>\n<td width=\"88\">\u22640,03<\/td>\n<td width=\"88\">16.0-18.0<\/td>\n<td width=\"88\">10.0-14.0<\/td>\n<td width=\"88\">2.0-3.0<\/td>\n<td width=\"88\">0.10<\/td>\n<\/tr>\n<\/tbody>\n<\/table>\n            <\/div>        <\/div>    <\/div><\/section>\n<\/div><\/p><\/div><\/div><!--close column table wrapper. Autoclose: 1 --><\/p>","protected":false},"excerpt":{"rendered":"","protected":false},"author":1,"featured_media":0,"parent":1323,"menu_order":0,"comment_status":"closed","ping_status":"closed","template":"","meta":{"footnotes":""},"class_list":["post-1502","page","type-page","status-publish","hentry"],"aioseo_notices":[],"_links":{"self":[{"href":"https:\/\/wldstainless.com\/fr\/wp-json\/wp\/v2\/pages\/1502","targetHints":{"allow":["GET"]}}],"collection":[{"href":"https:\/\/wldstainless.com\/fr\/wp-json\/wp\/v2\/pages"}],"about":[{"href":"https:\/\/wldstainless.com\/fr\/wp-json\/wp\/v2\/types\/page"}],"author":[{"embeddable":true,"href":"https:\/\/wldstainless.com\/fr\/wp-json\/wp\/v2\/users\/1"}],"replies":[{"embeddable":true,"href":"https:\/\/wldstainless.com\/fr\/wp-json\/wp\/v2\/comments?post=1502"}],"version-history":[{"count":6,"href":"https:\/\/wldstainless.com\/fr\/wp-json\/wp\/v2\/pages\/1502\/revisions"}],"predecessor-version":[{"id":1901,"href":"https:\/\/wldstainless.com\/fr\/wp-json\/wp\/v2\/pages\/1502\/revisions\/1901"}],"up":[{"embeddable":true,"href":"https:\/\/wldstainless.com\/fr\/wp-json\/wp\/v2\/pages\/1323"}],"wp:attachment":[{"href":"https:\/\/wldstainless.com\/fr\/wp-json\/wp\/v2\/media?parent=1502"}],"curies":[{"name":"wp","href":"https:\/\/api.w.org\/{rel}","templated":true}]}}