{"id":1427,"date":"2020-08-11T01:31:50","date_gmt":"2020-08-11T01:31:50","guid":{"rendered":"http:\/\/wldstainless.com\/?page_id=1427"},"modified":"2020-09-18T09:28:29","modified_gmt":"2020-09-18T09:28:29","slug":"309s-stainless-steel","status":"publish","type":"page","link":"https:\/\/wldstainless.com\/fr\/materials\/austenitic-stainless-steel\/309s-stainless-steel\/","title":{"rendered":"Acier inoxydable 309S"},"content":{"rendered":"<div class='flex_column_table av-equal-height-column-flextable -flextable' ><div class=\"flex_column av_one_fourth  flex_column_table_cell av-equal-height-column av-align-top av-zero-column-padding first\" style='border-radius:0px; '><p><div class='avia-builder-widget-area clearfix'><div id=\"nav_menu-5\" class=\"widget clearfix widget_nav_menu\"><h3 class=\"widgettitle\">Mat\u00e9riel<\/h3><div class=\"menu-products-sidebar-menu-container\"><ul id=\"menu-products-sidebar-menu\" class=\"menu\"><li id=\"menu-item-1329\" class=\"menu-item menu-item-type-post_type menu-item-object-page menu-item-1329\"><a href=\"https:\/\/wldstainless.com\/fr\/materials\/ferritic-stainless-steel\/\">Acier inoxydable ferritique<\/a><\/li>\n<li id=\"menu-item-1328\" class=\"menu-item menu-item-type-post_type menu-item-object-page menu-item-1328\"><a href=\"https:\/\/wldstainless.com\/fr\/materials\/martensitic-stainless-steel\/\">Acier inoxydable martensitique<\/a><\/li>\n<li id=\"menu-item-1327\" class=\"menu-item menu-item-type-post_type menu-item-object-page menu-item-1327\"><a href=\"https:\/\/wldstainless.com\/fr\/materials\/austenitic-stainless-steel\/\">Acier inoxydable aust\u00e9nitique<\/a><\/li>\n<li id=\"menu-item-1889\" class=\"menu-item menu-item-type-post_type menu-item-object-page menu-item-1889\"><a href=\"https:\/\/wldstainless.com\/fr\/materials\/duplex-stainless-steel\/\">Acier inoxydable duplex<\/a><\/li>\n<\/ul><\/div><\/div><\/div><br \/>\n<div  class='hr hr-default'><span class='hr-inner' ><span class='hr-inner-style'><\/span><\/span><\/div><br \/>\n<div class='avia-button-wrap avia-button-left'><a href='http:\/\/wldstainless.com\/contact\/#contact' class='avia-button   avia-icon_select-yes-left-icon avia-color-custom avia-size-large avia-position-left'  target=\"_blank\"  style='background-color:#e82221; border-color:#e82221; color:#ffffff; ' ><span class='avia_button_icon avia_button_icon_left' aria-hidden='true' data-av_icon='\ue84b' data-av_iconfont='entypo-fontello'><\/span><span class='avia_iconbox_title' >Demander un devis<\/span><\/a><\/div><\/p><\/div><\/div><!--close column table wrapper. Autoclose: 1 --><div class='flex_column_table av-equal-height-column-flextable -flextable' ><div class='av-flex-placeholder'><\/div><div class=\"flex_column av_three_fourth  flex_column_table_cell av-equal-height-column av-align-top av-zero-column-padding\" style='border-radius:0px; '><p><div style='padding-bottom:10px;color:#d3311f;' class='av-special-heading av-special-heading-h3 custom-color-heading'><h3 class='av-special-heading-tag'  itemprop=\"headline\"  >Acier inoxydable 309S <\/h3><div class='special-heading-border'><div class='special-heading-inner-border' style='border-color:#d3311f'><\/div><\/div><\/div><br \/>\n<section class=\"av_textblock_section\"  itemscope=\"itemscope\" itemtype=\"https:\/\/schema.org\/CreativeWork\" ><div class='avia_textblock'   itemprop=\"text\" ><p>WLD Steel est l&#039;un des principaux fabricants, fournisseurs et exportateurs d&#039;acier inoxydable 309\/309S disponible dans un certain nombre de tailles et de formes diff\u00e9rentes, notamment des tuyaux, des tubes, des t\u00f4les, des plaques, des barres, des tiges et d&#039;autres formes comme un ange, un canal, un cercle, etc. sur. Le 309S est un type d&#039;acier inoxydable de d\u00e9colletage contenant du soufre, est un acier inoxydable 309 \u00e0 faible teneur en carbone. Sa faible teneur en carbone minimise les pr\u00e9cipitations de carbure et am\u00e9liore la soudabilit\u00e9. Il peut r\u00e9sister \u00e0 un chauffage r\u00e9p\u00e9t\u00e9 en dessous de 980 \u2103, avec une r\u00e9sistance \u00e0 haute temp\u00e9rature et une r\u00e9sistance \u00e0 l&#039;oxydation, les performances anti-carburation ont \u00e9t\u00e9 largement utilis\u00e9es dans les chaudi\u00e8res, l&#039;\u00e9nergie (\u00e9nergie nucl\u00e9aire, \u00e9nergie thermique, piles \u00e0 combustible), les fours industriels, les incin\u00e9rateurs, les fours de chauffage, les produits chimiques. , p\u00e9trochimique et autres domaines.<\/p>\n<p>Quels sont les formulaires et sp\u00e9cifications 309S disponibles chez WLD Steel\u00a0?<\/p>\n<table>\n<tbody>\n<tr>\n<td width=\"170\">Feuille\/plaque\/bobine<\/td>\n<td width=\"170\">Tuyau\/tube sans soudure<\/td>\n<td width=\"170\">Tuyau\/tube soud\u00e9<\/td>\n<td width=\"170\">Barre ronde<\/td>\n<td width=\"170\">Acier form\u00e9 (en forme)<\/td>\n<\/tr>\n<tr>\n<td width=\"170\">ASTMA240<\/td>\n<td width=\"170\">ASTM A789\u00a0;<\/p>\n<p>ASTMA790<\/td>\n<td width=\"170\">ASTMA928<\/td>\n<td width=\"170\">ASTMA276\u00a0;<\/p>\n<p>ASTMA479<\/td>\n<td width=\"170\">ASTMA276<\/td>\n<\/tr>\n<\/tbody>\n<\/table>\n<\/div><\/section><br \/>\n<div class=\"togglecontainer   toggle_close_all\" >\n<section class=\"av_toggle_section\"  itemscope=\"itemscope\" itemtype=\"https:\/\/schema.org\/CreativeWork\"  >    <div class=\"single_toggle\" data-tags=\"{Tout} \"  >        <p data-fake-id=\"#toggle-id-1\" class=\"toggler\"  itemprop=\"headline\"  >Mat\u00e9riaux \u00e9quivalents \u00e0 l&#039;acier 309S<span class=\"toggle_icon\" >        <span class=\"vert_icon\"><\/span><span class=\"hor_icon\"><\/span><\/span><\/p>        <div id=\"toggle-id-1-container\" class=\"toggle_wrap\"  >            <div class=\"toggle_content invers-color\"  itemprop=\"text\"   ><table>\n<tbody>\n<tr>\n<td width=\"170\">Feuille\/plaque\/bobine<\/td>\n<td width=\"170\">Tuyau\/tube sans soudure<\/td>\n<td width=\"170\">Tuyau\/tube soud\u00e9<\/td>\n<td width=\"170\">Barre ronde<\/td>\n<td width=\"170\">Acier form\u00e9 (en forme)<\/td>\n<\/tr>\n<tr>\n<td width=\"170\">ASTMA240<\/td>\n<td width=\"170\">ASTM A789\u00a0;<\/p>\n<p>ASTMA790<\/td>\n<td width=\"170\">ASTMA928<\/td>\n<td width=\"170\">ASTMA276\u00a0;<\/p>\n<p>ASTMA479<\/td>\n<td width=\"170\">ASTMA276<\/td>\n<\/tr>\n<\/tbody>\n<\/table>\n            <\/div>        <\/div>    <\/div><\/section>\n<section class=\"av_toggle_section\"  itemscope=\"itemscope\" itemtype=\"https:\/\/schema.org\/CreativeWork\"  >    <div class=\"single_toggle\" data-tags=\"{Tout} \"  >        <p data-fake-id=\"#toggle-id-2\" class=\"toggler\"  itemprop=\"headline\"  >Composition chimique du 309S<span class=\"toggle_icon\" >        <span class=\"vert_icon\"><\/span><span class=\"hor_icon\"><\/span><\/span><\/p>        <div id=\"toggle-id-2-container\" class=\"toggle_wrap\"  >            <div class=\"toggle_content invers-color\"  itemprop=\"text\"   ><table>\n<tbody>\n<tr>\n<td width=\"141\">ASTM\/AISI<\/td>\n<td width=\"141\">UNS<\/td>\n<td width=\"141\">SAE<\/td>\n<td width=\"141\">JIS<\/td>\n<td width=\"141\">VACARME<\/td>\n<td width=\"142\">FR<\/td>\n<\/tr>\n<tr>\n<td width=\"141\">309S<\/td>\n<td width=\"141\">S30908<\/td>\n<td width=\"141\">30309S<\/td>\n<td width=\"141\">SUS 309<\/td>\n<td width=\"141\">X7CrNi23.14<\/td>\n<td width=\"142\">0Cr23Ni13<\/td>\n<\/tr>\n<\/tbody>\n<\/table>\n            <\/div>        <\/div>    <\/div><\/section>\n<section class=\"av_toggle_section\"  itemscope=\"itemscope\" itemtype=\"https:\/\/schema.org\/CreativeWork\"  >    <div class=\"single_toggle\" data-tags=\"{Tout} \"  >        <p data-fake-id=\"#toggle-id-3\" class=\"toggler\"  itemprop=\"headline\"  >Propri\u00e9t\u00e9s m\u00e9caniques du 309S<span class=\"toggle_icon\" >        <span class=\"vert_icon\"><\/span><span class=\"hor_icon\"><\/span><\/span><\/p>        <div id=\"toggle-id-3-container\" class=\"toggle_wrap\"  >            <div class=\"toggle_content invers-color\"  itemprop=\"text\"   ><table>\n<tbody>\n<tr>\n<td width=\"94\">Grade<\/td>\n<td width=\"94\">Ni<\/td>\n<td width=\"94\">Cr<\/td>\n<td width=\"94\">C<\/td>\n<td width=\"94\">Mn<\/td>\n<td width=\"94\">Si<\/td>\n<td width=\"94\">S<\/td>\n<td width=\"94\">P.<\/td>\n<td width=\"94\">Fe<\/td>\n<\/tr>\n<tr>\n<td width=\"94\">309S<\/td>\n<td width=\"94\">12.0-15.0<\/td>\n<td width=\"94\">22.0-24.0<\/td>\n<td width=\"94\">0.08<\/td>\n<td width=\"94\">2.0<\/td>\n<td width=\"94\">0.75<\/td>\n<td width=\"94\">0.03<\/td>\n<td width=\"94\">0.045<\/td>\n<td width=\"94\">\u00c9quilibre<\/td>\n<\/tr>\n<\/tbody>\n<\/table>\n            <\/div>        <\/div>    <\/div><\/section>\n<\/div><\/p><\/div><\/div><!--close column table wrapper. Autoclose: 1 --><\/p>","protected":false},"excerpt":{"rendered":"","protected":false},"author":1,"featured_media":0,"parent":1323,"menu_order":0,"comment_status":"closed","ping_status":"closed","template":"","meta":{"footnotes":""},"class_list":["post-1427","page","type-page","status-publish","hentry"],"aioseo_notices":[],"_links":{"self":[{"href":"https:\/\/wldstainless.com\/fr\/wp-json\/wp\/v2\/pages\/1427","targetHints":{"allow":["GET"]}}],"collection":[{"href":"https:\/\/wldstainless.com\/fr\/wp-json\/wp\/v2\/pages"}],"about":[{"href":"https:\/\/wldstainless.com\/fr\/wp-json\/wp\/v2\/types\/page"}],"author":[{"embeddable":true,"href":"https:\/\/wldstainless.com\/fr\/wp-json\/wp\/v2\/users\/1"}],"replies":[{"embeddable":true,"href":"https:\/\/wldstainless.com\/fr\/wp-json\/wp\/v2\/comments?post=1427"}],"version-history":[{"count":8,"href":"https:\/\/wldstainless.com\/fr\/wp-json\/wp\/v2\/pages\/1427\/revisions"}],"predecessor-version":[{"id":1899,"href":"https:\/\/wldstainless.com\/fr\/wp-json\/wp\/v2\/pages\/1427\/revisions\/1899"}],"up":[{"embeddable":true,"href":"https:\/\/wldstainless.com\/fr\/wp-json\/wp\/v2\/pages\/1323"}],"wp:attachment":[{"href":"https:\/\/wldstainless.com\/fr\/wp-json\/wp\/v2\/media?parent=1427"}],"curies":[{"name":"wp","href":"https:\/\/api.w.org\/{rel}","templated":true}]}}