{"id":1375,"date":"2020-08-10T05:14:35","date_gmt":"2020-08-10T05:14:35","guid":{"rendered":"http:\/\/wldstainless.com\/?page_id=1375"},"modified":"2020-12-11T05:51:52","modified_gmt":"2020-12-11T05:51:52","slug":"stainless-steel-hot-rolled-plate-sheet-coil","status":"publish","type":"page","link":"https:\/\/wldstainless.com\/fr\/products\/stainless-steel-hot-rolled-plate-sheet-coil\/","title":{"rendered":"Plaque\/feuille\/bobine lamin\u00e9es \u00e0 chaud en acier inoxydable"},"content":{"rendered":"<div class=\"flex_column av_one_fourth  flex_column_div av-zero-column-padding first\" style='border-radius:0px; '><p><div class='avia-builder-widget-area clearfix'><div id=\"nav_menu-7\" class=\"widget clearfix widget_nav_menu\"><h3 class=\"widgettitle\">Des produits<\/h3><div class=\"menu-accessories-container\"><ul id=\"menu-accessories\" class=\"menu\"><li id=\"menu-item-1924\" class=\"menu-item menu-item-type-post_type menu-item-object-page menu-item-1924\"><a href=\"https:\/\/wldstainless.com\/fr\/products\/stainless-steel-angle\/\">Corni\u00e8re en acier inoxydable<\/a><\/li>\n<li id=\"menu-item-1925\" class=\"menu-item menu-item-type-post_type menu-item-object-page menu-item-1925\"><a href=\"https:\/\/wldstainless.com\/fr\/products\/stainless-steel-beam\/\">Poutre en acier inoxydable<\/a><\/li>\n<li id=\"menu-item-1926\" class=\"menu-item menu-item-type-post_type menu-item-object-page menu-item-1926\"><a href=\"https:\/\/wldstainless.com\/fr\/products\/stainless-steel-capillary-tubes\/\">Tubes capillaires en acier inoxydable<\/a><\/li>\n<li id=\"menu-item-1927\" class=\"menu-item menu-item-type-post_type menu-item-object-page menu-item-1927\"><a href=\"https:\/\/wldstainless.com\/fr\/products\/stainless-steel-channel\/\">Canal en acier inoxydable<\/a><\/li>\n<li id=\"menu-item-1928\" class=\"menu-item menu-item-type-post_type menu-item-object-page menu-item-1928\"><a href=\"https:\/\/wldstainless.com\/fr\/products\/stainless-steel-coiled-tube\/\">Tube enroul\u00e9 en acier inoxydable<\/a><\/li>\n<li id=\"menu-item-1929\" class=\"menu-item menu-item-type-post_type menu-item-object-page menu-item-1929\"><a href=\"https:\/\/wldstainless.com\/fr\/products\/stainless-steel-cold-rolled-plate-sheet-coil\/\">Plaque\/feuille\/bobine lamin\u00e9es \u00e0 froid en acier inoxydable<\/a><\/li>\n<li id=\"menu-item-1930\" class=\"menu-item menu-item-type-post_type menu-item-object-page menu-item-1930\"><a href=\"https:\/\/wldstainless.com\/fr\/products\/stainless-steel-flats\/\">Appartements en acier inoxydable<\/a><\/li>\n<li id=\"menu-item-1931\" class=\"menu-item menu-item-type-post_type menu-item-object-page menu-item-1931\"><a href=\"https:\/\/wldstainless.com\/fr\/products\/stainless-steel-hexagon-bars\/\">Barres hexagonales en acier inoxydable<\/a><\/li>\n<li id=\"menu-item-1932\" class=\"menu-item menu-item-type-post_type menu-item-object-page menu-item-1932\"><a href=\"https:\/\/wldstainless.com\/fr\/products\/stainless-steel-hot-rolled-plate-sheet-coil\/\">Plaque\/feuille\/bobine lamin\u00e9es \u00e0 chaud en acier inoxydable<\/a><\/li>\n<li id=\"menu-item-1933\" class=\"menu-item menu-item-type-post_type menu-item-object-page menu-item-1933\"><a href=\"https:\/\/wldstainless.com\/fr\/products\/stainless-steel-large-diameter-pipe\/\">Tuyau de grand diam\u00e8tre en acier inoxydable<\/a><\/li>\n<li id=\"menu-item-1934\" class=\"menu-item menu-item-type-post_type menu-item-object-page menu-item-1934\"><a href=\"https:\/\/wldstainless.com\/fr\/products\/stainless-steel-round-bars\/\">Barres rondes en acier inoxydable<\/a><\/li>\n<li id=\"menu-item-1935\" class=\"menu-item menu-item-type-post_type menu-item-object-page menu-item-1935\"><a href=\"https:\/\/wldstainless.com\/fr\/products\/stainless-steel-square-tube\/\">Tube carr\u00e9 en acier inoxydable<\/a><\/li>\n<li id=\"menu-item-1936\" class=\"menu-item menu-item-type-post_type menu-item-object-page menu-item-1936\"><a href=\"https:\/\/wldstainless.com\/fr\/products\/stainless-steel-u-bend-tube\/\">Tube coud\u00e9 en U en acier inoxydable<\/a><\/li>\n<\/ul><\/div><\/div><\/div><br \/>\n<div  class='hr hr-default'><span class='hr-inner' ><span class='hr-inner-style'><\/span><\/span><\/div><br \/>\n<div class='avia-button-wrap avia-button-left'><a href='http:\/\/wldstainless.com\/contact\/#contact' class='avia-button   avia-icon_select-yes-left-icon avia-color-custom avia-size-large avia-position-left'  target=\"_blank\"  style='background-color:#e82221; border-color:#e82221; color:#ffffff; ' ><span class='avia_button_icon avia_button_icon_left' aria-hidden='true' data-av_icon='\ue84b' data-av_iconfont='entypo-fontello'><\/span><span class='avia_iconbox_title' >Demander un devis<\/span><\/a><\/div><\/p><\/div>\n<div class=\"flex_column av_three_fourth  flex_column_div\" style='padding:0px 0px 50px 0px ; border-radius:0px; '><p><div style='padding-bottom:10px;color:#d3311f;' class='av-special-heading av-special-heading-h3 custom-color-heading'><h3 class='av-special-heading-tag'  itemprop=\"headline\"  >T\u00f4le\/plaque\/bobine d&#039;acier inoxydable lamin\u00e9es \u00e0 chaud<\/h3><div class='special-heading-border'><div class='special-heading-inner-border' style='border-color:#d3311f'><\/div><\/div><\/div><br \/>\n<div  class='hr hr-default'><span class='hr-inner' ><span class='hr-inner-style'><\/span><\/span><\/div><br \/>\n<section class=\"av_textblock_section\"  itemscope=\"itemscope\" itemtype=\"https:\/\/schema.org\/CreativeWork\" ><div class='avia_textblock'   itemprop=\"text\" ><p>La plaque de laminage \u00e0 chaud en acier inoxydable est constitu\u00e9e de la dalle (principalement une dalle de coul\u00e9e continue) apr\u00e8s chauffage par un broyeur d&#039;\u00e9bauche et un broyeur de finition. La plaque d&#039;acier inoxydable lamin\u00e9e \u00e0 chaud a une bonne t\u00e9nacit\u00e9 et ductilit\u00e9, une faible duret\u00e9, un traitement facile, une bonne ductilit\u00e9, un prix bas, mais les propri\u00e9t\u00e9s m\u00e9caniques et la qualit\u00e9 de surface sont inf\u00e9rieures \u00e0 celles d&#039;une plaque d&#039;acier inoxydable trait\u00e9e \u00e0 froid, juste derri\u00e8re la plaque d&#039;acier forg\u00e9e. Par rapport aux t\u00f4les lamin\u00e9es \u00e0 froid, les t\u00f4les lamin\u00e9es \u00e0 chaud en acier inoxydable pr\u00e9sentent une \u00e9chelle d&#039;oxyde et une surface grise. Il est principalement utilis\u00e9 dans les navires, le p\u00e9trole et le gaz naturel, l&#039;industrie chimique, l&#039;alimentation, les ustensiles de cuisine, les appareils \u00e9lectrom\u00e9nagers g\u00e9n\u00e9raux, etc.<\/p>\n<p>En tant que fournisseur et fabricant de t\u00f4les et plaques d&#039;acier inoxydable conformes aux normes ASTM, ASME et EN. WLD Steel fournit des produits en acier inoxydable lamin\u00e9s \u00e0 chaud (t\u00f4le, plaque, bobine, bande) disponibles en type 201, 304\/304L, 316\/316L, 430, 410S, 409\/409L et duplex grade 2205, tous nos produits peuvent \u00eatre re- proc\u00e9d\u00e9 de pliage, d\u00e9tourage, d\u00e9capage, traitement thermique, enduit ou autres.<\/p>\n<\/div><\/section><br \/>\n<div  class='hr hr-default'><span class='hr-inner' ><span class='hr-inner-style'><\/span><\/span><\/div><br \/>\n<section class=\"av_textblock_section\"  itemscope=\"itemscope\" itemtype=\"https:\/\/schema.org\/CreativeWork\" ><div class='avia_textblock'   itemprop=\"text\" ><p>Sp\u00e9cifications\u00a0: ASTM A240, ASTM A480<\/p>\n<p>Finition de surface\u00a0: No1<\/p>\n<p>Taille : 800-2000*3-10,0 mm (plaque)<\/p>\n<p>Grades disponibles\u00a0: 201, <a href=\"https:\/\/wldstainless.com\/materials\/austenitic-stainless-steel\/304-304l-stainless-steel\/\">304\/304L<\/a>, <a href=\"https:\/\/wldstainless.com\/materials\/austenitic-stainless-steel\/316-316l-stainless-steel\/\">316\/316L<\/a>, 317, 309S, 321H, 347, 409L, <a href=\"https:\/\/wldstainless.com\/materials\/austenitic-stainless-steel\/904l-stainless-steel\/\">904L<\/a>, <a href=\"https:\/\/wldstainless.com\/materials\/duplex-stainless-steel\/alloy-2205-stainless-steel\/\">2205<\/a><\/p>\n<h4>La taille de la feuille\/plaque\/bobine lamin\u00e9es \u00e0 chaud en acier inoxydable<\/h4>\n<table>\n<tbody>\n<tr>\n<td>Types de finition de surface<\/td>\n<td colspan=\"2\">Type de produits<\/td>\n<td>\u00c9paisseur nominale<br \/>\nmm<\/td>\n<td>Largeur nominale<br \/>\nmm<\/td>\n<td>Longueur nominale de la plaque ou diam\u00e8tre int\u00e9rieur des bobines, mm<\/td>\n<\/tr>\n<tr>\n<td>N\u00b01U<br \/>\nN\u00b01C<\/td>\n<td>Bobine d&#039;acier<\/td>\n<td>Non coupant les bords<\/td>\n<td>2,0 \uff5e 10,0<\/td>\n<td>750\uff5e1600<\/td>\n<td>760 (bobine)<\/td>\n<\/tr>\n<tr>\n<td rowspan=\"4\">N\u00b01<\/td>\n<td rowspan=\"2\">Plaque d&#039;acier<\/td>\n<td>Coupe des bords<\/td>\n<td rowspan=\"2\">2,0 \uff5e 10,0<\/td>\n<td>730\uff5e1570<\/td>\n<td rowspan=\"2\">1000\uff5e12000(Plaque)<\/td>\n<\/tr>\n<tr>\n<td>Non coupant les bords<\/td>\n<td>750\uff5e1600<\/td>\n<\/tr>\n<tr>\n<td rowspan=\"2\">Bobine d&#039;acier<\/td>\n<td>Coupe des bords<\/td>\n<td rowspan=\"2\">2,0 \uff5e 10,0<\/td>\n<td>730\uff5e1570<\/td>\n<td rowspan=\"2\">610 (bobine)<\/td>\n<\/tr>\n<tr>\n<td>Non coupant les bords<\/td>\n<td>750\uff5e1600<\/td>\n<\/tr>\n<\/tbody>\n<\/table>\n<\/div><\/section><\/p><\/div>","protected":false},"excerpt":{"rendered":"","protected":false},"author":1,"featured_media":0,"parent":346,"menu_order":0,"comment_status":"closed","ping_status":"closed","template":"","meta":{"footnotes":""},"class_list":["post-1375","page","type-page","status-publish","hentry"],"aioseo_notices":[],"_links":{"self":[{"href":"https:\/\/wldstainless.com\/fr\/wp-json\/wp\/v2\/pages\/1375","targetHints":{"allow":["GET"]}}],"collection":[{"href":"https:\/\/wldstainless.com\/fr\/wp-json\/wp\/v2\/pages"}],"about":[{"href":"https:\/\/wldstainless.com\/fr\/wp-json\/wp\/v2\/types\/page"}],"author":[{"embeddable":true,"href":"https:\/\/wldstainless.com\/fr\/wp-json\/wp\/v2\/users\/1"}],"replies":[{"embeddable":true,"href":"https:\/\/wldstainless.com\/fr\/wp-json\/wp\/v2\/comments?post=1375"}],"version-history":[{"count":12,"href":"https:\/\/wldstainless.com\/fr\/wp-json\/wp\/v2\/pages\/1375\/revisions"}],"predecessor-version":[{"id":2057,"href":"https:\/\/wldstainless.com\/fr\/wp-json\/wp\/v2\/pages\/1375\/revisions\/2057"}],"up":[{"embeddable":true,"href":"https:\/\/wldstainless.com\/fr\/wp-json\/wp\/v2\/pages\/346"}],"wp:attachment":[{"href":"https:\/\/wldstainless.com\/fr\/wp-json\/wp\/v2\/media?parent=1375"}],"curies":[{"name":"wp","href":"https:\/\/api.w.org\/{rel}","templated":true}]}}