{"id":114,"date":"2019-04-25T09:02:31","date_gmt":"2019-04-25T09:02:31","guid":{"rendered":"http:\/\/wldstainless.com\/?page_id=114"},"modified":"2020-12-11T06:24:33","modified_gmt":"2020-12-11T06:24:33","slug":"markets","status":"publish","type":"page","link":"https:\/\/wldstainless.com\/fr\/markets\/","title":{"rendered":"MARCH\u00c9S"},"content":{"rendered":"<div id='fullscreen_slider_1' class='avia-fullscreen-slider main_color   container_wrap sidebar_left'   ><div  data-size='no scaling'  data-lightbox_size='large'  data-animation='slide'  data-ids='2034'  data-video_counter='0'  data-autoplay='false'  data-bg_slider='true'  data-slide_height='100'  data-handle='av_fullscreen'  data-interval='5'  data-class=' '  data-css_id='fullscreen_slider_1'  data-scroll_down=''  data-control_layout='av-control-default'  data-custom_markup=''  data-perma_caption=''  data-autoplay_stopper=''  data-image_attachment=''  data-min_height='0px'  data-stretch=''  class='avia-slideshow avia-slideshow-1  av-control-default av-default-height-applied avia-slideshow-no scaling av_fullscreen   avia-slide-slider'  itemprop=\"ImageObject\" itemscope=\"itemscope\" itemtype=\"https:\/\/schema.org\/ImageObject\" ><ul class='avia-slideshow-inner' style='padding-bottom: 43.9453125%;'><li style='background-position:center center;' data-img-url='https:\/\/wldstainless.com\/wp-content\/uploads\/2020\/10\/WLDSS.jpg' class='av-single-slide slide-1' ><div data-rel='slideshow-1' class='avia-slide-wrap'  ><\/div><\/li><\/ul><\/div><\/div>\n<div class=\"flex_column av_one_full  flex_column_div av-zero-column-padding first\" style='border-radius:0px; '><section class=\"av_textblock_section\"  itemscope=\"itemscope\" itemtype=\"https:\/\/schema.org\/CreativeWork\" ><div class='avia_textblock'   itemprop=\"text\" ><p>Depuis des ann\u00e9es d&#039;exp\u00e9rience, WLD Steel est l&#039;un des principaux fournisseurs de produits en acier inoxydable pour des processus extr\u00eamement exigeants dans les secteurs de la transformation alimentaire, de la p\u00e9trochimie, de l&#039;automobile, des engrais, du m\u00e9dical, du dessalement de l&#039;eau, du nucl\u00e9aire et d&#039;autres secteurs.<\/p>\n<p>D&#039;excellentes normes d&#039;assurance qualit\u00e9 m\u00e9tallurgiques et stables et un service \u00e0 r\u00e9ponse rapide ont aid\u00e9 WLD Steel \u00e0 devenir un v\u00e9ritable partenaire qui guide ses clients pour obtenir les sp\u00e9cifications et les mat\u00e9riaux difficiles \u00e0 trouver. L&#039;acier WLD sert un large \u00e9ventail d&#039;industries qui n\u00e9cessitent les meilleurs alliages m\u00e9talliques disponibles.<\/p>\n<\/div><\/section><\/div>\n<div class=\"flex_column av_one_fourth  flex_column_div av-zero-column-padding first\" style='border-radius:0px; '><div class='avia-image-container  av-styling-    avia-align-center'  itemprop=\"ImageObject\" itemscope=\"itemscope\" itemtype=\"https:\/\/schema.org\/ImageObject\"  ><div class='avia-image-container-inner'><img class='avia_image' src='https:\/\/wldstainless.com\/wp-content\/uploads\/2020\/09\/Food-processing.png' alt='' title='Pr\u00e9paration des aliments'   itemprop=\"thumbnailUrl\"  \/><\/div><\/div><\/div>\n<div class=\"flex_column av_three_fourth  flex_column_div av-zero-column-padding\" style='border-radius:0px; '><section class=\"av_textblock_section\"  itemscope=\"itemscope\" itemtype=\"https:\/\/schema.org\/CreativeWork\" ><div class='avia_textblock'   itemprop=\"text\" ><h3>Alimentation et boissons<\/h3>\n<p>L\u2019acier inoxydable est largement utilis\u00e9 dans l\u2019industrie agroalimentaire.<br \/>\nLes conditions de surface semblent \u00eatre plus importantes que dans d\u2019autres domaines comme la production p\u00e9troli\u00e8re et gazi\u00e8re. Non seulement il r\u00e9siste \u00e0 la corrosion, mais ses propri\u00e9t\u00e9s sanitaires et sans adh\u00e9rence d\u00e9terminent l&#039;\u00e9tat de surface optimal. Les principaux secteurs industriels et segments comprennent\u00a0:<\/p>\n<ul>\n<li>Brassage de la bi\u00e8re<\/li>\n<li>Industrie laiti\u00e8re<\/li>\n<li>Pharmaceutique<\/li>\n<li>Cosm\u00e9tiques ou autres industries g\u00e9n\u00e9rales avec <span class=\"tran\" data-group=\"20_16\">physique<\/span> <span class=\"tran\" data-group=\"21_17\">contact<\/span>.<\/li>\n<\/ul>\n<\/div><\/section><\/div>\n<div class=\"flex_column av_one_fourth  flex_column_div av-zero-column-padding first\" style='border-radius:0px; '><div class='avia-image-container  av-styling-    avia-align-center'  itemprop=\"ImageObject\" itemscope=\"itemscope\" itemtype=\"https:\/\/schema.org\/ImageObject\"  ><div class='avia-image-container-inner'><img class='avia_image' src='https:\/\/wldstainless.com\/wp-content\/uploads\/2020\/09\/Chemical.png' alt='' title='Chimique'   itemprop=\"thumbnailUrl\"  \/><\/div><\/div><\/div>\n<div class=\"flex_column av_three_fourth  flex_column_div av-zero-column-padding\" style='border-radius:0px; '><section class=\"av_textblock_section\"  itemscope=\"itemscope\" itemtype=\"https:\/\/schema.org\/CreativeWork\" ><div class='avia_textblock'   itemprop=\"text\" ><h3>Chimique<\/h3>\n<p>La demande chimique exige une bonne r\u00e9sistance et une bonne r\u00e9sistance \u00e0 la corrosion et nos produits offrant des produits de qualit\u00e9 primaire satisfont les besoins de nos clients de ces march\u00e9s. Les aciers WLD ont les propri\u00e9t\u00e9s requises pour les environnements \u00e0 acidit\u00e9 et chlore tr\u00e8s corrosifs ou variables que l&#039;on trouve dans les forages p\u00e9troliers et dans les usines de traitement chimique.<\/p>\n<p>Acier inoxydable duplex <a href=\"https:\/\/wldstainless.com\/materials\/duplex-stainless-steel\/alloy-2205-stainless-steel\/\">2205 tubes<\/a> contient une teneur relativement \u00e9lev\u00e9e en chrome, molybd\u00e8ne, tungst\u00e8ne et azote, ce qui lui conf\u00e8re une forte r\u00e9sistance \u00e0 la corrosion et une forte r\u00e9sistance et peut r\u00e9sister \u00e0 une vari\u00e9t\u00e9 de produits chimiques corrosifs, particuli\u00e8rement adapt\u00e9 \u00e0 diverses applications chimiques et p\u00e9trochimiques.<\/p>\n<\/div><\/section><\/div><div class=\"flex_column av_one_fourth  flex_column_div av-zero-column-padding first\" style='border-radius:0px; '><div class='avia-image-container  av-styling-    avia-align-center'  itemprop=\"ImageObject\" itemscope=\"itemscope\" itemtype=\"https:\/\/schema.org\/ImageObject\"  ><div class='avia-image-container-inner'><img class='avia_image' src='https:\/\/wldstainless.com\/wp-content\/uploads\/2020\/09\/medical.jpg' alt='' title='m\u00e9dical'   itemprop=\"thumbnailUrl\"  \/><\/div><\/div><\/div><\/p>\n<div class=\"flex_column av_three_fourth  flex_column_div av-zero-column-padding\" style='border-radius:0px; '><section class=\"av_textblock_section\"  itemscope=\"itemscope\" itemtype=\"https:\/\/schema.org\/CreativeWork\" ><div class='avia_textblock'   itemprop=\"text\" ><h3>Biologique<\/h3>\n<p>Le mat\u00e9riau utilis\u00e9 dans les conteneurs de fabrication et les syst\u00e8mes de tuyauterie pour les industries biotechnologiques doit offrir une excellente r\u00e9sistance \u00e0 la corrosion pour garantir la puret\u00e9 et la qualit\u00e9 du produit. Le mat\u00e9riau en acier doit \u00e9galement pr\u00e9senter une bonne r\u00e9sistance aux temp\u00e9ratures et \u00e0 la pression \u00e9lev\u00e9es lors du processus de production, de d\u00e9sinfection et de nettoyage, ainsi qu&#039;une bonne soudabilit\u00e9 et un bon \u00e9tat de surface.<\/p>\n<p>L&#039;acier inoxydable aust\u00e9nitique 316L est le mat\u00e9riau principal et un mat\u00e9riau alternatif id\u00e9al pour les industries de la biotechnologie en raison de sa bonne r\u00e9sistance \u00e0 la corrosion, de sa soudabilit\u00e9 et de ses propri\u00e9t\u00e9s de polissage \u00e9lectrolytique. Les clients ont \u00e9galement am\u00e9lior\u00e9 les performances de <a href=\"https:\/\/wldstainless.com\/materials\/austenitic-stainless-steel\/316-316l-stainless-steel\/\">316L<\/a> acier inoxydable en s\u00e9lectionnant soigneusement les compositions chimiques sp\u00e9cifiques de <a href=\"https:\/\/wldstainless.com\/materials\/austenitic-stainless-steel\/316-316l-stainless-steel\/\">316L<\/a> acier inoxydable et par des processus de production ESR am\u00e9lior\u00e9s. L&#039;acier inoxydable duplex 2205 est plus populaire sur ces march\u00e9s ces derni\u00e8res ann\u00e9es.<\/p>\n<\/div><\/section><\/div><div class=\"flex_column av_one_fourth  flex_column_div av-zero-column-padding first\" style='border-radius:0px; '><div class='avia-image-container  av-styling-    avia-align-center'  itemprop=\"ImageObject\" itemscope=\"itemscope\" itemtype=\"https:\/\/schema.org\/ImageObject\"  ><div class='avia-image-container-inner'><img class='avia_image' src='https:\/\/wldstainless.com\/wp-content\/uploads\/2020\/09\/Power.png' alt='' title='Pouvoir'   itemprop=\"thumbnailUrl\"  \/><\/div><\/div><\/div><\/p>\n<div class=\"flex_column av_three_fourth  flex_column_div av-zero-column-padding\" style='border-radius:0px; '><section class=\"av_textblock_section\"  itemscope=\"itemscope\" itemtype=\"https:\/\/schema.org\/CreativeWork\" ><div class='avia_textblock'   itemprop=\"text\" ><h3>Pouvoir<\/h3>\n<p>La production d&#039;\u00e9nergie thermique est un moyen d&#039;utiliser la chaleur g\u00e9n\u00e9r\u00e9e lors de la combustion du charbon pour transformer l&#039;eau en vapeur \u00e0 haute pression afin d&#039;entra\u00eener un g\u00e9n\u00e9rateur pour produire de l&#039;\u00e9lectricit\u00e9. Les centrales \u00e9lectriques au charbon sont principalement compos\u00e9es d&#039;une chaudi\u00e8re, d&#039;une turbine \u00e0 vapeur et d&#039;un g\u00e9n\u00e9rateur de production d&#039;\u00e9nergie dans la chaudi\u00e8re, comprenant un tube de r\u00e9chauffeur, un mur d&#039;eau, un surchauffeur, un tube \u00e9conomiseur, un tube de pr\u00e9chauffage de l&#039;air, un caloduc, un tuyau de descente et toutes sortes de contr\u00f4le d&#039;\u00e9quipement, qui fonctionnent \u00e0 haute temp\u00e9rature et haute pression dans le gaz et la vapeur et provoqueront l&#039;oxydation et la corrosion dans l&#039;environnement difficile, de sorte que le tuyau en acier inoxydable est largement utilis\u00e9 dans les chaudi\u00e8res thermiques. Notre <a href=\"https:\/\/wldstainless.com\/materials\/austenitic-stainless-steel\/309s-stainless-steel\/\">309H<\/a>, <a href=\"https:\/\/wldstainless.com\/materials\/austenitic-stainless-steel\/321-321h-stainless-steel\/\">321H<\/a> et <a href=\"https:\/\/wldstainless.com\/materials\/austenitic-stainless-steel\/347-347h-stainless-steel\/\">347H<\/a> Les tuyaux, barres plates et t\u00f4les en acier inoxydable sont principalement utilis\u00e9s pour produire des chaudi\u00e8res et des aubes pour turbines \u00e0 vapeur et \u00e0 gaz.<\/p>\n<\/div><\/section><\/div>","protected":false},"excerpt":{"rendered":"","protected":false},"author":1,"featured_media":0,"parent":0,"menu_order":0,"comment_status":"closed","ping_status":"closed","template":"","meta":{"footnotes":""},"class_list":["post-114","page","type-page","status-publish","hentry"],"aioseo_notices":[],"_links":{"self":[{"href":"https:\/\/wldstainless.com\/fr\/wp-json\/wp\/v2\/pages\/114","targetHints":{"allow":["GET"]}}],"collection":[{"href":"https:\/\/wldstainless.com\/fr\/wp-json\/wp\/v2\/pages"}],"about":[{"href":"https:\/\/wldstainless.com\/fr\/wp-json\/wp\/v2\/types\/page"}],"author":[{"embeddable":true,"href":"https:\/\/wldstainless.com\/fr\/wp-json\/wp\/v2\/users\/1"}],"replies":[{"embeddable":true,"href":"https:\/\/wldstainless.com\/fr\/wp-json\/wp\/v2\/comments?post=114"}],"version-history":[{"count":13,"href":"https:\/\/wldstainless.com\/fr\/wp-json\/wp\/v2\/pages\/114\/revisions"}],"predecessor-version":[{"id":2062,"href":"https:\/\/wldstainless.com\/fr\/wp-json\/wp\/v2\/pages\/114\/revisions\/2062"}],"wp:attachment":[{"href":"https:\/\/wldstainless.com\/fr\/wp-json\/wp\/v2\/media?parent=114"}],"curies":[{"name":"wp","href":"https:\/\/api.w.org\/{rel}","templated":true}]}}