{"id":106,"date":"2019-04-25T08:36:57","date_gmt":"2019-04-25T08:36:57","guid":{"rendered":"http:\/\/wldstainless.com\/?page_id=106"},"modified":"2020-12-15T05:27:34","modified_gmt":"2020-12-15T05:27:34","slug":"materials","status":"publish","type":"page","link":"https:\/\/wldstainless.com\/fr\/materials\/","title":{"rendered":"MAT\u00c9RIAUX"},"content":{"rendered":"<div id='fullscreen_slider_1' class='avia-fullscreen-slider main_color   container_wrap sidebar_left'   ><div  data-size='no scaling'  data-lightbox_size='large'  data-animation='slide'  data-ids='2063'  data-video_counter='0'  data-autoplay='false'  data-bg_slider='true'  data-slide_height='100'  data-handle='av_fullscreen'  data-interval='5'  data-class=' '  data-css_id='fullscreen_slider_1'  data-scroll_down=''  data-control_layout='av-control-default'  data-custom_markup=''  data-perma_caption=''  data-autoplay_stopper=''  data-image_attachment=''  data-min_height='0px'  data-stretch=''  class='avia-slideshow avia-slideshow-1  av-control-default av-default-height-applied avia-slideshow-no scaling av_fullscreen   avia-slide-slider'  itemprop=\"ImageObject\" itemscope=\"itemscope\" itemtype=\"https:\/\/schema.org\/ImageObject\" ><ul class='avia-slideshow-inner' style='padding-bottom: 22.03125%;'><li style='background-position:center center;' data-img-url='https:\/\/wldstainless.com\/wp-content\/uploads\/2020\/12\/Material.png' class='av-single-slide slide-1' ><div data-rel='slideshow-1' class='avia-slide-wrap'  ><\/div><\/li><\/ul><\/div><\/div>\n<div class=\"flex_column av_one_fourth  flex_column_div av-zero-column-padding first\" style='border-radius:0px; '><p><div class='avia-builder-widget-area clearfix'><div id=\"nav_menu-5\" class=\"widget clearfix widget_nav_menu\"><h3 class=\"widgettitle\">Mat\u00e9riel<\/h3><div class=\"menu-products-sidebar-menu-container\"><ul id=\"menu-products-sidebar-menu\" class=\"menu\"><li id=\"menu-item-1329\" class=\"menu-item menu-item-type-post_type menu-item-object-page menu-item-1329\"><a href=\"https:\/\/wldstainless.com\/fr\/materials\/ferritic-stainless-steel\/\">Acier inoxydable ferritique<\/a><\/li>\n<li id=\"menu-item-1328\" class=\"menu-item menu-item-type-post_type menu-item-object-page menu-item-1328\"><a href=\"https:\/\/wldstainless.com\/fr\/materials\/martensitic-stainless-steel\/\">Acier inoxydable martensitique<\/a><\/li>\n<li id=\"menu-item-1327\" class=\"menu-item menu-item-type-post_type menu-item-object-page menu-item-1327\"><a href=\"https:\/\/wldstainless.com\/fr\/materials\/austenitic-stainless-steel\/\">Acier inoxydable aust\u00e9nitique<\/a><\/li>\n<li id=\"menu-item-1889\" class=\"menu-item menu-item-type-post_type menu-item-object-page menu-item-1889\"><a href=\"https:\/\/wldstainless.com\/fr\/materials\/duplex-stainless-steel\/\">Acier inoxydable duplex<\/a><\/li>\n<\/ul><\/div><\/div><\/div><br \/>\n<div  class='hr hr-default'><span class='hr-inner' ><span class='hr-inner-style'><\/span><\/span><\/div><br \/>\n<div class='avia-button-wrap avia-button-left'><a href='http:\/\/wldstainless.com\/contact\/#contact' class='avia-button   avia-icon_select-yes-left-icon avia-color-custom avia-size-large avia-position-left'  target=\"_blank\"  style='background-color:#e82221; border-color:#e82221; color:#ffffff; ' ><span class='avia_button_icon avia_button_icon_left' aria-hidden='true' data-av_icon='\ue84b' data-av_iconfont='entypo-fontello'><\/span><span class='avia_iconbox_title' >Demander un devis<\/span><\/a><\/div><\/p><\/div>\n<div class=\"flex_column av_three_fourth  flex_column_div\" style='padding:0px 0px 50px 0px ; border-radius:0px; '><section class=\"av_textblock_section\"  itemscope=\"itemscope\" itemtype=\"https:\/\/schema.org\/CreativeWork\" ><div class='avia_textblock'   itemprop=\"text\" ><p>Il existe cinq classes diff\u00e9rentes d&#039;acier inoxydable dans le monde et la classe d&#039;acier inoxydable aust\u00e9nitique prend la consommation 70% des applications en acier inoxydable. Toutes les nuances d&#039;acier inoxydable des s\u00e9ries 200 et 300 appartiennent \u00e0 cette classe d&#039;acier inoxydable. L&#039;acier inoxydable ferritique est magn\u00e9tique et offre une bonne r\u00e9sistance \u00e0 l&#039;oxydation \u00e0 haute temp\u00e9rature. L\u2019acier inoxydable martensitique est une autre classe d\u2019acier inoxydable c\u00e9l\u00e8bre en raison de sa capacit\u00e9 de traitement thermique. Les aciers inoxydables \u00e0 durcissement duplex et par pr\u00e9cipitation sont plus populaires pour certaines applications sp\u00e9ciales.<\/p>\n<p>Nous nous engageons \u00e0 fournir des tubes et des services de traitement en acier inoxydable aust\u00e9nitique, en acier inoxydable ferritique, en acier inoxydable martensitique, en acier inoxydable duplex et en acier alli\u00e9 \u00e0 base de nickel de haute qualit\u00e9. Ces mat\u00e9riaux comprennent\u00a0:<\/p>\n<p>Acier inoxydable aust\u00e9nitique : 201, 202, 301, <a href=\"https:\/\/wldstainless.com\/materials\/austenitic-stainless-steel\/304-304l-stainless-steel\/\">304<\/a>, 316, 317, 309, 310, <a href=\"https:\/\/wldstainless.com\/materials\/austenitic-stainless-steel\/321-321h-stainless-steel\/\">321<\/a>, <a href=\"https:\/\/wldstainless.com\/materials\/austenitic-stainless-steel\/347-347h-stainless-steel\/\">347<\/a>, <a href=\"https:\/\/wldstainless.com\/materials\/austenitic-stainless-steel\/904l-stainless-steel\/\">904L<\/a><\/p>\n<p>Ferritiques\u00a0:<a href=\"https:\/\/wldstainless.com\/materials\/ferritic-stainless-steel\/409-409l-stainless-steel\/\">409<\/a>, 410S, <a href=\"https:\/\/wldstainless.com\/materials\/ferritic-stainless-steel\/430-430f-stainless-steel\/\">430\/430F<\/a>, 430Ti (439), 441, 444<\/p>\n<p>Martensitiques\u00a0:<a href=\"https:\/\/wldstainless.com\/materials\/ferritic-stainless-steel\/410-410s-stainless-steel\/\">410<\/a>, 420, 431<\/p>\n<p>Durcissement par pr\u00e9cipitation:<a href=\"https:\/\/wldstainless.com\/materials\/martensitic-stainless-steel\/17-4-ph-stainless-steel\/\">17\/4PH<\/a>, 17\/7PH<\/p>\n<p>Acier duplex\u00a0:31803, <a href=\"https:\/\/wldstainless.com\/materials\/duplex-stainless-steel\/alloy-2205-stainless-steel\/\">S 32205<\/a>, <a href=\"https:\/\/wldstainless.com\/materials\/duplex-stainless-steel\/alloy-2205-stainless-steel\/\">S 32550<\/a>, S 32750 , S 32760.<\/p>\n<\/div><\/section><\/div>","protected":false},"excerpt":{"rendered":"","protected":false},"author":1,"featured_media":0,"parent":0,"menu_order":0,"comment_status":"closed","ping_status":"closed","template":"","meta":{"footnotes":""},"class_list":["post-106","page","type-page","status-publish","hentry"],"aioseo_notices":[],"_links":{"self":[{"href":"https:\/\/wldstainless.com\/fr\/wp-json\/wp\/v2\/pages\/106","targetHints":{"allow":["GET"]}}],"collection":[{"href":"https:\/\/wldstainless.com\/fr\/wp-json\/wp\/v2\/pages"}],"about":[{"href":"https:\/\/wldstainless.com\/fr\/wp-json\/wp\/v2\/types\/page"}],"author":[{"embeddable":true,"href":"https:\/\/wldstainless.com\/fr\/wp-json\/wp\/v2\/users\/1"}],"replies":[{"embeddable":true,"href":"https:\/\/wldstainless.com\/fr\/wp-json\/wp\/v2\/comments?post=106"}],"version-history":[{"count":23,"href":"https:\/\/wldstainless.com\/fr\/wp-json\/wp\/v2\/pages\/106\/revisions"}],"predecessor-version":[{"id":1756,"href":"https:\/\/wldstainless.com\/fr\/wp-json\/wp\/v2\/pages\/106\/revisions\/1756"}],"wp:attachment":[{"href":"https:\/\/wldstainless.com\/fr\/wp-json\/wp\/v2\/media?parent=106"}],"curies":[{"name":"wp","href":"https:\/\/api.w.org\/{rel}","templated":true}]}}