{"id":76,"date":"2019-04-24T18:14:45","date_gmt":"2019-04-24T18:14:45","guid":{"rendered":"http:\/\/wldstainless.com\/?page_id=76"},"modified":"2020-12-11T03:34:19","modified_gmt":"2020-12-11T03:34:19","slug":"about","status":"publish","type":"page","link":"https:\/\/wldstainless.com\/es\/about\/","title":{"rendered":"ACERCA DE"},"content":{"rendered":"<div id='fullscreen_slider_1' class='avia-fullscreen-slider main_color   container_wrap sidebar_left'   ><div  data-size='no scaling'  data-lightbox_size='large'  data-animation='slide'  data-ids='2030'  data-video_counter='0'  data-autoplay='false'  data-bg_slider='true'  data-slide_height='100'  data-handle='av_fullscreen'  data-interval='5'  data-class=' '  data-css_id='fullscreen_slider_1'  data-scroll_down=''  data-control_layout='av-control-default'  data-custom_markup=''  data-perma_caption=''  data-autoplay_stopper=''  data-image_attachment=''  data-min_height='0px'  data-stretch=''  class='avia-slideshow avia-slideshow-1  av-control-default av-default-height-applied avia-slideshow-no scaling av_fullscreen   avia-slide-slider'  itemprop=\"ImageObject\" itemscope=\"itemscope\" itemtype=\"https:\/\/schema.org\/ImageObject\" ><ul class='avia-slideshow-inner' style='padding-bottom: 43.9453125%;'><li style='background-position:center center;' data-img-url='https:\/\/wldstainless.com\/wp-content\/uploads\/2020\/10\/About-SS.jpg' class='av-single-slide slide-1' ><div data-rel='slideshow-1' class='avia-slide-wrap'  ><\/div><\/li><\/ul><\/div><\/div>\n<div class=\"flex_column av_one_full  flex_column_div av-zero-column-padding first\" style='border-radius:0px; '><p><section class=\"av_textblock_section\"  itemscope=\"itemscope\" itemtype=\"https:\/\/schema.org\/CreativeWork\" ><div class='avia_textblock'   itemprop=\"text\" ><p>WLD Inoxidable es uno de los proveedores, fabricantes y distribuidores profesionales de productos de acero inoxidable semiacabados y terminados, incluidos acero inoxidable serie 200, acero inoxidable serie 300, acero inoxidable serie 400, acero inoxidable endurecido por precipitaci\u00f3n y acero inoxidable d\u00faplex en una amplia variedad de grados. y formas. Nuestros productos vendidos a centros de servicio, forjadores, rodillos y fabricantes de equipos originales son procesados posteriormente por nuestros clientes para su uso en una variedad de industrias, incluidas las costas, aeroespacial, generaci\u00f3n de energ\u00eda, petr\u00f3leo y gas, petroqu\u00edmica y fabricaci\u00f3n de equipos pesados.<\/p>\n<p>Proporcionamos principalmente tubos de acero inoxidable, <a href=\"https:\/\/wldstainless.com\/products\/stainless-steel-square-tube\/\">tubos<\/a>, <a href=\"https:\/\/wldstainless.com\/products\/stainless-steel-cold-rolled-plate-sheet-coil\/\">hojas<\/a>, placas, bobinas, tiras, <a href=\"https:\/\/wldstainless.com\/products\/stainless-steel-round-bars\/\">barra redonda<\/a>, barra hexagonal, plana y acero formado como <a href=\"https:\/\/wldstainless.com\/products\/stainless-steel-angle\/\">anglos<\/a>, <a href=\"https:\/\/wldstainless.com\/products\/stainless-steel-beam\/\">vigas<\/a> y <a href=\"https:\/\/wldstainless.com\/products\/stainless-steel-channel\/\">canales<\/a>. Lo que ofrecemos est\u00e1 fabricado con materias primas calificadas y t\u00e9cnicas de vanguardia. Dependiendo de sus requisitos, nos aseguramos de que nuestros productos cumplan con las especificaciones y est\u00e1ndares bien definidos en la industria.<\/p>\n<h3><\/h3>\n<\/div><\/section><br \/>\n<div style='padding-bottom:10px;color:#d3311f;' class='av-special-heading av-special-heading-h3 custom-color-heading'><h3 class='av-special-heading-tag'  itemprop=\"headline\"  >\u00bfPor qu\u00e9 elegirnos?<\/h3><div class='special-heading-border'><div class='special-heading-inner-border' style='border-color:#d3311f'><\/div><\/div><\/div><\/p><\/div><div class=\"flex_column av_one_full  flex_column_div av-zero-column-padding first\" style='border-radius:0px; '><section class=\"av_textblock_section\"  itemscope=\"itemscope\" itemtype=\"https:\/\/schema.org\/CreativeWork\" ><div class='avia_textblock'   itemprop=\"text\" ><h3><\/h3>\n<h4>Calidad primero<\/h4>\n<p>\u201cHacemos lo que podemos hacer y lo que no podemos hacer\u201d. A lo largo de d\u00e9cadas de progreso nos hemos dado cuenta de que s\u00f3lo los productos calificados son nuestro principio fundamental, eso es exactamente de lo que estamos orgullosos. WLD Steel ha colaborado con la f\u00e1brica de procesamiento equipada con conformado, rectificado, soldadura, bru\u00f1ido, mecanizado, tratamiento t\u00e9rmico e instalaciones para pruebas f\u00edsicas y qu\u00edmicas, lo que nos permite cumplir con los estrictos requisitos de los clientes.<\/p>\n<h4>Personal experimentado<\/h4>\n<p>WLD steel cuenta con un equipo que tiene s\u00f3lidas habilidades multiling\u00fces para clientes de todo el mundo, lo cual es la base de un negocio de alto rendimiento. Nuestro personal tambi\u00e9n incluye al ingeniero metal\u00fargico, especialista en log\u00edstica que tiene un amplio conocimiento t\u00e9cnico para satisfacer sus necesidades de productos en muy poco tiempo.<\/p>\n<h4>Servicio adicional<\/h4>\n<p>Con equipos avanzados y un estricto plan de producci\u00f3n, fabricamos productos especiales hechos a medida de acuerdo con las necesidades y dibujos espec\u00edficos del cliente adem\u00e1s de nuestros productos est\u00e1ndar. Nuestro ingeniero y trabajador calificado se unen para ofrecer una gama de servicios adicionales para ayudarlo a ahorrar dinero y tiempo.<\/p>\n<h4>Materiales anchos<\/h4>\n<p>WLD Steel cuenta con una amplia gama de materiales certificados ASME\/EN\/JIS y tambi\u00e9n cuenta con una gama completa disponible de inmediato de grados alimentarios, m\u00e9dicos, urea y n\u00edtricos. Un gran inventario de tuber\u00edas, l\u00e1minas, conformados, accesorios, bridas, barras, placas y accesorios forjados en grados generales, industriales y especiales.<\/p>\n<\/div><\/section><\/div><\/p>","protected":false},"excerpt":{"rendered":"","protected":false},"author":1,"featured_media":0,"parent":0,"menu_order":0,"comment_status":"closed","ping_status":"closed","template":"","meta":{"footnotes":""},"class_list":["post-76","page","type-page","status-publish","hentry"],"aioseo_notices":[],"_links":{"self":[{"href":"https:\/\/wldstainless.com\/es\/wp-json\/wp\/v2\/pages\/76","targetHints":{"allow":["GET"]}}],"collection":[{"href":"https:\/\/wldstainless.com\/es\/wp-json\/wp\/v2\/pages"}],"about":[{"href":"https:\/\/wldstainless.com\/es\/wp-json\/wp\/v2\/types\/page"}],"author":[{"embeddable":true,"href":"https:\/\/wldstainless.com\/es\/wp-json\/wp\/v2\/users\/1"}],"replies":[{"embeddable":true,"href":"https:\/\/wldstainless.com\/es\/wp-json\/wp\/v2\/comments?post=76"}],"version-history":[{"count":29,"href":"https:\/\/wldstainless.com\/es\/wp-json\/wp\/v2\/pages\/76\/revisions"}],"predecessor-version":[{"id":2047,"href":"https:\/\/wldstainless.com\/es\/wp-json\/wp\/v2\/pages\/76\/revisions\/2047"}],"wp:attachment":[{"href":"https:\/\/wldstainless.com\/es\/wp-json\/wp\/v2\/media?parent=76"}],"curies":[{"name":"wp","href":"https:\/\/api.w.org\/{rel}","templated":true}]}}