{"id":558,"date":"2019-06-26T00:45:37","date_gmt":"2019-06-26T00:45:37","guid":{"rendered":"http:\/\/wldstainless.com\/?page_id=558"},"modified":"2020-12-11T05:43:53","modified_gmt":"2020-12-11T05:43:53","slug":"stainless-steel-cold-rolled-plate-sheet-coil","status":"publish","type":"page","link":"https:\/\/wldstainless.com\/es\/products\/stainless-steel-cold-rolled-plate-sheet-coil\/","title":{"rendered":"Placa\/hoja\/bobina laminada en fr\u00edo de acero inoxidable"},"content":{"rendered":"<div class=\"flex_column av_one_fourth  flex_column_div av-zero-column-padding first\" style='border-radius:0px; '><p><div class='avia-builder-widget-area clearfix'><div id=\"nav_menu-7\" class=\"widget clearfix widget_nav_menu\"><h3 class=\"widgettitle\">Productos<\/h3><div class=\"menu-accessories-container\"><ul id=\"menu-accessories\" class=\"menu\"><li id=\"menu-item-1924\" class=\"menu-item menu-item-type-post_type menu-item-object-page menu-item-1924\"><a href=\"https:\/\/wldstainless.com\/es\/products\/stainless-steel-angle\/\">\u00c1ngulo de acero inoxidable<\/a><\/li>\n<li id=\"menu-item-1925\" class=\"menu-item menu-item-type-post_type menu-item-object-page menu-item-1925\"><a href=\"https:\/\/wldstainless.com\/es\/products\/stainless-steel-beam\/\">Viga de acero inoxidable<\/a><\/li>\n<li id=\"menu-item-1926\" class=\"menu-item menu-item-type-post_type menu-item-object-page menu-item-1926\"><a href=\"https:\/\/wldstainless.com\/es\/products\/stainless-steel-capillary-tubes\/\">Tubos capilares de acero inoxidable<\/a><\/li>\n<li id=\"menu-item-1927\" class=\"menu-item menu-item-type-post_type menu-item-object-page menu-item-1927\"><a href=\"https:\/\/wldstainless.com\/es\/products\/stainless-steel-channel\/\">Canal de acero inoxidable<\/a><\/li>\n<li id=\"menu-item-1928\" class=\"menu-item menu-item-type-post_type menu-item-object-page menu-item-1928\"><a href=\"https:\/\/wldstainless.com\/es\/products\/stainless-steel-coiled-tube\/\">Tubo en espiral de acero inoxidable<\/a><\/li>\n<li id=\"menu-item-1929\" class=\"menu-item menu-item-type-post_type menu-item-object-page menu-item-1929\"><a href=\"https:\/\/wldstainless.com\/es\/products\/stainless-steel-cold-rolled-plate-sheet-coil\/\">Placa\/hoja\/bobina laminada en fr\u00edo de acero inoxidable<\/a><\/li>\n<li id=\"menu-item-1930\" class=\"menu-item menu-item-type-post_type menu-item-object-page menu-item-1930\"><a href=\"https:\/\/wldstainless.com\/es\/products\/stainless-steel-flats\/\">Pisos de acero inoxidable<\/a><\/li>\n<li id=\"menu-item-1931\" class=\"menu-item menu-item-type-post_type menu-item-object-page menu-item-1931\"><a href=\"https:\/\/wldstainless.com\/es\/products\/stainless-steel-hexagon-bars\/\">Barras hexagonales de acero inoxidable<\/a><\/li>\n<li id=\"menu-item-1932\" class=\"menu-item menu-item-type-post_type menu-item-object-page menu-item-1932\"><a href=\"https:\/\/wldstainless.com\/es\/products\/stainless-steel-hot-rolled-plate-sheet-coil\/\">Placa\/hoja\/bobina laminada en caliente de acero inoxidable<\/a><\/li>\n<li id=\"menu-item-1933\" class=\"menu-item menu-item-type-post_type menu-item-object-page menu-item-1933\"><a href=\"https:\/\/wldstainless.com\/es\/products\/stainless-steel-large-diameter-pipe\/\">Tuber\u00eda de acero inoxidable de gran di\u00e1metro<\/a><\/li>\n<li id=\"menu-item-1934\" class=\"menu-item menu-item-type-post_type menu-item-object-page menu-item-1934\"><a href=\"https:\/\/wldstainless.com\/es\/products\/stainless-steel-round-bars\/\">Barras redondas de acero inoxidable<\/a><\/li>\n<li id=\"menu-item-1935\" class=\"menu-item menu-item-type-post_type menu-item-object-page menu-item-1935\"><a href=\"https:\/\/wldstainless.com\/es\/products\/stainless-steel-square-tube\/\">Tubo cuadrado de acero inoxidable<\/a><\/li>\n<li id=\"menu-item-1936\" class=\"menu-item menu-item-type-post_type menu-item-object-page menu-item-1936\"><a href=\"https:\/\/wldstainless.com\/es\/products\/stainless-steel-u-bend-tube\/\">Tubo en U de acero inoxidable<\/a><\/li>\n<\/ul><\/div><\/div><\/div><br \/>\n<div  class='hr hr-default'><span class='hr-inner' ><span class='hr-inner-style'><\/span><\/span><\/div><br \/>\n<div class='avia-button-wrap avia-button-left'><a href='http:\/\/wldstainless.com\/contact\/#contact' class='avia-button   avia-icon_select-yes-left-icon avia-color-custom avia-size-large avia-position-left'  target=\"_blank\"  style='background-color:#e82221; border-color:#e82221; color:#ffffff; ' ><span class='avia_button_icon avia_button_icon_left' aria-hidden='true' data-av_icon='\ue84b' data-av_iconfont='entypo-fontello'><\/span><span class='avia_iconbox_title' >Solicitar presupuesto<\/span><\/a><\/div><\/p><\/div>\n<div class=\"flex_column av_three_fourth  flex_column_div\" style='padding:0px 0px 50px 0px ; border-radius:0px; '><p><div style='padding-bottom:10px;color:#d3311f;' class='av-special-heading av-special-heading-h3 custom-color-heading'><h3 class='av-special-heading-tag'  itemprop=\"headline\"  >Hoja\/placa\/bobina de acero inoxidable laminada en fr\u00edo<\/h3><div class='special-heading-border'><div class='special-heading-inner-border' style='border-color:#d3311f'><\/div><\/div><\/div><br \/>\n<div  class='hr hr-default'><span class='hr-inner' ><span class='hr-inner-style'><\/span><\/span><\/div><br \/>\n<section class=\"av_textblock_section\"  itemscope=\"itemscope\" itemtype=\"https:\/\/schema.org\/CreativeWork\" ><div class='avia_textblock'   itemprop=\"text\" ><p>Como su nombre lo indica, la placa laminada en fr\u00edo de acero inoxidable es una placa de acero inoxidable producida mediante el proceso de laminaci\u00f3n en fr\u00edo. Habitualmente nos referimos al espesor inferior a 3 mm para la chapa y superior a 3 mm para la placa. Las l\u00e1minas\/placas, bobinas y tiras de acero inoxidable laminadas en fr\u00edo tienen una excelente resistencia a la corrosi\u00f3n, buenas propiedades mec\u00e1nicas, propiedades de procesamiento y una variedad de acabados superficiales, y se han utilizado ampliamente en electrodom\u00e9sticos, petroqu\u00edmicos, equipos m\u00e9dicos, autom\u00f3viles, barcos y electr\u00f3nica de precisi\u00f3n. y otros campos.<\/p>\n<p>El reprocesamiento de superficies laminadas en fr\u00edo permite que la superficie de acero inoxidable presente un acabado, textura y color diferentes. Los acabados superficiales de las placas laminadas en fr\u00edo de acero inoxidable incluyen 2D, 2B, No.3, No.4, 240, 320, No.7, No.8, HL, BA, TR, estado duro, en relieve y otros grados de superficie. Puede procesarse adicionalmente mediante galvanoplastia, electropulido, grabado, granallado, coloraci\u00f3n, recubrimiento y diversas combinaciones basadas en laminaci\u00f3n en fr\u00edo.<\/p>\n<p>Como proveedor y fabricante de l\u00e1minas y placas de acero inoxidable cumpliendo con las normas ASTM, ASME y EN. WLD Steel suministra estos productos disponibles en el tipo 201, 304\/304L, 316\/316L, 430, 410S, 409\/409L y grado d\u00faplex 2205, todos nuestros productos se pueden reprocesar para doblar, recortar, decapar, tratar t\u00e9rmicamente, recubiertos u otros.<\/p>\n<\/div><\/section><br \/>\n<section class=\"av_textblock_section\"  itemscope=\"itemscope\" itemtype=\"https:\/\/schema.org\/CreativeWork\" ><div class='avia_textblock'   itemprop=\"text\" ><p>Especificaciones: ASTM A240, ASTM A480<\/p>\n<p>Acabado superficial: No1, 2D, 2B, VAGOS, No 3, No4, No8, HL,<\/p>\n<p>Tama\u00f1o: 800-1300*0,2-3,0 mm (bobina); 800-2000*0,2-100 mm (placa)<\/p>\n<p>Grados disponibles: 201, <a href=\"https:\/\/wldstainless.com\/materials\/austenitic-stainless-steel\/304-304l-stainless-steel\/\">304\/304L<\/a>, <a href=\"https:\/\/wldstainless.com\/materials\/austenitic-stainless-steel\/316-316l-stainless-steel\/\">316\/316L<\/a>, 317, 309S, 321H, <a href=\"https:\/\/wldstainless.com\/materials\/austenitic-stainless-steel\/347-347h-stainless-steel\/\">347<\/a>, 409L,<a href=\"https:\/\/wldstainless.com\/materials\/austenitic-stainless-steel\/904l-stainless-steel\/\"> 904L<\/a>,<a href=\"https:\/\/wldstainless.com\/materials\/duplex-stainless-steel\/alloy-2205-stainless-steel\/\"> 2205<\/a><\/p>\n<h4>El tama\u00f1o de la chapa\/placa\/bobina laminada en fr\u00edo de acero inoxidable.<\/h4>\n<table>\n<tbody>\n<tr>\n<td width=\"13.1000%\">Tipos de acabado superficial<\/td>\n<td colspan=\"2\" width=\"32.5400%\">Productos<\/td>\n<td width=\"14.6200%\">Espesor nominal, mm<\/td>\n<td width=\"14.6400%\">Ancho nominal, mm<\/td>\n<td width=\"22.9000%\">Longitud nominal de la placa o di\u00e1metro interior de la bobina, mm<\/td>\n<\/tr>\n<tr>\n<td rowspan=\"5\" width=\"13.1000%\">No.2E<\/td>\n<td rowspan=\"2\" width=\"14.4200%\">Placa de acero<\/td>\n<td width=\"17.7600%\">Corte de bordes<\/td>\n<td rowspan=\"2\" width=\"14.6200%\">1.4~6.5<\/td>\n<td width=\"14.6400%\">730\uff5e1570<\/td>\n<td rowspan=\"2\" width=\"22.9000%\">1000\uff5e12000(Placa)<\/td>\n<\/tr>\n<tr>\n<td width=\"17.7600%\">Sin corte de borde<\/td>\n<td width=\"14.6400%\">750\uff5e1600<\/td>\n<\/tr>\n<tr>\n<td rowspan=\"2\" width=\"14.4200%\">Bobina de acero<\/td>\n<td width=\"17.7600%\">Corte de bordes<\/td>\n<td rowspan=\"2\" width=\"14.6200%\">1.4~6.5<\/td>\n<td width=\"14.6400%\">730\uff5e1570<\/td>\n<td rowspan=\"2\" width=\"22.9000%\">610 (bobina)<\/td>\n<\/tr>\n<tr>\n<td width=\"17.7600%\">Sin corte de borde<\/td>\n<td width=\"14.6400%\">750\uff5e1600<\/td>\n<\/tr>\n<tr>\n<td colspan=\"2\" width=\"32.5400%\">Bobina de acero de corte longitudinal<\/td>\n<td width=\"14.6200%\">1,4~3,0<\/td>\n<td width=\"14.6400%\">120\uff5e700<\/td>\n<td width=\"22.9000%\">508\/610 (bobina)<\/td>\n<\/tr>\n<tr>\n<td rowspan=\"5\" width=\"13.1000%\">No.2D<br \/>\nNo.2B<\/td>\n<td rowspan=\"2\" width=\"14.4200%\">Placa de acero<\/td>\n<td width=\"17.7600%\">Corte de bordes<\/td>\n<td rowspan=\"2\" width=\"14.6200%\">0,20~3,0<\/td>\n<td width=\"14.6400%\">730\uff5e1350<\/td>\n<td rowspan=\"2\" width=\"22.9000%\">1000\uff5e5000 (Placa)<\/td>\n<\/tr>\n<tr>\n<td width=\"17.7600%\">Sin corte de borde<\/td>\n<td width=\"14.6400%\">750\uff5e1350<\/td>\n<\/tr>\n<tr>\n<td rowspan=\"2\" width=\"14.4200%\">Bobina de acero<\/td>\n<td width=\"17.7600%\">Corte de bordes<\/td>\n<td rowspan=\"2\" width=\"14.6200%\">0,20~5,0<\/td>\n<td width=\"14.6400%\">730\uff5e1570<\/td>\n<td rowspan=\"3\" width=\"22.9000%\">508\/610 (bobina)<\/td>\n<\/tr>\n<tr>\n<td width=\"17.7600%\">Sin corte de borde<\/td>\n<td width=\"14.6400%\">750\uff5e1600<\/td>\n<\/tr>\n<tr>\n<td colspan=\"2\" width=\"32.5400%\">Bobina de acero de corte longitudinal<\/td>\n<td width=\"14.6200%\">0,20~3,0<\/td>\n<td width=\"14.6400%\">120\uff5e700<\/td>\n<\/tr>\n<tr>\n<td rowspan=\"5\" width=\"13.1000%\">Numero 3<br \/>\nNo. 4<br \/>\nHL<br \/>\nlicenciado en Letras<\/td>\n<td rowspan=\"2\" width=\"14.4200%\">Placa de acero<\/td>\n<td width=\"17.7600%\">Corte de bordes<\/td>\n<td rowspan=\"2\" width=\"14.6200%\">0,20~3,0<\/td>\n<td width=\"14.6400%\">730\uff5e1350<\/td>\n<td rowspan=\"2\" width=\"22.9000%\">1000\uff5e9000 (Placa)<\/td>\n<\/tr>\n<tr>\n<td width=\"17.7600%\">Sin corte de borde<\/td>\n<td width=\"14.6400%\">750\uff5e1350<\/td>\n<\/tr>\n<tr>\n<td rowspan=\"2\" width=\"14.4200%\">Bobina de acero<\/td>\n<td width=\"17.7600%\">Corte de bordes<\/td>\n<td rowspan=\"2\" width=\"14.6200%\">0,20~3,0<\/td>\n<td width=\"14.6400%\">730\uff5e1570<\/td>\n<td rowspan=\"3\" width=\"22.9000%\">508\/610 (bobina)<\/td>\n<\/tr>\n<tr>\n<td width=\"17.7600%\">Sin corte de borde<\/td>\n<td width=\"14.6400%\">750\uff5e1600<\/td>\n<\/tr>\n<tr>\n<td colspan=\"2\" width=\"32.5400%\">Fleje de acero de corte longitudinal<\/td>\n<td width=\"14.6200%\">0,20~3,0<\/td>\n<td width=\"14.6400%\">120\uff5e700<\/td>\n<\/tr>\n<\/tbody>\n<\/table>\n<\/div><\/section><\/p><\/div>","protected":false},"excerpt":{"rendered":"","protected":false},"author":1,"featured_media":0,"parent":346,"menu_order":0,"comment_status":"closed","ping_status":"closed","template":"","meta":{"footnotes":""},"class_list":["post-558","page","type-page","status-publish","hentry"],"aioseo_notices":[],"_links":{"self":[{"href":"https:\/\/wldstainless.com\/es\/wp-json\/wp\/v2\/pages\/558","targetHints":{"allow":["GET"]}}],"collection":[{"href":"https:\/\/wldstainless.com\/es\/wp-json\/wp\/v2\/pages"}],"about":[{"href":"https:\/\/wldstainless.com\/es\/wp-json\/wp\/v2\/types\/page"}],"author":[{"embeddable":true,"href":"https:\/\/wldstainless.com\/es\/wp-json\/wp\/v2\/users\/1"}],"replies":[{"embeddable":true,"href":"https:\/\/wldstainless.com\/es\/wp-json\/wp\/v2\/comments?post=558"}],"version-history":[{"count":16,"href":"https:\/\/wldstainless.com\/es\/wp-json\/wp\/v2\/pages\/558\/revisions"}],"predecessor-version":[{"id":2054,"href":"https:\/\/wldstainless.com\/es\/wp-json\/wp\/v2\/pages\/558\/revisions\/2054"}],"up":[{"embeddable":true,"href":"https:\/\/wldstainless.com\/es\/wp-json\/wp\/v2\/pages\/346"}],"wp:attachment":[{"href":"https:\/\/wldstainless.com\/es\/wp-json\/wp\/v2\/media?parent=558"}],"curies":[{"name":"wp","href":"https:\/\/api.w.org\/{rel}","templated":true}]}}