{"id":346,"date":"2019-06-12T02:09:56","date_gmt":"2019-06-12T02:09:56","guid":{"rendered":"http:\/\/wldstainless.com\/?page_id=346"},"modified":"2020-12-11T06:21:06","modified_gmt":"2020-12-11T06:21:06","slug":"products","status":"publish","type":"page","link":"https:\/\/wldstainless.com\/es\/products\/","title":{"rendered":"PRODUCTOS"},"content":{"rendered":"<div class=\"flex_column av_one_fourth  flex_column_div av-zero-column-padding first\" style='border-radius:0px; '><p><div class='avia-builder-widget-area clearfix'><div id=\"nav_menu-7\" class=\"widget clearfix widget_nav_menu\"><h3 class=\"widgettitle\">Productos<\/h3><div class=\"menu-accessories-container\"><ul id=\"menu-accessories\" class=\"menu\"><li id=\"menu-item-1924\" class=\"menu-item menu-item-type-post_type menu-item-object-page menu-item-1924\"><a href=\"https:\/\/wldstainless.com\/es\/products\/stainless-steel-angle\/\">\u00c1ngulo de acero inoxidable<\/a><\/li>\n<li id=\"menu-item-1925\" class=\"menu-item menu-item-type-post_type menu-item-object-page menu-item-1925\"><a href=\"https:\/\/wldstainless.com\/es\/products\/stainless-steel-beam\/\">Viga de acero inoxidable<\/a><\/li>\n<li id=\"menu-item-1926\" class=\"menu-item menu-item-type-post_type menu-item-object-page menu-item-1926\"><a href=\"https:\/\/wldstainless.com\/es\/products\/stainless-steel-capillary-tubes\/\">Tubos capilares de acero inoxidable<\/a><\/li>\n<li id=\"menu-item-1927\" class=\"menu-item menu-item-type-post_type menu-item-object-page menu-item-1927\"><a href=\"https:\/\/wldstainless.com\/es\/products\/stainless-steel-channel\/\">Canal de acero inoxidable<\/a><\/li>\n<li id=\"menu-item-1928\" class=\"menu-item menu-item-type-post_type menu-item-object-page menu-item-1928\"><a href=\"https:\/\/wldstainless.com\/es\/products\/stainless-steel-coiled-tube\/\">Tubo en espiral de acero inoxidable<\/a><\/li>\n<li id=\"menu-item-1929\" class=\"menu-item menu-item-type-post_type menu-item-object-page menu-item-1929\"><a href=\"https:\/\/wldstainless.com\/es\/products\/stainless-steel-cold-rolled-plate-sheet-coil\/\">Placa\/hoja\/bobina laminada en fr\u00edo de acero inoxidable<\/a><\/li>\n<li id=\"menu-item-1930\" class=\"menu-item menu-item-type-post_type menu-item-object-page menu-item-1930\"><a href=\"https:\/\/wldstainless.com\/es\/products\/stainless-steel-flats\/\">Pisos de acero inoxidable<\/a><\/li>\n<li id=\"menu-item-1931\" class=\"menu-item menu-item-type-post_type menu-item-object-page menu-item-1931\"><a href=\"https:\/\/wldstainless.com\/es\/products\/stainless-steel-hexagon-bars\/\">Barras hexagonales de acero inoxidable<\/a><\/li>\n<li id=\"menu-item-1932\" class=\"menu-item menu-item-type-post_type menu-item-object-page menu-item-1932\"><a href=\"https:\/\/wldstainless.com\/es\/products\/stainless-steel-hot-rolled-plate-sheet-coil\/\">Placa\/hoja\/bobina laminada en caliente de acero inoxidable<\/a><\/li>\n<li id=\"menu-item-1933\" class=\"menu-item menu-item-type-post_type menu-item-object-page menu-item-1933\"><a href=\"https:\/\/wldstainless.com\/es\/products\/stainless-steel-large-diameter-pipe\/\">Tuber\u00eda de acero inoxidable de gran di\u00e1metro<\/a><\/li>\n<li id=\"menu-item-1934\" class=\"menu-item menu-item-type-post_type menu-item-object-page menu-item-1934\"><a href=\"https:\/\/wldstainless.com\/es\/products\/stainless-steel-round-bars\/\">Barras redondas de acero inoxidable<\/a><\/li>\n<li id=\"menu-item-1935\" class=\"menu-item menu-item-type-post_type menu-item-object-page menu-item-1935\"><a href=\"https:\/\/wldstainless.com\/es\/products\/stainless-steel-square-tube\/\">Tubo cuadrado de acero inoxidable<\/a><\/li>\n<li id=\"menu-item-1936\" class=\"menu-item menu-item-type-post_type menu-item-object-page menu-item-1936\"><a href=\"https:\/\/wldstainless.com\/es\/products\/stainless-steel-u-bend-tube\/\">Tubo en U de acero inoxidable<\/a><\/li>\n<\/ul><\/div><\/div><\/div><br \/>\n<div  class='hr hr-default'><span class='hr-inner' ><span class='hr-inner-style'><\/span><\/span><\/div><br \/>\n<div class='avia-button-wrap avia-button-left'><a href='http:\/\/wldstainless.com\/contact\/#contact' class='avia-button   avia-icon_select-yes-left-icon avia-color-custom avia-size-large avia-position-left'  target=\"_blank\"  style='background-color:#e82221; border-color:#e82221; color:#ffffff; ' ><span class='avia_button_icon avia_button_icon_left' aria-hidden='true' data-av_icon='\ue84b' data-av_iconfont='entypo-fontello'><\/span><span class='avia_iconbox_title' >Solicitar presupuesto<\/span><\/a><\/div><\/p><\/div>\n<div class=\"flex_column av_three_fourth  flex_column_div\" style='padding:0px 0px 50px 0px ; border-radius:0px; '><p><section class=\"av_textblock_section\"  itemscope=\"itemscope\" itemtype=\"https:\/\/schema.org\/CreativeWork\" ><div class='avia_textblock'   itemprop=\"text\" ><p>Ofrecemos una gran selecci\u00f3n de acero inoxidable resistente a la corrosi\u00f3n en forma de tuber\u00edas, tubos, l\u00e1minas, placas, bobinas, tiras, barras redondas, barras hexagonales, acero plano y formado como \u00e1ngulos, vigas y canales. Puede comprar estos productos en longitudes est\u00e1ndar o ofrecemos servicios de corte a medida con nuestro equipo de procesamiento de barras. Si necesita un material dif\u00edcil de encontrar o una especificaci\u00f3n hecha a medida, cont\u00e1ctenos para cualquier duda o consulta sobre estos servicios especializados. Las calificaciones generales y la forma se muestran a continuaci\u00f3n:<\/p>\n<\/div><\/section><br \/>\n<section class=\"av_textblock_section\"  itemscope=\"itemscope\" itemtype=\"https:\/\/schema.org\/CreativeWork\" ><div class='avia_textblock'   itemprop=\"text\" ><table>\n<tbody>\n<tr>\n<td width=\"287\">\n<h4><strong><b>Tuber\u00eda\/Tubo<\/b><\/strong><\/h4>\n<\/td>\n<td width=\"565\">\n<ul>\n<li>Acero inoxidable <a href=\"https:\/\/wldstainless.com\/products\/stainless-steel-coiled-tube\/\">Tubo sin costura<\/a><\/li>\n<li>Acero inoxidable <a href=\"https:\/\/wldstainless.com\/products\/stainless-steel-square-tube\/\">Tubo soldado<\/a><\/li>\n<li>Acero inoxidable <a href=\"https:\/\/wldstainless.com\/products\/stainless-steel-capillary-tubes\/\">Tubo sanitario<\/a><\/li>\n<li>Acero inoxidable <a href=\"https:\/\/wldstainless.com\/products\/stainless-steel-u-bend-tube\/\">Tubo en U<\/a><\/li>\n<li>Acero inoxidable <a href=\"https:\/\/wldstainless.com\/products\/stainless-steel-large-diameter-pipe\/\">Tuber\u00eda de gran di\u00e1metro<\/a><\/li>\n<\/ul>\n<\/td>\n<\/tr>\n<tr>\n<td width=\"287\">\n<h4><strong><b>Varillas\/Barras<\/b><\/strong><\/h4>\n<\/td>\n<td width=\"565\">\n<ul>\n<li>Acero inoxidable <a href=\"https:\/\/wldstainless.com\/products\/stainless-steel-round-bars\/\">Rondas<\/a><\/li>\n<li>Cuadrados de acero inoxidable<\/li>\n<li>Acero inoxidable <a href=\"https:\/\/wldstainless.com\/products\/stainless-steel-hexagon-bars\/\">hex\u00e1gonos<\/a><\/li>\n<li>Pisos de acero inoxidable<\/li>\n<\/ul>\n<\/td>\n<\/tr>\n<tr>\n<td width=\"287\">\n<h4><strong><b>Placa\/Hoja\/Bobina\/Tira<\/b><\/strong><\/h4>\n<\/td>\n<td width=\"565\">\n<ul>\n<li>Acero inoxidable <a href=\"https:\/\/wldstainless.com\/products\/stainless-steel-hot-rolled-plate-sheet-coil\/\">Placa laminada en caliente<\/a>\/Hoja\/Bobina\/Tira<\/li>\n<li>Acero inoxidable <a href=\"https:\/\/wldstainless.com\/products\/stainless-steel-cold-rolled-plate-sheet-coil\/\">Placa laminada en fr\u00edo<\/a>\/Hoja\/Bobina\/Tira<\/li>\n<\/ul>\n<\/td>\n<\/tr>\n<tr>\n<td width=\"287\">\n<h4><strong><b>Formas estructurales<\/b><\/strong><\/h4>\n<\/td>\n<td width=\"565\">\n<ul>\n<li>Acero inoxidable <a href=\"https:\/\/wldstainless.com\/products\/stainless-steel-beam\/\">Haz<\/a><\/li>\n<li>Acero inoxidable <a href=\"https:\/\/wldstainless.com\/products\/stainless-steel-angle\/\">\u00c1ngulo<\/a><\/li>\n<li>Acero inoxidable <a href=\"https:\/\/wldstainless.com\/products\/stainless-steel-angle\/\">Canal<\/a><\/li>\n<\/ul>\n<\/td>\n<\/tr>\n<\/tbody>\n<\/table>\n<\/div><\/section><\/p><\/div>","protected":false},"excerpt":{"rendered":"","protected":false},"author":1,"featured_media":0,"parent":0,"menu_order":0,"comment_status":"closed","ping_status":"closed","template":"","meta":{"footnotes":""},"class_list":["post-346","page","type-page","status-publish","hentry"],"aioseo_notices":[],"_links":{"self":[{"href":"https:\/\/wldstainless.com\/es\/wp-json\/wp\/v2\/pages\/346","targetHints":{"allow":["GET"]}}],"collection":[{"href":"https:\/\/wldstainless.com\/es\/wp-json\/wp\/v2\/pages"}],"about":[{"href":"https:\/\/wldstainless.com\/es\/wp-json\/wp\/v2\/types\/page"}],"author":[{"embeddable":true,"href":"https:\/\/wldstainless.com\/es\/wp-json\/wp\/v2\/users\/1"}],"replies":[{"embeddable":true,"href":"https:\/\/wldstainless.com\/es\/wp-json\/wp\/v2\/comments?post=346"}],"version-history":[{"count":15,"href":"https:\/\/wldstainless.com\/es\/wp-json\/wp\/v2\/pages\/346\/revisions"}],"predecessor-version":[{"id":2061,"href":"https:\/\/wldstainless.com\/es\/wp-json\/wp\/v2\/pages\/346\/revisions\/2061"}],"wp:attachment":[{"href":"https:\/\/wldstainless.com\/es\/wp-json\/wp\/v2\/media?parent=346"}],"curies":[{"name":"wp","href":"https:\/\/api.w.org\/{rel}","templated":true}]}}