{"id":2082,"date":"2021-02-24T14:19:37","date_gmt":"2021-02-24T14:19:37","guid":{"rendered":"https:\/\/wldstainless.com\/?page_id=2082"},"modified":"2021-02-25T05:29:29","modified_gmt":"2021-02-25T05:29:29","slug":"stainless-steel-pipe-tees","status":"publish","type":"page","link":"https:\/\/wldstainless.com\/es\/products\/stainless-steel-pipe-tees\/","title":{"rendered":"Camisetas para tubos de acero inoxidable"},"content":{"rendered":"<div class=\"flex_column av_one_fourth  flex_column_div av-zero-column-padding first\" style='border-radius:0px; '><p><div class='avia-builder-widget-area clearfix'><div id=\"nav_menu-7\" class=\"widget clearfix widget_nav_menu\"><h3 class=\"widgettitle\">Productos<\/h3><div class=\"menu-accessories-container\"><ul id=\"menu-accessories\" class=\"menu\"><li id=\"menu-item-1924\" class=\"menu-item menu-item-type-post_type menu-item-object-page menu-item-1924\"><a href=\"https:\/\/wldstainless.com\/es\/products\/stainless-steel-angle\/\">\u00c1ngulo de acero inoxidable<\/a><\/li>\n<li id=\"menu-item-1925\" class=\"menu-item menu-item-type-post_type menu-item-object-page menu-item-1925\"><a href=\"https:\/\/wldstainless.com\/es\/products\/stainless-steel-beam\/\">Viga de acero inoxidable<\/a><\/li>\n<li id=\"menu-item-1926\" class=\"menu-item menu-item-type-post_type menu-item-object-page menu-item-1926\"><a href=\"https:\/\/wldstainless.com\/es\/products\/stainless-steel-capillary-tubes\/\">Tubos capilares de acero inoxidable<\/a><\/li>\n<li id=\"menu-item-1927\" class=\"menu-item menu-item-type-post_type menu-item-object-page menu-item-1927\"><a href=\"https:\/\/wldstainless.com\/es\/products\/stainless-steel-channel\/\">Canal de acero inoxidable<\/a><\/li>\n<li id=\"menu-item-1928\" class=\"menu-item menu-item-type-post_type menu-item-object-page menu-item-1928\"><a href=\"https:\/\/wldstainless.com\/es\/products\/stainless-steel-coiled-tube\/\">Tubo en espiral de acero inoxidable<\/a><\/li>\n<li id=\"menu-item-1929\" class=\"menu-item menu-item-type-post_type menu-item-object-page menu-item-1929\"><a href=\"https:\/\/wldstainless.com\/es\/products\/stainless-steel-cold-rolled-plate-sheet-coil\/\">Placa\/hoja\/bobina laminada en fr\u00edo de acero inoxidable<\/a><\/li>\n<li id=\"menu-item-1930\" class=\"menu-item menu-item-type-post_type menu-item-object-page menu-item-1930\"><a href=\"https:\/\/wldstainless.com\/es\/products\/stainless-steel-flats\/\">Pisos de acero inoxidable<\/a><\/li>\n<li id=\"menu-item-1931\" class=\"menu-item menu-item-type-post_type menu-item-object-page menu-item-1931\"><a href=\"https:\/\/wldstainless.com\/es\/products\/stainless-steel-hexagon-bars\/\">Barras hexagonales de acero inoxidable<\/a><\/li>\n<li id=\"menu-item-1932\" class=\"menu-item menu-item-type-post_type menu-item-object-page menu-item-1932\"><a href=\"https:\/\/wldstainless.com\/es\/products\/stainless-steel-hot-rolled-plate-sheet-coil\/\">Placa\/hoja\/bobina laminada en caliente de acero inoxidable<\/a><\/li>\n<li id=\"menu-item-1933\" class=\"menu-item menu-item-type-post_type menu-item-object-page menu-item-1933\"><a href=\"https:\/\/wldstainless.com\/es\/products\/stainless-steel-large-diameter-pipe\/\">Tuber\u00eda de acero inoxidable de gran di\u00e1metro<\/a><\/li>\n<li id=\"menu-item-1934\" class=\"menu-item menu-item-type-post_type menu-item-object-page menu-item-1934\"><a href=\"https:\/\/wldstainless.com\/es\/products\/stainless-steel-round-bars\/\">Barras redondas de acero inoxidable<\/a><\/li>\n<li id=\"menu-item-1935\" class=\"menu-item menu-item-type-post_type menu-item-object-page menu-item-1935\"><a href=\"https:\/\/wldstainless.com\/es\/products\/stainless-steel-square-tube\/\">Tubo cuadrado de acero inoxidable<\/a><\/li>\n<li id=\"menu-item-1936\" class=\"menu-item menu-item-type-post_type menu-item-object-page menu-item-1936\"><a href=\"https:\/\/wldstainless.com\/es\/products\/stainless-steel-u-bend-tube\/\">Tubo en U de acero inoxidable<\/a><\/li>\n<\/ul><\/div><\/div><\/div><br \/>\n<div  class='hr hr-default'><span class='hr-inner' ><span class='hr-inner-style'><\/span><\/span><\/div><br \/>\n<div class='avia-button-wrap avia-button-left'><a href='http:\/\/wldstainless.com\/contact\/#contact' class='avia-button   avia-icon_select-yes-left-icon avia-color-custom avia-size-large avia-position-left'  target=\"_blank\"  style='background-color:#e82221; border-color:#e82221; color:#ffffff; ' ><span class='avia_button_icon avia_button_icon_left' aria-hidden='true' data-av_icon='\ue84b' data-av_iconfont='entypo-fontello'><\/span><span class='avia_iconbox_title' >Solicitar presupuesto<\/span><\/a><\/div><\/p><\/div>\n<div class=\"flex_column av_three_fourth  flex_column_div\" style='padding:0px 0px 50px 0px ; border-radius:0px; '><p><div style='padding-bottom:10px;color:#d3311f;' class='av-special-heading av-special-heading-h3 custom-color-heading'><h3 class='av-special-heading-tag'  itemprop=\"headline\"  >Camisetas de acero inoxidable<\/h3><div class='special-heading-border'><div class='special-heading-inner-border' style='border-color:#d3311f'><\/div><\/div><\/div><br \/>\n<div  class='hr hr-default'><span class='hr-inner' ><span class='hr-inner-style'><\/span><\/span><\/div><br \/>\n<section class=\"av_textblock_section\"  itemscope=\"itemscope\" itemtype=\"https:\/\/schema.org\/CreativeWork\" ><div class='avia_textblock'   itemprop=\"text\" ><p>La T es un tipo de accesorio de tuber\u00eda de uso com\u00fan que se utiliza para la conexi\u00f3n de tuber\u00edas, e incluye principalmente una T de igual di\u00e1metro y una T reductora. Seg\u00fan la junta a tope, se puede dividir en T para soldadura a tope, T con casquillo, T con manga y T con rosca. La T de acero inoxidable puede ser sin costura o soldada y las T de acero inoxidable sin costura se fabrican mediante abultamiento hidr\u00e1ulico y prensado en caliente. WLD Steel es un fabricante, proveedor e inventario l\u00edder de T de acero inoxidable disponibles en diferentes grados y tama\u00f1os.<\/p>\n<h3>Especificaciones de instalaci\u00f3n de tuber\u00edas<\/h3>\n<p>Tipo: Sin costura \/ Soldado \/ Fabricado<\/p>\n<p>Especificaci\u00f3n: ASTM A403<\/p>\n<p>Dimensiones: ANSI\/ASME B16.9, B16.28, MSS-SP-43.<\/p>\n<p>Espesor: C\u00e9dula 5S, 10S, 20S, S10, S20, S30, STD, 40S, S40, S60, XS, S100, S120, S140, S160, XXS, etc.<\/p>\n<p>Tama\u00f1o: Sin costura (1\/2\u2033\uff5e24\u2033), ERW \/ Soldado \/ Codo fabricado (1\/2\u2033\uff5e48\u2033)<\/p>\n<p>Forma: T para tuber\u00eda, T igual, T desigual, T cruzada, T recta, T reductora, T sin costura, T soldada<\/p>\n<\/div><\/section><br \/>\n<div class='avia-gallery  avia-gallery-1 avia_lazyload avia_animate_when_visible'  itemprop=\"ImageObject\" itemscope=\"itemscope\" itemtype=\"https:\/\/schema.org\/ImageObject\" ><div class='avia-gallery-thumb'> <a href='https:\/\/wldstainless.com\/wp-content\/uploads\/2021\/02\/ASTM-A403-Ppipe-fitting-tees.jpg' data-rel='gallery-1' data-prev-img='https:\/\/wldstainless.com\/wp-content\/uploads\/2021\/02\/ASTM-A403-Ppipe-fitting-tees.jpg' class='first_thumb lightbox' data-onclick='1' title=''  itemprop=\"thumbnailUrl\" ><img  src='https:\/\/wldstainless.com\/wp-content\/uploads\/2021\/02\/ASTM-A403-Ppipe-fitting-tees.jpg' width='300' height='300'  title='Camisetas de instalaci\u00f3n de tuber\u00edas ASTM A403' alt='' \/><\/a> <a href='https:\/\/wldstainless.com\/wp-content\/uploads\/2021\/02\/304-Cross-Tees.jpg' data-rel='gallery-1' data-prev-img='https:\/\/wldstainless.com\/wp-content\/uploads\/2021\/02\/304-Cross-Tees.jpg' class='lightbox' data-onclick='2' title=''  itemprop=\"thumbnailUrl\" ><img  src='https:\/\/wldstainless.com\/wp-content\/uploads\/2021\/02\/304-Cross-Tees.jpg' width='300' height='300'  title='304 Tes secundarias' alt='' \/><\/a> <a href='https:\/\/wldstainless.com\/wp-content\/uploads\/2021\/02\/304-Tees.jpg' data-rel='gallery-1' data-prev-img='https:\/\/wldstainless.com\/wp-content\/uploads\/2021\/02\/304-Tees.jpg' class='lightbox' data-onclick='3' title=''  itemprop=\"thumbnailUrl\" ><img  src='https:\/\/wldstainless.com\/wp-content\/uploads\/2021\/02\/304-Tees.jpg' width='300' height='300'  title='304 camisetas' alt='' \/><\/a><\/div><\/div><br \/>\n<div  class='hr hr-default'><span class='hr-inner' ><span class='hr-inner-style'><\/span><\/span><\/div><br \/>\n<section class=\"av_textblock_section\"  itemscope=\"itemscope\" itemtype=\"https:\/\/schema.org\/CreativeWork\" ><div class='avia_textblock'   itemprop=\"text\" ><h4>Grados disponibles de T SS en WID Steel<\/h4>\n<ul>\n<li>Acero inoxidable <a href=\"https:\/\/wldstainless.com\/materials\/austenitic-stainless-steel\/304-304l-stainless-steel\/\">304\/304L\/304H<\/a> Tee<\/li>\n<li>Acero inoxidable <a href=\"https:\/\/wldstainless.com\/materials\/austenitic-stainless-steel\/316-316l-stainless-steel\/\">316\/316L\/316Ti<\/a> Tee<\/li>\n<li>Acero inoxidable <a href=\"https:\/\/wldstainless.com\/materials\/austenitic-stainless-steel\/309s-stainless-steel\/\">309S<\/a> Tee<\/li>\n<li>Acero inoxidable <a href=\"https:\/\/wldstainless.com\/materials\/austenitic-stainless-steel\/310s-stainless-steel\/\">310\/310S<\/a> Tee<\/li>\n<li>Camiseta de acero inoxidable 317\/317L<\/li>\n<li>Acero inoxidable <a href=\"https:\/\/wldstainless.com\/materials\/austenitic-stainless-steel\/321-321h-stainless-steel\/\">321\/321H<\/a> Tee<\/li>\n<li>Acero inoxidable <a href=\"https:\/\/wldstainless.com\/materials\/austenitic-stainless-steel\/347-347h-stainless-steel\/\">347\/347H<\/a> Tee<\/li>\n<li>Camiseta de acero d\u00faplex 31803<\/li>\n<li>Acero d\u00faplex <a href=\"https:\/\/wldstainless.com\/materials\/duplex-stainless-steel\/alloy-2205-stainless-steel\/\">32550<\/a> Tee<\/li>\n<\/ul>\n<\/div><\/section><\/p><\/div>","protected":false},"excerpt":{"rendered":"","protected":false},"author":1,"featured_media":0,"parent":346,"menu_order":0,"comment_status":"closed","ping_status":"closed","template":"","meta":{"footnotes":""},"class_list":["post-2082","page","type-page","status-publish","hentry"],"aioseo_notices":[],"_links":{"self":[{"href":"https:\/\/wldstainless.com\/es\/wp-json\/wp\/v2\/pages\/2082","targetHints":{"allow":["GET"]}}],"collection":[{"href":"https:\/\/wldstainless.com\/es\/wp-json\/wp\/v2\/pages"}],"about":[{"href":"https:\/\/wldstainless.com\/es\/wp-json\/wp\/v2\/types\/page"}],"author":[{"embeddable":true,"href":"https:\/\/wldstainless.com\/es\/wp-json\/wp\/v2\/users\/1"}],"replies":[{"embeddable":true,"href":"https:\/\/wldstainless.com\/es\/wp-json\/wp\/v2\/comments?post=2082"}],"version-history":[{"count":4,"href":"https:\/\/wldstainless.com\/es\/wp-json\/wp\/v2\/pages\/2082\/revisions"}],"predecessor-version":[{"id":2090,"href":"https:\/\/wldstainless.com\/es\/wp-json\/wp\/v2\/pages\/2082\/revisions\/2090"}],"up":[{"embeddable":true,"href":"https:\/\/wldstainless.com\/es\/wp-json\/wp\/v2\/pages\/346"}],"wp:attachment":[{"href":"https:\/\/wldstainless.com\/es\/wp-json\/wp\/v2\/media?parent=2082"}],"curies":[{"name":"wp","href":"https:\/\/api.w.org\/{rel}","templated":true}]}}