{"id":197,"date":"2019-05-16T14:56:59","date_gmt":"2019-05-16T14:56:59","guid":{"rendered":"http:\/\/wldstainless.com\/?page_id=197"},"modified":"2020-12-11T03:38:18","modified_gmt":"2020-12-11T03:38:18","slug":"steel-services","status":"publish","type":"page","link":"https:\/\/wldstainless.com\/es\/about\/steel-services\/","title":{"rendered":"SERVICIOS"},"content":{"rendered":"<\/div><\/div><\/div><!-- close content main div --><\/div><\/div><div id='aboutpage' class='avia-section main_color avia-section-small avia-no-shadow avia-bg-style-scroll   container_wrap sidebar_left'   ><div class='container' ><div class='template-page content  av-content-small units'><div class='post-entry post-entry-type-page post-entry-197'><div class='entry-content-wrapper clearfix'>\n<div class=\"flex_column av_one_full  flex_column_div av-zero-column-padding first\" style='border-radius:0px; '><section class=\"av_textblock_section\"  itemscope=\"itemscope\" itemtype=\"https:\/\/schema.org\/CreativeWork\" ><div class='avia_textblock'   itemprop=\"text\" ><p>Con equipos avanzados y un estricto plan de producci\u00f3n, WLD Steel fabrica productos especiales hechos a medida de acuerdo con las necesidades y dibujos espec\u00edficos del cliente adem\u00e1s de nuestros productos est\u00e1ndar. Tambi\u00e9n ofrecemos a los clientes una variedad de servicios integrales de procesamiento de acero inoxidable, como soldadura, taladrado, doblado, pulido y mecanizado de torno.<\/p>\n<\/div><\/section><\/div><div class=\"flex_column av_one_fourth  flex_column_div av-zero-column-padding first\" style='border-radius:0px; '><div class='avia-image-container  av-styling-circle    avia-align-center'  itemprop=\"ImageObject\" itemscope=\"itemscope\" itemtype=\"https:\/\/schema.org\/ImageObject\"  ><div class='avia-image-container-inner'><img class='avia_image' src='https:\/\/wldstainless.com\/wp-content\/uploads\/2020\/08\/Water-jet-cutting.jpg' alt='' title='Corte por chorro de agua'   itemprop=\"thumbnailUrl\"  \/><\/div><\/div><\/div><div class=\"flex_column av_three_fourth  flex_column_div\" style='padding:50px 0px 50px 0px ; border-radius:0px; '><section class=\"av_textblock_section\"  itemscope=\"itemscope\" itemtype=\"https:\/\/schema.org\/CreativeWork\" ><div class='avia_textblock'   itemprop=\"text\" ><h3 align=\"justify\"><\/h3>\n<h3>Servicio de corte de precisi\u00f3n<\/h3>\n<p>Corte por l\u00e1ser<\/p>\n<p>El corte por l\u00e1ser se puede utilizar para cortar formas complejas o cuando se necesitan dimensiones de alta precisi\u00f3n, se puede cortar en ambos lados de la pieza de acero al mismo tiempo con alta eficiencia. Aqu\u00ed en WLD Steel estamos orgullosos de nuestra capacidad para mecanizar <a href=\"https:\/\/wldstainless.com\/products\/stainless-steel-coiled-tube\/\">tubo de acero inoxidable<\/a> o varilla con un di\u00e1metro m\u00e1ximo de 508 mm, longitud de 15,5 m y placa de acero inoxidable con un ancho m\u00e1ximo de 4,5 m y espesor de 16 mm.<\/p>\n<p>Corte por plasma<\/p>\n<p>El corte por plasma es un proceso de corte por fusi\u00f3n que UTILIZA el calor del plasma caliente para derretir el metal y alejarlo del corte. Este m\u00e9todo es eficaz para cortar placas de acero inoxidable con un espesor inferior a 30 mm. Tiene la ventaja de una baja deformaci\u00f3n porque el corte se realiza en una zona estrecha y de alta temperatura.<\/p>\n<p>Corte de sierra<\/p>\n<p>WLD Steel puede procesar pedidos de acuerdo con los requisitos exactos del cliente. Nuestros tubos y perfiles de acero inoxidable se pueden cortar con sierra en l\u00ednea recta o en el \u00e1ngulo requerido, que depende de las especificaciones especificadas. El proceso es especialmente para la industria de la construcci\u00f3n y la ingenier\u00eda.<\/p>\n<p>Corte por llama<\/p>\n<p>WLD Steel acepta corte con llama y chorro de agua a alta presi\u00f3n. El corte con llama es un proceso en el que se utiliza una mezcla de ox\u00edgeno y gas para fundir acero y el metal fundido se quema con una pistola pulverizadora de ox\u00edgeno, que es adecuada para cortar placas gruesas de acero inoxidable.<\/p>\n<p>Corte por chorro de agua HP<\/p>\n<p>El corte por chorro de agua es un proceso que utiliza una corriente de agua a alta presi\u00f3n para transportar una arena abrasiva. que se caracteriza por su precisi\u00f3n, econom\u00eda, respeto al medio ambiente y sin tratamiento posterior y no provoca deformaci\u00f3n t\u00e9rmica de la zona de corte.<\/p>\n<\/div><\/section><br \/>\n<div style='height:50px' class='hr hr-invisible'><span class='hr-inner' ><span class='hr-inner-style'><\/span><\/span><\/div><\/p><\/div><\/div><\/div><\/div><!-- close content main div --><\/div><\/div><div id='after_section_1' class='main_color av_default_container_wrap container_wrap sidebar_left'   ><div class='container' ><div class='template-page content  av-content-small units'><div class='post-entry post-entry-type-page post-entry-197'><div class='entry-content-wrapper clearfix'><div class=\"flex_column av_one_fourth  flex_column_div av-zero-column-padding first\" style='border-radius:0px; '><div class='avia-image-container  av-styling-circle    avia-align-center'  itemprop=\"ImageObject\" itemscope=\"itemscope\" itemtype=\"https:\/\/schema.org\/ImageObject\"  ><div class='avia-image-container-inner'><img class='avia_image' src='https:\/\/wldstainless.com\/wp-content\/uploads\/2020\/08\/Sandblasting.jpg' alt='' title='Arenado'   itemprop=\"thumbnailUrl\"  \/><\/div><\/div><\/div><\/p>\n<div class=\"flex_column av_three_fourth  flex_column_div av-zero-column-padding\" style='border-radius:0px; '><section class=\"av_textblock_section\"  itemscope=\"itemscope\" itemtype=\"https:\/\/schema.org\/CreativeWork\" ><div class='avia_textblock'   itemprop=\"text\" ><h3>Servicio de Tratamiento de Superficies<\/h3>\n<p>WLD Steel siempre ha procesado una serie de tratamientos de superficie personalizados en l\u00e1minas y placas de acero inoxidable, incluidos 2B Mill, BA (recocido brillante), #4 cepillado \/ No 4 acabados satinados, acabado fino, acabado espejo, rayita cruzada, coloreado\/recubrimiento PVD. Acabados, revestimiento antihuellas.<\/p>\n<\/div><\/section><br \/>\n<div style='height:50px' class='hr hr-invisible'><span class='hr-inner' ><span class='hr-inner-style'><\/span><\/span><\/div><\/p><\/div><div class=\"flex_column av_one_fourth  flex_column_div av-zero-column-padding first\" style='border-radius:0px; '><div class='avia-image-container  av-styling-circle    avia-align-center'  itemprop=\"ImageObject\" itemscope=\"itemscope\" itemtype=\"https:\/\/schema.org\/ImageObject\"  ><div class='avia-image-container-inner'><img class='avia_image' src='https:\/\/wldstainless.com\/wp-content\/uploads\/2020\/08\/Bending-2.jpg' alt='' title='Doblar'   itemprop=\"thumbnailUrl\"  \/><\/div><\/div><\/div><\/p>\n<div class=\"flex_column av_three_fourth  flex_column_div av-zero-column-padding\" style='border-radius:0px; '><section class=\"av_textblock_section\"  itemscope=\"itemscope\" itemtype=\"https:\/\/schema.org\/CreativeWork\" ><div class='avia_textblock'   itemprop=\"text\" ><h3>Servicio de doblado CNC<\/h3>\n<p>El plegado se realiza principalmente para chapas y perfiles de acero inoxidable. Nuestra m\u00e1quina dobladora CNC nos permite mantener un estricto control de calidad sobre nuestros procesos de fabricaci\u00f3n, brind\u00e1ndole \u00e1ngulos de doblado y una calidad superficial perfecta. Tambi\u00e9n ofrecemos servicios de pruebas de flexi\u00f3n seg\u00fan especificaciones estrictas como ANSI, ASTM y ASME.<\/p>\n<\/div><\/section><\/div>","protected":false},"excerpt":{"rendered":"","protected":false},"author":1,"featured_media":0,"parent":76,"menu_order":0,"comment_status":"closed","ping_status":"closed","template":"","meta":{"footnotes":""},"class_list":["post-197","page","type-page","status-publish","hentry"],"aioseo_notices":[],"_links":{"self":[{"href":"https:\/\/wldstainless.com\/es\/wp-json\/wp\/v2\/pages\/197","targetHints":{"allow":["GET"]}}],"collection":[{"href":"https:\/\/wldstainless.com\/es\/wp-json\/wp\/v2\/pages"}],"about":[{"href":"https:\/\/wldstainless.com\/es\/wp-json\/wp\/v2\/types\/page"}],"author":[{"embeddable":true,"href":"https:\/\/wldstainless.com\/es\/wp-json\/wp\/v2\/users\/1"}],"replies":[{"embeddable":true,"href":"https:\/\/wldstainless.com\/es\/wp-json\/wp\/v2\/comments?post=197"}],"version-history":[{"count":19,"href":"https:\/\/wldstainless.com\/es\/wp-json\/wp\/v2\/pages\/197\/revisions"}],"predecessor-version":[{"id":2048,"href":"https:\/\/wldstainless.com\/es\/wp-json\/wp\/v2\/pages\/197\/revisions\/2048"}],"up":[{"embeddable":true,"href":"https:\/\/wldstainless.com\/es\/wp-json\/wp\/v2\/pages\/76"}],"wp:attachment":[{"href":"https:\/\/wldstainless.com\/es\/wp-json\/wp\/v2\/media?parent=197"}],"curies":[{"name":"wp","href":"https:\/\/api.w.org\/{rel}","templated":true}]}}