{"id":1680,"date":"2020-09-09T02:11:54","date_gmt":"2020-09-09T02:11:54","guid":{"rendered":"http:\/\/wldstainless.com\/?page_id=1680"},"modified":"2020-12-11T06:05:25","modified_gmt":"2020-12-11T06:05:25","slug":"stainless-steel-square-tube","status":"publish","type":"page","link":"https:\/\/wldstainless.com\/es\/products\/stainless-steel-square-tube\/","title":{"rendered":"Tubo cuadrado de acero inoxidable"},"content":{"rendered":"<div class=\"flex_column av_one_fourth  flex_column_div av-zero-column-padding first\" style='border-radius:0px; '><p><div class='avia-builder-widget-area clearfix'><div id=\"nav_menu-7\" class=\"widget clearfix widget_nav_menu\"><h3 class=\"widgettitle\">Productos<\/h3><div class=\"menu-accessories-container\"><ul id=\"menu-accessories\" class=\"menu\"><li id=\"menu-item-1924\" class=\"menu-item menu-item-type-post_type menu-item-object-page menu-item-1924\"><a href=\"https:\/\/wldstainless.com\/es\/products\/stainless-steel-angle\/\">\u00c1ngulo de acero inoxidable<\/a><\/li>\n<li id=\"menu-item-1925\" class=\"menu-item menu-item-type-post_type menu-item-object-page menu-item-1925\"><a href=\"https:\/\/wldstainless.com\/es\/products\/stainless-steel-beam\/\">Viga de acero inoxidable<\/a><\/li>\n<li id=\"menu-item-1926\" class=\"menu-item menu-item-type-post_type menu-item-object-page menu-item-1926\"><a href=\"https:\/\/wldstainless.com\/es\/products\/stainless-steel-capillary-tubes\/\">Tubos capilares de acero inoxidable<\/a><\/li>\n<li id=\"menu-item-1927\" class=\"menu-item menu-item-type-post_type menu-item-object-page menu-item-1927\"><a href=\"https:\/\/wldstainless.com\/es\/products\/stainless-steel-channel\/\">Canal de acero inoxidable<\/a><\/li>\n<li id=\"menu-item-1928\" class=\"menu-item menu-item-type-post_type menu-item-object-page menu-item-1928\"><a href=\"https:\/\/wldstainless.com\/es\/products\/stainless-steel-coiled-tube\/\">Tubo en espiral de acero inoxidable<\/a><\/li>\n<li id=\"menu-item-1929\" class=\"menu-item menu-item-type-post_type menu-item-object-page menu-item-1929\"><a href=\"https:\/\/wldstainless.com\/es\/products\/stainless-steel-cold-rolled-plate-sheet-coil\/\">Placa\/hoja\/bobina laminada en fr\u00edo de acero inoxidable<\/a><\/li>\n<li id=\"menu-item-1930\" class=\"menu-item menu-item-type-post_type menu-item-object-page menu-item-1930\"><a href=\"https:\/\/wldstainless.com\/es\/products\/stainless-steel-flats\/\">Pisos de acero inoxidable<\/a><\/li>\n<li id=\"menu-item-1931\" class=\"menu-item menu-item-type-post_type menu-item-object-page menu-item-1931\"><a href=\"https:\/\/wldstainless.com\/es\/products\/stainless-steel-hexagon-bars\/\">Barras hexagonales de acero inoxidable<\/a><\/li>\n<li id=\"menu-item-1932\" class=\"menu-item menu-item-type-post_type menu-item-object-page menu-item-1932\"><a href=\"https:\/\/wldstainless.com\/es\/products\/stainless-steel-hot-rolled-plate-sheet-coil\/\">Placa\/hoja\/bobina laminada en caliente de acero inoxidable<\/a><\/li>\n<li id=\"menu-item-1933\" class=\"menu-item menu-item-type-post_type menu-item-object-page menu-item-1933\"><a href=\"https:\/\/wldstainless.com\/es\/products\/stainless-steel-large-diameter-pipe\/\">Tuber\u00eda de acero inoxidable de gran di\u00e1metro<\/a><\/li>\n<li id=\"menu-item-1934\" class=\"menu-item menu-item-type-post_type menu-item-object-page menu-item-1934\"><a href=\"https:\/\/wldstainless.com\/es\/products\/stainless-steel-round-bars\/\">Barras redondas de acero inoxidable<\/a><\/li>\n<li id=\"menu-item-1935\" class=\"menu-item menu-item-type-post_type menu-item-object-page menu-item-1935\"><a href=\"https:\/\/wldstainless.com\/es\/products\/stainless-steel-square-tube\/\">Tubo cuadrado de acero inoxidable<\/a><\/li>\n<li id=\"menu-item-1936\" class=\"menu-item menu-item-type-post_type menu-item-object-page menu-item-1936\"><a href=\"https:\/\/wldstainless.com\/es\/products\/stainless-steel-u-bend-tube\/\">Tubo en U de acero inoxidable<\/a><\/li>\n<\/ul><\/div><\/div><\/div><br \/>\n<div  class='hr hr-default'><span class='hr-inner' ><span class='hr-inner-style'><\/span><\/span><\/div><br \/>\n<div class='avia-button-wrap avia-button-left'><a href='http:\/\/wldstainless.com\/contact\/#contact' class='avia-button   avia-icon_select-yes-left-icon avia-color-custom avia-size-large avia-position-left'  target=\"_blank\"  style='background-color:#e82221; border-color:#e82221; color:#ffffff; ' ><span class='avia_button_icon avia_button_icon_left' aria-hidden='true' data-av_icon='\ue84b' data-av_iconfont='entypo-fontello'><\/span><span class='avia_iconbox_title' >Solicitar presupuesto<\/span><\/a><\/div><\/p><\/div>\n<div class=\"flex_column av_three_fourth  flex_column_div\" style='padding:0px 0px 50px 0px ; border-radius:0px; '><p><div style='padding-bottom:10px;color:#d3311f;' class='av-special-heading av-special-heading-h3 custom-color-heading'><h3 class='av-special-heading-tag'  itemprop=\"headline\"  >Tubo cuadrado de acero inoxidable<\/h3><div class='special-heading-border'><div class='special-heading-inner-border' style='border-color:#d3311f'><\/div><\/div><\/div><br \/>\n<section class=\"av_textblock_section\"  itemscope=\"itemscope\" itemtype=\"https:\/\/schema.org\/CreativeWork\" ><div class='avia_textblock'   itemprop=\"text\" ><p>El tubo cuadrado de acero inoxidable es un tipo de tubo hueco de acero largo con buena resistencia a la flexi\u00f3n y torsi\u00f3n, que se puede utilizar para transportar fluidos como petr\u00f3leo, gas natural, agua, gas, vapor, etc., as\u00ed como para la fabricaci\u00f3n de piezas mec\u00e1nicas y estructuras de ingenier\u00eda. Los tubos cuadrados de acero inoxidable pueden ser sin costura y soldados, cuadrados o rectangulares; a veces tambi\u00e9n hay otros tubos de acero con formas como semic\u00edrculo ovalado, hex\u00e1gono, tri\u00e1ngulo equil\u00e1tero u octogonal. La tuber\u00eda cuadrada de acero inoxidable bajo presi\u00f3n de fluido debe probarse hidrost\u00e1ticamente para verificar su rendimiento y calidad de compresi\u00f3n. Parte del tubo cuadrado debe someterse a una prueba de engarzado, una prueba de expansi\u00f3n, una prueba de aplanamiento, etc., de acuerdo con los est\u00e1ndares o requisitos del demandante.<\/p>\n<p>WLD steel es un proveedor, almacenista y distribuidor l\u00edder de tubos cuadrados de acero inoxidable con la m\u00e1s alta calidad en resistencia a la corrosi\u00f3n y la temperatura. Los tubos cuadrados de acero inoxidable se pueden utilizar en todas partes, como otras formas de acero inoxidable, como en la construcci\u00f3n, la industria farmac\u00e9utica, los semiconductores, la energ\u00eda, el petr\u00f3leo y el gas, el ej\u00e9rcito y otras empresas comerciales e industriales. WLD steel garantiza que los tubos cuadrados de acero inoxidable de la m\u00e1s alta calidad que suministramos provienen de la principal acer\u00eda de China para su uso en entornos extremos. \u00bfQuiere comprar tubos cuadrados SS 201, 304, 316 al mejor precio en China? Cont\u00e1ctenos ahora.<\/p>\n<\/div><\/section><br \/>\n<div  class='hr hr-default'><span class='hr-inner' ><span class='hr-inner-style'><\/span><\/span><\/div><br \/>\n<div class='avia-gallery  avia-gallery-1 avia_lazyload avia_animate_when_visible'  itemprop=\"ImageObject\" itemscope=\"itemscope\" itemtype=\"https:\/\/schema.org\/ImageObject\" ><div class='avia-gallery-thumb'> <a href='https:\/\/wldstainless.com\/wp-content\/uploads\/2020\/09\/SS-suare-tube-1.jpg' data-rel='gallery-1' data-prev-img='https:\/\/wldstainless.com\/wp-content\/uploads\/2020\/09\/SS-suare-tube-1.jpg' class='first_thumb lightbox' data-onclick='1' title='Tubo rectangular 304'  itemprop=\"thumbnailUrl\" ><img data-avia-tooltip='304 Rectangle Tube' src='https:\/\/wldstainless.com\/wp-content\/uploads\/2020\/09\/SS-suare-tube-1.jpg' width='300' height='300'  title='tubo de acero inoxidable' alt='' \/><\/a> <a href='https:\/\/wldstainless.com\/wp-content\/uploads\/2020\/09\/304-SS-square-pipe.jpg' data-rel='gallery-1' data-prev-img='https:\/\/wldstainless.com\/wp-content\/uploads\/2020\/09\/304-SS-square-pipe.jpg' class='lightbox' data-onclick='2' title='304 tubo cuadrado'  itemprop=\"thumbnailUrl\" ><img data-avia-tooltip='304 Square tube' src='https:\/\/wldstainless.com\/wp-content\/uploads\/2020\/09\/304-SS-square-pipe.jpg' width='300' height='300'  title='Tubo cuadrado de acero inoxidable 304' alt='' \/><\/a> <a href='https:\/\/wldstainless.com\/wp-content\/uploads\/2020\/09\/Square-Tube-2.jpg' data-rel='gallery-1' data-prev-img='https:\/\/wldstainless.com\/wp-content\/uploads\/2020\/09\/Square-Tube-2.jpg' class='lightbox' data-onclick='3' title='316 tubo cuadrado'  itemprop=\"thumbnailUrl\" ><img data-avia-tooltip='316 Square Tube' src='https:\/\/wldstainless.com\/wp-content\/uploads\/2020\/09\/Square-Tube-2.jpg' width='300' height='300'  title='Tubo cuadrado' alt='' \/><\/a><\/div><\/div><br \/>\n<div  class='hr hr-default'><span class='hr-inner' ><span class='hr-inner-style'><\/span><\/span><\/div><br \/>\n<section class=\"av_textblock_section\"  itemscope=\"itemscope\" itemtype=\"https:\/\/schema.org\/CreativeWork\" ><div class='avia_textblock'   itemprop=\"text\" ><h4><strong>Especificaciones del tubo industrial SS en forma de U<\/strong><\/h4>\n<table>\n<tbody>\n<tr>\n<td width=\"323\">Formas:<\/td>\n<td width=\"529\">Tubo cuadrado SS<\/p>\n<p>Tubo rectangular SS<\/td>\n<\/tr>\n<tr>\n<td width=\"323\">Material<\/td>\n<td width=\"529\">Acero inoxidable<\/p>\n<p>Acero inoxidable d\u00faplex<\/td>\n<\/tr>\n<tr>\n<td width=\"323\">Especificaci\u00f3n<\/td>\n<td width=\"529\">\n<ul>\n<li>ASTM A249<\/li>\n<li>ASTM A269<\/li>\n<li>ASTM A312<\/li>\n<li>ASTM A358<\/li>\n<li>ASTM A409<\/li>\n<li>ASTM A554<\/li>\n<li>ASTM A778<\/li>\n<li>ASTM A789<\/li>\n<li>ASTM A790<\/li>\n<\/ul>\n<\/td>\n<\/tr>\n<tr>\n<td width=\"323\">Acabado de la superficie<\/td>\n<td width=\"529\">Pulido, brillante, esmerilado, con chorro de arena, decapado, cuadrado espejo, acabado en molino<\/td>\n<\/tr>\n<tr>\n<td width=\"323\">Tama\u00f1o<\/td>\n<td width=\"529\">PESO: 5 * 5 ~ 150 * 150 mm<\/p>\n<p>Di\u00e1metro exterior: 0,4 ~ 6,0 mm<\/p>\n<p>Longitud: 6000 mm, 12000 mm +\/- 30 mm<\/td>\n<\/tr>\n<\/tbody>\n<\/table>\n<\/div><\/section><br \/>\n<div  class='hr hr-default'><span class='hr-inner' ><span class='hr-inner-style'><\/span><\/span><\/div><br \/>\n<section class=\"av_textblock_section\"  itemscope=\"itemscope\" itemtype=\"https:\/\/schema.org\/CreativeWork\" ><div class='avia_textblock'   itemprop=\"text\" ><h4>Grados disponibles de tubo cuadrado SS en WID Steel<\/h4>\n<ul>\n<li>Acero inoxidable <a href=\"https:\/\/wldstainless.com\/materials\/austenitic-stainless-steel\/304-304l-stainless-steel\/\">304\/304L<\/a> Tubo cuadrado<\/li>\n<li>Acero inoxidable <a href=\"https:\/\/wldstainless.com\/materials\/austenitic-stainless-steel\/316-316l-stainless-steel\/\">316\/316L<\/a> Tubo cuadrado<\/li>\n<li>Tubo cuadrado de acero inoxidable 309S<\/li>\n<li>Acero inoxidable <a href=\"https:\/\/wldstainless.com\/materials\/austenitic-stainless-steel\/321-321h-stainless-steel\/\">321\/321H<\/a> Tubo cuadrado<\/li>\n<li>Acero inoxidable <a href=\"https:\/\/wldstainless.com\/materials\/austenitic-stainless-steel\/347-347h-stainless-steel\/\">347\/347H<\/a> Tubo cuadrado<\/li>\n<li>Acero inoxidable <a href=\"https:\/\/wldstainless.com\/materials\/ferritic-stainless-steel\/409-409l-stainless-steel\/\">409<\/a> Tubo cuadrado<\/li>\n<li>Acero inoxidable <a href=\"https:\/\/wldstainless.com\/materials\/austenitic-stainless-steel\/904l-stainless-steel\/\">904L<\/a> Tubo cuadrado<\/li>\n<\/ul>\n<\/div><\/section><\/p><\/div>","protected":false},"excerpt":{"rendered":"","protected":false},"author":1,"featured_media":0,"parent":346,"menu_order":0,"comment_status":"closed","ping_status":"closed","template":"","meta":{"footnotes":""},"class_list":["post-1680","page","type-page","status-publish","hentry"],"aioseo_notices":[],"_links":{"self":[{"href":"https:\/\/wldstainless.com\/es\/wp-json\/wp\/v2\/pages\/1680","targetHints":{"allow":["GET"]}}],"collection":[{"href":"https:\/\/wldstainless.com\/es\/wp-json\/wp\/v2\/pages"}],"about":[{"href":"https:\/\/wldstainless.com\/es\/wp-json\/wp\/v2\/types\/page"}],"author":[{"embeddable":true,"href":"https:\/\/wldstainless.com\/es\/wp-json\/wp\/v2\/users\/1"}],"replies":[{"embeddable":true,"href":"https:\/\/wldstainless.com\/es\/wp-json\/wp\/v2\/comments?post=1680"}],"version-history":[{"count":12,"href":"https:\/\/wldstainless.com\/es\/wp-json\/wp\/v2\/pages\/1680\/revisions"}],"predecessor-version":[{"id":2059,"href":"https:\/\/wldstainless.com\/es\/wp-json\/wp\/v2\/pages\/1680\/revisions\/2059"}],"up":[{"embeddable":true,"href":"https:\/\/wldstainless.com\/es\/wp-json\/wp\/v2\/pages\/346"}],"wp:attachment":[{"href":"https:\/\/wldstainless.com\/es\/wp-json\/wp\/v2\/media?parent=1680"}],"curies":[{"name":"wp","href":"https:\/\/api.w.org\/{rel}","templated":true}]}}