{"id":1615,"date":"2020-08-26T09:23:23","date_gmt":"2020-08-26T09:23:23","guid":{"rendered":"http:\/\/wldstainless.com\/?page_id=1615"},"modified":"2020-12-11T05:39:15","modified_gmt":"2020-12-11T05:39:15","slug":"stainless-steel-channel","status":"publish","type":"page","link":"https:\/\/wldstainless.com\/es\/products\/stainless-steel-channel\/","title":{"rendered":"Canal de acero inoxidable"},"content":{"rendered":"<div class=\"flex_column av_one_fourth  flex_column_div av-zero-column-padding first\" style='border-radius:0px; '><p><div class='avia-builder-widget-area clearfix'><div id=\"nav_menu-7\" class=\"widget clearfix widget_nav_menu\"><h3 class=\"widgettitle\">Productos<\/h3><div class=\"menu-accessories-container\"><ul id=\"menu-accessories\" class=\"menu\"><li id=\"menu-item-1924\" class=\"menu-item menu-item-type-post_type menu-item-object-page menu-item-1924\"><a href=\"https:\/\/wldstainless.com\/es\/products\/stainless-steel-angle\/\">\u00c1ngulo de acero inoxidable<\/a><\/li>\n<li id=\"menu-item-1925\" class=\"menu-item menu-item-type-post_type menu-item-object-page menu-item-1925\"><a href=\"https:\/\/wldstainless.com\/es\/products\/stainless-steel-beam\/\">Viga de acero inoxidable<\/a><\/li>\n<li id=\"menu-item-1926\" class=\"menu-item menu-item-type-post_type menu-item-object-page menu-item-1926\"><a href=\"https:\/\/wldstainless.com\/es\/products\/stainless-steel-capillary-tubes\/\">Tubos capilares de acero inoxidable<\/a><\/li>\n<li id=\"menu-item-1927\" class=\"menu-item menu-item-type-post_type menu-item-object-page menu-item-1927\"><a href=\"https:\/\/wldstainless.com\/es\/products\/stainless-steel-channel\/\">Canal de acero inoxidable<\/a><\/li>\n<li id=\"menu-item-1928\" class=\"menu-item menu-item-type-post_type menu-item-object-page menu-item-1928\"><a href=\"https:\/\/wldstainless.com\/es\/products\/stainless-steel-coiled-tube\/\">Tubo en espiral de acero inoxidable<\/a><\/li>\n<li id=\"menu-item-1929\" class=\"menu-item menu-item-type-post_type menu-item-object-page menu-item-1929\"><a href=\"https:\/\/wldstainless.com\/es\/products\/stainless-steel-cold-rolled-plate-sheet-coil\/\">Placa\/hoja\/bobina laminada en fr\u00edo de acero inoxidable<\/a><\/li>\n<li id=\"menu-item-1930\" class=\"menu-item menu-item-type-post_type menu-item-object-page menu-item-1930\"><a href=\"https:\/\/wldstainless.com\/es\/products\/stainless-steel-flats\/\">Pisos de acero inoxidable<\/a><\/li>\n<li id=\"menu-item-1931\" class=\"menu-item menu-item-type-post_type menu-item-object-page menu-item-1931\"><a href=\"https:\/\/wldstainless.com\/es\/products\/stainless-steel-hexagon-bars\/\">Barras hexagonales de acero inoxidable<\/a><\/li>\n<li id=\"menu-item-1932\" class=\"menu-item menu-item-type-post_type menu-item-object-page menu-item-1932\"><a href=\"https:\/\/wldstainless.com\/es\/products\/stainless-steel-hot-rolled-plate-sheet-coil\/\">Placa\/hoja\/bobina laminada en caliente de acero inoxidable<\/a><\/li>\n<li id=\"menu-item-1933\" class=\"menu-item menu-item-type-post_type menu-item-object-page menu-item-1933\"><a href=\"https:\/\/wldstainless.com\/es\/products\/stainless-steel-large-diameter-pipe\/\">Tuber\u00eda de acero inoxidable de gran di\u00e1metro<\/a><\/li>\n<li id=\"menu-item-1934\" class=\"menu-item menu-item-type-post_type menu-item-object-page menu-item-1934\"><a href=\"https:\/\/wldstainless.com\/es\/products\/stainless-steel-round-bars\/\">Barras redondas de acero inoxidable<\/a><\/li>\n<li id=\"menu-item-1935\" class=\"menu-item menu-item-type-post_type menu-item-object-page menu-item-1935\"><a href=\"https:\/\/wldstainless.com\/es\/products\/stainless-steel-square-tube\/\">Tubo cuadrado de acero inoxidable<\/a><\/li>\n<li id=\"menu-item-1936\" class=\"menu-item menu-item-type-post_type menu-item-object-page menu-item-1936\"><a href=\"https:\/\/wldstainless.com\/es\/products\/stainless-steel-u-bend-tube\/\">Tubo en U de acero inoxidable<\/a><\/li>\n<\/ul><\/div><\/div><\/div><br \/>\n<div  class='hr hr-default'><span class='hr-inner' ><span class='hr-inner-style'><\/span><\/span><\/div><br \/>\n<div class='avia-button-wrap avia-button-left'><a href='http:\/\/wldstainless.com\/contact\/#contact' class='avia-button   avia-icon_select-yes-left-icon avia-color-custom avia-size-large avia-position-left'  target=\"_blank\"  style='background-color:#e82221; border-color:#e82221; color:#ffffff; ' ><span class='avia_button_icon avia_button_icon_left' aria-hidden='true' data-av_icon='\ue84b' data-av_iconfont='entypo-fontello'><\/span><span class='avia_iconbox_title' >Solicitar presupuesto<\/span><\/a><\/div><\/p><\/div>\n<div class=\"flex_column av_three_fourth  flex_column_div\" style='padding:0px 0px 50px 0px ; border-radius:0px; '><p><div style='padding-bottom:10px;color:#d3311f;' class='av-special-heading av-special-heading-h3 custom-color-heading'><h3 class='av-special-heading-tag'  itemprop=\"headline\"  >Canal de acero inoxidable<\/h3><div class='special-heading-border'><div class='special-heading-inner-border' style='border-color:#d3311f'><\/div><\/div><\/div><br \/>\n<div  class='hr hr-default'><span class='hr-inner' ><span class='hr-inner-style'><\/span><\/span><\/div><br \/>\n<section class=\"av_textblock_section\"  itemscope=\"itemscope\" itemtype=\"https:\/\/schema.org\/CreativeWork\" ><div class='avia_textblock'   itemprop=\"text\" ><p>El perfil de acero inoxidable es el acero formado con una secci\u00f3n que se obtiene mediante fusi\u00f3n en caliente, conformado, fusi\u00f3n por l\u00e1ser, laminado en fr\u00edo, extrusi\u00f3n u otros m\u00e9todos en la barra o tira de acero inoxidable. Los tipos comunes incluyen acero inoxidable en \u00e1ngulo r, acero inoxidable plano, canal de acero inoxidable (canal C, canal U), viga (viga H, viga I) y formas casi netas completamente personalizadas en nuestras aleaciones. En WLD Steel, suministramos y fabricamos principalmente canales C y canales U de acero inoxidable de acuerdo con ASTM A276.<\/p>\n<p><img decoding=\"async\" class=\"size-full wp-image-1657 aligncenter\" src=\"http:\/\/wldstainless.com\/wp-content\/uploads\/2020\/09\/SS-channels.jpg\" alt=\"\" width=\"127\" height=\"120\" \/><\/p>\n<p>El canal de acero inoxidable es acero largo con una secci\u00f3n en forma de ranura, generalmente mide Altura (A) * Ancho (B) * Espesor (C). Los materiales comunes son 201, 202, 301, 304, 321, 316, 316L, etc. El canal de acero inoxidable laminado en caliente se usa principalmente en estructuras de construcci\u00f3n, puentes, veh\u00edculos y otras estructuras industriales, y a menudo se usa con vigas en I. El canal de acero inoxidable ligero laminado en caliente es un tipo de acero con un perfil ancho y una pared delgada, que es m\u00e1s econ\u00f3mico que el canal de acero laminado en caliente ordinario. Ofrecemos pr\u00e1cticamente cualquier tipo de canales de acero inoxidable personalizados para puentes, edificios, autom\u00f3viles, textiles, productos qu\u00edmicos, maquinaria y otros campos.<\/p>\n<p><strong>Especificaciones del canal industrial:<\/strong><\/p>\n<table>\n<tbody>\n<tr>\n<td width=\"426\">Formas:<\/td>\n<td width=\"426\">Canal en forma de C<\/p>\n<p>Tu canal<\/td>\n<\/tr>\n<tr>\n<td width=\"426\">Material<\/td>\n<td width=\"426\">Acero inoxidable<\/p>\n<p>Acero inoxidable d\u00faplex<\/td>\n<\/tr>\n<tr>\n<td width=\"426\">Especificaci\u00f3n<\/td>\n<td width=\"426\">ASTM A 276\/A 276M<\/p>\n<p>ASTM A 484\/A 484M<\/p>\n<p>ASTM A 564\/A 564M<\/p>\n<p>ASTM A 582\/A 582M<\/p>\n<p>ASTM A 638\/A 638M<\/p>\n<p>ASTM A 705\/A 705M<\/td>\n<\/tr>\n<tr>\n<td width=\"426\">Tama\u00f1o<\/td>\n<td width=\"426\">Canal: 40mm*20mm~300mm*300mm<\/p>\n<p>Longitud: 3M, 4M, 5M, 6M o tama\u00f1os de corte personalizados<\/td>\n<\/tr>\n<\/tbody>\n<\/table>\n<\/div><\/section><br \/>\n<div  class='hr hr-default'><span class='hr-inner' ><span class='hr-inner-style'><\/span><\/span><\/div><br \/>\n<section class=\"av_textblock_section\"  itemscope=\"itemscope\" itemtype=\"https:\/\/schema.org\/CreativeWork\" ><div class='avia_textblock'   itemprop=\"text\" ><h4>Grados disponibles de canal SS en WID Steel<\/h4>\n<ul>\n<li>Acero inoxidable <a href=\"https:\/\/wldstainless.com\/materials\/austenitic-stainless-steel\/304-304l-stainless-steel\/\">304\/304L\/304H<\/a> Canal<\/li>\n<li>Acero inoxidable <a href=\"https:\/\/wldstainless.com\/materials\/austenitic-stainless-steel\/316-316l-stainless-steel\/\">316\/316L\/316Ti<\/a> Canal<\/li>\n<li>Acero inoxidable <a href=\"https:\/\/wldstainless.com\/materials\/austenitic-stainless-steel\/309s-stainless-steel\/\">309\/309S<\/a> Canal<\/li>\n<li>Acero inoxidable <a href=\"https:\/\/wldstainless.com\/materials\/austenitic-stainless-steel\/310s-stainless-steel\/\">310\/310S<\/a> Canal<\/li>\n<li>Canal de acero inoxidable 317\/317L<\/li>\n<li>Acero inoxidable <a href=\"https:\/\/wldstainless.com\/materials\/austenitic-stainless-steel\/321-321h-stainless-steel\/\">321\/321H<\/a> Canal<\/li>\n<li>Acero inoxidable <a href=\"https:\/\/wldstainless.com\/materials\/austenitic-stainless-steel\/347-347h-stainless-steel\/\">347\/347H<\/a> Canal<\/li>\n<li>Acero inoxidable <a href=\"https:\/\/wldstainless.com\/materials\/austenitic-stainless-steel\/904l-stainless-steel\/\">904L<\/a> Canal<\/li>\n<li>Acero d\u00faplex <a href=\"https:\/\/wldstainless.com\/materials\/duplex-stainless-steel\/alloy-2304-stainless-steel\/\">31803<\/a> Canal<\/li>\n<li>Acero d\u00faplex <a href=\"https:\/\/wldstainless.com\/materials\/duplex-stainless-steel\/alloy-2205-stainless-steel\/\">32550<\/a> Canal<\/li>\n<\/ul>\n<\/div><\/section><\/p><\/div>","protected":false},"excerpt":{"rendered":"","protected":false},"author":1,"featured_media":0,"parent":346,"menu_order":0,"comment_status":"closed","ping_status":"closed","template":"","meta":{"footnotes":""},"class_list":["post-1615","page","type-page","status-publish","hentry"],"aioseo_notices":[],"_links":{"self":[{"href":"https:\/\/wldstainless.com\/es\/wp-json\/wp\/v2\/pages\/1615","targetHints":{"allow":["GET"]}}],"collection":[{"href":"https:\/\/wldstainless.com\/es\/wp-json\/wp\/v2\/pages"}],"about":[{"href":"https:\/\/wldstainless.com\/es\/wp-json\/wp\/v2\/types\/page"}],"author":[{"embeddable":true,"href":"https:\/\/wldstainless.com\/es\/wp-json\/wp\/v2\/users\/1"}],"replies":[{"embeddable":true,"href":"https:\/\/wldstainless.com\/es\/wp-json\/wp\/v2\/comments?post=1615"}],"version-history":[{"count":6,"href":"https:\/\/wldstainless.com\/es\/wp-json\/wp\/v2\/pages\/1615\/revisions"}],"predecessor-version":[{"id":2052,"href":"https:\/\/wldstainless.com\/es\/wp-json\/wp\/v2\/pages\/1615\/revisions\/2052"}],"up":[{"embeddable":true,"href":"https:\/\/wldstainless.com\/es\/wp-json\/wp\/v2\/pages\/346"}],"wp:attachment":[{"href":"https:\/\/wldstainless.com\/es\/wp-json\/wp\/v2\/media?parent=1615"}],"curies":[{"name":"wp","href":"https:\/\/api.w.org\/{rel}","templated":true}]}}