{"id":1613,"date":"2020-08-26T09:22:28","date_gmt":"2020-08-26T09:22:28","guid":{"rendered":"http:\/\/wldstainless.com\/?page_id=1613"},"modified":"2020-12-11T05:16:12","modified_gmt":"2020-12-11T05:16:12","slug":"stainless-steel-angle","status":"publish","type":"page","link":"https:\/\/wldstainless.com\/es\/products\/stainless-steel-angle\/","title":{"rendered":"\u00c1ngulo de acero inoxidable"},"content":{"rendered":"<div class=\"flex_column av_one_fourth  flex_column_div av-zero-column-padding first\" style='border-radius:0px; '><p><div class='avia-builder-widget-area clearfix'><div id=\"nav_menu-7\" class=\"widget clearfix widget_nav_menu\"><h3 class=\"widgettitle\">Productos<\/h3><div class=\"menu-accessories-container\"><ul id=\"menu-accessories\" class=\"menu\"><li id=\"menu-item-1924\" class=\"menu-item menu-item-type-post_type menu-item-object-page menu-item-1924\"><a href=\"https:\/\/wldstainless.com\/es\/products\/stainless-steel-angle\/\">\u00c1ngulo de acero inoxidable<\/a><\/li>\n<li id=\"menu-item-1925\" class=\"menu-item menu-item-type-post_type menu-item-object-page menu-item-1925\"><a href=\"https:\/\/wldstainless.com\/es\/products\/stainless-steel-beam\/\">Viga de acero inoxidable<\/a><\/li>\n<li id=\"menu-item-1926\" class=\"menu-item menu-item-type-post_type menu-item-object-page menu-item-1926\"><a href=\"https:\/\/wldstainless.com\/es\/products\/stainless-steel-capillary-tubes\/\">Tubos capilares de acero inoxidable<\/a><\/li>\n<li id=\"menu-item-1927\" class=\"menu-item menu-item-type-post_type menu-item-object-page menu-item-1927\"><a href=\"https:\/\/wldstainless.com\/es\/products\/stainless-steel-channel\/\">Canal de acero inoxidable<\/a><\/li>\n<li id=\"menu-item-1928\" class=\"menu-item menu-item-type-post_type menu-item-object-page menu-item-1928\"><a href=\"https:\/\/wldstainless.com\/es\/products\/stainless-steel-coiled-tube\/\">Tubo en espiral de acero inoxidable<\/a><\/li>\n<li id=\"menu-item-1929\" class=\"menu-item menu-item-type-post_type menu-item-object-page menu-item-1929\"><a href=\"https:\/\/wldstainless.com\/es\/products\/stainless-steel-cold-rolled-plate-sheet-coil\/\">Placa\/hoja\/bobina laminada en fr\u00edo de acero inoxidable<\/a><\/li>\n<li id=\"menu-item-1930\" class=\"menu-item menu-item-type-post_type menu-item-object-page menu-item-1930\"><a href=\"https:\/\/wldstainless.com\/es\/products\/stainless-steel-flats\/\">Pisos de acero inoxidable<\/a><\/li>\n<li id=\"menu-item-1931\" class=\"menu-item menu-item-type-post_type menu-item-object-page menu-item-1931\"><a href=\"https:\/\/wldstainless.com\/es\/products\/stainless-steel-hexagon-bars\/\">Barras hexagonales de acero inoxidable<\/a><\/li>\n<li id=\"menu-item-1932\" class=\"menu-item menu-item-type-post_type menu-item-object-page menu-item-1932\"><a href=\"https:\/\/wldstainless.com\/es\/products\/stainless-steel-hot-rolled-plate-sheet-coil\/\">Placa\/hoja\/bobina laminada en caliente de acero inoxidable<\/a><\/li>\n<li id=\"menu-item-1933\" class=\"menu-item menu-item-type-post_type menu-item-object-page menu-item-1933\"><a href=\"https:\/\/wldstainless.com\/es\/products\/stainless-steel-large-diameter-pipe\/\">Tuber\u00eda de acero inoxidable de gran di\u00e1metro<\/a><\/li>\n<li id=\"menu-item-1934\" class=\"menu-item menu-item-type-post_type menu-item-object-page menu-item-1934\"><a href=\"https:\/\/wldstainless.com\/es\/products\/stainless-steel-round-bars\/\">Barras redondas de acero inoxidable<\/a><\/li>\n<li id=\"menu-item-1935\" class=\"menu-item menu-item-type-post_type menu-item-object-page menu-item-1935\"><a href=\"https:\/\/wldstainless.com\/es\/products\/stainless-steel-square-tube\/\">Tubo cuadrado de acero inoxidable<\/a><\/li>\n<li id=\"menu-item-1936\" class=\"menu-item menu-item-type-post_type menu-item-object-page menu-item-1936\"><a href=\"https:\/\/wldstainless.com\/es\/products\/stainless-steel-u-bend-tube\/\">Tubo en U de acero inoxidable<\/a><\/li>\n<\/ul><\/div><\/div><\/div><br \/>\n<div  class='hr hr-default'><span class='hr-inner' ><span class='hr-inner-style'><\/span><\/span><\/div><br \/>\n<div class='avia-button-wrap avia-button-left'><a href='http:\/\/wldstainless.com\/contact\/#contact' class='avia-button   avia-icon_select-yes-left-icon avia-color-custom avia-size-large avia-position-left'  target=\"_blank\"  style='background-color:#e82221; border-color:#e82221; color:#ffffff; ' ><span class='avia_button_icon avia_button_icon_left' aria-hidden='true' data-av_icon='\ue84b' data-av_iconfont='entypo-fontello'><\/span><span class='avia_iconbox_title' >Solicitar presupuesto<\/span><\/a><\/div><\/p><\/div>\n<div class=\"flex_column av_three_fourth  flex_column_div\" style='padding:0px 0px 50px 0px ; border-radius:0px; '><section class=\"av_textblock_section\"  itemscope=\"itemscope\" itemtype=\"https:\/\/schema.org\/CreativeWork\" ><div class='avia_textblock'   itemprop=\"text\" ><h3>\u00c1ngulo de acero inoxidable<\/h3>\n<\/div><\/section><br \/>\n<div class='avia-gallery  avia-gallery-1 avia_lazyload avia_animate_when_visible'  itemprop=\"ImageObject\" itemscope=\"itemscope\" itemtype=\"https:\/\/schema.org\/ImageObject\" ><div class='avia-gallery-thumb'> <a href='https:\/\/wldstainless.com\/wp-content\/uploads\/2020\/09\/316-angle.jpg' data-rel='gallery-1' data-prev-img='https:\/\/wldstainless.com\/wp-content\/uploads\/2020\/09\/316-angle.jpg' class='first_thumb lightbox' data-onclick='1' title='\u00c1ngulo de acero inoxidable 316'  itemprop=\"thumbnailUrl\" ><img data-avia-tooltip='316 Stainless Steel Angle' src='https:\/\/wldstainless.com\/wp-content\/uploads\/2020\/09\/316-angle.jpg' width='300' height='300'  title='316 \u00e1ngulo' alt='' \/><\/a> <a href='https:\/\/wldstainless.com\/wp-content\/uploads\/2020\/09\/304-angle.jpg' data-rel='gallery-1' data-prev-img='https:\/\/wldstainless.com\/wp-content\/uploads\/2020\/09\/304-angle.jpg' class='lightbox' data-onclick='2' title='304 \u00e1ngulo'  itemprop=\"thumbnailUrl\" ><img data-avia-tooltip='304 Angle' src='https:\/\/wldstainless.com\/wp-content\/uploads\/2020\/09\/304-angle.jpg' width='300' height='300'  title='\u00e1ngulo 304' alt='' \/><\/a> <a href='https:\/\/wldstainless.com\/wp-content\/uploads\/2020\/09\/347-angle.jpg' data-rel='gallery-1' data-prev-img='https:\/\/wldstainless.com\/wp-content\/uploads\/2020\/09\/347-angle.jpg' class='lightbox' data-onclick='3' title='347 \u00e1ngulo'  itemprop=\"thumbnailUrl\" ><img data-avia-tooltip='347 Angle' src='https:\/\/wldstainless.com\/wp-content\/uploads\/2020\/09\/347-angle.jpg' width='300' height='300'  title='347 \u00e1ngulo' alt='' \/><\/a><\/div><\/div><br \/>\n<div  class='hr hr-default'><span class='hr-inner' ><span class='hr-inner-style'><\/span><\/span><\/div><br \/>\n<section class=\"av_textblock_section\"  itemscope=\"itemscope\" itemtype=\"https:\/\/schema.org\/CreativeWork\" ><div class='avia_textblock'   itemprop=\"text\" ><p>El perfil de acero inoxidable es el acero formado con una secci\u00f3n que se obtiene mediante fusi\u00f3n en caliente, conformaci\u00f3n, fusi\u00f3n por l\u00e1ser, laminado en fr\u00edo, extrusi\u00f3n u otros m\u00e9todos en la barra o tira de acero inoxidable. Los tipos comunes incluyen acero inoxidable en \u00e1ngulo r, acero inoxidable plano, canal de acero inoxidable (canal C, canal U), viga (viga H, viga I) y formas casi netas completamente personalizadas en nuestras aleaciones. WLD Steel es un fabricante, proveedor y exportador l\u00edder de \u00e1ngulos de acero inoxidable en diversos tama\u00f1os y especificaciones.<\/p>\n<p><img decoding=\"async\" class=\"aligncenter size-full wp-image-1663\" src=\"http:\/\/wldstainless.com\/wp-content\/uploads\/2020\/09\/SS-angles.jpg\" alt=\"\" width=\"127\" height=\"120\" \/><\/p>\n<p>El \u00e1ngulo de acero inoxidable es perpendicular a ambos lados con un \u00e1ngulo espec\u00edfico de acero formado. Tiene excelente resistencia, resistencia a la corrosi\u00f3n y soldabilidad, indicadas como ancho por ancho por espesor del borde (mm). Por ejemplo, el \u00e1ngulo de 25\u00d725\u00d73 \u201crepresenta un \u00e1ngulo de acero inoxidable de lados iguales con un ancho de lado de 25 mm y un espesor de lado de 3 mm. Se divide principalmente en \u00e1ngulos iguales de acero inoxidable y \u00e1ngulos desiguales de acero inoxidable que se pueden utilizar como conexi\u00f3n entre diferentes piezas y componentes de tensi\u00f3n, ampliamente utilizados en todo tipo de estructuras de construcci\u00f3n y estructuras de ingenier\u00eda, como vigas, puentes, torres de transmisi\u00f3n, elevaci\u00f3n y maquinaria de transporte, barcos, hornos industriales, torres de reacci\u00f3n, racks de contenedores y estanter\u00edas de almacenes.<\/p>\n<h4><strong>Especificaciones de \u00e1ngulos industriales<\/strong><\/h4>\n<table>\n<tbody>\n<tr>\n<td width=\"426\">Formas:<\/td>\n<td width=\"426\">\n<ul>\n<li>\u00c1ngulos iguales de las piernas<\/li>\n<li>\u00c1ngulos desiguales de las piernas<\/li>\n<li>\u00c1ngulos estructurales en L<\/li>\n<li>C-\u00e1ngulos estructurales<\/li>\n<\/ul>\n<\/td>\n<\/tr>\n<tr>\n<td width=\"426\">Material<\/td>\n<td width=\"426\">Acero inoxidable<\/p>\n<p>Acero inoxidable d\u00faplex<\/td>\n<\/tr>\n<tr>\n<td width=\"426\">Especificaci\u00f3n<\/td>\n<td width=\"426\">\n<ul>\n<li>ASTM A 276\/A 276M<\/li>\n<li>ASTM A 484\/A 484M<\/li>\n<li>ASTM A 564\/A 564M<\/li>\n<li>ASTM A 582\/A 582M<\/li>\n<li>ASTM A 638\/A 638M<\/li>\n<li>ASTM A 705\/A 705M<\/li>\n<\/ul>\n<\/td>\n<\/tr>\n<tr>\n<td width=\"426\">Tama\u00f1o<\/td>\n<td width=\"426\">\u00c1ngulo: 3\u20149m\u30014\u201412m\u30014\u201419m\u30016\u201419m o tama\u00f1os de corte personalizados<\/td>\n<\/tr>\n<\/tbody>\n<\/table>\n<\/div><\/section><br \/>\n<div  class='hr hr-default'><span class='hr-inner' ><span class='hr-inner-style'><\/span><\/span><\/div><br \/>\n<section class=\"av_textblock_section\"  itemscope=\"itemscope\" itemtype=\"https:\/\/schema.org\/CreativeWork\" ><div class='avia_textblock'   itemprop=\"text\" ><h4>Grados de \u00e1ngulos disponibles en WID Steel<\/h4>\n<ul>\n<li>Acero inoxidable <a href=\"https:\/\/wldstainless.com\/materials\/austenitic-stainless-steel\/201-stainless-steel\/\">201<\/a> \u00c1ngulo<\/li>\n<li>Acero inoxidable <a href=\"https:\/\/wldstainless.com\/materials\/austenitic-stainless-steel\/304-304l-stainless-steel\/\">304\/304L<\/a> \u00c1ngulo<\/li>\n<li>Acero inoxidable <a href=\"https:\/\/wldstainless.com\/materials\/austenitic-stainless-steel\/310s-stainless-steel\/\">310\/310S<\/a> \u00c1ngulo<\/li>\n<li>Acero inoxidable <a href=\"https:\/\/wldstainless.com\/materials\/austenitic-stainless-steel\/316-316l-stainless-steel\/\">316\/316L<\/a> \u00c1ngulo<\/li>\n<li>Acero inoxidable <a href=\"https:\/\/wldstainless.com\/materials\/austenitic-stainless-steel\/321-321h-stainless-steel\/\">321<\/a> \u00c1ngulo<\/li>\n<li>Acero inoxidable <a href=\"https:\/\/wldstainless.com\/materials\/austenitic-stainless-steel\/347-347h-stainless-steel\/\">347H<\/a> \u00c1ngulo<\/li>\n<li>Acero inoxidable <a href=\"https:\/\/wldstainless.com\/materials\/austenitic-stainless-steel\/904l-stainless-steel\/\">904L<\/a> Haz<\/li>\n<li>Acero inoxidable <a href=\"https:\/\/wldstainless.com\/materials\/ferritic-stainless-steel\/409-409l-stainless-steel\/\">409\/409L<\/a> \u00c1ngulo<\/li>\n<li>Acero inoxidable <a href=\"https:\/\/wldstainless.com\/materials\/ferritic-stainless-steel\/410-410s-stainless-steel\/\">410\/410S<\/a> \u00c1ngulo<\/li>\n<li>Acero inoxidable <a href=\"https:\/\/wldstainless.com\/materials\/martensitic-stainless-steel\/420-stainless-steel\/\">420<\/a> \u00c1ngulo<\/li>\n<li>Acero inoxidable d\u00faplex <a href=\"https:\/\/wldstainless.com\/materials\/duplex-stainless-steel\/alloy-2205-stainless-steel\/\">2205<\/a> \u00c1ngulo<\/li>\n<\/ul>\n<\/div><\/section><\/p><\/div>","protected":false},"excerpt":{"rendered":"","protected":false},"author":1,"featured_media":0,"parent":346,"menu_order":0,"comment_status":"closed","ping_status":"closed","template":"","meta":{"footnotes":""},"class_list":["post-1613","page","type-page","status-publish","hentry"],"aioseo_notices":[],"_links":{"self":[{"href":"https:\/\/wldstainless.com\/es\/wp-json\/wp\/v2\/pages\/1613","targetHints":{"allow":["GET"]}}],"collection":[{"href":"https:\/\/wldstainless.com\/es\/wp-json\/wp\/v2\/pages"}],"about":[{"href":"https:\/\/wldstainless.com\/es\/wp-json\/wp\/v2\/types\/page"}],"author":[{"embeddable":true,"href":"https:\/\/wldstainless.com\/es\/wp-json\/wp\/v2\/users\/1"}],"replies":[{"embeddable":true,"href":"https:\/\/wldstainless.com\/es\/wp-json\/wp\/v2\/comments?post=1613"}],"version-history":[{"count":11,"href":"https:\/\/wldstainless.com\/es\/wp-json\/wp\/v2\/pages\/1613\/revisions"}],"predecessor-version":[{"id":2049,"href":"https:\/\/wldstainless.com\/es\/wp-json\/wp\/v2\/pages\/1613\/revisions\/2049"}],"up":[{"embeddable":true,"href":"https:\/\/wldstainless.com\/es\/wp-json\/wp\/v2\/pages\/346"}],"wp:attachment":[{"href":"https:\/\/wldstainless.com\/es\/wp-json\/wp\/v2\/media?parent=1613"}],"curies":[{"name":"wp","href":"https:\/\/api.w.org\/{rel}","templated":true}]}}