{"id":1586,"date":"2020-08-25T07:23:03","date_gmt":"2020-08-25T07:23:03","guid":{"rendered":"http:\/\/wldstainless.com\/?page_id=1586"},"modified":"2020-09-18T09:34:04","modified_gmt":"2020-09-18T09:34:04","slug":"409-409l-stainless-steel","status":"publish","type":"page","link":"https:\/\/wldstainless.com\/es\/materials\/ferritic-stainless-steel\/409-409l-stainless-steel\/","title":{"rendered":"Acero inoxidable 409\/409L"},"content":{"rendered":"<div class='flex_column_table av-equal-height-column-flextable -flextable' ><div class=\"flex_column av_one_fourth  flex_column_table_cell av-equal-height-column av-align-top av-zero-column-padding first\" style='border-radius:0px; '><p><div class='avia-builder-widget-area clearfix'><div id=\"nav_menu-5\" class=\"widget clearfix widget_nav_menu\"><h3 class=\"widgettitle\">Material<\/h3><div class=\"menu-products-sidebar-menu-container\"><ul id=\"menu-products-sidebar-menu\" class=\"menu\"><li id=\"menu-item-1329\" class=\"menu-item menu-item-type-post_type menu-item-object-page menu-item-1329\"><a href=\"https:\/\/wldstainless.com\/es\/materials\/ferritic-stainless-steel\/\">Acero inoxidable ferr\u00edtico<\/a><\/li>\n<li id=\"menu-item-1328\" class=\"menu-item menu-item-type-post_type menu-item-object-page menu-item-1328\"><a href=\"https:\/\/wldstainless.com\/es\/materials\/martensitic-stainless-steel\/\">Acero inoxidable martens\u00edtico<\/a><\/li>\n<li id=\"menu-item-1327\" class=\"menu-item menu-item-type-post_type menu-item-object-page menu-item-1327\"><a href=\"https:\/\/wldstainless.com\/es\/materials\/austenitic-stainless-steel\/\">Acero inoxidable austenitico<\/a><\/li>\n<li id=\"menu-item-1889\" class=\"menu-item menu-item-type-post_type menu-item-object-page menu-item-1889\"><a href=\"https:\/\/wldstainless.com\/es\/materials\/duplex-stainless-steel\/\">Acero inoxidable d\u00faplex<\/a><\/li>\n<\/ul><\/div><\/div><\/div><br \/>\n<div  class='hr hr-default'><span class='hr-inner' ><span class='hr-inner-style'><\/span><\/span><\/div><br \/>\n<div class='avia-button-wrap avia-button-left'><a href='http:\/\/wldstainless.com\/contact\/#contact' class='avia-button   avia-icon_select-yes-left-icon avia-color-custom avia-size-large avia-position-left'  target=\"_blank\"  style='background-color:#e82221; border-color:#e82221; color:#ffffff; ' ><span class='avia_button_icon avia_button_icon_left' aria-hidden='true' data-av_icon='\ue84b' data-av_iconfont='entypo-fontello'><\/span><span class='avia_iconbox_title' >Solicitar presupuesto<\/span><\/a><\/div><\/p><\/div><\/div><!--close column table wrapper. Autoclose: 1 --><div class='flex_column_table av-equal-height-column-flextable -flextable' ><div class='av-flex-placeholder'><\/div><div class=\"flex_column av_three_fourth  flex_column_table_cell av-equal-height-column av-align-top av-zero-column-padding\" style='border-radius:0px; '><p><div style='padding-bottom:10px;color:#d3311f;font-size:26px;' class='av-special-heading av-special-heading-h3 custom-color-heading blockquote modern-quote   av-inherit-size'><h3 class='av-special-heading-tag'  itemprop=\"headline\"  >Acero inoxidable 409\/409L<\/h3><div class='special-heading-border'><div class='special-heading-inner-border' style='border-color:#d3311f'><\/div><\/div><\/div><br \/>\n<section class=\"av_textblock_section\"  itemscope=\"itemscope\" itemtype=\"https:\/\/schema.org\/CreativeWork\" ><div class='avia_textblock'   itemprop=\"text\" ><p>WLD Steel es un fabricante, proveedor y exportador l\u00edder de acero inoxidable 409\/409L, disponible en diferentes tama\u00f1os y formas, que incluyen barras, varillas, tuber\u00edas, tubos, placas, l\u00e1minas y palanquillas.<\/p>\n<p>El tipo 409 es acero inoxidable ferr\u00edtico estabilizado con cromo y titanio sin n\u00edquel para uso general. Es magn\u00e9tico y combina buena resistencia a la corrosi\u00f3n a temperaturas elevadas, resistencia a la oxidaci\u00f3n con resistencia media, buena conformabilidad y costo general. 409L es la versi\u00f3n baja en carbono del acero grado 430, ambos ofrecen una mejor resistencia a la corrosi\u00f3n y propiedades mec\u00e1nicas que el acero al carbono y el acero inoxidable austenita, se ha utilizado en aplicaciones donde se requiere alta resistencia a la corrosi\u00f3n y oxidaci\u00f3n a alta temperatura, como el acero de alta eficiencia. Motor de un autom\u00f3vil, sistema de escape, interruptores t\u00e9rmicos, bastidor e intercambiador de calor.<\/p>\n<p><strong>\u00bfCu\u00e1les son las formas y especificaciones disponibles del 409\/409L en WLD Steel?<\/strong><\/p>\n<ul>\n<li>Hoja\/placa\/bobina: ASTM A240, ASTM A480<\/li>\n<li>Barra redonda: ASTM A276, ASTM A479<\/li>\n<li>Tuber\u00eda\/Tubo: ASTM A335, A268, A790<\/li>\n<\/ul>\n<\/div><\/section><br \/>\n<div class=\"togglecontainer   toggle_close_all\" >\n<section class=\"av_toggle_section\"  itemscope=\"itemscope\" itemtype=\"https:\/\/schema.org\/CreativeWork\"  >    <div class=\"single_toggle\" data-tags=\"{Todo} \"  >        <p data-fake-id=\"#toggle-id-1\" class=\"toggler\"  itemprop=\"headline\"  >Grados equivalentes a 409\/409L<span class=\"toggle_icon\" >        <span class=\"vert_icon\"><\/span><span class=\"hor_icon\"><\/span><\/span><\/p>        <div id=\"toggle-id-1-container\" class=\"toggle_wrap\"  >            <div class=\"toggle_content invers-color\"  itemprop=\"text\"   ><table>\n<tbody>\n<tr>\n<td width=\"136\">EST\u00c1NDAR<\/td>\n<td width=\"136\">UNS<\/td>\n<td width=\"136\">ES\/DIN<\/td>\n<td width=\"136\">JIS<\/td>\n<td width=\"136\">Licenciatura<\/td>\n<td width=\"137\">ES<\/td>\n<\/tr>\n<tr>\n<td width=\"136\">409\/409L<\/td>\n<td width=\"136\">S409000<\/td>\n<td width=\"136\">X2CrTi12<\/p>\n<p>1.4512<\/td>\n<td width=\"136\">SUH 409<\/td>\n<td width=\"136\">\/<\/td>\n<td width=\"137\">022Cr11Ti<\/td>\n<\/tr>\n<\/tbody>\n<\/table>\n            <\/div>        <\/div>    <\/div><\/section>\n<section class=\"av_toggle_section\"  itemscope=\"itemscope\" itemtype=\"https:\/\/schema.org\/CreativeWork\"  >    <div class=\"single_toggle\" data-tags=\"{Todo} \"  >        <p data-fake-id=\"#toggle-id-2\" class=\"toggler\"  itemprop=\"headline\"  >Composici\u00f3n qu\u00edmica 409\/409L<span class=\"toggle_icon\" >        <span class=\"vert_icon\"><\/span><span class=\"hor_icon\"><\/span><\/span><\/p>        <div id=\"toggle-id-2-container\" class=\"toggle_wrap\"  >            <div class=\"toggle_content invers-color\"  itemprop=\"text\"   ><table>\n<tbody>\n<tr>\n<td width=\"93\">Calificaci\u00f3n<\/td>\n<td width=\"93\">C<\/td>\n<td width=\"93\">Minnesota<\/td>\n<td width=\"93\">Si<\/td>\n<td width=\"94\">PAG<\/td>\n<td width=\"94\">S<\/td>\n<td width=\"100\">cr<\/td>\n<td width=\"93\">Ni<\/td>\n<td width=\"94\">Ti<\/td>\n<\/tr>\n<tr>\n<td width=\"93\">409<\/td>\n<td width=\"93\">\u22640,08<\/td>\n<td width=\"93\">\u22641,0<\/td>\n<td width=\"93\">\u22641,0<\/td>\n<td width=\"94\">\u22640,045<\/td>\n<td width=\"94\">\u22640,045<\/td>\n<td width=\"100\">10.5-11.75<\/td>\n<td width=\"93\">\u22640,5<\/td>\n<td width=\"94\">0.48-0.75<\/td>\n<\/tr>\n<tr>\n<td width=\"93\">409L<\/td>\n<td width=\"93\">\u22640,030<\/td>\n<td width=\"93\">\u22641,0<\/td>\n<td width=\"93\">\u22641,0<\/td>\n<td width=\"94\">\u22640,045<\/td>\n<td width=\"94\">\u22640,045<\/td>\n<td width=\"100\">10.5-11.75<\/td>\n<td width=\"93\">\u22640,5<\/td>\n<td width=\"94\">\u22640,5<\/td>\n<\/tr>\n<\/tbody>\n<\/table>\n            <\/div>        <\/div>    <\/div><\/section>\n<section class=\"av_toggle_section\"  itemscope=\"itemscope\" itemtype=\"https:\/\/schema.org\/CreativeWork\"  >    <div class=\"single_toggle\" data-tags=\"{Todo} \"  >        <p data-fake-id=\"#toggle-id-3\" class=\"toggler\"  itemprop=\"headline\"  >Propiedades mec\u00e1nicas del 409\/409L<span class=\"toggle_icon\" >        <span class=\"vert_icon\"><\/span><span class=\"hor_icon\"><\/span><\/span><\/p>        <div id=\"toggle-id-3-container\" class=\"toggle_wrap\"  >            <div class=\"toggle_content invers-color\"  itemprop=\"text\"   ><table>\n<tbody>\n<tr>\n<td width=\"170\">Calificaci\u00f3n<\/td>\n<td width=\"170\">Resistencia a la tracci\u00f3n MPa (m\u00edn.)<\/td>\n<td width=\"170\">L\u00edmite el\u00e1stico 0.2% MPa(min)<\/td>\n<td width=\"170\">Elongaci\u00f3n %<\/td>\n<td width=\"170\">Dureza (Brinell) M\u00c1X.<\/td>\n<\/tr>\n<tr>\n<td width=\"170\">409<\/td>\n<td width=\"170\">380<\/td>\n<td width=\"170\">207<\/td>\n<td width=\"170\">20<\/td>\n<td width=\"170\">207<\/td>\n<\/tr>\n<tr>\n<td width=\"170\">409L<\/td>\n<td width=\"170\">380<\/td>\n<td width=\"170\">170<\/td>\n<td width=\"170\">20<\/td>\n<td width=\"170\">207<\/td>\n<\/tr>\n<\/tbody>\n<\/table>\n            <\/div>        <\/div>    <\/div><\/section>\n<\/div><\/p><\/div><\/div><!--close column table wrapper. Autoclose: 1 --><\/p>","protected":false},"excerpt":{"rendered":"","protected":false},"author":1,"featured_media":0,"parent":159,"menu_order":0,"comment_status":"closed","ping_status":"closed","template":"","meta":{"footnotes":""},"class_list":["post-1586","page","type-page","status-publish","hentry"],"aioseo_notices":[],"_links":{"self":[{"href":"https:\/\/wldstainless.com\/es\/wp-json\/wp\/v2\/pages\/1586","targetHints":{"allow":["GET"]}}],"collection":[{"href":"https:\/\/wldstainless.com\/es\/wp-json\/wp\/v2\/pages"}],"about":[{"href":"https:\/\/wldstainless.com\/es\/wp-json\/wp\/v2\/types\/page"}],"author":[{"embeddable":true,"href":"https:\/\/wldstainless.com\/es\/wp-json\/wp\/v2\/users\/1"}],"replies":[{"embeddable":true,"href":"https:\/\/wldstainless.com\/es\/wp-json\/wp\/v2\/comments?post=1586"}],"version-history":[{"count":7,"href":"https:\/\/wldstainless.com\/es\/wp-json\/wp\/v2\/pages\/1586\/revisions"}],"predecessor-version":[{"id":1912,"href":"https:\/\/wldstainless.com\/es\/wp-json\/wp\/v2\/pages\/1586\/revisions\/1912"}],"up":[{"embeddable":true,"href":"https:\/\/wldstainless.com\/es\/wp-json\/wp\/v2\/pages\/159"}],"wp:attachment":[{"href":"https:\/\/wldstainless.com\/es\/wp-json\/wp\/v2\/media?parent=1586"}],"curies":[{"name":"wp","href":"https:\/\/api.w.org\/{rel}","templated":true}]}}