{"id":1581,"date":"2020-08-25T06:23:16","date_gmt":"2020-08-25T06:23:16","guid":{"rendered":"http:\/\/wldstainless.com\/?page_id=1581"},"modified":"2020-09-18T09:34:41","modified_gmt":"2020-09-18T09:34:41","slug":"430-430f-stainless-steel","status":"publish","type":"page","link":"https:\/\/wldstainless.com\/es\/materials\/ferritic-stainless-steel\/430-430f-stainless-steel\/","title":{"rendered":"Acero inoxidable 430\/430F"},"content":{"rendered":"<div class='flex_column_table av-equal-height-column-flextable -flextable' ><div class=\"flex_column av_one_fourth  flex_column_table_cell av-equal-height-column av-align-top av-zero-column-padding first\" style='border-radius:0px; '><p><div class='avia-builder-widget-area clearfix'><div id=\"nav_menu-5\" class=\"widget clearfix widget_nav_menu\"><h3 class=\"widgettitle\">Material<\/h3><div class=\"menu-products-sidebar-menu-container\"><ul id=\"menu-products-sidebar-menu\" class=\"menu\"><li id=\"menu-item-1329\" class=\"menu-item menu-item-type-post_type menu-item-object-page menu-item-1329\"><a href=\"https:\/\/wldstainless.com\/es\/materials\/ferritic-stainless-steel\/\">Acero inoxidable ferr\u00edtico<\/a><\/li>\n<li id=\"menu-item-1328\" class=\"menu-item menu-item-type-post_type menu-item-object-page menu-item-1328\"><a href=\"https:\/\/wldstainless.com\/es\/materials\/martensitic-stainless-steel\/\">Acero inoxidable martens\u00edtico<\/a><\/li>\n<li id=\"menu-item-1327\" class=\"menu-item menu-item-type-post_type menu-item-object-page menu-item-1327\"><a href=\"https:\/\/wldstainless.com\/es\/materials\/austenitic-stainless-steel\/\">Acero inoxidable austenitico<\/a><\/li>\n<li id=\"menu-item-1889\" class=\"menu-item menu-item-type-post_type menu-item-object-page menu-item-1889\"><a href=\"https:\/\/wldstainless.com\/es\/materials\/duplex-stainless-steel\/\">Acero inoxidable d\u00faplex<\/a><\/li>\n<\/ul><\/div><\/div><\/div><br \/>\n<div  class='hr hr-default'><span class='hr-inner' ><span class='hr-inner-style'><\/span><\/span><\/div><br \/>\n<div class='avia-button-wrap avia-button-left'><a href='http:\/\/wldstainless.com\/contact\/#contact' class='avia-button   avia-icon_select-yes-left-icon avia-color-custom avia-size-large avia-position-left'  target=\"_blank\"  style='background-color:#e82221; border-color:#e82221; color:#ffffff; ' ><span class='avia_button_icon avia_button_icon_left' aria-hidden='true' data-av_icon='\ue84b' data-av_iconfont='entypo-fontello'><\/span><span class='avia_iconbox_title' >Solicitar presupuesto<\/span><\/a><\/div><\/p><\/div><\/div><!--close column table wrapper. Autoclose: 1 --><div class='flex_column_table av-equal-height-column-flextable -flextable' ><div class='av-flex-placeholder'><\/div><div class=\"flex_column av_three_fourth  flex_column_table_cell av-equal-height-column av-align-top av-zero-column-padding\" style='border-radius:0px; '><p><div style='padding-bottom:10px;color:#d3311f;font-size:26px;' class='av-special-heading av-special-heading-h3 custom-color-heading blockquote modern-quote   av-inherit-size'><h3 class='av-special-heading-tag'  itemprop=\"headline\"  >Acero inoxidable 430\/430F<\/h3><div class='special-heading-border'><div class='special-heading-inner-border' style='border-color:#d3311f'><\/div><\/div><\/div><br \/>\n<section class=\"av_textblock_section\"  itemscope=\"itemscope\" itemtype=\"https:\/\/schema.org\/CreativeWork\" ><div class='avia_textblock'   itemprop=\"text\" ><p>WLD Steel es un fabricante, proveedor y exportador l\u00edder de acero inoxidable 430\/430F, disponible en diferentes tama\u00f1os y formas, que incluyen barras, varillas, tuber\u00edas, tubos, l\u00e1minas, placas y palanquillas.<\/p>\n<p>El tipo 430 es un acero inoxidable de ferrita que contiene cromo con resistencia moderada a la corrosi\u00f3n y al calor. Combina buena resistencia a la corrosi\u00f3n y caracter\u00edsticas de ductilidad, se ha utilizado ampliamente en aplicaciones de componentes de electrodom\u00e9sticos y molduras de autom\u00f3viles, como piezas de autom\u00f3viles, utensilios de cocina, v\u00e1lvulas, piezas de procesamiento de alimentos, conos de televisi\u00f3n y piezas de maquinaria de tabaco.<\/p>\n<p>El grado 430LX es la versi\u00f3n que al agregar Ti o Nb, el contenido de C se reduce en base al acero 430, lo que mejora el rendimiento de mecanizado y soldadura, utilizado principalmente en sistemas de calefacci\u00f3n de agua, aparatos sanitarios, electrodom\u00e9sticos, volantes de bicicletas, etc. El grado 430F es la versi\u00f3n de mecanizado libre de este grado y tiene mayor maquinabilidad que el 430, y una resistencia a la corrosi\u00f3n reducida es aceptable, disponible en forma de barra para uso en m\u00e1quinas de tornillo autom\u00e1ticas.<\/p>\n<p><strong>\u00bfCu\u00e1les son los formularios 430\/430F disponibles en WLD Steel?<\/strong><\/p>\n<ul>\n<li>Hoja\/Placa\/Bobina: ASTM A240, ASTM A480<\/li>\n<li>Barra redonda: ASTM A276, ASTM A479<\/li>\n<li>Tuber\u00eda\/Tubo: ASTM A335, A790, A268<\/li>\n<\/ul>\n<\/div><\/section><br \/>\n<div class=\"togglecontainer   toggle_close_all\" >\n<section class=\"av_toggle_section\"  itemscope=\"itemscope\" itemtype=\"https:\/\/schema.org\/CreativeWork\"  >    <div class=\"single_toggle\" data-tags=\"{Todo} \"  >        <p data-fake-id=\"#toggle-id-1\" class=\"toggler\"  itemprop=\"headline\"  >Grados equivalentes a 430\/430F<span class=\"toggle_icon\" >        <span class=\"vert_icon\"><\/span><span class=\"hor_icon\"><\/span><\/span><\/p>        <div id=\"toggle-id-1-container\" class=\"toggle_wrap\"  >            <div class=\"toggle_content invers-color\"  itemprop=\"text\"   ><table>\n<tbody>\n<tr>\n<td width=\"136\">EST\u00c1NDAR<\/td>\n<td width=\"136\">UNS<\/td>\n<td width=\"136\">ES\/DIN<\/td>\n<td width=\"136\">JIS<\/td>\n<td width=\"136\">Licenciatura<\/td>\n<td width=\"137\">ES<\/td>\n<\/tr>\n<tr>\n<td width=\"136\">430<\/td>\n<td width=\"136\">S43000<\/td>\n<td width=\"136\">X8Cr17<\/p>\n<p>1.4016<\/td>\n<td width=\"136\">SUS 430<\/td>\n<td width=\"136\">430S17<\/td>\n<td width=\"137\">1Cr17<\/td>\n<\/tr>\n<tr>\n<td width=\"136\">430F<\/td>\n<td width=\"136\">S43020<\/td>\n<td width=\"136\">X12CrMoS17<\/p>\n<p>1.4104<\/td>\n<td width=\"136\">SUS430F<\/td>\n<td width=\"136\">\/<\/td>\n<td width=\"137\">YCr17<\/td>\n<\/tr>\n<\/tbody>\n<\/table>\n            <\/div>        <\/div>    <\/div><\/section>\n<section class=\"av_toggle_section\"  itemscope=\"itemscope\" itemtype=\"https:\/\/schema.org\/CreativeWork\"  >    <div class=\"single_toggle\" data-tags=\"{Todo} \"  >        <p data-fake-id=\"#toggle-id-2\" class=\"toggler\"  itemprop=\"headline\"  >Composici\u00f3n qu\u00edmica 430\/430F<span class=\"toggle_icon\" >        <span class=\"vert_icon\"><\/span><span class=\"hor_icon\"><\/span><\/span><\/p>        <div id=\"toggle-id-2-container\" class=\"toggle_wrap\"  >            <div class=\"toggle_content invers-color\"  itemprop=\"text\"   ><table>\n<tbody>\n<tr>\n<td width=\"106\">Los grados<\/td>\n<td width=\"106\">C<\/td>\n<td width=\"106\">Minnesota<\/td>\n<td width=\"106\">Si<\/td>\n<td width=\"106\">PAG<\/td>\n<td width=\"106\">S<\/td>\n<td width=\"106\">cr<\/td>\n<td width=\"106\">Ni<\/td>\n<\/tr>\n<tr>\n<td width=\"106\">430<\/td>\n<td width=\"106\">\u2264<span style=\"font-family: inherit; font-size: inherit;\">0.12<\/span><\/td>\n<td width=\"106\">\u2264<span style=\"font-family: inherit; font-size: inherit;\">1<\/span><\/td>\n<td width=\"106\">1<\/td>\n<td width=\"106\">\u2264<span style=\"font-family: inherit; font-size: inherit;\">0.04<\/span><\/td>\n<td width=\"106\">\u2264<span style=\"font-family: inherit; font-size: inherit;\">0.03<\/span><\/td>\n<td width=\"106\">16.0-18.0<\/td>\n<td width=\"106\">\u2264<span style=\"font-family: inherit; font-size: inherit;\">0.75<\/span><\/td>\n<\/tr>\n<tr>\n<td width=\"106\">430F<\/td>\n<td width=\"106\">\u2264<span style=\"font-family: inherit; font-size: inherit;\">0.12<\/span><\/td>\n<td width=\"106\">\u2264<span style=\"font-family: inherit; font-size: inherit;\">1.25<\/span><\/td>\n<td width=\"106\">1<\/td>\n<td width=\"106\">\u2264<span style=\"font-family: inherit; font-size: inherit;\">0.06<\/span><\/td>\n<td width=\"106\">\u2264<span style=\"font-family: inherit; font-size: inherit;\">0.15<\/span><\/td>\n<td width=\"106\">16.0-18.0<\/td>\n<td width=\"106\">\/<\/td>\n<\/tr>\n<\/tbody>\n<\/table>\n            <\/div>        <\/div>    <\/div><\/section>\n<section class=\"av_toggle_section\"  itemscope=\"itemscope\" itemtype=\"https:\/\/schema.org\/CreativeWork\"  >    <div class=\"single_toggle\" data-tags=\"{Todo} \"  >        <p data-fake-id=\"#toggle-id-3\" class=\"toggler\"  itemprop=\"headline\"  >Propiedades mec\u00e1nicas 430\/430F<span class=\"toggle_icon\" >        <span class=\"vert_icon\"><\/span><span class=\"hor_icon\"><\/span><\/span><\/p>        <div id=\"toggle-id-3-container\" class=\"toggle_wrap\"  >            <div class=\"toggle_content invers-color\"  itemprop=\"text\"   ><table>\n<tbody>\n<tr>\n<td width=\"170\">Los grados<\/td>\n<td width=\"170\">Resistencia a la tracci\u00f3n (MPa) m\u00edn.<\/td>\n<td width=\"170\">L\u00edmite el\u00e1stico 0.2% Prueba (MPa) min<\/td>\n<td width=\"170\">Elongaci\u00f3n (% en 50 mm) m\u00edn.<\/td>\n<td width=\"170\">Dureza Brinell (HB) m\u00e1x.<\/td>\n<\/tr>\n<tr>\n<td width=\"170\">430<\/td>\n<td width=\"170\">450<\/td>\n<td width=\"170\">205<\/td>\n<td width=\"170\">22<\/td>\n<td width=\"170\">183<\/td>\n<\/tr>\n<tr>\n<td width=\"170\">430F<\/td>\n<td width=\"170\">552 t\u00edpico<\/td>\n<td width=\"170\">379 t\u00edpico<\/td>\n<td width=\"170\">25 t\u00edpico<\/td>\n<td width=\"170\">262<\/td>\n<\/tr>\n<\/tbody>\n<\/table>\n            <\/div>        <\/div>    <\/div><\/section>\n<\/div><\/p><\/div><\/div><!--close column table wrapper. Autoclose: 1 --><\/p>","protected":false},"excerpt":{"rendered":"","protected":false},"author":1,"featured_media":0,"parent":159,"menu_order":0,"comment_status":"closed","ping_status":"closed","template":"","meta":{"footnotes":""},"class_list":["post-1581","page","type-page","status-publish","hentry"],"aioseo_notices":[],"_links":{"self":[{"href":"https:\/\/wldstainless.com\/es\/wp-json\/wp\/v2\/pages\/1581","targetHints":{"allow":["GET"]}}],"collection":[{"href":"https:\/\/wldstainless.com\/es\/wp-json\/wp\/v2\/pages"}],"about":[{"href":"https:\/\/wldstainless.com\/es\/wp-json\/wp\/v2\/types\/page"}],"author":[{"embeddable":true,"href":"https:\/\/wldstainless.com\/es\/wp-json\/wp\/v2\/users\/1"}],"replies":[{"embeddable":true,"href":"https:\/\/wldstainless.com\/es\/wp-json\/wp\/v2\/comments?post=1581"}],"version-history":[{"count":6,"href":"https:\/\/wldstainless.com\/es\/wp-json\/wp\/v2\/pages\/1581\/revisions"}],"predecessor-version":[{"id":1914,"href":"https:\/\/wldstainless.com\/es\/wp-json\/wp\/v2\/pages\/1581\/revisions\/1914"}],"up":[{"embeddable":true,"href":"https:\/\/wldstainless.com\/es\/wp-json\/wp\/v2\/pages\/159"}],"wp:attachment":[{"href":"https:\/\/wldstainless.com\/es\/wp-json\/wp\/v2\/media?parent=1581"}],"curies":[{"name":"wp","href":"https:\/\/api.w.org\/{rel}","templated":true}]}}