{"id":1563,"date":"2020-08-24T05:10:33","date_gmt":"2020-08-24T05:10:33","guid":{"rendered":"http:\/\/wldstainless.com\/?page_id=1563"},"modified":"2020-09-18T09:31:21","modified_gmt":"2020-09-18T09:31:21","slug":"alloy-2205-stainless-steel","status":"publish","type":"page","link":"https:\/\/wldstainless.com\/es\/materials\/duplex-stainless-steel\/alloy-2205-stainless-steel\/","title":{"rendered":"Aleaci\u00f3n de acero inoxidable 2205."},"content":{"rendered":"<div class='flex_column_table av-equal-height-column-flextable -flextable' ><div class=\"flex_column av_one_fourth  flex_column_table_cell av-equal-height-column av-align-top av-zero-column-padding first\" style='border-radius:0px; '><p><div class='avia-builder-widget-area clearfix'><div id=\"nav_menu-5\" class=\"widget clearfix widget_nav_menu\"><h3 class=\"widgettitle\">Material<\/h3><div class=\"menu-products-sidebar-menu-container\"><ul id=\"menu-products-sidebar-menu\" class=\"menu\"><li id=\"menu-item-1329\" class=\"menu-item menu-item-type-post_type menu-item-object-page menu-item-1329\"><a href=\"https:\/\/wldstainless.com\/es\/materials\/ferritic-stainless-steel\/\">Acero inoxidable ferr\u00edtico<\/a><\/li>\n<li id=\"menu-item-1328\" class=\"menu-item menu-item-type-post_type menu-item-object-page menu-item-1328\"><a href=\"https:\/\/wldstainless.com\/es\/materials\/martensitic-stainless-steel\/\">Acero inoxidable martens\u00edtico<\/a><\/li>\n<li id=\"menu-item-1327\" class=\"menu-item menu-item-type-post_type menu-item-object-page menu-item-1327\"><a href=\"https:\/\/wldstainless.com\/es\/materials\/austenitic-stainless-steel\/\">Acero inoxidable austenitico<\/a><\/li>\n<li id=\"menu-item-1889\" class=\"menu-item menu-item-type-post_type menu-item-object-page menu-item-1889\"><a href=\"https:\/\/wldstainless.com\/es\/materials\/duplex-stainless-steel\/\">Acero inoxidable d\u00faplex<\/a><\/li>\n<\/ul><\/div><\/div><\/div><br \/>\n<div  class='hr hr-default'><span class='hr-inner' ><span class='hr-inner-style'><\/span><\/span><\/div><br \/>\n<div class='avia-button-wrap avia-button-left'><a href='http:\/\/wldstainless.com\/contact\/#contact' class='avia-button   avia-icon_select-yes-left-icon avia-color-custom avia-size-large avia-position-left'  target=\"_blank\"  style='background-color:#e82221; border-color:#e82221; color:#ffffff; ' ><span class='avia_button_icon avia_button_icon_left' aria-hidden='true' data-av_icon='\ue84b' data-av_iconfont='entypo-fontello'><\/span><span class='avia_iconbox_title' >Solicitar presupuesto<\/span><\/a><\/div><\/p><\/div><\/div><!--close column table wrapper. Autoclose: 1 --><div class='flex_column_table av-equal-height-column-flextable -flextable' ><div class='av-flex-placeholder'><\/div><div class=\"flex_column av_three_fourth  flex_column_table_cell av-equal-height-column av-align-top av-zero-column-padding\" style='border-radius:0px; '><p><div style='padding-bottom:10px;color:#d3311f;' class='av-special-heading av-special-heading-h3 custom-color-heading'><h3 class='av-special-heading-tag'  itemprop=\"headline\"  >Aleaci\u00f3n de acero inoxidable 2205.<\/h3><div class='special-heading-border'><div class='special-heading-inner-border' style='border-color:#d3311f'><\/div><\/div><\/div><br \/>\n<section class=\"av_textblock_section\"  itemscope=\"itemscope\" itemtype=\"https:\/\/schema.org\/CreativeWork\" ><div class='avia_textblock'   itemprop=\"text\" ><p>WLD Steel es un fabricante, proveedor y exportador l\u00edder de acero inoxidable d\u00faplex 2205 disponible en diferentes tama\u00f1os y formas, incluidos tubos, l\u00e1minas, placas, barras, varillas y otras formas como \u00e1ngulos, canales, vigas, c\u00edrculos, etc. en.<\/p>\n<p>Al contener cromo 22% y n\u00edquel 5%, UNS S31803 y UNS S32205 a menudo se denominan Aleaci\u00f3n 2205. S31803 es un tipo de acero inoxidable d\u00faplex de baja aleaci\u00f3n y S32205 es la versi\u00f3n mejorada de S31803 mediante la adici\u00f3n del contenido l\u00edmite inferior de Cr. Elementos Mo y N, lo que marca la peque\u00f1a diferencia en las propiedades mec\u00e1nicas. El grado 2205 ofrece una excelente resistencia a la corrosi\u00f3n intergranular, picaduras y grietas combinadas con su resistencia al agrietamiento por corrosi\u00f3n bajo tensi\u00f3n por cloruro a temperaturas de 50 a 300 \u00b0C, se usa ampliamente en la industria qu\u00edmica, fabricaci\u00f3n de papel, equipos de desalinizaci\u00f3n, cortafuegos, recipientes a presi\u00f3n e intercambiadores de calor. , palas de turbinas y ejes de transmisi\u00f3n de campos marinos.<\/p>\n<p><strong>\u00bfCu\u00e1les son las formas y especificaciones disponibles del acero 2205 en WLD Steel?<\/strong><\/p>\n<table>\n<tbody>\n<tr>\n<td width=\"170\">Hoja\/placa\/bobina<\/td>\n<td width=\"170\">Tuber\u00eda\/tubo sin costura<\/td>\n<td width=\"170\">Tuber\u00eda\/tubo soldado<\/td>\n<td width=\"170\">barra redonda<\/td>\n<td width=\"170\">Acero formado (con forma)<\/td>\n<\/tr>\n<tr>\n<td width=\"170\">JIS G4304\/4305, ASTM A240<\/td>\n<td width=\"170\">ASTMA789,<\/p>\n<p>ASTM A790<\/td>\n<td width=\"170\">ASTM A928<\/td>\n<td width=\"170\">ASTM A479, ASTM A276<\/td>\n<td width=\"170\">ASTM A276<\/td>\n<\/tr>\n<\/tbody>\n<\/table>\n<\/div><\/section><br \/>\n<div class=\"togglecontainer   toggle_close_all\" >\n<section class=\"av_toggle_section\"  itemscope=\"itemscope\" itemtype=\"https:\/\/schema.org\/CreativeWork\"  >    <div class=\"single_toggle\" data-tags=\"{Todo} \"  >        <p data-fake-id=\"#toggle-id-1\" class=\"toggler\"  itemprop=\"headline\"  >2205 Materiales equivalentes al acero<span class=\"toggle_icon\" >        <span class=\"vert_icon\"><\/span><span class=\"hor_icon\"><\/span><\/span><\/p>        <div id=\"toggle-id-1-container\" class=\"toggle_wrap\"  >            <div class=\"toggle_content invers-color\"  itemprop=\"text\"   ><table>\n<tbody>\n<tr>\n<td width=\"121\">UNS<\/td>\n<td width=\"121\">Suecia<\/td>\n<td width=\"121\">JIS<\/td>\n<td width=\"121\">ESTRUENDO<\/td>\n<td width=\"121\">Licenciatura<\/td>\n<td width=\"121\">NF<\/td>\n<td width=\"122\">ES<\/td>\n<\/tr>\n<tr>\n<td width=\"121\">S31803<\/td>\n<td width=\"121\">SS2377(<\/p>\n<p>SAF2205)<\/td>\n<td width=\"121\">329J2L<\/td>\n<td width=\"121\">1.4462<\/p>\n<p>X2Cr-NiMoN2253<\/td>\n<td width=\"121\">318S13<\/td>\n<td width=\"121\">UR45N<\/td>\n<td width=\"122\">00Cr22Ni5Mo3N<\/td>\n<\/tr>\n<\/tbody>\n<\/table>\n            <\/div>        <\/div>    <\/div><\/section>\n<section class=\"av_toggle_section\"  itemscope=\"itemscope\" itemtype=\"https:\/\/schema.org\/CreativeWork\"  >    <div class=\"single_toggle\" data-tags=\"{Todo} \"  >        <p data-fake-id=\"#toggle-id-2\" class=\"toggler\"  itemprop=\"headline\"  >2205 Composici\u00f3n qu\u00edmica <span class=\"toggle_icon\" >        <span class=\"vert_icon\"><\/span><span class=\"hor_icon\"><\/span><\/span><\/p>        <div id=\"toggle-id-2-container\" class=\"toggle_wrap\"  >            <div class=\"toggle_content invers-color\"  itemprop=\"text\"   ><table>\n<tbody>\n<tr>\n<td width=\"85\">Los grados<\/td>\n<td width=\"85\">C, m\u00e1x.<\/td>\n<td width=\"85\">PAG<\/td>\n<td width=\"85\">S<\/td>\n<td width=\"85\">S\u00ed, m\u00e1x.<\/td>\n<td width=\"85\">Mn, m\u00e1x.<\/td>\n<td width=\"85\">norte<\/td>\n<td width=\"85\">Mes<\/td>\n<td width=\"85\">Ni<\/td>\n<td width=\"85\">cr<\/td>\n<\/tr>\n<tr>\n<td width=\"85\">S31803<\/td>\n<td width=\"85\">0.03<\/td>\n<td width=\"85\">0.03<\/td>\n<td width=\"85\">0.02<\/td>\n<td width=\"85\">1.00<\/td>\n<td width=\"85\">2.00<\/td>\n<td width=\"85\">0.08-0.2<\/td>\n<td width=\"85\">2.5-3.5<\/td>\n<td width=\"85\">4.5-6.5<\/td>\n<td width=\"85\">21.0-23.0<\/td>\n<\/tr>\n<tr>\n<td width=\"85\">S32205<\/td>\n<td width=\"85\">0.03<\/p>\n<p>m\u00e1ximo<\/td>\n<td width=\"85\">0.03<\/td>\n<td width=\"85\">0.02<\/td>\n<td width=\"85\">1.00<\/p>\n<p>m\u00e1ximo<\/td>\n<td width=\"85\">2.00 m\u00e1ximo<\/td>\n<td width=\"85\">0.14-0.2<\/td>\n<td width=\"85\">3.0-3.5<\/td>\n<td width=\"85\">4.5-6.5<\/td>\n<td width=\"85\">22.0-23.0<\/td>\n<\/tr>\n<\/tbody>\n<\/table>\n            <\/div>        <\/div>    <\/div><\/section>\n<section class=\"av_toggle_section\"  itemscope=\"itemscope\" itemtype=\"https:\/\/schema.org\/CreativeWork\"  >    <div class=\"single_toggle\" data-tags=\"{Todo} \"  >        <p data-fake-id=\"#toggle-id-3\" class=\"toggler\"  itemprop=\"headline\"  >2205 Propiedades mec\u00e1nicas<span class=\"toggle_icon\" >        <span class=\"vert_icon\"><\/span><span class=\"hor_icon\"><\/span><\/span><\/p>        <div id=\"toggle-id-3-container\" class=\"toggle_wrap\"  >            <div class=\"toggle_content invers-color\"  itemprop=\"text\"   ><table>\n<tbody>\n<tr>\n<td width=\"213\">Los grados<\/td>\n<td width=\"213\">Resistencia a la tracci\u00f3n<\/p>\n<p>min, MPa<\/td>\n<td width=\"213\">Fuerza de producci\u00f3n<\/p>\n<p>Desplazamiento de 0,2%, m\u00ednimo, Mpa<\/td>\n<td width=\"213\">Alargamiento, A5%<\/td>\n<\/tr>\n<tr>\n<td width=\"213\">S31803<\/td>\n<td width=\"213\">620<\/td>\n<td width=\"213\">450<\/td>\n<td width=\"213\">25<\/td>\n<\/tr>\n<tr>\n<td width=\"213\">S32205<\/td>\n<td width=\"213\">655<\/td>\n<td width=\"213\">450<\/td>\n<td width=\"213\">25<\/td>\n<\/tr>\n<\/tbody>\n<\/table>\n            <\/div>        <\/div>    <\/div><\/section>\n<\/div><\/p><\/div><\/div><!--close column table wrapper. Autoclose: 1 --><\/p>","protected":false},"excerpt":{"rendered":"","protected":false},"author":1,"featured_media":0,"parent":1432,"menu_order":0,"comment_status":"closed","ping_status":"closed","template":"","meta":{"footnotes":""},"class_list":["post-1563","page","type-page","status-publish","hentry"],"aioseo_notices":[],"_links":{"self":[{"href":"https:\/\/wldstainless.com\/es\/wp-json\/wp\/v2\/pages\/1563","targetHints":{"allow":["GET"]}}],"collection":[{"href":"https:\/\/wldstainless.com\/es\/wp-json\/wp\/v2\/pages"}],"about":[{"href":"https:\/\/wldstainless.com\/es\/wp-json\/wp\/v2\/types\/page"}],"author":[{"embeddable":true,"href":"https:\/\/wldstainless.com\/es\/wp-json\/wp\/v2\/users\/1"}],"replies":[{"embeddable":true,"href":"https:\/\/wldstainless.com\/es\/wp-json\/wp\/v2\/comments?post=1563"}],"version-history":[{"count":5,"href":"https:\/\/wldstainless.com\/es\/wp-json\/wp\/v2\/pages\/1563\/revisions"}],"predecessor-version":[{"id":1907,"href":"https:\/\/wldstainless.com\/es\/wp-json\/wp\/v2\/pages\/1563\/revisions\/1907"}],"up":[{"embeddable":true,"href":"https:\/\/wldstainless.com\/es\/wp-json\/wp\/v2\/pages\/1432"}],"wp:attachment":[{"href":"https:\/\/wldstainless.com\/es\/wp-json\/wp\/v2\/media?parent=1563"}],"curies":[{"name":"wp","href":"https:\/\/api.w.org\/{rel}","templated":true}]}}