{"id":1533,"date":"2020-08-20T06:28:36","date_gmt":"2020-08-20T06:28:36","guid":{"rendered":"http:\/\/wldstainless.com\/?page_id=1533"},"modified":"2020-09-18T09:34:52","modified_gmt":"2020-09-18T09:34:52","slug":"446-stainless-steel","status":"publish","type":"page","link":"https:\/\/wldstainless.com\/es\/materials\/ferritic-stainless-steel\/446-stainless-steel\/","title":{"rendered":"Acero inoxidable 446."},"content":{"rendered":"<div class='flex_column_table av-equal-height-column-flextable -flextable' ><div class=\"flex_column av_one_fourth  flex_column_table_cell av-equal-height-column av-align-top av-zero-column-padding first\" style='border-radius:0px; '><p><div class='avia-builder-widget-area clearfix'><div id=\"nav_menu-5\" class=\"widget clearfix widget_nav_menu\"><h3 class=\"widgettitle\">Material<\/h3><div class=\"menu-products-sidebar-menu-container\"><ul id=\"menu-products-sidebar-menu\" class=\"menu\"><li id=\"menu-item-1329\" class=\"menu-item menu-item-type-post_type menu-item-object-page menu-item-1329\"><a href=\"https:\/\/wldstainless.com\/es\/materials\/ferritic-stainless-steel\/\">Acero inoxidable ferr\u00edtico<\/a><\/li>\n<li id=\"menu-item-1328\" class=\"menu-item menu-item-type-post_type menu-item-object-page menu-item-1328\"><a href=\"https:\/\/wldstainless.com\/es\/materials\/martensitic-stainless-steel\/\">Acero inoxidable martens\u00edtico<\/a><\/li>\n<li id=\"menu-item-1327\" class=\"menu-item menu-item-type-post_type menu-item-object-page menu-item-1327\"><a href=\"https:\/\/wldstainless.com\/es\/materials\/austenitic-stainless-steel\/\">Acero inoxidable austenitico<\/a><\/li>\n<li id=\"menu-item-1889\" class=\"menu-item menu-item-type-post_type menu-item-object-page menu-item-1889\"><a href=\"https:\/\/wldstainless.com\/es\/materials\/duplex-stainless-steel\/\">Acero inoxidable d\u00faplex<\/a><\/li>\n<\/ul><\/div><\/div><\/div><br \/>\n<div  class='hr hr-default'><span class='hr-inner' ><span class='hr-inner-style'><\/span><\/span><\/div><br \/>\n<div class='avia-button-wrap avia-button-left'><a href='http:\/\/wldstainless.com\/contact\/#contact' class='avia-button   avia-icon_select-yes-left-icon avia-color-custom avia-size-large avia-position-left'  target=\"_blank\"  style='background-color:#e82221; border-color:#e82221; color:#ffffff; ' ><span class='avia_button_icon avia_button_icon_left' aria-hidden='true' data-av_icon='\ue84b' data-av_iconfont='entypo-fontello'><\/span><span class='avia_iconbox_title' >Solicitar presupuesto<\/span><\/a><\/div><\/p><\/div><\/div><!--close column table wrapper. Autoclose: 1 --><div class='flex_column_table av-equal-height-column-flextable -flextable' ><div class='av-flex-placeholder'><\/div><div class=\"flex_column av_three_fourth  flex_column_table_cell av-equal-height-column av-align-top av-zero-column-padding\" style='border-radius:0px; '><p><div style='padding-bottom:10px;color:#d3311f;font-size:26px;' class='av-special-heading av-special-heading-h3 custom-color-heading blockquote modern-quote   av-inherit-size'><h3 class='av-special-heading-tag'  itemprop=\"headline\"  >Acero inoxidable 446.<\/h3><div class='special-heading-border'><div class='special-heading-inner-border' style='border-color:#d3311f'><\/div><\/div><\/div><br \/>\n<section class=\"av_textblock_section\"  itemscope=\"itemscope\" itemtype=\"https:\/\/schema.org\/CreativeWork\" ><div class='avia_textblock'   itemprop=\"text\" ><p>WLD Steel es un fabricante, proveedor y exportador l\u00edder de acero inoxidable 446 disponible en diferentes tama\u00f1os y formas, incluidas barras, varillas y palanquillas. El acero inoxidable 446 contiene un alto nivel de molibdeno y cromo y, por lo tanto, demuestra una alta resistencia tanto a la corrosi\u00f3n como a la oxidaci\u00f3n; se lo conoce como \u201cacero inoxidable s\u00faper ferrita\u201d junto con el acero inoxidable 447. Se usa com\u00fanmente donde se requiere una excelente resistencia a la corrosi\u00f3n y a las altas temperaturas, como quemadores, piezas de calderas y otras aplicaciones t\u00e9rmicas.<\/p>\n<p><strong>\u00bfCu\u00e1les son los formularios 446 disponibles en WLD Steel?<\/strong><\/p>\n<ul>\n<li>Hoja\/Placa\/Bobina: ASTM A240, ASTM A480<\/li>\n<li>Barra redonda: ASTM A276, ASTM A479<\/li>\n<\/ul>\n<\/div><\/section><br \/>\n<div class=\"togglecontainer   toggle_close_all\" >\n<section class=\"av_toggle_section\"  itemscope=\"itemscope\" itemtype=\"https:\/\/schema.org\/CreativeWork\"  >    <div class=\"single_toggle\" data-tags=\"{Todo} \"  >        <p data-fake-id=\"#toggle-id-1\" class=\"toggler\"  itemprop=\"headline\"  >446 grados equivalentes<span class=\"toggle_icon\" >        <span class=\"vert_icon\"><\/span><span class=\"hor_icon\"><\/span><\/span><\/p>        <div id=\"toggle-id-1-container\" class=\"toggle_wrap\"  >            <div class=\"toggle_content invers-color\"  itemprop=\"text\"   ><table>\n<tbody>\n<tr>\n<td width=\"121\">est\u00e1ndar<\/td>\n<td width=\"121\">SAE<\/td>\n<td width=\"121\">UNS<\/td>\n<td width=\"121\">JIS<\/td>\n<td width=\"121\">ESTRUENDO<\/td>\n<td width=\"121\">ES<\/td>\n<td width=\"121\">ES<\/td>\n<\/tr>\n<tr>\n<td width=\"121\">446<\/td>\n<td width=\"121\">51446<\/td>\n<td width=\"121\">S44600<\/td>\n<td width=\"121\">\/<\/td>\n<td width=\"121\">1.4762 \/ 1.4763<\/td>\n<td width=\"121\">X10CrAlSi25 \/ X10CrAlSi24<\/td>\n<td width=\"121\">1Cr25Ti<\/td>\n<\/tr>\n<\/tbody>\n<\/table>\n            <\/div>        <\/div>    <\/div><\/section>\n<section class=\"av_toggle_section\"  itemscope=\"itemscope\" itemtype=\"https:\/\/schema.org\/CreativeWork\"  >    <div class=\"single_toggle\" data-tags=\"{Todo} \"  >        <p data-fake-id=\"#toggle-id-2\" class=\"toggler\"  itemprop=\"headline\"  >446 Composici\u00f3n qu\u00edmica<span class=\"toggle_icon\" >        <span class=\"vert_icon\"><\/span><span class=\"hor_icon\"><\/span><\/span><\/p>        <div id=\"toggle-id-2-container\" class=\"toggle_wrap\"  >            <div class=\"toggle_content invers-color\"  itemprop=\"text\"   ><table>\n<tbody>\n<tr>\n<td width=\"85\">C<\/td>\n<td width=\"85\">Minnesota<\/td>\n<td width=\"85\">PAG<\/td>\n<td width=\"85\">S<\/td>\n<td width=\"85\">Si<\/td>\n<td width=\"85\">Ni<\/td>\n<td width=\"85\">cr<\/td>\n<td width=\"85\">Mes<\/td>\n<td width=\"85\">norte<\/td>\n<td width=\"85\">Ti + CB<\/td>\n<\/tr>\n<tr>\n<td width=\"85\">0.030<\/td>\n<td width=\"85\">1,0 m\u00e1x.<\/td>\n<td width=\"85\">0,040 m\u00e1x.<\/td>\n<td width=\"85\">0,030 m\u00e1x.<\/td>\n<td width=\"85\">1,0 m\u00e1x.<\/td>\n<td width=\"85\">1,0 \u2013 3,50<\/td>\n<td width=\"85\">25,0 \u2013 28,0<\/td>\n<td width=\"85\">3.0 \u2013 4.0<\/td>\n<td width=\"85\">0.040<\/td>\n<td width=\"85\">0,20 \u2013 1,0<\/td>\n<\/tr>\n<\/tbody>\n<\/table>\n            <\/div>        <\/div>    <\/div><\/section>\n<section class=\"av_toggle_section\"  itemscope=\"itemscope\" itemtype=\"https:\/\/schema.org\/CreativeWork\"  >    <div class=\"single_toggle\" data-tags=\"{Todo} \"  >        <p data-fake-id=\"#toggle-id-3\" class=\"toggler\"  itemprop=\"headline\"  >446 Propiedades mec\u00e1nicas<span class=\"toggle_icon\" >        <span class=\"vert_icon\"><\/span><span class=\"hor_icon\"><\/span><\/span><\/p>        <div id=\"toggle-id-3-container\" class=\"toggle_wrap\"  >            <div class=\"toggle_content invers-color\"  itemprop=\"text\"   ><table>\n<tbody>\n<tr>\n<td width=\"224\">Resistencia a la tracci\u00f3n (Mpa)<\/td>\n<td width=\"318\">L\u00edmite el\u00e1stico (a 0,200%, Mpa)<\/td>\n<td width=\"159\">Alargamiento<\/td>\n<td width=\"151\">Dureza, HB<\/td>\n<\/tr>\n<tr>\n<td width=\"224\">550<\/td>\n<td width=\"318\">345<\/td>\n<td width=\"159\">20%<\/td>\n<td width=\"151\">159<\/td>\n<\/tr>\n<\/tbody>\n<\/table>\n            <\/div>        <\/div>    <\/div><\/section>\n<\/div><br \/>\n<\/p><\/div><\/div><!--close column table wrapper. Autoclose: 1 --><\/p>","protected":false},"excerpt":{"rendered":"","protected":false},"author":1,"featured_media":0,"parent":159,"menu_order":0,"comment_status":"closed","ping_status":"closed","template":"","meta":{"footnotes":""},"class_list":["post-1533","page","type-page","status-publish","hentry"],"aioseo_notices":[],"_links":{"self":[{"href":"https:\/\/wldstainless.com\/es\/wp-json\/wp\/v2\/pages\/1533","targetHints":{"allow":["GET"]}}],"collection":[{"href":"https:\/\/wldstainless.com\/es\/wp-json\/wp\/v2\/pages"}],"about":[{"href":"https:\/\/wldstainless.com\/es\/wp-json\/wp\/v2\/types\/page"}],"author":[{"embeddable":true,"href":"https:\/\/wldstainless.com\/es\/wp-json\/wp\/v2\/users\/1"}],"replies":[{"embeddable":true,"href":"https:\/\/wldstainless.com\/es\/wp-json\/wp\/v2\/comments?post=1533"}],"version-history":[{"count":5,"href":"https:\/\/wldstainless.com\/es\/wp-json\/wp\/v2\/pages\/1533\/revisions"}],"predecessor-version":[{"id":1915,"href":"https:\/\/wldstainless.com\/es\/wp-json\/wp\/v2\/pages\/1533\/revisions\/1915"}],"up":[{"embeddable":true,"href":"https:\/\/wldstainless.com\/es\/wp-json\/wp\/v2\/pages\/159"}],"wp:attachment":[{"href":"https:\/\/wldstainless.com\/es\/wp-json\/wp\/v2\/media?parent=1533"}],"curies":[{"name":"wp","href":"https:\/\/api.w.org\/{rel}","templated":true}]}}