{"id":1454,"date":"2020-08-11T09:17:01","date_gmt":"2020-08-11T09:17:01","guid":{"rendered":"http:\/\/wldstainless.com\/?page_id=1454"},"modified":"2020-09-18T09:27:56","modified_gmt":"2020-09-18T09:27:56","slug":"304-304l-stainless-steel","status":"publish","type":"page","link":"https:\/\/wldstainless.com\/es\/materials\/austenitic-stainless-steel\/304-304l-stainless-steel\/","title":{"rendered":"Acero inoxidable 304\/304L"},"content":{"rendered":"<div class='flex_column_table av-equal-height-column-flextable -flextable' ><div class=\"flex_column av_one_fourth  flex_column_table_cell av-equal-height-column av-align-top av-zero-column-padding first\" style='border-radius:0px; '><p><div class='avia-builder-widget-area clearfix'><div id=\"nav_menu-5\" class=\"widget clearfix widget_nav_menu\"><h3 class=\"widgettitle\">Material<\/h3><div class=\"menu-products-sidebar-menu-container\"><ul id=\"menu-products-sidebar-menu\" class=\"menu\"><li id=\"menu-item-1329\" class=\"menu-item menu-item-type-post_type menu-item-object-page menu-item-1329\"><a href=\"https:\/\/wldstainless.com\/es\/materials\/ferritic-stainless-steel\/\">Acero inoxidable ferr\u00edtico<\/a><\/li>\n<li id=\"menu-item-1328\" class=\"menu-item menu-item-type-post_type menu-item-object-page menu-item-1328\"><a href=\"https:\/\/wldstainless.com\/es\/materials\/martensitic-stainless-steel\/\">Acero inoxidable martens\u00edtico<\/a><\/li>\n<li id=\"menu-item-1327\" class=\"menu-item menu-item-type-post_type menu-item-object-page menu-item-1327\"><a href=\"https:\/\/wldstainless.com\/es\/materials\/austenitic-stainless-steel\/\">Acero inoxidable austenitico<\/a><\/li>\n<li id=\"menu-item-1889\" class=\"menu-item menu-item-type-post_type menu-item-object-page menu-item-1889\"><a href=\"https:\/\/wldstainless.com\/es\/materials\/duplex-stainless-steel\/\">Acero inoxidable d\u00faplex<\/a><\/li>\n<\/ul><\/div><\/div><\/div><br \/>\n<div  class='hr hr-default'><span class='hr-inner' ><span class='hr-inner-style'><\/span><\/span><\/div><br \/>\n<div class='avia-button-wrap avia-button-left'><a href='http:\/\/wldstainless.com\/contact\/#contact' class='avia-button   avia-icon_select-yes-left-icon avia-color-custom avia-size-large avia-position-left'  target=\"_blank\"  style='background-color:#e82221; border-color:#e82221; color:#ffffff; ' ><span class='avia_button_icon avia_button_icon_left' aria-hidden='true' data-av_icon='\ue84b' data-av_iconfont='entypo-fontello'><\/span><span class='avia_iconbox_title' >Solicitar presupuesto<\/span><\/a><\/div><\/p><\/div><\/div><!--close column table wrapper. Autoclose: 1 -->\n<div class='flex_column_table av-equal-height-column-flextable -flextable' ><div class='av-flex-placeholder'><\/div><div class=\"flex_column av_three_fourth  flex_column_table_cell av-equal-height-column av-align-top av-zero-column-padding\" style='border-radius:0px; '><p><div style='padding-bottom:10px;color:#d3311f;font-size:26px;' class='av-special-heading av-special-heading-h3 custom-color-heading blockquote modern-quote   av-inherit-size'><h3 class='av-special-heading-tag'  itemprop=\"headline\"  >Acero inoxidable 304\/304L<\/h3><div class='special-heading-border'><div class='special-heading-inner-border' style='border-color:#d3311f'><\/div><\/div><\/div><br \/>\n<section class=\"av_textblock_section\"  itemscope=\"itemscope\" itemtype=\"https:\/\/schema.org\/CreativeWork\" ><div class='avia_textblock'   itemprop=\"text\" ><p>WLD Stainless es un fabricante, proveedor y exportador l\u00edder de acero inoxidable 304\/304L en forma de tuber\u00eda, tubo, l\u00e1mina, placa, barra, varilla y otras formas como \u00e1ngel, canal, c\u00edrculo o pieza cortada. El acero inoxidable 304 es el m\u00e1s utilizado, el mayor consumo de acero inoxidable austen\u00edtico es un grado basado en acero inoxidable 18-8. La estructura austenita le confiere buenas propiedades de procesamiento en fr\u00edo y en caliente, no magn\u00e9ticas y buenas propiedades a baja temperatura. El acero inoxidable 304 ofrece una excelente resistencia a la corrosi\u00f3n intercristalina y buena resistencia a la corrosi\u00f3n en soluciones alcalinas y la mayor\u00eda de los \u00e1cidos org\u00e1nicos, \u00e1cidos inorg\u00e1nicos, as\u00ed como la atm\u00f3sfera y el vapor de agua. 304L es una versi\u00f3n baja en carbono del 304 con una resistencia ligeramente menor pero una resistencia a la corrosi\u00f3n entre cristales significativamente mejor que el acero inoxidable 304; a veces puede ser un material alternativo del acero inoxidable 321.<\/p>\n<p><strong>\u00bfCu\u00e1les son las formas y especificaciones disponibles de 304\/304L en WLD Steel?<\/strong><\/p>\n<table>\n<tbody>\n<tr>\n<td width=\"170\">Hoja\/placa\/bobina<\/td>\n<td width=\"170\">Tuber\u00eda\/tubo sin costura<\/td>\n<td width=\"170\">Tuber\u00eda\/tubo soldado<\/td>\n<td width=\"170\">barra redonda<\/td>\n<td width=\"170\">Acero formado (con forma)<\/td>\n<\/tr>\n<tr>\n<td width=\"170\">ASTM A240<\/td>\n<td width=\"170\">ASTM A789;<\/p>\n<p>ASTM A790<\/td>\n<td width=\"170\">ASTM A928<\/td>\n<td width=\"170\">ASTM A276;<\/p>\n<p>ASTM A479<\/td>\n<td width=\"170\">ASTM A276<\/td>\n<\/tr>\n<\/tbody>\n<\/table>\n<h2><\/h2>\n<\/div><\/section><br \/>\n<div class=\"togglecontainer   toggle_close_all\" >\n<section class=\"av_toggle_section\"  itemscope=\"itemscope\" itemtype=\"https:\/\/schema.org\/CreativeWork\"  >    <div class=\"single_toggle\" data-tags=\"{Todo} \"  >        <p data-fake-id=\"#toggle-id-1\" class=\"toggler\"  itemprop=\"headline\"  >Grados equivalentes a 304\/304L<span class=\"toggle_icon\" >        <span class=\"vert_icon\"><\/span><span class=\"hor_icon\"><\/span><\/span><\/p>        <div id=\"toggle-id-1-container\" class=\"toggle_wrap\"  >            <div class=\"toggle_content invers-color\"  itemprop=\"text\"   ><table>\n<tbody>\n<tr>\n<td>EST\u00c1NDAR<\/td>\n<td>WERKSTOFF NR.<\/td>\n<td>UNS<\/td>\n<td>JIS<\/td>\n<td>Licenciatura<\/td>\n<td>GOST<\/td>\n<td>AFNOR<\/td>\n<td>ES<\/td>\n<\/tr>\n<tr>\n<td>SS 304<\/td>\n<td>1.4301<\/td>\n<td>S30400<\/td>\n<td>SUS 304<\/td>\n<td>304S31<\/td>\n<td>08\u042518\u041d10<\/td>\n<td>Z7CN18-09<\/td>\n<td>X5CrNi18-10<\/td>\n<\/tr>\n<\/tbody>\n<\/table>\n            <\/div>        <\/div>    <\/div><\/section>\n<section class=\"av_toggle_section\"  itemscope=\"itemscope\" itemtype=\"https:\/\/schema.org\/CreativeWork\"  >    <div class=\"single_toggle\" data-tags=\"{Todo} \"  >        <p data-fake-id=\"#toggle-id-2\" class=\"toggler\"  itemprop=\"headline\"  >Composici\u00f3n qu\u00edmica 304\/304L<span class=\"toggle_icon\" >        <span class=\"vert_icon\"><\/span><span class=\"hor_icon\"><\/span><\/span><\/p>        <div id=\"toggle-id-2-container\" class=\"toggle_wrap\"  >            <div class=\"toggle_content invers-color\"  itemprop=\"text\"   ><table>\n<tbody>\n<tr>\n<td>Los grados<\/td>\n<td>C, m\u00e1x.<\/td>\n<td width=\"100\">Mn, m\u00e1x.<\/td>\n<td width=\"102\">S\u00ed, m\u00e1x.<\/td>\n<td>P, m\u00e1x.<\/td>\n<td>S, m\u00e1x.<\/td>\n<td>cr, m\u00edn.<\/td>\n<td>Ni, m\u00edn.<\/td>\n<td>norte<\/td>\n<\/tr>\n<tr>\n<td>304<\/td>\n<td>0.07<\/td>\n<td width=\"100\">2.0<\/td>\n<td width=\"102\">\u22640,75<\/td>\n<td>0.045<\/td>\n<td>0.03<\/td>\n<td>18.0-20.0<\/td>\n<td>8.0-\u00a010.5<\/td>\n<td>\/<\/td>\n<\/tr>\n<tr>\n<td>304L<\/td>\n<td>0.03<\/td>\n<td width=\"100\">2.0<\/td>\n<td width=\"102\">0.75<\/td>\n<td>0.045<\/td>\n<td>0.03<\/td>\n<td>18.0-20.0<\/td>\n<td>8.0-\u00a012.0<\/td>\n<td>0.10<\/td>\n<\/tr>\n<\/tbody>\n<\/table>\n            <\/div>        <\/div>    <\/div><\/section>\n<section class=\"av_toggle_section\"  itemscope=\"itemscope\" itemtype=\"https:\/\/schema.org\/CreativeWork\"  >    <div class=\"single_toggle\" data-tags=\"{Todo} \"  >        <p data-fake-id=\"#toggle-id-3\" class=\"toggler\"  itemprop=\"headline\"  > Propiedades mec\u00e1nicas del 304\/304L<span class=\"toggle_icon\" >        <span class=\"vert_icon\"><\/span><span class=\"hor_icon\"><\/span><\/span><\/p>        <div id=\"toggle-id-3-container\" class=\"toggle_wrap\"  >            <div class=\"toggle_content invers-color\"  itemprop=\"text\"   ><table>\n<tbody>\n<tr>\n<td>Calificaci\u00f3n<\/td>\n<td>Resistencia a la tracci\u00f3n ksi (min)<\/td>\n<td>L\u00edmite el\u00e1stico 0,2% ksi (min)<\/td>\n<td>Elongaci\u00f3n %<\/td>\n<td>Dureza (Brinell) M\u00c1X.<\/td>\n<td>Dureza (Rockwell B) M\u00c1X.<\/td>\n<\/tr>\n<tr>\n<td>304<\/td>\n<td>75<\/td>\n<td>30<\/td>\n<td>40<\/td>\n<td>201<\/td>\n<td>92<\/td>\n<\/tr>\n<tr>\n<td>304L<\/td>\n<td>70<\/td>\n<td>25<\/td>\n<td>40<\/td>\n<td>201<\/td>\n<td>92<\/td>\n<\/tr>\n<\/tbody>\n<\/table>\n            <\/div>        <\/div>    <\/div><\/section>\n<\/div><\/p><\/div><\/div><!--close column table wrapper. Autoclose: 1 -->","protected":false},"excerpt":{"rendered":"","protected":false},"author":1,"featured_media":0,"parent":1323,"menu_order":0,"comment_status":"closed","ping_status":"closed","template":"","meta":{"footnotes":""},"class_list":["post-1454","page","type-page","status-publish","hentry"],"aioseo_notices":[],"_links":{"self":[{"href":"https:\/\/wldstainless.com\/es\/wp-json\/wp\/v2\/pages\/1454","targetHints":{"allow":["GET"]}}],"collection":[{"href":"https:\/\/wldstainless.com\/es\/wp-json\/wp\/v2\/pages"}],"about":[{"href":"https:\/\/wldstainless.com\/es\/wp-json\/wp\/v2\/types\/page"}],"author":[{"embeddable":true,"href":"https:\/\/wldstainless.com\/es\/wp-json\/wp\/v2\/users\/1"}],"replies":[{"embeddable":true,"href":"https:\/\/wldstainless.com\/es\/wp-json\/wp\/v2\/comments?post=1454"}],"version-history":[{"count":8,"href":"https:\/\/wldstainless.com\/es\/wp-json\/wp\/v2\/pages\/1454\/revisions"}],"predecessor-version":[{"id":1897,"href":"https:\/\/wldstainless.com\/es\/wp-json\/wp\/v2\/pages\/1454\/revisions\/1897"}],"up":[{"embeddable":true,"href":"https:\/\/wldstainless.com\/es\/wp-json\/wp\/v2\/pages\/1323"}],"wp:attachment":[{"href":"https:\/\/wldstainless.com\/es\/wp-json\/wp\/v2\/media?parent=1454"}],"curies":[{"name":"wp","href":"https:\/\/api.w.org\/{rel}","templated":true}]}}