{"id":1448,"date":"2020-08-11T03:36:57","date_gmt":"2020-08-11T03:36:57","guid":{"rendered":"http:\/\/wldstainless.com\/?page_id=1448"},"modified":"2020-09-18T09:29:21","modified_gmt":"2020-09-18T09:29:21","slug":"347-347h-stainless-steel","status":"publish","type":"page","link":"https:\/\/wldstainless.com\/es\/materials\/austenitic-stainless-steel\/347-347h-stainless-steel\/","title":{"rendered":"Acero inoxidable 347\/347H"},"content":{"rendered":"<div class='flex_column_table av-equal-height-column-flextable -flextable' ><div class=\"flex_column av_one_fourth  flex_column_table_cell av-equal-height-column av-align-top av-zero-column-padding first\" style='border-radius:0px; '><p><div class='avia-builder-widget-area clearfix'><div id=\"nav_menu-5\" class=\"widget clearfix widget_nav_menu\"><h3 class=\"widgettitle\">Material<\/h3><div class=\"menu-products-sidebar-menu-container\"><ul id=\"menu-products-sidebar-menu\" class=\"menu\"><li id=\"menu-item-1329\" class=\"menu-item menu-item-type-post_type menu-item-object-page menu-item-1329\"><a href=\"https:\/\/wldstainless.com\/es\/materials\/ferritic-stainless-steel\/\">Acero inoxidable ferr\u00edtico<\/a><\/li>\n<li id=\"menu-item-1328\" class=\"menu-item menu-item-type-post_type menu-item-object-page menu-item-1328\"><a href=\"https:\/\/wldstainless.com\/es\/materials\/martensitic-stainless-steel\/\">Acero inoxidable martens\u00edtico<\/a><\/li>\n<li id=\"menu-item-1327\" class=\"menu-item menu-item-type-post_type menu-item-object-page menu-item-1327\"><a href=\"https:\/\/wldstainless.com\/es\/materials\/austenitic-stainless-steel\/\">Acero inoxidable austenitico<\/a><\/li>\n<li id=\"menu-item-1889\" class=\"menu-item menu-item-type-post_type menu-item-object-page menu-item-1889\"><a href=\"https:\/\/wldstainless.com\/es\/materials\/duplex-stainless-steel\/\">Acero inoxidable d\u00faplex<\/a><\/li>\n<\/ul><\/div><\/div><\/div><br \/>\n<div  class='hr hr-default'><span class='hr-inner' ><span class='hr-inner-style'><\/span><\/span><\/div><br \/>\n<div class='avia-button-wrap avia-button-left'><a href='http:\/\/wldstainless.com\/contact\/#contact' class='avia-button   avia-icon_select-yes-left-icon avia-color-custom avia-size-large avia-position-left'  target=\"_blank\"  style='background-color:#e82221; border-color:#e82221; color:#ffffff; ' ><span class='avia_button_icon avia_button_icon_left' aria-hidden='true' data-av_icon='\ue84b' data-av_iconfont='entypo-fontello'><\/span><span class='avia_iconbox_title' >Solicitar presupuesto<\/span><\/a><\/div><\/p><\/div><\/div><!--close column table wrapper. Autoclose: 1 -->\n<div class='flex_column_table av-equal-height-column-flextable -flextable' ><div class='av-flex-placeholder'><\/div><div class=\"flex_column av_three_fourth  flex_column_table_cell av-equal-height-column av-align-top av-zero-column-padding\" style='border-radius:0px; '><p><div style='padding-bottom:10px;color:#d3311f;' class='av-special-heading av-special-heading-h3 custom-color-heading'><h3 class='av-special-heading-tag'  itemprop=\"headline\"  >Acero inoxidable 347\/347H <\/h3><div class='special-heading-border'><div class='special-heading-inner-border' style='border-color:#d3311f'><\/div><\/div><\/div><br \/>\n<section class=\"av_textblock_section\"  itemscope=\"itemscope\" itemtype=\"https:\/\/schema.org\/CreativeWork\" ><div class='avia_textblock'   itemprop=\"text\" ><p>WLD Steel es un fabricante, proveedor y exportador l\u00edder de acero inoxidable 347\/347H, disponible en diferentes tama\u00f1os y formas, incluidos tubos, l\u00e1minas, placas, barras, varillas y formas formadas como \u00e1ngel, canal, viga, etc. . El acero inoxidable austen\u00edtico 347 es un tipo de aleaci\u00f3n con alto contenido de carbono con la adici\u00f3n de niobio. El acero inoxidable 347H es una versi\u00f3n con mayor contenido de carbono del acero 347 y el mayor contenido de carbono permite mejores propiedades de fluencia a altas temperaturas. La adici\u00f3n de Nb lo convierte en una buena resistencia a la corrosi\u00f3n intercristalina, especialmente en medios corrosivos como \u00e1cidos, \u00e1lcalis y sales. Su resistencia a la corrosi\u00f3n es similar al acero inoxidable austen\u00edtico 321 con adici\u00f3n de Ti, se ha utilizado ampliamente en intercambiadores de calor, tuber\u00edas de sobrecalentador, tuber\u00edas de recalentador, tuber\u00edas de vapor en calderas de generaci\u00f3n de energ\u00eda, petr\u00f3leo, industria qu\u00edmica, fibra sint\u00e9tica, industria alimentaria y papelera.<\/p>\n<p>\u00bfCu\u00e1les son las formas y especificaciones disponibles del 347\/347H en WLD Steel?<\/p>\n<table>\n<tbody>\n<tr>\n<td width=\"170\">Hoja\/placa\/bobina<\/td>\n<td width=\"170\">Tuber\u00eda\/tubo sin costura<\/td>\n<td width=\"170\">Tuber\u00eda\/tubo soldado<\/td>\n<td width=\"170\">Barra redonda<\/td>\n<td width=\"170\">Acero formado (con forma)<\/td>\n<\/tr>\n<tr>\n<td width=\"170\">ASTM A240<\/p>\n<p>ASTM A480<\/td>\n<td width=\"170\">ASTM A789<\/p>\n<p>ASTM A790<\/td>\n<td width=\"170\">ASTM A928<\/td>\n<td width=\"170\">ASTM A276<\/p>\n<p>ASTM A479<\/td>\n<td width=\"170\">ASTM A276<\/td>\n<\/tr>\n<\/tbody>\n<\/table>\n<h2><\/h2>\n<\/div><\/section><br \/>\n<div class=\"togglecontainer   toggle_close_all\" >\n<section class=\"av_toggle_section\"  itemscope=\"itemscope\" itemtype=\"https:\/\/schema.org\/CreativeWork\"  >    <div class=\"single_toggle\" data-tags=\"{Todo} \"  >        <p data-fake-id=\"#toggle-id-1\" class=\"toggler\"  itemprop=\"headline\"  >Materiales equivalentes al acero 347\/347H<span class=\"toggle_icon\" >        <span class=\"vert_icon\"><\/span><span class=\"hor_icon\"><\/span><\/span><\/p>        <div id=\"toggle-id-1-container\" class=\"toggle_wrap\"  >            <div class=\"toggle_content invers-color\"  itemprop=\"text\"   ><table>\n<tbody>\n<tr>\n<td>Los grados<\/td>\n<td>C<\/td>\n<td>cr<\/td>\n<td>Minnesota<\/td>\n<td>Ni<\/td>\n<td>PAG<\/td>\n<td>S<\/td>\n<td>Si<\/td>\n<td>Cb\/Ta<\/td>\n<\/tr>\n<tr>\n<td>347<\/td>\n<td>0,08 m\u00e1x.<\/td>\n<td>17.0-20.0<\/td>\n<td>2.0 m\u00e1x.<\/td>\n<td>9.0-13.0<\/td>\n<td>0.04<\/td>\n<td>0.30<\/td>\n<td>0.75<\/td>\n<td>0xC-1.0<\/td>\n<\/tr>\n<tr>\n<td>347H<\/td>\n<td>0.04-\u00a00.10<\/td>\n<td>17.0-20.0<\/td>\n<td>2.0 m\u00e1x.<\/td>\n<td>9.0-13.0<\/td>\n<td>0.03<\/td>\n<td>0.30<\/td>\n<td>0.75<\/td>\n<td>10x C-1,0<\/td>\n<\/tr>\n<\/tbody>\n<\/table>\n            <\/div>        <\/div>    <\/div><\/section>\n<section class=\"av_toggle_section\"  itemscope=\"itemscope\" itemtype=\"https:\/\/schema.org\/CreativeWork\"  >    <div class=\"single_toggle\" data-tags=\"{Todo} \"  >        <p data-fake-id=\"#toggle-id-2\" class=\"toggler\"  itemprop=\"headline\"  >Composici\u00f3n qu\u00edmica 347\/347H<span class=\"toggle_icon\" >        <span class=\"vert_icon\"><\/span><span class=\"hor_icon\"><\/span><\/span><\/p>        <div id=\"toggle-id-2-container\" class=\"toggle_wrap\"  >            <div class=\"toggle_content invers-color\"  itemprop=\"text\"   ><table>\n<tbody>\n<tr>\n<td>Los grados<\/td>\n<td>C<\/td>\n<td>cr<\/td>\n<td>Minnesota<\/td>\n<td>Ni<\/td>\n<td>PAG<\/td>\n<td>S<\/td>\n<td>Si<\/td>\n<td>Cb\/Ta<\/td>\n<\/tr>\n<tr>\n<td>347<\/td>\n<td>0,08 m\u00e1x.<\/td>\n<td>17.0-20.0<\/td>\n<td>2.0 m\u00e1x.<\/td>\n<td>9.0-13.0<\/td>\n<td>0.04<\/td>\n<td>0.30<\/td>\n<td>0.75<\/td>\n<td>0xC-1.0<\/td>\n<\/tr>\n<tr>\n<td>347H<\/td>\n<td>0.04-\u00a00.10<\/td>\n<td>17.0-20.0<\/td>\n<td>2.0 m\u00e1x.<\/td>\n<td>9.0-13.0<\/td>\n<td>0.03<\/td>\n<td>0.30<\/td>\n<td>0.75<\/td>\n<td>10x C-1,0<\/td>\n<\/tr>\n<\/tbody>\n<\/table>\n            <\/div>        <\/div>    <\/div><\/section>\n<section class=\"av_toggle_section\"  itemscope=\"itemscope\" itemtype=\"https:\/\/schema.org\/CreativeWork\"  >    <div class=\"single_toggle\" data-tags=\"{Todo} \"  >        <p data-fake-id=\"#toggle-id-3\" class=\"toggler\"  itemprop=\"headline\"  >Propiedades mec\u00e1nicas del 347\/347H<span class=\"toggle_icon\" >        <span class=\"vert_icon\"><\/span><span class=\"hor_icon\"><\/span><\/span><\/p>        <div id=\"toggle-id-3-container\" class=\"toggle_wrap\"  >            <div class=\"toggle_content invers-color\"  itemprop=\"text\"   ><table>\n<tbody>\n<tr>\n<td>Calificaci\u00f3n<\/td>\n<td>Resistencia a la tracci\u00f3n (MPa)<\/td>\n<td>L\u00edmite el\u00e1stico (MPa)<\/td>\n<td>Elongaci\u00f3n %<\/td>\n<td width=\"268\">Dureza (Brinell) M\u00c1X.<\/td>\n<\/tr>\n<tr>\n<td>347\/347H<\/td>\n<td>515<\/td>\n<td>205<\/td>\n<td>40<\/td>\n<td width=\"268\">201<\/td>\n<\/tr>\n<\/tbody>\n<\/table>\n            <\/div>        <\/div>    <\/div><\/section>\n<\/div><\/p><\/div><\/div><!--close column table wrapper. Autoclose: 1 -->","protected":false},"excerpt":{"rendered":"","protected":false},"author":1,"featured_media":0,"parent":1323,"menu_order":0,"comment_status":"closed","ping_status":"closed","template":"","meta":{"footnotes":""},"class_list":["post-1448","page","type-page","status-publish","hentry"],"aioseo_notices":[],"_links":{"self":[{"href":"https:\/\/wldstainless.com\/es\/wp-json\/wp\/v2\/pages\/1448","targetHints":{"allow":["GET"]}}],"collection":[{"href":"https:\/\/wldstainless.com\/es\/wp-json\/wp\/v2\/pages"}],"about":[{"href":"https:\/\/wldstainless.com\/es\/wp-json\/wp\/v2\/types\/page"}],"author":[{"embeddable":true,"href":"https:\/\/wldstainless.com\/es\/wp-json\/wp\/v2\/users\/1"}],"replies":[{"embeddable":true,"href":"https:\/\/wldstainless.com\/es\/wp-json\/wp\/v2\/comments?post=1448"}],"version-history":[{"count":7,"href":"https:\/\/wldstainless.com\/es\/wp-json\/wp\/v2\/pages\/1448\/revisions"}],"predecessor-version":[{"id":1904,"href":"https:\/\/wldstainless.com\/es\/wp-json\/wp\/v2\/pages\/1448\/revisions\/1904"}],"up":[{"embeddable":true,"href":"https:\/\/wldstainless.com\/es\/wp-json\/wp\/v2\/pages\/1323"}],"wp:attachment":[{"href":"https:\/\/wldstainless.com\/es\/wp-json\/wp\/v2\/media?parent=1448"}],"curies":[{"name":"wp","href":"https:\/\/api.w.org\/{rel}","templated":true}]}}