{"id":1446,"date":"2020-08-11T03:30:24","date_gmt":"2020-08-11T03:30:24","guid":{"rendered":"http:\/\/wldstainless.com\/?page_id=1446"},"modified":"2020-09-18T09:29:08","modified_gmt":"2020-09-18T09:29:08","slug":"321-321h-stainless-steel","status":"publish","type":"page","link":"https:\/\/wldstainless.com\/es\/materials\/austenitic-stainless-steel\/321-321h-stainless-steel\/","title":{"rendered":"Acero inoxidable 321\/321H"},"content":{"rendered":"<div class='flex_column_table av-equal-height-column-flextable -flextable' ><div class=\"flex_column av_one_fourth  flex_column_table_cell av-equal-height-column av-align-top av-zero-column-padding first\" style='border-radius:0px; '><p><div class='avia-builder-widget-area clearfix'><div id=\"nav_menu-5\" class=\"widget clearfix widget_nav_menu\"><h3 class=\"widgettitle\">Material<\/h3><div class=\"menu-products-sidebar-menu-container\"><ul id=\"menu-products-sidebar-menu\" class=\"menu\"><li id=\"menu-item-1329\" class=\"menu-item menu-item-type-post_type menu-item-object-page menu-item-1329\"><a href=\"https:\/\/wldstainless.com\/es\/materials\/ferritic-stainless-steel\/\">Acero inoxidable ferr\u00edtico<\/a><\/li>\n<li id=\"menu-item-1328\" class=\"menu-item menu-item-type-post_type menu-item-object-page menu-item-1328\"><a href=\"https:\/\/wldstainless.com\/es\/materials\/martensitic-stainless-steel\/\">Acero inoxidable martens\u00edtico<\/a><\/li>\n<li id=\"menu-item-1327\" class=\"menu-item menu-item-type-post_type menu-item-object-page menu-item-1327\"><a href=\"https:\/\/wldstainless.com\/es\/materials\/austenitic-stainless-steel\/\">Acero inoxidable austenitico<\/a><\/li>\n<li id=\"menu-item-1889\" class=\"menu-item menu-item-type-post_type menu-item-object-page menu-item-1889\"><a href=\"https:\/\/wldstainless.com\/es\/materials\/duplex-stainless-steel\/\">Acero inoxidable d\u00faplex<\/a><\/li>\n<\/ul><\/div><\/div><\/div><br \/>\n<div  class='hr hr-default'><span class='hr-inner' ><span class='hr-inner-style'><\/span><\/span><\/div><br \/>\n<div class='avia-button-wrap avia-button-left'><a href='http:\/\/wldstainless.com\/contact\/#contact' class='avia-button   avia-icon_select-yes-left-icon avia-color-custom avia-size-large avia-position-left'  target=\"_blank\"  style='background-color:#e82221; border-color:#e82221; color:#ffffff; ' ><span class='avia_button_icon avia_button_icon_left' aria-hidden='true' data-av_icon='\ue84b' data-av_iconfont='entypo-fontello'><\/span><span class='avia_iconbox_title' >Solicitar presupuesto<\/span><\/a><\/div><\/p><\/div><\/div><!--close column table wrapper. Autoclose: 1 --><div class='flex_column_table av-equal-height-column-flextable -flextable' ><div class='av-flex-placeholder'><\/div><div class=\"flex_column av_three_fourth  flex_column_table_cell av-equal-height-column av-align-top av-zero-column-padding\" style='border-radius:0px; '><p><div style='padding-bottom:10px;color:#d3311f;' class='av-special-heading av-special-heading-h3 custom-color-heading'><h3 class='av-special-heading-tag'  itemprop=\"headline\"  >Acero inoxidable 321\/321H<\/h3><div class='special-heading-border'><div class='special-heading-inner-border' style='border-color:#d3311f'><\/div><\/div><\/div><br \/>\n<section class=\"av_textblock_section\"  itemscope=\"itemscope\" itemtype=\"https:\/\/schema.org\/CreativeWork\" ><div class='avia_textblock'   itemprop=\"text\" ><p>WLD Steel es un fabricante, proveedor y exportador l\u00edder de acero inoxidable 321\/321H disponible en diferentes tama\u00f1os y formas, incluidos tubos, l\u00e1minas, placas, barras, varillas y otras formas como \u00e1ngel, canal, c\u00edrculo, corte. pieza y as\u00ed sucesivamente. El tipo 321 (UNS S32100) es acero inoxidable austen\u00edtico estabilizado con titanio con excelente resistencia a la corrosi\u00f3n intergranular y propiedades de alta temperatura. La aleaci\u00f3n 321H (UNS S 32109) es la versi\u00f3n con mayor contenido de carbono de la aleaci\u00f3n y se utiliz\u00f3 cuando se requer\u00eda una mayor resistencia a la fluencia o una mayor resistencia a temperaturas superiores a 537 \u00b0C.<\/p>\n<p><strong>\u00bfCu\u00e1les son las formas y especificaciones disponibles de 321\/321H en WLD Steel?<\/strong><\/p>\n<table>\n<tbody>\n<tr>\n<td width=\"170\">Hoja\/placa\/bobina<\/td>\n<td width=\"170\">Tuber\u00eda\/tubo sin costura<\/td>\n<td width=\"170\">Tuber\u00eda\/tubo soldado<\/td>\n<td width=\"170\">Barra redonda<\/td>\n<td width=\"170\">Acero formado (con forma)<\/td>\n<\/tr>\n<tr>\n<td width=\"170\">ASTM A240<\/td>\n<td width=\"170\">ASTM A789<\/p>\n<p>ASTM A790<\/td>\n<td width=\"170\">ASTM A928<\/td>\n<td width=\"170\">ASTM A276<\/p>\n<p>ASTM A479<\/td>\n<td width=\"170\">ASTM A276<\/td>\n<\/tr>\n<\/tbody>\n<\/table>\n<h2><\/h2>\n<\/div><\/section><br \/>\n<div class=\"togglecontainer   toggle_close_all\" >\n<section class=\"av_toggle_section\"  itemscope=\"itemscope\" itemtype=\"https:\/\/schema.org\/CreativeWork\"  >    <div class=\"single_toggle\" data-tags=\"{Todo} \"  >        <p data-fake-id=\"#toggle-id-1\" class=\"toggler\"  itemprop=\"headline\"  >Materiales equivalentes al acero 321\/321H<span class=\"toggle_icon\" >        <span class=\"vert_icon\"><\/span><span class=\"hor_icon\"><\/span><\/span><\/p>        <div id=\"toggle-id-1-container\" class=\"toggle_wrap\"  >            <div class=\"toggle_content invers-color\"  itemprop=\"text\"   ><table>\n<tbody>\n<tr>\n<td width=\"170\">Est\u00e1ndares<\/td>\n<td width=\"170\">ESTRUENDO<\/td>\n<td width=\"170\">UNS<\/td>\n<td width=\"170\">JIS<\/td>\n<td width=\"171\">ES<\/td>\n<\/tr>\n<tr>\n<td width=\"170\">321<\/td>\n<td width=\"170\">1.4541 \/ 1.4878<\/td>\n<td width=\"170\">S32100<\/td>\n<td width=\"170\">SUS321<\/td>\n<td width=\"171\">06Cr18Ni11Ti<\/td>\n<\/tr>\n<tr>\n<td width=\"170\">321H<\/td>\n<td width=\"170\">\/<\/td>\n<td width=\"170\">321S20<\/td>\n<td width=\"170\">SUS 321H<\/td>\n<td width=\"171\">\/<\/td>\n<\/tr>\n<\/tbody>\n<\/table>\n            <\/div>        <\/div>    <\/div><\/section>\n<section class=\"av_toggle_section\"  itemscope=\"itemscope\" itemtype=\"https:\/\/schema.org\/CreativeWork\"  >    <div class=\"single_toggle\" data-tags=\"{Todo} \"  >        <p data-fake-id=\"#toggle-id-2\" class=\"toggler\"  itemprop=\"headline\"  >Composici\u00f3n qu\u00edmica 321\/321H<span class=\"toggle_icon\" >        <span class=\"vert_icon\"><\/span><span class=\"hor_icon\"><\/span><\/span><\/p>        <div id=\"toggle-id-2-container\" class=\"toggle_wrap\"  >            <div class=\"toggle_content invers-color\"  itemprop=\"text\"   ><table>\n<tbody>\n<tr>\n<td>Los grados<\/td>\n<td>cr<\/td>\n<td>Ni<\/td>\n<td>C<\/td>\n<td>Si<\/td>\n<td>Minnesota<\/td>\n<td>PAG<\/td>\n<td width=\"78\">S<\/td>\n<td width=\"177\">Ti<\/td>\n<\/tr>\n<tr>\n<td>321<\/td>\n<td>17.0<br \/>\n-19.0<\/td>\n<td>9.0<br \/>\n-12.0<\/td>\n<td>0.08<\/td>\n<td>0.75<\/td>\n<td>2.0<\/td>\n<td>0.045<\/td>\n<td width=\"78\">0.03<\/td>\n<td width=\"177\">\u22645 x (C + N) m\u00edn.-0,70<\/td>\n<\/tr>\n<tr>\n<td>321H<\/td>\n<td>17.0<br \/>\n-19.0<\/td>\n<td>9.0<br \/>\n-12.0<\/td>\n<td>0.04-<br \/>\n0.10<\/td>\n<td>0.75<\/td>\n<td>2.0<\/td>\n<td>0.045<\/td>\n<td width=\"78\">0.03<\/td>\n<td width=\"177\">\u22644 x (C + N) m\u00edn.-0,70<\/td>\n<\/tr>\n<\/tbody>\n<\/table>\n            <\/div>        <\/div>    <\/div><\/section>\n<section class=\"av_toggle_section\"  itemscope=\"itemscope\" itemtype=\"https:\/\/schema.org\/CreativeWork\"  >    <div class=\"single_toggle\" data-tags=\"{Todo} \"  >        <p data-fake-id=\"#toggle-id-3\" class=\"toggler\"  itemprop=\"headline\"  >Propiedades mec\u00e1nicas del 321\/321H<span class=\"toggle_icon\" >        <span class=\"vert_icon\"><\/span><span class=\"hor_icon\"><\/span><\/span><\/p>        <div id=\"toggle-id-3-container\" class=\"toggle_wrap\"  >            <div class=\"toggle_content invers-color\"  itemprop=\"text\"   ><table>\n<tbody>\n<tr>\n<td>Calificaci\u00f3n<\/td>\n<td>Resistencia a la tracci\u00f3n<\/td>\n<td width=\"200\">L\u00edmite el\u00e1stico 0.2%<\/td>\n<td width=\"160\">Alargamiento -%<\/td>\n<td width=\"146\">Dureza<\/td>\n<\/tr>\n<tr>\n<td>321\/321H<\/td>\n<td>515<\/td>\n<td width=\"200\">205<\/td>\n<td width=\"160\">40<\/td>\n<td width=\"146\">217brinell<\/td>\n<\/tr>\n<\/tbody>\n<\/table>\n            <\/div>        <\/div>    <\/div><\/section>\n<\/div><\/p><\/div><\/div><!--close column table wrapper. Autoclose: 1 --><\/p>","protected":false},"excerpt":{"rendered":"","protected":false},"author":1,"featured_media":0,"parent":1323,"menu_order":0,"comment_status":"closed","ping_status":"closed","template":"","meta":{"footnotes":""},"class_list":["post-1446","page","type-page","status-publish","hentry"],"aioseo_notices":[],"_links":{"self":[{"href":"https:\/\/wldstainless.com\/es\/wp-json\/wp\/v2\/pages\/1446","targetHints":{"allow":["GET"]}}],"collection":[{"href":"https:\/\/wldstainless.com\/es\/wp-json\/wp\/v2\/pages"}],"about":[{"href":"https:\/\/wldstainless.com\/es\/wp-json\/wp\/v2\/types\/page"}],"author":[{"embeddable":true,"href":"https:\/\/wldstainless.com\/es\/wp-json\/wp\/v2\/users\/1"}],"replies":[{"embeddable":true,"href":"https:\/\/wldstainless.com\/es\/wp-json\/wp\/v2\/comments?post=1446"}],"version-history":[{"count":6,"href":"https:\/\/wldstainless.com\/es\/wp-json\/wp\/v2\/pages\/1446\/revisions"}],"predecessor-version":[{"id":1902,"href":"https:\/\/wldstainless.com\/es\/wp-json\/wp\/v2\/pages\/1446\/revisions\/1902"}],"up":[{"embeddable":true,"href":"https:\/\/wldstainless.com\/es\/wp-json\/wp\/v2\/pages\/1323"}],"wp:attachment":[{"href":"https:\/\/wldstainless.com\/es\/wp-json\/wp\/v2\/media?parent=1446"}],"curies":[{"name":"wp","href":"https:\/\/api.w.org\/{rel}","templated":true}]}}