{"id":1425,"date":"2020-08-11T01:30:52","date_gmt":"2020-08-11T01:30:52","guid":{"rendered":"http:\/\/wldstainless.com\/?page_id=1425"},"modified":"2020-09-18T09:28:39","modified_gmt":"2020-09-18T09:28:39","slug":"310s-stainless-steel","status":"publish","type":"page","link":"https:\/\/wldstainless.com\/es\/materials\/austenitic-stainless-steel\/310s-stainless-steel\/","title":{"rendered":"Acero inoxidable 310S."},"content":{"rendered":"<div class='flex_column_table av-equal-height-column-flextable -flextable' ><div class=\"flex_column av_one_fourth  flex_column_table_cell av-equal-height-column av-align-top av-zero-column-padding first\" style='border-radius:0px; '><p><div class='avia-builder-widget-area clearfix'><div id=\"nav_menu-5\" class=\"widget clearfix widget_nav_menu\"><h3 class=\"widgettitle\">Material<\/h3><div class=\"menu-products-sidebar-menu-container\"><ul id=\"menu-products-sidebar-menu\" class=\"menu\"><li id=\"menu-item-1329\" class=\"menu-item menu-item-type-post_type menu-item-object-page menu-item-1329\"><a href=\"https:\/\/wldstainless.com\/es\/materials\/ferritic-stainless-steel\/\">Acero inoxidable ferr\u00edtico<\/a><\/li>\n<li id=\"menu-item-1328\" class=\"menu-item menu-item-type-post_type menu-item-object-page menu-item-1328\"><a href=\"https:\/\/wldstainless.com\/es\/materials\/martensitic-stainless-steel\/\">Acero inoxidable martens\u00edtico<\/a><\/li>\n<li id=\"menu-item-1327\" class=\"menu-item menu-item-type-post_type menu-item-object-page menu-item-1327\"><a href=\"https:\/\/wldstainless.com\/es\/materials\/austenitic-stainless-steel\/\">Acero inoxidable austenitico<\/a><\/li>\n<li id=\"menu-item-1889\" class=\"menu-item menu-item-type-post_type menu-item-object-page menu-item-1889\"><a href=\"https:\/\/wldstainless.com\/es\/materials\/duplex-stainless-steel\/\">Acero inoxidable d\u00faplex<\/a><\/li>\n<\/ul><\/div><\/div><\/div><br \/>\n<div  class='hr hr-default'><span class='hr-inner' ><span class='hr-inner-style'><\/span><\/span><\/div><br \/>\n<div class='avia-button-wrap avia-button-left'><a href='http:\/\/wldstainless.com\/contact\/#contact' class='avia-button   avia-icon_select-yes-left-icon avia-color-custom avia-size-large avia-position-left'  target=\"_blank\"  style='background-color:#e82221; border-color:#e82221; color:#ffffff; ' ><span class='avia_button_icon avia_button_icon_left' aria-hidden='true' data-av_icon='\ue84b' data-av_iconfont='entypo-fontello'><\/span><span class='avia_iconbox_title' >Solicitar presupuesto<\/span><\/a><\/div><\/p><\/div><\/div><!--close column table wrapper. Autoclose: 1 --><div class='flex_column_table av-equal-height-column-flextable -flextable' ><div class='av-flex-placeholder'><\/div><div class=\"flex_column av_three_fourth  flex_column_table_cell av-equal-height-column av-align-top av-zero-column-padding\" style='border-radius:0px; '><p><div style='padding-bottom:10px;color:#d3311f;' class='av-special-heading av-special-heading-h3 custom-color-heading'><h3 class='av-special-heading-tag'  itemprop=\"headline\"  >Acero inoxidable 310S.<\/h3><div class='special-heading-border'><div class='special-heading-inner-border' style='border-color:#d3311f'><\/div><\/div><\/div><br \/>\n<section class=\"av_textblock_section\"  itemscope=\"itemscope\" itemtype=\"https:\/\/schema.org\/CreativeWork\" ><div class='avia_textblock'   itemprop=\"text\" ><p>WLD Steel es un fabricante, proveedor y exportador l\u00edder de acero inoxidable 310\/310S disponible en diferentes tama\u00f1os y formas, incluidos tubos, l\u00e1minas, placas, barras, varillas y otras formas como \u00e1ngel, canal, c\u00edrculo, corte. pieza y as\u00ed sucesivamente. La aleaci\u00f3n 310 (UNS S31000) es un acero inoxidable austen\u00edtico con alto contenido de Cr-Ni conocido por su uso en aplicaciones resistentes a la corrosi\u00f3n y a altas temperaturas. 310S (UNS S31008) es la versi\u00f3n baja en carbono de la aleaci\u00f3n. Tiene una excelente resistencia a la corrosi\u00f3n en medios oxidantes, as\u00ed como buenas propiedades mec\u00e1nicas a altas temperaturas, y puede usarse para refinaci\u00f3n de petr\u00f3leo y calderas de vapor, piezas de quemadores de aceite, intercambiadores de calor, cubiertas de recocido de piezas de hornos y equipos de procesamiento de alimentos.<\/p>\n<p>\u00bfCu\u00e1les son las formas y especificaciones disponibles del 310S en WLD Steel?<\/p>\n<table>\n<tbody>\n<tr>\n<td width=\"170\">Hoja\/placa\/bobina<\/td>\n<td width=\"170\">Tuber\u00eda\/tubo sin costura<\/td>\n<td width=\"170\">Tuber\u00eda\/tubo soldado<\/td>\n<td width=\"170\">Barra redonda<\/td>\n<td width=\"170\">Acero formado (con forma)<\/td>\n<\/tr>\n<tr>\n<td width=\"170\">ASTM A240<\/td>\n<td width=\"170\">ASTM A789;<\/p>\n<p>ASTM A790<\/td>\n<td width=\"170\">ASTM A928<\/td>\n<td width=\"170\">ASTM A276;<\/p>\n<p>ASTM A479<\/td>\n<td width=\"170\">ASTM A276<\/td>\n<\/tr>\n<\/tbody>\n<\/table>\n<h2><\/h2>\n<\/div><\/section><br \/>\n<div class=\"togglecontainer\" >\n<section class=\"av_toggle_section\"  itemscope=\"itemscope\" itemtype=\"https:\/\/schema.org\/CreativeWork\"  >    <div class=\"single_toggle\" data-tags=\"{Todo} \"  >        <p data-fake-id=\"#toggle-id-1\" class=\"toggler\"  itemprop=\"headline\"  >Materiales equivalentes al acero 310S<span class=\"toggle_icon\" >        <span class=\"vert_icon\"><\/span><span class=\"hor_icon\"><\/span><\/span><\/p>        <div id=\"toggle-id-1-container\" class=\"toggle_wrap\"  >            <div class=\"toggle_content invers-color\"  itemprop=\"text\"   ><table>\n<tbody>\n<tr>\n<td width=\"120\">Est\u00e1ndares<\/td>\n<td width=\"120\">ESTRUENDO<\/td>\n<td width=\"120\">UNS<\/td>\n<td width=\"120\">JIS<\/td>\n<td width=\"120\">Licenciatura<\/td>\n<td width=\"120\">GOST<\/td>\n<td width=\"120\">ES<\/td>\n<td width=\"120\">ES<\/td>\n<\/tr>\n<tr>\n<td width=\"120\">SS 310S<\/td>\n<td width=\"120\">1.4845<\/td>\n<td width=\"120\">S31008<\/td>\n<td width=\"120\">SUS 310S<\/td>\n<td width=\"120\">310S16<\/td>\n<td width=\"120\">20Ch23N18<\/td>\n<td width=\"120\">X8CrNi25-21<\/td>\n<td width=\"120\">0Cr25Ni20<\/td>\n<\/tr>\n<\/tbody>\n<\/table>\n            <\/div>        <\/div>    <\/div><\/section>\n<section class=\"av_toggle_section\"  itemscope=\"itemscope\" itemtype=\"https:\/\/schema.org\/CreativeWork\"  >    <div class=\"single_toggle\" data-tags=\"{Todo} \"  >        <p data-fake-id=\"#toggle-id-2\" class=\"toggler\"  itemprop=\"headline\"  >Composici\u00f3n qu\u00edmica del 310S <span class=\"toggle_icon\" >        <span class=\"vert_icon\"><\/span><span class=\"hor_icon\"><\/span><\/span><\/p>        <div id=\"toggle-id-2-container\" class=\"toggle_wrap\"  >            <div class=\"toggle_content invers-color\"  itemprop=\"text\"   ><table>\n<tbody>\n<tr>\n<td width=\"94\">Los grados<\/td>\n<td width=\"94\">Ni<\/td>\n<td width=\"94\">cr<\/td>\n<td width=\"94\">C<\/td>\n<td width=\"94\">Minnesota<\/td>\n<td width=\"94\">Si<\/td>\n<td width=\"94\">S<\/td>\n<td width=\"94\">PAG<\/td>\n<td width=\"94\">fe<\/td>\n<\/tr>\n<tr>\n<td width=\"94\">SS 310S<\/td>\n<td width=\"94\">19 \u2013 22<\/td>\n<td width=\"94\">24 \u2013 26<\/td>\n<td width=\"94\">0.08<\/td>\n<td width=\"94\">2<\/td>\n<td width=\"94\">1<\/td>\n<td width=\"94\">0.03<\/td>\n<td width=\"94\">0.045<\/td>\n<td width=\"94\">bal<\/td>\n<\/tr>\n<\/tbody>\n<\/table>\n            <\/div>        <\/div>    <\/div><\/section>\n<section class=\"av_toggle_section\"  itemscope=\"itemscope\" itemtype=\"https:\/\/schema.org\/CreativeWork\"  >    <div class=\"single_toggle\" data-tags=\"{Todo} \"  >        <p data-fake-id=\"#toggle-id-3\" class=\"toggler\"  itemprop=\"headline\"  >Propiedades mec\u00e1nicas del 310S<span class=\"toggle_icon\" >        <span class=\"vert_icon\"><\/span><span class=\"hor_icon\"><\/span><\/span><\/p>        <div id=\"toggle-id-3-container\" class=\"toggle_wrap\"  >            <div class=\"toggle_content invers-color\"  itemprop=\"text\"   ><table>\n<tbody>\n<tr>\n<td>Los grados<\/td>\n<td width=\"179\">Resistencia a la tracci\u00f3n<\/td>\n<td width=\"179\">L\u00edmite el\u00e1stico (0,2%Offset)<\/td>\n<td width=\"179\">Alargamiento, %<\/td>\n<td width=\"179\">Dureza<\/td>\n<\/tr>\n<tr>\n<td>310S<\/td>\n<td width=\"179\">550 MPa<\/td>\n<td width=\"179\">245, MPa<\/td>\n<td width=\"179\">45<\/td>\n<td width=\"179\">217brinell<\/td>\n<\/tr>\n<\/tbody>\n<\/table>\n            <\/div>        <\/div>    <\/div><\/section>\n<\/div><\/p><\/div><\/div><!--close column table wrapper. Autoclose: 1 --><\/p>","protected":false},"excerpt":{"rendered":"","protected":false},"author":1,"featured_media":0,"parent":1323,"menu_order":0,"comment_status":"closed","ping_status":"closed","template":"","meta":{"footnotes":""},"class_list":["post-1425","page","type-page","status-publish","hentry"],"aioseo_notices":[],"_links":{"self":[{"href":"https:\/\/wldstainless.com\/es\/wp-json\/wp\/v2\/pages\/1425","targetHints":{"allow":["GET"]}}],"collection":[{"href":"https:\/\/wldstainless.com\/es\/wp-json\/wp\/v2\/pages"}],"about":[{"href":"https:\/\/wldstainless.com\/es\/wp-json\/wp\/v2\/types\/page"}],"author":[{"embeddable":true,"href":"https:\/\/wldstainless.com\/es\/wp-json\/wp\/v2\/users\/1"}],"replies":[{"embeddable":true,"href":"https:\/\/wldstainless.com\/es\/wp-json\/wp\/v2\/comments?post=1425"}],"version-history":[{"count":12,"href":"https:\/\/wldstainless.com\/es\/wp-json\/wp\/v2\/pages\/1425\/revisions"}],"predecessor-version":[{"id":1900,"href":"https:\/\/wldstainless.com\/es\/wp-json\/wp\/v2\/pages\/1425\/revisions\/1900"}],"up":[{"embeddable":true,"href":"https:\/\/wldstainless.com\/es\/wp-json\/wp\/v2\/pages\/1323"}],"wp:attachment":[{"href":"https:\/\/wldstainless.com\/es\/wp-json\/wp\/v2\/media?parent=1425"}],"curies":[{"name":"wp","href":"https:\/\/api.w.org\/{rel}","templated":true}]}}