{"id":114,"date":"2019-04-25T09:02:31","date_gmt":"2019-04-25T09:02:31","guid":{"rendered":"http:\/\/wldstainless.com\/?page_id=114"},"modified":"2020-12-11T06:24:33","modified_gmt":"2020-12-11T06:24:33","slug":"markets","status":"publish","type":"page","link":"https:\/\/wldstainless.com\/es\/markets\/","title":{"rendered":"MERCADOS"},"content":{"rendered":"<div id='fullscreen_slider_1' class='avia-fullscreen-slider main_color   container_wrap sidebar_left'   ><div  data-size='no scaling'  data-lightbox_size='large'  data-animation='slide'  data-ids='2034'  data-video_counter='0'  data-autoplay='false'  data-bg_slider='true'  data-slide_height='100'  data-handle='av_fullscreen'  data-interval='5'  data-class=' '  data-css_id='fullscreen_slider_1'  data-scroll_down=''  data-control_layout='av-control-default'  data-custom_markup=''  data-perma_caption=''  data-autoplay_stopper=''  data-image_attachment=''  data-min_height='0px'  data-stretch=''  class='avia-slideshow avia-slideshow-1  av-control-default av-default-height-applied avia-slideshow-no scaling av_fullscreen   avia-slide-slider'  itemprop=\"ImageObject\" itemscope=\"itemscope\" itemtype=\"https:\/\/schema.org\/ImageObject\" ><ul class='avia-slideshow-inner' style='padding-bottom: 43.9453125%;'><li style='background-position:center center;' data-img-url='https:\/\/wldstainless.com\/wp-content\/uploads\/2020\/10\/WLDSS.jpg' class='av-single-slide slide-1' ><div data-rel='slideshow-1' class='avia-slide-wrap'  ><\/div><\/li><\/ul><\/div><\/div>\n<div class=\"flex_column av_one_full  flex_column_div av-zero-column-padding first\" style='border-radius:0px; '><section class=\"av_textblock_section\"  itemscope=\"itemscope\" itemtype=\"https:\/\/schema.org\/CreativeWork\" ><div class='avia_textblock'   itemprop=\"text\" ><p>Durante a\u00f1os de experiencia, WLD Steel ha sido un proveedor l\u00edder de productos de acero inoxidable para procesos extremadamente exigentes en la industria de procesamiento de alimentos, petroqu\u00edmica, automotriz, de fertilizantes, m\u00e9dica, de desalinizaci\u00f3n de agua, nuclear y otros sectores.<\/p>\n<p>Excelentes est\u00e1ndares metal\u00fargicos, estables de garant\u00eda de calidad y un servicio de respuesta r\u00e1pida han ayudado a WLD Steel a convertirse en un verdadero socio que gu\u00eda a sus clientes para obtener las especificaciones y los materiales dif\u00edciles de encontrar. Acero WLD que sirve a una amplia gama de industrias que requieren las mejores aleaciones met\u00e1licas disponibles.<\/p>\n<\/div><\/section><\/div>\n<div class=\"flex_column av_one_fourth  flex_column_div av-zero-column-padding first\" style='border-radius:0px; '><div class='avia-image-container  av-styling-    avia-align-center'  itemprop=\"ImageObject\" itemscope=\"itemscope\" itemtype=\"https:\/\/schema.org\/ImageObject\"  ><div class='avia-image-container-inner'><img class='avia_image' src='https:\/\/wldstainless.com\/wp-content\/uploads\/2020\/09\/Food-processing.png' alt='' title='Procesamiento de alimentos'   itemprop=\"thumbnailUrl\"  \/><\/div><\/div><\/div>\n<div class=\"flex_column av_three_fourth  flex_column_div av-zero-column-padding\" style='border-radius:0px; '><section class=\"av_textblock_section\"  itemscope=\"itemscope\" itemtype=\"https:\/\/schema.org\/CreativeWork\" ><div class='avia_textblock'   itemprop=\"text\" ><h3>Alimentos y bebidas<\/h3>\n<p>El acero inoxidable se ha utilizado ampliamente en la industria de alimentos y bebidas.<br \/>\nLas condiciones de la superficie parecen ser m\u00e1s importantes que en otras \u00e1reas como la producci\u00f3n de petr\u00f3leo y gas. No s\u00f3lo resiste la corrosi\u00f3n, sino que sus propiedades sanitarias y de libre adherencia determinan la condici\u00f3n \u00f3ptima de la superficie. Los principales segmentos industriales incluyen:<\/p>\n<ul>\n<li>elaboraci\u00f3n de cerveza<\/li>\n<li>Industria l\u00e1ctea<\/li>\n<li>Farmac\u00e9utico<\/li>\n<li>Cosm\u00e9ticos u otras industrias en general con <span class=\"tran\" data-group=\"20_16\">f\u00edsico<\/span> <span class=\"tran\" data-group=\"21_17\">contacto<\/span>.<\/li>\n<\/ul>\n<\/div><\/section><\/div>\n<div class=\"flex_column av_one_fourth  flex_column_div av-zero-column-padding first\" style='border-radius:0px; '><div class='avia-image-container  av-styling-    avia-align-center'  itemprop=\"ImageObject\" itemscope=\"itemscope\" itemtype=\"https:\/\/schema.org\/ImageObject\"  ><div class='avia-image-container-inner'><img class='avia_image' src='https:\/\/wldstainless.com\/wp-content\/uploads\/2020\/09\/Chemical.png' alt='' title='Qu\u00edmico'   itemprop=\"thumbnailUrl\"  \/><\/div><\/div><\/div>\n<div class=\"flex_column av_three_fourth  flex_column_div av-zero-column-padding\" style='border-radius:0px; '><section class=\"av_textblock_section\"  itemscope=\"itemscope\" itemtype=\"https:\/\/schema.org\/CreativeWork\" ><div class='avia_textblock'   itemprop=\"text\" ><h3>Qu\u00edmico<\/h3>\n<p>La demanda qu\u00edmica exige buena resistencia y resistencia a la corrosi\u00f3n y nuestros productos que ofrecen productos de primera calidad satisfacen las necesidades de nuestros clientes de estos mercados. Los aceros WLD tienen las propiedades necesarias para los ambientes altamente corrosivos o de acidez variable y cloro que se encuentran en las perforaciones petrol\u00edferas y en las plantas de procesos qu\u00edmicos.<\/p>\n<p>Acero inoxidable d\u00faplex <a href=\"https:\/\/wldstainless.com\/materials\/duplex-stainless-steel\/alloy-2205-stainless-steel\/\">tubo 2205<\/a> contiene un contenido relativamente alto de cromo, molibdeno, tungsteno y nitr\u00f3geno, lo que lo hace tener una fuerte resistencia a la corrosi\u00f3n y puede ser resistente a una variedad de productos qu\u00edmicos corrosivos, especialmente adecuado para diversas aplicaciones qu\u00edmicas y petroqu\u00edmicas.<\/p>\n<\/div><\/section><\/div><div class=\"flex_column av_one_fourth  flex_column_div av-zero-column-padding first\" style='border-radius:0px; '><div class='avia-image-container  av-styling-    avia-align-center'  itemprop=\"ImageObject\" itemscope=\"itemscope\" itemtype=\"https:\/\/schema.org\/ImageObject\"  ><div class='avia-image-container-inner'><img class='avia_image' src='https:\/\/wldstainless.com\/wp-content\/uploads\/2020\/09\/medical.jpg' alt='' title='m\u00e9dico'   itemprop=\"thumbnailUrl\"  \/><\/div><\/div><\/div><\/p>\n<div class=\"flex_column av_three_fourth  flex_column_div av-zero-column-padding\" style='border-radius:0px; '><section class=\"av_textblock_section\"  itemscope=\"itemscope\" itemtype=\"https:\/\/schema.org\/CreativeWork\" ><div class='avia_textblock'   itemprop=\"text\" ><h3>Biol\u00f3gico<\/h3>\n<p>El material utilizado en la fabricaci\u00f3n de contenedores y sistemas de tuber\u00edas para las industrias biotecnol\u00f3gicas debe proporcionar una excelente resistencia a la corrosi\u00f3n para garantizar la pureza y calidad del producto. El material de acero tambi\u00e9n debe tener buena resistencia a altas temperaturas y presiones en el proceso de producci\u00f3n, desinfecci\u00f3n y limpieza, as\u00ed como buena soldabilidad y buen acabado superficial.<\/p>\n<p>El acero inoxidable austen\u00edtico 316L es el material principal y un material alternativo ideal para las industrias biotecnol\u00f3gicas debido a su buena resistencia a la corrosi\u00f3n, soldabilidad y propiedades de pulido electrol\u00edtico. Los clientes tambi\u00e9n han mejorado el rendimiento de <a href=\"https:\/\/wldstainless.com\/materials\/austenitic-stainless-steel\/316-316l-stainless-steel\/\">316L<\/a> acero inoxidable seleccionando cuidadosamente composiciones qu\u00edmicas espec\u00edficas de <a href=\"https:\/\/wldstainless.com\/materials\/austenitic-stainless-steel\/316-316l-stainless-steel\/\">316L<\/a> acero inoxidable y mediante procesos de producci\u00f3n ESR mejorados. El acero inoxidable d\u00faplex 2205 es m\u00e1s popular en estos mercados en los \u00faltimos a\u00f1os.<\/p>\n<\/div><\/section><\/div><div class=\"flex_column av_one_fourth  flex_column_div av-zero-column-padding first\" style='border-radius:0px; '><div class='avia-image-container  av-styling-    avia-align-center'  itemprop=\"ImageObject\" itemscope=\"itemscope\" itemtype=\"https:\/\/schema.org\/ImageObject\"  ><div class='avia-image-container-inner'><img class='avia_image' src='https:\/\/wldstainless.com\/wp-content\/uploads\/2020\/09\/Power.png' alt='' title='Fuerza'   itemprop=\"thumbnailUrl\"  \/><\/div><\/div><\/div><\/p>\n<div class=\"flex_column av_three_fourth  flex_column_div av-zero-column-padding\" style='border-radius:0px; '><section class=\"av_textblock_section\"  itemscope=\"itemscope\" itemtype=\"https:\/\/schema.org\/CreativeWork\" ><div class='avia_textblock'   itemprop=\"text\" ><h3>Fuerza<\/h3>\n<p>La generaci\u00f3n de energ\u00eda t\u00e9rmica es una forma de utilizar el calor generado cuando se quema carb\u00f3n para convertir el agua en vapor a alta presi\u00f3n para impulsar un generador y generar electricidad. Las plantas de energ\u00eda a carb\u00f3n se componen principalmente de una caldera, una turbina de vapor y un generador de generaci\u00f3n de energ\u00eda en la caldera, tuber\u00edas de vapor y agua que incluyen tubos de recalentamiento, paredes de agua, sobrecalentadores, tubos economizadores, tubos de precalentamiento de aire, tubos de calor, bajantes y todo tipo de equipos de control, que funcionan a alta temperatura y alta presi\u00f3n en el gas y vapor y causar\u00e1n oxidaci\u00f3n y corrosi\u00f3n en entornos hostiles, por lo que la tuber\u00eda de acero inoxidable se usa ampliamente en las calderas de energ\u00eda t\u00e9rmica. Nuestra <a href=\"https:\/\/wldstainless.com\/materials\/austenitic-stainless-steel\/309s-stainless-steel\/\">309H<\/a>, <a href=\"https:\/\/wldstainless.com\/materials\/austenitic-stainless-steel\/321-321h-stainless-steel\/\">321H<\/a> y <a href=\"https:\/\/wldstainless.com\/materials\/austenitic-stainless-steel\/347-347h-stainless-steel\/\">347H<\/a> Los productos de tubos, barras planas y placas de acero inoxidable se utilizan principalmente para producir calderas y \u00e1labes para turbinas de vapor y de gas.<\/p>\n<\/div><\/section><\/div>","protected":false},"excerpt":{"rendered":"","protected":false},"author":1,"featured_media":0,"parent":0,"menu_order":0,"comment_status":"closed","ping_status":"closed","template":"","meta":{"footnotes":""},"class_list":["post-114","page","type-page","status-publish","hentry"],"aioseo_notices":[],"_links":{"self":[{"href":"https:\/\/wldstainless.com\/es\/wp-json\/wp\/v2\/pages\/114","targetHints":{"allow":["GET"]}}],"collection":[{"href":"https:\/\/wldstainless.com\/es\/wp-json\/wp\/v2\/pages"}],"about":[{"href":"https:\/\/wldstainless.com\/es\/wp-json\/wp\/v2\/types\/page"}],"author":[{"embeddable":true,"href":"https:\/\/wldstainless.com\/es\/wp-json\/wp\/v2\/users\/1"}],"replies":[{"embeddable":true,"href":"https:\/\/wldstainless.com\/es\/wp-json\/wp\/v2\/comments?post=114"}],"version-history":[{"count":13,"href":"https:\/\/wldstainless.com\/es\/wp-json\/wp\/v2\/pages\/114\/revisions"}],"predecessor-version":[{"id":2062,"href":"https:\/\/wldstainless.com\/es\/wp-json\/wp\/v2\/pages\/114\/revisions\/2062"}],"wp:attachment":[{"href":"https:\/\/wldstainless.com\/es\/wp-json\/wp\/v2\/media?parent=114"}],"curies":[{"name":"wp","href":"https:\/\/api.w.org\/{rel}","templated":true}]}}