{"id":76,"date":"2019-04-24T18:14:45","date_gmt":"2019-04-24T18:14:45","guid":{"rendered":"http:\/\/wldstainless.com\/?page_id=76"},"modified":"2020-12-11T03:34:19","modified_gmt":"2020-12-11T03:34:19","slug":"about","status":"publish","type":"page","link":"https:\/\/wldstainless.com\/de\/about\/","title":{"rendered":"UM"},"content":{"rendered":"<div id='fullscreen_slider_1' class='avia-fullscreen-slider main_color   container_wrap sidebar_left'   ><div  data-size='no scaling'  data-lightbox_size='large'  data-animation='slide'  data-ids='2030'  data-video_counter='0'  data-autoplay='false'  data-bg_slider='true'  data-slide_height='100'  data-handle='av_fullscreen'  data-interval='5'  data-class=' '  data-css_id='fullscreen_slider_1'  data-scroll_down=''  data-control_layout='av-control-default'  data-custom_markup=''  data-perma_caption=''  data-autoplay_stopper=''  data-image_attachment=''  data-min_height='0px'  data-stretch=''  class='avia-slideshow avia-slideshow-1  av-control-default av-default-height-applied avia-slideshow-no scaling av_fullscreen   avia-slide-slider'  itemprop=\"ImageObject\" itemscope=\"itemscope\" itemtype=\"https:\/\/schema.org\/ImageObject\" ><ul class='avia-slideshow-inner' style='padding-bottom: 43.9453125%;'><li style='background-position:center center;' data-img-url='https:\/\/wldstainless.com\/wp-content\/uploads\/2020\/10\/About-SS.jpg' class='av-single-slide slide-1' ><div data-rel='slideshow-1' class='avia-slide-wrap'  ><\/div><\/li><\/ul><\/div><\/div>\n<div class=\"flex_column av_one_full  flex_column_div av-zero-column-padding first\" style='border-radius:0px; '><p><section class=\"av_textblock_section\"  itemscope=\"itemscope\" itemtype=\"https:\/\/schema.org\/CreativeWork\" ><div class='avia_textblock'   itemprop=\"text\" ><p>WLD Stainless ist ein professioneller Lieferant, Hersteller und Vertreiber von Halbfertig- und Fertigprodukten aus rostfreiem Stahl, darunter Edelstahl der Serien 200, 300 und 400, ausscheidungsgeh\u00e4rteter Edelstahl und Duplex-Edelstahl in einer Vielzahl von G\u00fcten und Formen. Unsere Produkte werden an Servicecenter, Schmieden, Walzwerke und Erstausr\u00fcster verkauft und von unseren Kunden f\u00fcr den Einsatz in einer Vielzahl von Branchen weiterverarbeitet, darunter Offshore, Luft- und Raumfahrt, Stromerzeugung, \u00d6l und Gas, Petrochemie und Schwermaschinenbau.<\/p>\n<p>Wir liefern haupts\u00e4chlich Edelstahlrohre, <a href=\"https:\/\/wldstainless.com\/products\/stainless-steel-square-tube\/\">Rohre<\/a>, <a href=\"https:\/\/wldstainless.com\/products\/stainless-steel-cold-rolled-plate-sheet-coil\/\">Bl\u00e4tter<\/a>, Platten, Spulen, Streifen, <a href=\"https:\/\/wldstainless.com\/products\/stainless-steel-round-bars\/\">Rundstab<\/a>, Sechskantstahl, Flachstahl und Formstahl wie <a href=\"https:\/\/wldstainless.com\/products\/stainless-steel-angle\/\">Winkel<\/a>, <a href=\"https:\/\/wldstainless.com\/products\/stainless-steel-beam\/\">Balken<\/a> Und <a href=\"https:\/\/wldstainless.com\/products\/stainless-steel-channel\/\">Kan\u00e4le<\/a>. Unsere Produkte werden aus qualifizierten Rohstoffen und mit modernsten Techniken hergestellt. Abh\u00e4ngig von Ihren Anforderungen stellen wir sicher, dass unsere Produkte den in der Branche klar definierten Spezifikationen und Standards entsprechen.<\/p>\n<h3><\/h3>\n<\/div><\/section><br \/>\n<div style='padding-bottom:10px;color:#d3311f;' class='av-special-heading av-special-heading-h3 custom-color-heading'><h3 class='av-special-heading-tag'  itemprop=\"headline\"  >Warum uns w\u00e4hlen?<\/h3><div class='special-heading-border'><div class='special-heading-inner-border' style='border-color:#d3311f'><\/div><\/div><\/div><\/p><\/div><div class=\"flex_column av_one_full  flex_column_div av-zero-column-padding first\" style='border-radius:0px; '><section class=\"av_textblock_section\"  itemscope=\"itemscope\" itemtype=\"https:\/\/schema.org\/CreativeWork\" ><div class='avia_textblock'   itemprop=\"text\" ><h3><\/h3>\n<h4>Qualit\u00e4t zuerst<\/h4>\n<p>\u201eWir tun, was wir k\u00f6nnen, und tun nicht, was wir nicht k\u00f6nnen\u201c. \u00dcber Jahrzehnte des Fortschritts hinweg haben wir erkannt, dass nur die qualifizierten Produkte unser Grundprinzip sind, und genau darauf sind wir stolz. WLD Steel hat mit der Verarbeitungsfabrik zusammengearbeitet, die mit Umformung, Schleifen, Schwei\u00dfen, Honen, Bearbeiten, W\u00e4rmebehandlung und den Einrichtungen f\u00fcr physikalische und chemische Tests ausgestattet ist. Dies erm\u00f6glicht es uns, die strengen Anforderungen der Kunden zu erf\u00fcllen.<\/p>\n<h4>Erfahrene Mitarbeiter<\/h4>\n<p>WLD Steel verf\u00fcgt \u00fcber ein Team mit ausgepr\u00e4gten Mehrsprachenkenntnissen f\u00fcr Kunden aus aller Welt, was die Grundlage f\u00fcr ein leistungsstarkes Unternehmen bildet. Zu unseren Mitarbeitern geh\u00f6ren auch Metallurgieingenieure und Logistikspezialisten mit umfassendem technischen Know-how, die Ihre Produktanforderungen in k\u00fcrzester Zeit erf\u00fcllen k\u00f6nnen.<\/p>\n<h4>Zus\u00e4tzlicher Service<\/h4>\n<p>Mit moderner Ausr\u00fcstung und einem strengen Produktionsplan fertigen wir neben unseren Standardprodukten auch spezielle, ma\u00dfgeschneiderte Produkte nach den spezifischen Anforderungen und Zeichnungen des Kunden. Unsere erfahrenen Ingenieure und Mitarbeiter arbeiten Hand in Hand, um eine Reihe zus\u00e4tzlicher Dienstleistungen anzubieten, mit denen Sie Geld und Zeit sparen.<\/p>\n<h4>Umfangreiche Materialien<\/h4>\n<p>WLD Steel hat eine breite Palette zertifizierter ASME\/EN\/JIS-Materialien auf Lager und verf\u00fcgt au\u00dferdem \u00fcber ein sofort verf\u00fcgbares vollst\u00e4ndiges Sortiment an lebensmittelechten, medizinischen, Harnstoff- und Salpeterqualit\u00e4ten. Ein gro\u00dfer Bestand an Rohren, Blechen, Formst\u00fccken, Flanschen, Stangen, Platten und geschmiedeten Formst\u00fccken in allgemeinen, industriellen und Spezialqualit\u00e4ten.<\/p>\n<\/div><\/section><\/div><\/p>","protected":false},"excerpt":{"rendered":"","protected":false},"author":1,"featured_media":0,"parent":0,"menu_order":0,"comment_status":"closed","ping_status":"closed","template":"","meta":{"footnotes":""},"class_list":["post-76","page","type-page","status-publish","hentry"],"aioseo_notices":[],"_links":{"self":[{"href":"https:\/\/wldstainless.com\/de\/wp-json\/wp\/v2\/pages\/76","targetHints":{"allow":["GET"]}}],"collection":[{"href":"https:\/\/wldstainless.com\/de\/wp-json\/wp\/v2\/pages"}],"about":[{"href":"https:\/\/wldstainless.com\/de\/wp-json\/wp\/v2\/types\/page"}],"author":[{"embeddable":true,"href":"https:\/\/wldstainless.com\/de\/wp-json\/wp\/v2\/users\/1"}],"replies":[{"embeddable":true,"href":"https:\/\/wldstainless.com\/de\/wp-json\/wp\/v2\/comments?post=76"}],"version-history":[{"count":29,"href":"https:\/\/wldstainless.com\/de\/wp-json\/wp\/v2\/pages\/76\/revisions"}],"predecessor-version":[{"id":2047,"href":"https:\/\/wldstainless.com\/de\/wp-json\/wp\/v2\/pages\/76\/revisions\/2047"}],"wp:attachment":[{"href":"https:\/\/wldstainless.com\/de\/wp-json\/wp\/v2\/media?parent=76"}],"curies":[{"name":"wp","href":"https:\/\/api.w.org\/{rel}","templated":true}]}}