{"id":558,"date":"2019-06-26T00:45:37","date_gmt":"2019-06-26T00:45:37","guid":{"rendered":"http:\/\/wldstainless.com\/?page_id=558"},"modified":"2020-12-11T05:43:53","modified_gmt":"2020-12-11T05:43:53","slug":"stainless-steel-cold-rolled-plate-sheet-coil","status":"publish","type":"page","link":"https:\/\/wldstainless.com\/de\/products\/stainless-steel-cold-rolled-plate-sheet-coil\/","title":{"rendered":"Kaltgewalzte Platte\/Blech\/Spule aus Edelstahl"},"content":{"rendered":"<div class=\"flex_column av_one_fourth  flex_column_div av-zero-column-padding first\" style='border-radius:0px; '><p><div class='avia-builder-widget-area clearfix'><div id=\"nav_menu-7\" class=\"widget clearfix widget_nav_menu\"><h3 class=\"widgettitle\">Produkte<\/h3><div class=\"menu-accessories-container\"><ul id=\"menu-accessories\" class=\"menu\"><li id=\"menu-item-1924\" class=\"menu-item menu-item-type-post_type menu-item-object-page menu-item-1924\"><a href=\"https:\/\/wldstainless.com\/de\/products\/stainless-steel-angle\/\">Edelstahlwinkel<\/a><\/li>\n<li id=\"menu-item-1925\" class=\"menu-item menu-item-type-post_type menu-item-object-page menu-item-1925\"><a href=\"https:\/\/wldstainless.com\/de\/products\/stainless-steel-beam\/\">Edelstahltr\u00e4ger<\/a><\/li>\n<li id=\"menu-item-1926\" class=\"menu-item menu-item-type-post_type menu-item-object-page menu-item-1926\"><a href=\"https:\/\/wldstainless.com\/de\/products\/stainless-steel-capillary-tubes\/\">Kapillarr\u00f6hrchen aus Edelstahl<\/a><\/li>\n<li id=\"menu-item-1927\" class=\"menu-item menu-item-type-post_type menu-item-object-page menu-item-1927\"><a href=\"https:\/\/wldstainless.com\/de\/products\/stainless-steel-channel\/\">Edelstahlkanal<\/a><\/li>\n<li id=\"menu-item-1928\" class=\"menu-item menu-item-type-post_type menu-item-object-page menu-item-1928\"><a href=\"https:\/\/wldstainless.com\/de\/products\/stainless-steel-coiled-tube\/\">Spiralrohr aus Edelstahl<\/a><\/li>\n<li id=\"menu-item-1929\" class=\"menu-item menu-item-type-post_type menu-item-object-page menu-item-1929\"><a href=\"https:\/\/wldstainless.com\/de\/products\/stainless-steel-cold-rolled-plate-sheet-coil\/\">Kaltgewalzte Platte\/Blech\/Spule aus Edelstahl<\/a><\/li>\n<li id=\"menu-item-1930\" class=\"menu-item menu-item-type-post_type menu-item-object-page menu-item-1930\"><a href=\"https:\/\/wldstainless.com\/de\/products\/stainless-steel-flats\/\">Edelstahl-Flachst\u00fccke<\/a><\/li>\n<li id=\"menu-item-1931\" class=\"menu-item menu-item-type-post_type menu-item-object-page menu-item-1931\"><a href=\"https:\/\/wldstainless.com\/de\/products\/stainless-steel-hexagon-bars\/\">Sechskantstangen aus Edelstahl<\/a><\/li>\n<li id=\"menu-item-1932\" class=\"menu-item menu-item-type-post_type menu-item-object-page menu-item-1932\"><a href=\"https:\/\/wldstainless.com\/de\/products\/stainless-steel-hot-rolled-plate-sheet-coil\/\">Warmgewalzte Platte\/Blech\/Spule aus Edelstahl<\/a><\/li>\n<li id=\"menu-item-1933\" class=\"menu-item menu-item-type-post_type menu-item-object-page menu-item-1933\"><a href=\"https:\/\/wldstainless.com\/de\/products\/stainless-steel-large-diameter-pipe\/\">Edelstahlrohr mit gro\u00dfem Durchmesser<\/a><\/li>\n<li id=\"menu-item-1934\" class=\"menu-item menu-item-type-post_type menu-item-object-page menu-item-1934\"><a href=\"https:\/\/wldstainless.com\/de\/products\/stainless-steel-round-bars\/\">Rundst\u00e4be aus Edelstahl<\/a><\/li>\n<li id=\"menu-item-1935\" class=\"menu-item menu-item-type-post_type menu-item-object-page menu-item-1935\"><a href=\"https:\/\/wldstainless.com\/de\/products\/stainless-steel-square-tube\/\">Vierkantrohr aus Edelstahl<\/a><\/li>\n<li id=\"menu-item-1936\" class=\"menu-item menu-item-type-post_type menu-item-object-page menu-item-1936\"><a href=\"https:\/\/wldstainless.com\/de\/products\/stainless-steel-u-bend-tube\/\">U-Bogenrohr aus Edelstahl<\/a><\/li>\n<\/ul><\/div><\/div><\/div><br \/>\n<div  class='hr hr-default'><span class='hr-inner' ><span class='hr-inner-style'><\/span><\/span><\/div><br \/>\n<div class='avia-button-wrap avia-button-left'><a href='http:\/\/wldstainless.com\/contact\/#contact' class='avia-button   avia-icon_select-yes-left-icon avia-color-custom avia-size-large avia-position-left'  target=\"_blank\"  style='background-color:#e82221; border-color:#e82221; color:#ffffff; ' ><span class='avia_button_icon avia_button_icon_left' aria-hidden='true' data-av_icon='\ue84b' data-av_iconfont='entypo-fontello'><\/span><span class='avia_iconbox_title' >Angebot anfordern<\/span><\/a><\/div><\/p><\/div>\n<div class=\"flex_column av_three_fourth  flex_column_div\" style='padding:0px 0px 50px 0px ; border-radius:0px; '><p><div style='padding-bottom:10px;color:#d3311f;' class='av-special-heading av-special-heading-h3 custom-color-heading'><h3 class='av-special-heading-tag'  itemprop=\"headline\"  >Kaltgewalztes Edelstahlblech\/-platte\/-spule<\/h3><div class='special-heading-border'><div class='special-heading-inner-border' style='border-color:#d3311f'><\/div><\/div><\/div><br \/>\n<div  class='hr hr-default'><span class='hr-inner' ><span class='hr-inner-style'><\/span><\/span><\/div><br \/>\n<section class=\"av_textblock_section\"  itemscope=\"itemscope\" itemtype=\"https:\/\/schema.org\/CreativeWork\" ><div class='avia_textblock'   itemprop=\"text\" ><p>Wie der Name schon sagt, handelt es sich bei kaltgewalzten Edelstahlplatten um Edelstahlplatten, die im Kaltwalzverfahren hergestellt werden. Normalerweise beziehen wir uns auf eine Dicke von weniger als 3 mm f\u00fcr das Blech und mehr als 3 mm f\u00fcr die Platte. Kaltgewalzte Edelstahlbleche\/-platten, -rollen und -streifenprodukte weisen eine ausgezeichnete Korrosionsbest\u00e4ndigkeit, gute mechanische Eigenschaften, Verarbeitungseigenschaften und eine Vielzahl von Oberfl\u00e4chenbeschaffenheiten auf und werden h\u00e4ufig in Haushaltsger\u00e4ten, der Petrochemie, medizinischen Ger\u00e4ten, Automobilen, Schiffen, Pr\u00e4zisionselektronik und anderen Bereichen eingesetzt.<\/p>\n<p>Durch die Wiederaufbereitung kaltgewalzter Oberfl\u00e4chen kann die Edelstahloberfl\u00e4che eine andere Oberfl\u00e4che, Struktur und Farbe aufweisen. Die Oberfl\u00e4chenausf\u00fchrungen kaltgewalzter Edelstahlplatten umfassen 2D, 2B, Nr. 3, Nr. 4, 240, 320, Nr. 7, Nr. 8, HL, BA, TR, Hartzustand, gepr\u00e4gt und andere Oberfl\u00e4chenqualit\u00e4ten. Sie k\u00f6nnen durch Galvanisieren, Elektropolieren, \u00c4tzen, Kugelstrahlen, F\u00e4rben, Beschichten und verschiedene Kombinationen auf der Basis von Kaltwalzen weiterverarbeitet werden.<\/p>\n<p>Als Lieferant und Hersteller von Edelstahlblechen und -platten gem\u00e4\u00df den Normen ASTM, ASME und EN. WLD Steel liefert diese Produkte in den Sorten 201, 304\/304L, 316\/316L, 430, 410S, 409\/409L und Duplex-Qualit\u00e4t 2205. Alle unsere Produkte k\u00f6nnen zum Biegen, Trimmen, Beizen, W\u00e4rmebehandeln, Beschichten oder f\u00fcr andere Zwecke weiterverarbeitet werden.<\/p>\n<\/div><\/section><br \/>\n<section class=\"av_textblock_section\"  itemscope=\"itemscope\" itemtype=\"https:\/\/schema.org\/CreativeWork\" ><div class='avia_textblock'   itemprop=\"text\" ><p>Spezifikationen: ASTM A240, ASTM A480<\/p>\n<p>Oberfl\u00e4chenbeschaffenheit: Nr. 1, 2D, 2B, BA, Nr. 3, Nr. 4, Nr. 8, HL,<\/p>\n<p>Gr\u00f6\u00dfe: 800\u20131300 x 0,2\u20133,0 mm (Spule); 800\u20132000 x 0,2\u2013100 mm (Platte)<\/p>\n<p>Verf\u00fcgbare Qualit\u00e4ten: 201, <a href=\"https:\/\/wldstainless.com\/materials\/austenitic-stainless-steel\/304-304l-stainless-steel\/\">304\/304L<\/a>, <a href=\"https:\/\/wldstainless.com\/materials\/austenitic-stainless-steel\/316-316l-stainless-steel\/\">316\/316L<\/a>, 317, 309S, 321H, <a href=\"https:\/\/wldstainless.com\/materials\/austenitic-stainless-steel\/347-347h-stainless-steel\/\">347<\/a>, 409L,<a href=\"https:\/\/wldstainless.com\/materials\/austenitic-stainless-steel\/904l-stainless-steel\/\"> 904L<\/a>,<a href=\"https:\/\/wldstainless.com\/materials\/duplex-stainless-steel\/alloy-2205-stainless-steel\/\"> 2205<\/a><\/p>\n<h4>Die Gr\u00f6\u00dfe von kaltgewalztem Edelstahlblech\/-platte\/-spule<\/h4>\n<table>\n<tbody>\n<tr>\n<td width=\"13.1000%\">Oberfl\u00e4chenarten<\/td>\n<td colspan=\"2\" width=\"32.5400%\">Produkte<\/td>\n<td width=\"14.6200%\">Nenndicke, mm<\/td>\n<td width=\"14.6400%\">Nennbreite, mm<\/td>\n<td width=\"22.9000%\">Nennl\u00e4nge der Platte oder Innendurchmesser der Spule, mm<\/td>\n<\/tr>\n<tr>\n<td rowspan=\"5\" width=\"13.1000%\">Nr.2E<\/td>\n<td rowspan=\"2\" width=\"14.4200%\">Stahlplatte<\/td>\n<td width=\"17.7600%\">Kantenschneiden<\/td>\n<td rowspan=\"2\" width=\"14.6200%\">1,4 bis 6,5<\/td>\n<td width=\"14.6400%\">730\uff5e1570<\/td>\n<td rowspan=\"2\" width=\"22.9000%\">1000\uff5e12000 (Platte)<\/td>\n<\/tr>\n<tr>\n<td width=\"17.7600%\">Nicht kantengeschnitten<\/td>\n<td width=\"14.6400%\">750\uff5e1600<\/td>\n<\/tr>\n<tr>\n<td rowspan=\"2\" width=\"14.4200%\">Stahlspule<\/td>\n<td width=\"17.7600%\">Kantenschneiden<\/td>\n<td rowspan=\"2\" width=\"14.6200%\">1,4 bis 6,5<\/td>\n<td width=\"14.6400%\">730\uff5e1570<\/td>\n<td rowspan=\"2\" width=\"22.9000%\">610 (Spule)<\/td>\n<\/tr>\n<tr>\n<td width=\"17.7600%\">Nicht kantengeschnitten<\/td>\n<td width=\"14.6400%\">750\uff5e1600<\/td>\n<\/tr>\n<tr>\n<td colspan=\"2\" width=\"32.5400%\">L\u00e4ngsschnitt von Stahlcoils<\/td>\n<td width=\"14.6200%\">1,4 bis 3,0<\/td>\n<td width=\"14.6400%\">120\uff5e700<\/td>\n<td width=\"22.9000%\">508\/610 (Spule)<\/td>\n<\/tr>\n<tr>\n<td rowspan=\"5\" width=\"13.1000%\">Nr.2D<br \/>\nNr.2B<\/td>\n<td rowspan=\"2\" width=\"14.4200%\">Stahlplatte<\/td>\n<td width=\"17.7600%\">Kantenschneiden<\/td>\n<td rowspan=\"2\" width=\"14.6200%\">0,20\uff5e3,0<\/td>\n<td width=\"14.6400%\">730\uff5e1350<\/td>\n<td rowspan=\"2\" width=\"22.9000%\">1000\uff5e5000 (Platte)<\/td>\n<\/tr>\n<tr>\n<td width=\"17.7600%\">Nicht kantengeschnitten<\/td>\n<td width=\"14.6400%\">750\uff5e1350<\/td>\n<\/tr>\n<tr>\n<td rowspan=\"2\" width=\"14.4200%\">Stahlspule<\/td>\n<td width=\"17.7600%\">Kantenschneiden<\/td>\n<td rowspan=\"2\" width=\"14.6200%\">0,20\uff5e5,0<\/td>\n<td width=\"14.6400%\">730\uff5e1570<\/td>\n<td rowspan=\"3\" width=\"22.9000%\">508\/610 (Spule)<\/td>\n<\/tr>\n<tr>\n<td width=\"17.7600%\">Nicht kantengeschnitten<\/td>\n<td width=\"14.6400%\">750\uff5e1600<\/td>\n<\/tr>\n<tr>\n<td colspan=\"2\" width=\"32.5400%\">L\u00e4ngsschnitt von Stahlcoils<\/td>\n<td width=\"14.6200%\">0,20\uff5e3,0<\/td>\n<td width=\"14.6400%\">120\uff5e700<\/td>\n<\/tr>\n<tr>\n<td rowspan=\"5\" width=\"13.1000%\">Nr. 3<br \/>\nNummer 4<br \/>\nHL<br \/>\nBA<\/td>\n<td rowspan=\"2\" width=\"14.4200%\">Stahlplatte<\/td>\n<td width=\"17.7600%\">Kantenschneiden<\/td>\n<td rowspan=\"2\" width=\"14.6200%\">0,20\uff5e3,0<\/td>\n<td width=\"14.6400%\">730\uff5e1350<\/td>\n<td rowspan=\"2\" width=\"22.9000%\">1000\uff5e9000 (Platte)<\/td>\n<\/tr>\n<tr>\n<td width=\"17.7600%\">Nicht kantengeschnitten<\/td>\n<td width=\"14.6400%\">750\uff5e1350<\/td>\n<\/tr>\n<tr>\n<td rowspan=\"2\" width=\"14.4200%\">Stahlspule<\/td>\n<td width=\"17.7600%\">Kantenschneiden<\/td>\n<td rowspan=\"2\" width=\"14.6200%\">0,20\uff5e3,0<\/td>\n<td width=\"14.6400%\">730\uff5e1570<\/td>\n<td rowspan=\"3\" width=\"22.9000%\">508\/610 (Spule)<\/td>\n<\/tr>\n<tr>\n<td width=\"17.7600%\">Nicht kantengeschnitten<\/td>\n<td width=\"14.6400%\">750\uff5e1600<\/td>\n<\/tr>\n<tr>\n<td colspan=\"2\" width=\"32.5400%\">L\u00e4ngsschneiden von Stahlb\u00e4ndern<\/td>\n<td width=\"14.6200%\">0,20\uff5e3,0<\/td>\n<td width=\"14.6400%\">120\uff5e700<\/td>\n<\/tr>\n<\/tbody>\n<\/table>\n<\/div><\/section><\/p><\/div>","protected":false},"excerpt":{"rendered":"","protected":false},"author":1,"featured_media":0,"parent":346,"menu_order":0,"comment_status":"closed","ping_status":"closed","template":"","meta":{"footnotes":""},"class_list":["post-558","page","type-page","status-publish","hentry"],"aioseo_notices":[],"_links":{"self":[{"href":"https:\/\/wldstainless.com\/de\/wp-json\/wp\/v2\/pages\/558","targetHints":{"allow":["GET"]}}],"collection":[{"href":"https:\/\/wldstainless.com\/de\/wp-json\/wp\/v2\/pages"}],"about":[{"href":"https:\/\/wldstainless.com\/de\/wp-json\/wp\/v2\/types\/page"}],"author":[{"embeddable":true,"href":"https:\/\/wldstainless.com\/de\/wp-json\/wp\/v2\/users\/1"}],"replies":[{"embeddable":true,"href":"https:\/\/wldstainless.com\/de\/wp-json\/wp\/v2\/comments?post=558"}],"version-history":[{"count":16,"href":"https:\/\/wldstainless.com\/de\/wp-json\/wp\/v2\/pages\/558\/revisions"}],"predecessor-version":[{"id":2054,"href":"https:\/\/wldstainless.com\/de\/wp-json\/wp\/v2\/pages\/558\/revisions\/2054"}],"up":[{"embeddable":true,"href":"https:\/\/wldstainless.com\/de\/wp-json\/wp\/v2\/pages\/346"}],"wp:attachment":[{"href":"https:\/\/wldstainless.com\/de\/wp-json\/wp\/v2\/media?parent=558"}],"curies":[{"name":"wp","href":"https:\/\/api.w.org\/{rel}","templated":true}]}}