{"id":346,"date":"2019-06-12T02:09:56","date_gmt":"2019-06-12T02:09:56","guid":{"rendered":"http:\/\/wldstainless.com\/?page_id=346"},"modified":"2020-12-11T06:21:06","modified_gmt":"2020-12-11T06:21:06","slug":"products","status":"publish","type":"page","link":"https:\/\/wldstainless.com\/de\/products\/","title":{"rendered":"PRODUKTE"},"content":{"rendered":"<div class=\"flex_column av_one_fourth  flex_column_div av-zero-column-padding first\" style='border-radius:0px; '><p><div class='avia-builder-widget-area clearfix'><div id=\"nav_menu-7\" class=\"widget clearfix widget_nav_menu\"><h3 class=\"widgettitle\">Produkte<\/h3><div class=\"menu-accessories-container\"><ul id=\"menu-accessories\" class=\"menu\"><li id=\"menu-item-1924\" class=\"menu-item menu-item-type-post_type menu-item-object-page menu-item-1924\"><a href=\"https:\/\/wldstainless.com\/de\/products\/stainless-steel-angle\/\">Edelstahlwinkel<\/a><\/li>\n<li id=\"menu-item-1925\" class=\"menu-item menu-item-type-post_type menu-item-object-page menu-item-1925\"><a href=\"https:\/\/wldstainless.com\/de\/products\/stainless-steel-beam\/\">Edelstahltr\u00e4ger<\/a><\/li>\n<li id=\"menu-item-1926\" class=\"menu-item menu-item-type-post_type menu-item-object-page menu-item-1926\"><a href=\"https:\/\/wldstainless.com\/de\/products\/stainless-steel-capillary-tubes\/\">Kapillarr\u00f6hrchen aus Edelstahl<\/a><\/li>\n<li id=\"menu-item-1927\" class=\"menu-item menu-item-type-post_type menu-item-object-page menu-item-1927\"><a href=\"https:\/\/wldstainless.com\/de\/products\/stainless-steel-channel\/\">Edelstahlkanal<\/a><\/li>\n<li id=\"menu-item-1928\" class=\"menu-item menu-item-type-post_type menu-item-object-page menu-item-1928\"><a href=\"https:\/\/wldstainless.com\/de\/products\/stainless-steel-coiled-tube\/\">Spiralrohr aus Edelstahl<\/a><\/li>\n<li id=\"menu-item-1929\" class=\"menu-item menu-item-type-post_type menu-item-object-page menu-item-1929\"><a href=\"https:\/\/wldstainless.com\/de\/products\/stainless-steel-cold-rolled-plate-sheet-coil\/\">Kaltgewalzte Platte\/Blech\/Spule aus Edelstahl<\/a><\/li>\n<li id=\"menu-item-1930\" class=\"menu-item menu-item-type-post_type menu-item-object-page menu-item-1930\"><a href=\"https:\/\/wldstainless.com\/de\/products\/stainless-steel-flats\/\">Edelstahl-Flachst\u00fccke<\/a><\/li>\n<li id=\"menu-item-1931\" class=\"menu-item menu-item-type-post_type menu-item-object-page menu-item-1931\"><a href=\"https:\/\/wldstainless.com\/de\/products\/stainless-steel-hexagon-bars\/\">Sechskantstangen aus Edelstahl<\/a><\/li>\n<li id=\"menu-item-1932\" class=\"menu-item menu-item-type-post_type menu-item-object-page menu-item-1932\"><a href=\"https:\/\/wldstainless.com\/de\/products\/stainless-steel-hot-rolled-plate-sheet-coil\/\">Warmgewalzte Platte\/Blech\/Spule aus Edelstahl<\/a><\/li>\n<li id=\"menu-item-1933\" class=\"menu-item menu-item-type-post_type menu-item-object-page menu-item-1933\"><a href=\"https:\/\/wldstainless.com\/de\/products\/stainless-steel-large-diameter-pipe\/\">Edelstahlrohr mit gro\u00dfem Durchmesser<\/a><\/li>\n<li id=\"menu-item-1934\" class=\"menu-item menu-item-type-post_type menu-item-object-page menu-item-1934\"><a href=\"https:\/\/wldstainless.com\/de\/products\/stainless-steel-round-bars\/\">Rundst\u00e4be aus Edelstahl<\/a><\/li>\n<li id=\"menu-item-1935\" class=\"menu-item menu-item-type-post_type menu-item-object-page menu-item-1935\"><a href=\"https:\/\/wldstainless.com\/de\/products\/stainless-steel-square-tube\/\">Vierkantrohr aus Edelstahl<\/a><\/li>\n<li id=\"menu-item-1936\" class=\"menu-item menu-item-type-post_type menu-item-object-page menu-item-1936\"><a href=\"https:\/\/wldstainless.com\/de\/products\/stainless-steel-u-bend-tube\/\">U-Bogenrohr aus Edelstahl<\/a><\/li>\n<\/ul><\/div><\/div><\/div><br \/>\n<div  class='hr hr-default'><span class='hr-inner' ><span class='hr-inner-style'><\/span><\/span><\/div><br \/>\n<div class='avia-button-wrap avia-button-left'><a href='http:\/\/wldstainless.com\/contact\/#contact' class='avia-button   avia-icon_select-yes-left-icon avia-color-custom avia-size-large avia-position-left'  target=\"_blank\"  style='background-color:#e82221; border-color:#e82221; color:#ffffff; ' ><span class='avia_button_icon avia_button_icon_left' aria-hidden='true' data-av_icon='\ue84b' data-av_iconfont='entypo-fontello'><\/span><span class='avia_iconbox_title' >Angebot anfordern<\/span><\/a><\/div><\/p><\/div>\n<div class=\"flex_column av_three_fourth  flex_column_div\" style='padding:0px 0px 50px 0px ; border-radius:0px; '><p><section class=\"av_textblock_section\"  itemscope=\"itemscope\" itemtype=\"https:\/\/schema.org\/CreativeWork\" ><div class='avia_textblock'   itemprop=\"text\" ><p>Wir bieten eine gro\u00dfe Auswahl an korrosionsbest\u00e4ndigem Edelstahl in Form von Rohren, Schl\u00e4uchen, Blechen, Platten, Spulen, Streifen, Rundst\u00e4ben, Sechskantst\u00e4ben, Flachstahl und Formstahl wie Winkel, Tr\u00e4ger und Kan\u00e4le. Sie k\u00f6nnen diese Produkte in Standardl\u00e4ngen kaufen oder wir bieten Zuschnittdienste mit unseren Stangenverarbeitungsanlagen an. Wenn Sie ein schwer zu findendes Material oder eine ma\u00dfgeschneiderte Spezifikation ben\u00f6tigen, kontaktieren Sie uns bei Fragen oder Anfragen zu diesen Spezialdiensten. Die allgemeinen G\u00fcteklassen und Formen sind unten aufgef\u00fchrt:<\/p>\n<\/div><\/section><br \/>\n<section class=\"av_textblock_section\"  itemscope=\"itemscope\" itemtype=\"https:\/\/schema.org\/CreativeWork\" ><div class='avia_textblock'   itemprop=\"text\" ><table>\n<tbody>\n<tr>\n<td width=\"287\">\n<h4><strong><b>Rohr\/Schlauch<\/b><\/strong><\/h4>\n<\/td>\n<td width=\"565\">\n<ul>\n<li>Edelstahl <a href=\"https:\/\/wldstainless.com\/products\/stainless-steel-coiled-tube\/\">Nahtlose R\u00f6hre<\/a><\/li>\n<li>Edelstahl <a href=\"https:\/\/wldstainless.com\/products\/stainless-steel-square-tube\/\">Geschwei\u00dfte Rohr<\/a><\/li>\n<li>Edelstahl <a href=\"https:\/\/wldstainless.com\/products\/stainless-steel-capillary-tubes\/\">Sanit\u00e4rschlauch<\/a><\/li>\n<li>Edelstahl <a href=\"https:\/\/wldstainless.com\/products\/stainless-steel-u-bend-tube\/\">U-Bogen-Rohr<\/a><\/li>\n<li>Edelstahl <a href=\"https:\/\/wldstainless.com\/products\/stainless-steel-large-diameter-pipe\/\">Rohr mit gro\u00dfem Durchmesser<\/a><\/li>\n<\/ul>\n<\/td>\n<\/tr>\n<tr>\n<td width=\"287\">\n<h4><strong><b>Stangen\/Stangen<\/b><\/strong><\/h4>\n<\/td>\n<td width=\"565\">\n<ul>\n<li>Edelstahl <a href=\"https:\/\/wldstainless.com\/products\/stainless-steel-round-bars\/\">Runden<\/a><\/li>\n<li>Edelstahl-Winkel<\/li>\n<li>Edelstahl <a href=\"https:\/\/wldstainless.com\/products\/stainless-steel-hexagon-bars\/\">Sechsecke<\/a><\/li>\n<li>Edelstahl-Flacheisen<\/li>\n<\/ul>\n<\/td>\n<\/tr>\n<tr>\n<td width=\"287\">\n<h4><strong><b>Platte\/Blatt\/Spule\/Streifen<\/b><\/strong><\/h4>\n<\/td>\n<td width=\"565\">\n<ul>\n<li>Edelstahl <a href=\"https:\/\/wldstainless.com\/products\/stainless-steel-hot-rolled-plate-sheet-coil\/\">Warmgewalzte Platte<\/a>\/Blech\/ Spule\/Streifen<\/li>\n<li>Edelstahl <a href=\"https:\/\/wldstainless.com\/products\/stainless-steel-cold-rolled-plate-sheet-coil\/\">Kaltgewalzte Platte<\/a>\/Blech\/ Spule\/Streifen<\/li>\n<\/ul>\n<\/td>\n<\/tr>\n<tr>\n<td width=\"287\">\n<h4><strong><b>Strukturformen<\/b><\/strong><\/h4>\n<\/td>\n<td width=\"565\">\n<ul>\n<li>Edelstahl <a href=\"https:\/\/wldstainless.com\/products\/stainless-steel-beam\/\">Strahl<\/a><\/li>\n<li>Edelstahl <a href=\"https:\/\/wldstainless.com\/products\/stainless-steel-angle\/\">Winkel<\/a><\/li>\n<li>Edelstahl <a href=\"https:\/\/wldstainless.com\/products\/stainless-steel-angle\/\">Kanal<\/a><\/li>\n<\/ul>\n<\/td>\n<\/tr>\n<\/tbody>\n<\/table>\n<\/div><\/section><\/p><\/div>","protected":false},"excerpt":{"rendered":"","protected":false},"author":1,"featured_media":0,"parent":0,"menu_order":0,"comment_status":"closed","ping_status":"closed","template":"","meta":{"footnotes":""},"class_list":["post-346","page","type-page","status-publish","hentry"],"aioseo_notices":[],"_links":{"self":[{"href":"https:\/\/wldstainless.com\/de\/wp-json\/wp\/v2\/pages\/346","targetHints":{"allow":["GET"]}}],"collection":[{"href":"https:\/\/wldstainless.com\/de\/wp-json\/wp\/v2\/pages"}],"about":[{"href":"https:\/\/wldstainless.com\/de\/wp-json\/wp\/v2\/types\/page"}],"author":[{"embeddable":true,"href":"https:\/\/wldstainless.com\/de\/wp-json\/wp\/v2\/users\/1"}],"replies":[{"embeddable":true,"href":"https:\/\/wldstainless.com\/de\/wp-json\/wp\/v2\/comments?post=346"}],"version-history":[{"count":15,"href":"https:\/\/wldstainless.com\/de\/wp-json\/wp\/v2\/pages\/346\/revisions"}],"predecessor-version":[{"id":2061,"href":"https:\/\/wldstainless.com\/de\/wp-json\/wp\/v2\/pages\/346\/revisions\/2061"}],"wp:attachment":[{"href":"https:\/\/wldstainless.com\/de\/wp-json\/wp\/v2\/media?parent=346"}],"curies":[{"name":"wp","href":"https:\/\/api.w.org\/{rel}","templated":true}]}}