{"id":2097,"date":"2021-02-25T07:34:33","date_gmt":"2021-02-25T07:34:33","guid":{"rendered":"https:\/\/wldstainless.com\/?page_id=2097"},"modified":"2021-02-25T09:01:19","modified_gmt":"2021-02-25T09:01:19","slug":"stainless-steel-pipe-reducer","status":"publish","type":"page","link":"https:\/\/wldstainless.com\/de\/products\/stainless-steel-pipe-reducer\/","title":{"rendered":"Edelstahl-Rohrreduzierst\u00fcck"},"content":{"rendered":"<div class=\"flex_column av_one_fourth  flex_column_div av-zero-column-padding first\" style='border-radius:0px; '><p><div class='avia-builder-widget-area clearfix'><div id=\"nav_menu-7\" class=\"widget clearfix widget_nav_menu\"><h3 class=\"widgettitle\">Produkte<\/h3><div class=\"menu-accessories-container\"><ul id=\"menu-accessories\" class=\"menu\"><li id=\"menu-item-1924\" class=\"menu-item menu-item-type-post_type menu-item-object-page menu-item-1924\"><a href=\"https:\/\/wldstainless.com\/de\/products\/stainless-steel-angle\/\">Edelstahlwinkel<\/a><\/li>\n<li id=\"menu-item-1925\" class=\"menu-item menu-item-type-post_type menu-item-object-page menu-item-1925\"><a href=\"https:\/\/wldstainless.com\/de\/products\/stainless-steel-beam\/\">Edelstahltr\u00e4ger<\/a><\/li>\n<li id=\"menu-item-1926\" class=\"menu-item menu-item-type-post_type menu-item-object-page menu-item-1926\"><a href=\"https:\/\/wldstainless.com\/de\/products\/stainless-steel-capillary-tubes\/\">Kapillarr\u00f6hrchen aus Edelstahl<\/a><\/li>\n<li id=\"menu-item-1927\" class=\"menu-item menu-item-type-post_type menu-item-object-page menu-item-1927\"><a href=\"https:\/\/wldstainless.com\/de\/products\/stainless-steel-channel\/\">Edelstahlkanal<\/a><\/li>\n<li id=\"menu-item-1928\" class=\"menu-item menu-item-type-post_type menu-item-object-page menu-item-1928\"><a href=\"https:\/\/wldstainless.com\/de\/products\/stainless-steel-coiled-tube\/\">Spiralrohr aus Edelstahl<\/a><\/li>\n<li id=\"menu-item-1929\" class=\"menu-item menu-item-type-post_type menu-item-object-page menu-item-1929\"><a href=\"https:\/\/wldstainless.com\/de\/products\/stainless-steel-cold-rolled-plate-sheet-coil\/\">Kaltgewalzte Platte\/Blech\/Spule aus Edelstahl<\/a><\/li>\n<li id=\"menu-item-1930\" class=\"menu-item menu-item-type-post_type menu-item-object-page menu-item-1930\"><a href=\"https:\/\/wldstainless.com\/de\/products\/stainless-steel-flats\/\">Edelstahl-Flachst\u00fccke<\/a><\/li>\n<li id=\"menu-item-1931\" class=\"menu-item menu-item-type-post_type menu-item-object-page menu-item-1931\"><a href=\"https:\/\/wldstainless.com\/de\/products\/stainless-steel-hexagon-bars\/\">Sechskantstangen aus Edelstahl<\/a><\/li>\n<li id=\"menu-item-1932\" class=\"menu-item menu-item-type-post_type menu-item-object-page menu-item-1932\"><a href=\"https:\/\/wldstainless.com\/de\/products\/stainless-steel-hot-rolled-plate-sheet-coil\/\">Warmgewalzte Platte\/Blech\/Spule aus Edelstahl<\/a><\/li>\n<li id=\"menu-item-1933\" class=\"menu-item menu-item-type-post_type menu-item-object-page menu-item-1933\"><a href=\"https:\/\/wldstainless.com\/de\/products\/stainless-steel-large-diameter-pipe\/\">Edelstahlrohr mit gro\u00dfem Durchmesser<\/a><\/li>\n<li id=\"menu-item-1934\" class=\"menu-item menu-item-type-post_type menu-item-object-page menu-item-1934\"><a href=\"https:\/\/wldstainless.com\/de\/products\/stainless-steel-round-bars\/\">Rundst\u00e4be aus Edelstahl<\/a><\/li>\n<li id=\"menu-item-1935\" class=\"menu-item menu-item-type-post_type menu-item-object-page menu-item-1935\"><a href=\"https:\/\/wldstainless.com\/de\/products\/stainless-steel-square-tube\/\">Vierkantrohr aus Edelstahl<\/a><\/li>\n<li id=\"menu-item-1936\" class=\"menu-item menu-item-type-post_type menu-item-object-page menu-item-1936\"><a href=\"https:\/\/wldstainless.com\/de\/products\/stainless-steel-u-bend-tube\/\">U-Bogenrohr aus Edelstahl<\/a><\/li>\n<\/ul><\/div><\/div><\/div><br \/>\n<div  class='hr hr-default'><span class='hr-inner' ><span class='hr-inner-style'><\/span><\/span><\/div><br \/>\n<div class='avia-button-wrap avia-button-left'><a href='http:\/\/wldstainless.com\/contact\/#contact' class='avia-button   avia-icon_select-yes-left-icon avia-color-custom avia-size-large avia-position-left'  target=\"_blank\"  style='background-color:#e82221; border-color:#e82221; color:#ffffff; ' ><span class='avia_button_icon avia_button_icon_left' aria-hidden='true' data-av_icon='\ue84b' data-av_iconfont='entypo-fontello'><\/span><span class='avia_iconbox_title' >Angebot anfordern<\/span><\/a><\/div><\/p><\/div>\n<div class=\"flex_column av_three_fourth  flex_column_div\" style='padding:0px 0px 50px 0px ; border-radius:0px; '><p><div style='padding-bottom:10px;' class='av-special-heading av-special-heading-h3'><h3 class='av-special-heading-tag'  itemprop=\"headline\"  >Edelstahl-Rohrreduzierst\u00fcck <\/h3><div class='special-heading-border'><div class='special-heading-inner-border' ><\/div><\/div><\/div><br \/>\n<div class='avia-gallery  avia-gallery-1 avia_lazyload avia_animate_when_visible'  itemprop=\"ImageObject\" itemscope=\"itemscope\" itemtype=\"https:\/\/schema.org\/ImageObject\" ><div class='avia-gallery-thumb'> <a href='https:\/\/wldstainless.com\/wp-content\/uploads\/2021\/02\/WP304-Reducer-1.png' data-rel='gallery-1' data-prev-img='https:\/\/wldstainless.com\/wp-content\/uploads\/2021\/02\/WP304-Reducer-1.png' class='first_thumb lightbox' data-onclick='1' title=''  itemprop=\"thumbnailUrl\" ><img  src='https:\/\/wldstainless.com\/wp-content\/uploads\/2021\/02\/WP304-Reducer-1.png' width='300' height='300'  title='WP304 Reduzierst\u00fcck' alt='' \/><\/a> <a href='https:\/\/wldstainless.com\/wp-content\/uploads\/2021\/02\/Eccentric-Reducer-1.jpg' data-rel='gallery-1' data-prev-img='https:\/\/wldstainless.com\/wp-content\/uploads\/2021\/02\/Eccentric-Reducer-1.jpg' class='lightbox' data-onclick='2' title=''  itemprop=\"thumbnailUrl\" ><img  src='https:\/\/wldstainless.com\/wp-content\/uploads\/2021\/02\/Eccentric-Reducer-1.jpg' width='300' height='300'  title='Exzentrisches Reduzierst\u00fcck' alt='' \/><\/a> <a href='https:\/\/wldstainless.com\/wp-content\/uploads\/2021\/02\/A403-Reducer-1.jpg' data-rel='gallery-1' data-prev-img='https:\/\/wldstainless.com\/wp-content\/uploads\/2021\/02\/A403-Reducer-1.jpg' class='lightbox' data-onclick='3' title=''  itemprop=\"thumbnailUrl\" ><img  src='https:\/\/wldstainless.com\/wp-content\/uploads\/2021\/02\/A403-Reducer-1.jpg' width='300' height='300'  title='A403 Reduzierst\u00fcck' alt='' \/><\/a><\/div><\/div><br \/>\n<div  class='hr hr-default'><span class='hr-inner' ><span class='hr-inner-style'><\/span><\/span><\/div><br \/>\n<section class=\"av_textblock_section\"  itemscope=\"itemscope\" itemtype=\"https:\/\/schema.org\/CreativeWork\" ><div class='avia_textblock'   itemprop=\"text\" ><p>Reduzierst\u00fccke werden am h\u00e4ufigsten f\u00fcr Rohrverbindungen verwendet, um Rohre mit unterschiedlichen Durchmessern zu verkleinern oder zu erweitern. Dazu geh\u00f6ren konzentrische und exzentrische Reduzierst\u00fccke. Ein konzentrisches Reduzierst\u00fcck kann zum Verbinden eines gro\u00dfen Rohrs mit einem kleineren Rohr verwendet werden, und ein exzentrisches Reduzierst\u00fcck erm\u00f6glicht das Verschwei\u00dfen eines gro\u00dfen Rohrs mit einem kleineren Rohr mit versetzter Mittellinie.<\/p>\n<p>WLD Steel ist ein f\u00fchrender Hersteller, Lieferant und Lagerhalter von Edelstahl-Rohrreduzierst\u00fccken, die in verschiedenen G\u00fcten und Gr\u00f6\u00dfen erh\u00e4ltlich sind. Wir liefern haupts\u00e4chlich Stumpfschwei\u00dfreduzierst\u00fccke, Schraubreduzierst\u00fccke und Flanschreduzierst\u00fccke aus Edelstahl und Duplex-Edelstahl gem\u00e4\u00df ASTM A403 und ASTM A815.<\/p>\n<h4><strong>Rohrb\u00f6gen Spezifikationen<\/strong><\/h4>\n<table>\n<tbody>\n<tr>\n<td width=\"426\">Formen:<\/td>\n<td width=\"426\">\n<ul>\n<li>Konzentrische Reduzierst\u00fccke und exzentrische Reduzierst\u00fccke<\/li>\n<li>Schwei\u00dfreduzierst\u00fcck, Schraubreduzierst\u00fcck und Flanschreduzierst\u00fcck<\/li>\n<\/ul>\n<\/td>\n<\/tr>\n<tr>\n<td width=\"426\">Material<\/td>\n<td width=\"426\">Edelstahl<\/p>\n<p>Duplex-Edelstahl<\/td>\n<\/tr>\n<tr>\n<td width=\"426\">Spezifikation<\/td>\n<td width=\"426\">ASTM A403, ASTM A815, ANSI\/ASME B16.9, B16.28, MSS-SP-43<\/td>\n<\/tr>\n<tr>\n<td width=\"426\">Gr\u00f6\u00dfe<\/td>\n<td width=\"426\">Nahtloser (SMLS) Reduzierstutzen: 1\/2\u2033-24\u2033, DN15-DN600<\/p>\n<p>Stumpfgeschwei\u00dftes Reduzierst\u00fcck (SEAM): 24\u2033-72\u2033, DN600-DN1800<\/td>\n<\/tr>\n<\/tbody>\n<\/table>\n<\/div><\/section><br \/>\n<div  class='hr hr-default'><span class='hr-inner' ><span class='hr-inner-style'><\/span><\/span><\/div><br \/>\n<section class=\"av_textblock_section\"  itemscope=\"itemscope\" itemtype=\"https:\/\/schema.org\/CreativeWork\" ><div class='avia_textblock'   itemprop=\"text\" ><h4>Verf\u00fcgbare Reduzierst\u00fccke bei WID Steel<\/h4>\n<ul>\n<li>Edelstahl <a href=\"https:\/\/wldstainless.com\/materials\/austenitic-stainless-steel\/304-304l-stainless-steel\/\">304\/304L<\/a> Reduzierst\u00fcck<\/li>\n<li>Edelstahl <a href=\"https:\/\/wldstainless.com\/materials\/austenitic-stainless-steel\/310s-stainless-steel\/\">310\/310S<\/a> Reduzierst\u00fcck<\/li>\n<li>Edelstahl <a href=\"https:\/\/wldstainless.com\/materials\/austenitic-stainless-steel\/316-316l-stainless-steel\/\">316\/316L<\/a> Reduzierst\u00fcck<\/li>\n<li>Edelstahl <a href=\"https:\/\/wldstainless.com\/materials\/austenitic-stainless-steel\/321-321h-stainless-steel\/\">321<\/a> Reduzierst\u00fcck<\/li>\n<li>Edelstahl <a href=\"https:\/\/wldstainless.com\/materials\/austenitic-stainless-steel\/347-347h-stainless-steel\/\">347H<\/a> Reduzierst\u00fcck<\/li>\n<li>Edelstahl <a href=\"https:\/\/wldstainless.com\/materials\/austenitic-stainless-steel\/904l-stainless-steel\/\">904L<\/a> Reduzierst\u00fcck<\/li>\n<li>Edelstahl <a href=\"https:\/\/wldstainless.com\/materials\/ferritic-stainless-steel\/409-409l-stainless-steel\/\">409\/409L<\/a> Reduzierst\u00fcck<\/li>\n<li>Edelstahl <a href=\"https:\/\/wldstainless.com\/materials\/ferritic-stainless-steel\/410-410s-stainless-steel\/\">410\/410S<\/a> Reduzierst\u00fcck<\/li>\n<li>Edelstahl <a href=\"https:\/\/wldstainless.com\/materials\/martensitic-stainless-steel\/420-stainless-steel\/\">420<\/a> Reduzierst\u00fcck<\/li>\n<li>Duplex-Edelstahl <a href=\"https:\/\/wldstainless.com\/materials\/duplex-stainless-steel\/alloy-2205-stainless-steel\/\">2205<\/a> Reduzierst\u00fcck<\/li>\n<\/ul>\n<\/div><\/section><\/p><\/div>","protected":false},"excerpt":{"rendered":"","protected":false},"author":1,"featured_media":0,"parent":346,"menu_order":0,"comment_status":"closed","ping_status":"closed","template":"","meta":{"footnotes":""},"class_list":["post-2097","page","type-page","status-publish","hentry"],"aioseo_notices":[],"_links":{"self":[{"href":"https:\/\/wldstainless.com\/de\/wp-json\/wp\/v2\/pages\/2097","targetHints":{"allow":["GET"]}}],"collection":[{"href":"https:\/\/wldstainless.com\/de\/wp-json\/wp\/v2\/pages"}],"about":[{"href":"https:\/\/wldstainless.com\/de\/wp-json\/wp\/v2\/types\/page"}],"author":[{"embeddable":true,"href":"https:\/\/wldstainless.com\/de\/wp-json\/wp\/v2\/users\/1"}],"replies":[{"embeddable":true,"href":"https:\/\/wldstainless.com\/de\/wp-json\/wp\/v2\/comments?post=2097"}],"version-history":[{"count":2,"href":"https:\/\/wldstainless.com\/de\/wp-json\/wp\/v2\/pages\/2097\/revisions"}],"predecessor-version":[{"id":2105,"href":"https:\/\/wldstainless.com\/de\/wp-json\/wp\/v2\/pages\/2097\/revisions\/2105"}],"up":[{"embeddable":true,"href":"https:\/\/wldstainless.com\/de\/wp-json\/wp\/v2\/pages\/346"}],"wp:attachment":[{"href":"https:\/\/wldstainless.com\/de\/wp-json\/wp\/v2\/media?parent=2097"}],"curies":[{"name":"wp","href":"https:\/\/api.w.org\/{rel}","templated":true}]}}