{"id":2091,"date":"2021-02-25T06:29:03","date_gmt":"2021-02-25T06:29:03","guid":{"rendered":"https:\/\/wldstainless.com\/?page_id=2091"},"modified":"2021-02-25T07:32:25","modified_gmt":"2021-02-25T07:32:25","slug":"stainless-steel-pipe-elbow","status":"publish","type":"page","link":"https:\/\/wldstainless.com\/de\/products\/stainless-steel-pipe-elbow\/","title":{"rendered":"Edelstahl-Rohrbogen"},"content":{"rendered":"<div class=\"flex_column av_one_fourth  flex_column_div av-zero-column-padding first\" style='border-radius:0px; '><p><div class='avia-builder-widget-area clearfix'><div id=\"nav_menu-7\" class=\"widget clearfix widget_nav_menu\"><h3 class=\"widgettitle\">Produkte<\/h3><div class=\"menu-accessories-container\"><ul id=\"menu-accessories\" class=\"menu\"><li id=\"menu-item-1924\" class=\"menu-item menu-item-type-post_type menu-item-object-page menu-item-1924\"><a href=\"https:\/\/wldstainless.com\/de\/products\/stainless-steel-angle\/\">Edelstahlwinkel<\/a><\/li>\n<li id=\"menu-item-1925\" class=\"menu-item menu-item-type-post_type menu-item-object-page menu-item-1925\"><a href=\"https:\/\/wldstainless.com\/de\/products\/stainless-steel-beam\/\">Edelstahltr\u00e4ger<\/a><\/li>\n<li id=\"menu-item-1926\" class=\"menu-item menu-item-type-post_type menu-item-object-page menu-item-1926\"><a href=\"https:\/\/wldstainless.com\/de\/products\/stainless-steel-capillary-tubes\/\">Kapillarr\u00f6hrchen aus Edelstahl<\/a><\/li>\n<li id=\"menu-item-1927\" class=\"menu-item menu-item-type-post_type menu-item-object-page menu-item-1927\"><a href=\"https:\/\/wldstainless.com\/de\/products\/stainless-steel-channel\/\">Edelstahlkanal<\/a><\/li>\n<li id=\"menu-item-1928\" class=\"menu-item menu-item-type-post_type menu-item-object-page menu-item-1928\"><a href=\"https:\/\/wldstainless.com\/de\/products\/stainless-steel-coiled-tube\/\">Spiralrohr aus Edelstahl<\/a><\/li>\n<li id=\"menu-item-1929\" class=\"menu-item menu-item-type-post_type menu-item-object-page menu-item-1929\"><a href=\"https:\/\/wldstainless.com\/de\/products\/stainless-steel-cold-rolled-plate-sheet-coil\/\">Kaltgewalzte Platte\/Blech\/Spule aus Edelstahl<\/a><\/li>\n<li id=\"menu-item-1930\" class=\"menu-item menu-item-type-post_type menu-item-object-page menu-item-1930\"><a href=\"https:\/\/wldstainless.com\/de\/products\/stainless-steel-flats\/\">Edelstahl-Flachst\u00fccke<\/a><\/li>\n<li id=\"menu-item-1931\" class=\"menu-item menu-item-type-post_type menu-item-object-page menu-item-1931\"><a href=\"https:\/\/wldstainless.com\/de\/products\/stainless-steel-hexagon-bars\/\">Sechskantstangen aus Edelstahl<\/a><\/li>\n<li id=\"menu-item-1932\" class=\"menu-item menu-item-type-post_type menu-item-object-page menu-item-1932\"><a href=\"https:\/\/wldstainless.com\/de\/products\/stainless-steel-hot-rolled-plate-sheet-coil\/\">Warmgewalzte Platte\/Blech\/Spule aus Edelstahl<\/a><\/li>\n<li id=\"menu-item-1933\" class=\"menu-item menu-item-type-post_type menu-item-object-page menu-item-1933\"><a href=\"https:\/\/wldstainless.com\/de\/products\/stainless-steel-large-diameter-pipe\/\">Edelstahlrohr mit gro\u00dfem Durchmesser<\/a><\/li>\n<li id=\"menu-item-1934\" class=\"menu-item menu-item-type-post_type menu-item-object-page menu-item-1934\"><a href=\"https:\/\/wldstainless.com\/de\/products\/stainless-steel-round-bars\/\">Rundst\u00e4be aus Edelstahl<\/a><\/li>\n<li id=\"menu-item-1935\" class=\"menu-item menu-item-type-post_type menu-item-object-page menu-item-1935\"><a href=\"https:\/\/wldstainless.com\/de\/products\/stainless-steel-square-tube\/\">Vierkantrohr aus Edelstahl<\/a><\/li>\n<li id=\"menu-item-1936\" class=\"menu-item menu-item-type-post_type menu-item-object-page menu-item-1936\"><a href=\"https:\/\/wldstainless.com\/de\/products\/stainless-steel-u-bend-tube\/\">U-Bogenrohr aus Edelstahl<\/a><\/li>\n<\/ul><\/div><\/div><\/div><br \/>\n<div  class='hr hr-default'><span class='hr-inner' ><span class='hr-inner-style'><\/span><\/span><\/div><br \/>\n<div class='avia-button-wrap avia-button-left'><a href='http:\/\/wldstainless.com\/contact\/#contact' class='avia-button   avia-icon_select-yes-left-icon avia-color-custom avia-size-large avia-position-left'  target=\"_blank\"  style='background-color:#e82221; border-color:#e82221; color:#ffffff; ' ><span class='avia_button_icon avia_button_icon_left' aria-hidden='true' data-av_icon='\ue84b' data-av_iconfont='entypo-fontello'><\/span><span class='avia_iconbox_title' >Angebot anfordern<\/span><\/a><\/div><\/p><\/div>\n<div class=\"flex_column av_three_fourth  flex_column_div\" style='padding:0px 0px 50px 0px ; border-radius:0px; '><p><div style='padding-bottom:10px;' class='av-special-heading av-special-heading-h3'><h3 class='av-special-heading-tag'  itemprop=\"headline\"  >Edelstahl-Rohrbogen<\/h3><div class='special-heading-border'><div class='special-heading-inner-border' ><\/div><\/div><\/div><br \/>\n<div class='avia-gallery  avia-gallery-1 avia_lazyload avia_animate_when_visible'  itemprop=\"ImageObject\" itemscope=\"itemscope\" itemtype=\"https:\/\/schema.org\/ImageObject\" ><div class='avia-gallery-thumb'> <a href='https:\/\/wldstainless.com\/wp-content\/uploads\/2021\/02\/LR-Elbow.jpg' data-rel='gallery-1' data-prev-img='https:\/\/wldstainless.com\/wp-content\/uploads\/2021\/02\/LR-Elbow.jpg' class='first_thumb lightbox' data-onclick='1' title=''  itemprop=\"thumbnailUrl\" ><img  src='https:\/\/wldstainless.com\/wp-content\/uploads\/2021\/02\/LR-Elbow.jpg' width='300' height='300'  title='LR-Winkelst\u00fcck' alt='' \/><\/a> <a href='https:\/\/wldstainless.com\/wp-content\/uploads\/2021\/02\/SR-Elbow.jpg' data-rel='gallery-1' data-prev-img='https:\/\/wldstainless.com\/wp-content\/uploads\/2021\/02\/SR-Elbow.jpg' class='lightbox' data-onclick='2' title=''  itemprop=\"thumbnailUrl\" ><img  src='https:\/\/wldstainless.com\/wp-content\/uploads\/2021\/02\/SR-Elbow.jpg' width='300' height='300'  title='SR-Winkelst\u00fcck' alt='' \/><\/a> <a href='https:\/\/wldstainless.com\/wp-content\/uploads\/2021\/02\/304-butt-weld-elbow.jpg' data-rel='gallery-1' data-prev-img='https:\/\/wldstainless.com\/wp-content\/uploads\/2021\/02\/304-butt-weld-elbow.jpg' class='lightbox' data-onclick='3' title=''  itemprop=\"thumbnailUrl\" ><img  src='https:\/\/wldstainless.com\/wp-content\/uploads\/2021\/02\/304-butt-weld-elbow.jpg' width='300' height='300'  title='304 Stumpfschwei\u00dfbogen' alt='' \/><\/a><\/div><\/div><br \/>\n<div  class='hr hr-default'><span class='hr-inner' ><span class='hr-inner-style'><\/span><\/span><\/div><br \/>\n<section class=\"av_textblock_section\"  itemscope=\"itemscope\" itemtype=\"https:\/\/schema.org\/CreativeWork\" ><div class='avia_textblock'   itemprop=\"text\" ><p>Die Winkelst\u00fccke sind die am h\u00e4ufigsten verwendeten Rohrverbindungsst\u00fccke f\u00fcr Rohrverbindungen. Bei WLD Steel haben wir haupts\u00e4chlich die SR- und LR-Winkelst\u00fccke geliefert. Die SR-Winkelst\u00fccke beziehen sich auf die Winkelst\u00fccke oder Biegungen mit kurzem Radius, die dem NPS in Zoll (R = 1,0 D) entsprechen, und die Winkelst\u00fccke mit LR-Radius haben einen Abstand von Mitte zu Ende, der dem 1,5-fachen des NPS in Zoll (R = 1,5 D) entspricht. Die 45 \u00b0 -, 90 \u00b0 - und 180 \u00b0 -Winkelst\u00fccke sind die Version mit \u201elangem Radius\u201c, und au\u00dferdem sind die 90 \u00b0 - und 180 \u00b0 -Winkelst\u00fccke beide in der Version mit \u201ekurzem Radius\u201c. Winkelst\u00fccke mit langem Radius k\u00f6nnen zum Verbinden von Rohren verwendet werden und haben auch den gleichen Innen- und Au\u00dfendurchmesser, Winkel und die gleiche Wandst\u00e4rke. WLD Steel ist ein f\u00fchrender Hersteller, Lieferant und Lagerhalter von Edelstahlkr\u00fcmmern in verschiedenen G\u00fcten und Gr\u00f6\u00dfen. Wir liefern Edelstahlkr\u00fcmmer in den G\u00fcten 30\u00b0, 45\u00b0, 60\u00b0, 90\u00b0, 180\u00b0, SR-Kr\u00fcmmer und SR-Kr\u00fcmmer in G\u00fcte 304.<\/p>\n<h4><strong>Rohrb\u00f6gen Spezifikationen<\/strong><\/h4>\n<table>\n<tbody>\n<tr>\n<td width=\"426\">Formen:<\/td>\n<td width=\"426\">\n<ul>\n<li>Nahtlos \/ Geschwei\u00dft \/ Hergestellt<\/li>\n<li>LR 30\u00b0, 45 \u00b0, 60 \u00b0, 90 \u00b0, 180\u00b0, SR 90 \u00b0\/ SR 180\u00b0<\/li>\n<\/ul>\n<\/td>\n<\/tr>\n<tr>\n<td width=\"426\">Material<\/td>\n<td width=\"426\">Edelstahl<\/p>\n<p>Duplex-Edelstahl<\/td>\n<\/tr>\n<tr>\n<td width=\"426\">Spezifikation<\/td>\n<td width=\"426\">ASTM A420, ANSI\/ASME B16.9, B16.28, MSS-SP-43<\/td>\n<\/tr>\n<tr>\n<td width=\"426\">Gr\u00f6\u00dfe<\/td>\n<td width=\"426\">Nahtloser (SMLS) Winkel: 1\/2\u2033-24\u2033, DN15-DN600<\/p>\n<p>Stumpfgeschwei\u00dfte Winkelst\u00fccke (SEAM): 24\u2033-72\u2033, DN600-DN1800<\/td>\n<\/tr>\n<\/tbody>\n<\/table>\n<\/div><\/section><br \/>\n<div  class='hr hr-default'><span class='hr-inner' ><span class='hr-inner-style'><\/span><\/span><\/div><br \/>\n<section class=\"av_textblock_section\"  itemscope=\"itemscope\" itemtype=\"https:\/\/schema.org\/CreativeWork\" ><div class='avia_textblock'   itemprop=\"text\" ><h4>Verf\u00fcgbare G\u00fcten von Winkelst\u00fccken bei WID Steel<\/h4>\n<ul>\n<li>Edelstahl <a href=\"https:\/\/wldstainless.com\/materials\/austenitic-stainless-steel\/201-stainless-steel\/\">201<\/a> Ellbogen<\/li>\n<li>Edelstahl <a href=\"https:\/\/wldstainless.com\/materials\/austenitic-stainless-steel\/304-304l-stainless-steel\/\">304\/304L<\/a> Ellbogen<\/li>\n<li>Edelstahl <a href=\"https:\/\/wldstainless.com\/materials\/austenitic-stainless-steel\/310s-stainless-steel\/\">310\/310S<\/a> Ellbogen<\/li>\n<li>Edelstahl <a href=\"https:\/\/wldstainless.com\/materials\/austenitic-stainless-steel\/316-316l-stainless-steel\/\">316\/316L<\/a> Ellbogen<\/li>\n<li>Edelstahl <a href=\"https:\/\/wldstainless.com\/materials\/austenitic-stainless-steel\/321-321h-stainless-steel\/\">321<\/a> Ellbogen<\/li>\n<li>Edelstahl <a href=\"https:\/\/wldstainless.com\/materials\/austenitic-stainless-steel\/347-347h-stainless-steel\/\">347H<\/a> Ellbogen<\/li>\n<li>Edelstahl <a href=\"https:\/\/wldstainless.com\/materials\/austenitic-stainless-steel\/904l-stainless-steel\/\">904L<\/a> Ellbogen<\/li>\n<li>Edelstahl <a href=\"https:\/\/wldstainless.com\/materials\/ferritic-stainless-steel\/409-409l-stainless-steel\/\">409\/409L<\/a> Ellbogen<\/li>\n<li>Edelstahl <a href=\"https:\/\/wldstainless.com\/materials\/ferritic-stainless-steel\/410-410s-stainless-steel\/\">410\/410S<\/a> Ellbogen<\/li>\n<li>Edelstahl <a href=\"https:\/\/wldstainless.com\/materials\/martensitic-stainless-steel\/420-stainless-steel\/\">420<\/a> Ellbogen<\/li>\n<li>Duplex-Edelstahl <a href=\"https:\/\/wldstainless.com\/materials\/duplex-stainless-steel\/alloy-2205-stainless-steel\/\">2205<\/a> Ellbogen<\/li>\n<\/ul>\n<\/div><\/section><\/p><\/div>","protected":false},"excerpt":{"rendered":"","protected":false},"author":1,"featured_media":0,"parent":346,"menu_order":0,"comment_status":"closed","ping_status":"closed","template":"","meta":{"footnotes":""},"class_list":["post-2091","page","type-page","status-publish","hentry"],"aioseo_notices":[],"_links":{"self":[{"href":"https:\/\/wldstainless.com\/de\/wp-json\/wp\/v2\/pages\/2091","targetHints":{"allow":["GET"]}}],"collection":[{"href":"https:\/\/wldstainless.com\/de\/wp-json\/wp\/v2\/pages"}],"about":[{"href":"https:\/\/wldstainless.com\/de\/wp-json\/wp\/v2\/types\/page"}],"author":[{"embeddable":true,"href":"https:\/\/wldstainless.com\/de\/wp-json\/wp\/v2\/users\/1"}],"replies":[{"embeddable":true,"href":"https:\/\/wldstainless.com\/de\/wp-json\/wp\/v2\/comments?post=2091"}],"version-history":[{"count":2,"href":"https:\/\/wldstainless.com\/de\/wp-json\/wp\/v2\/pages\/2091\/revisions"}],"predecessor-version":[{"id":2096,"href":"https:\/\/wldstainless.com\/de\/wp-json\/wp\/v2\/pages\/2091\/revisions\/2096"}],"up":[{"embeddable":true,"href":"https:\/\/wldstainless.com\/de\/wp-json\/wp\/v2\/pages\/346"}],"wp:attachment":[{"href":"https:\/\/wldstainless.com\/de\/wp-json\/wp\/v2\/media?parent=2091"}],"curies":[{"name":"wp","href":"https:\/\/api.w.org\/{rel}","templated":true}]}}