{"id":2082,"date":"2021-02-24T14:19:37","date_gmt":"2021-02-24T14:19:37","guid":{"rendered":"https:\/\/wldstainless.com\/?page_id=2082"},"modified":"2021-02-25T05:29:29","modified_gmt":"2021-02-25T05:29:29","slug":"stainless-steel-pipe-tees","status":"publish","type":"page","link":"https:\/\/wldstainless.com\/de\/products\/stainless-steel-pipe-tees\/","title":{"rendered":"Edelstahl-Rohr-T-St\u00fccke"},"content":{"rendered":"<div class=\"flex_column av_one_fourth  flex_column_div av-zero-column-padding first\" style='border-radius:0px; '><p><div class='avia-builder-widget-area clearfix'><div id=\"nav_menu-7\" class=\"widget clearfix widget_nav_menu\"><h3 class=\"widgettitle\">Produkte<\/h3><div class=\"menu-accessories-container\"><ul id=\"menu-accessories\" class=\"menu\"><li id=\"menu-item-1924\" class=\"menu-item menu-item-type-post_type menu-item-object-page menu-item-1924\"><a href=\"https:\/\/wldstainless.com\/de\/products\/stainless-steel-angle\/\">Edelstahlwinkel<\/a><\/li>\n<li id=\"menu-item-1925\" class=\"menu-item menu-item-type-post_type menu-item-object-page menu-item-1925\"><a href=\"https:\/\/wldstainless.com\/de\/products\/stainless-steel-beam\/\">Edelstahltr\u00e4ger<\/a><\/li>\n<li id=\"menu-item-1926\" class=\"menu-item menu-item-type-post_type menu-item-object-page menu-item-1926\"><a href=\"https:\/\/wldstainless.com\/de\/products\/stainless-steel-capillary-tubes\/\">Kapillarr\u00f6hrchen aus Edelstahl<\/a><\/li>\n<li id=\"menu-item-1927\" class=\"menu-item menu-item-type-post_type menu-item-object-page menu-item-1927\"><a href=\"https:\/\/wldstainless.com\/de\/products\/stainless-steel-channel\/\">Edelstahlkanal<\/a><\/li>\n<li id=\"menu-item-1928\" class=\"menu-item menu-item-type-post_type menu-item-object-page menu-item-1928\"><a href=\"https:\/\/wldstainless.com\/de\/products\/stainless-steel-coiled-tube\/\">Spiralrohr aus Edelstahl<\/a><\/li>\n<li id=\"menu-item-1929\" class=\"menu-item menu-item-type-post_type menu-item-object-page menu-item-1929\"><a href=\"https:\/\/wldstainless.com\/de\/products\/stainless-steel-cold-rolled-plate-sheet-coil\/\">Kaltgewalzte Platte\/Blech\/Spule aus Edelstahl<\/a><\/li>\n<li id=\"menu-item-1930\" class=\"menu-item menu-item-type-post_type menu-item-object-page menu-item-1930\"><a href=\"https:\/\/wldstainless.com\/de\/products\/stainless-steel-flats\/\">Edelstahl-Flachst\u00fccke<\/a><\/li>\n<li id=\"menu-item-1931\" class=\"menu-item menu-item-type-post_type menu-item-object-page menu-item-1931\"><a href=\"https:\/\/wldstainless.com\/de\/products\/stainless-steel-hexagon-bars\/\">Sechskantstangen aus Edelstahl<\/a><\/li>\n<li id=\"menu-item-1932\" class=\"menu-item menu-item-type-post_type menu-item-object-page menu-item-1932\"><a href=\"https:\/\/wldstainless.com\/de\/products\/stainless-steel-hot-rolled-plate-sheet-coil\/\">Warmgewalzte Platte\/Blech\/Spule aus Edelstahl<\/a><\/li>\n<li id=\"menu-item-1933\" class=\"menu-item menu-item-type-post_type menu-item-object-page menu-item-1933\"><a href=\"https:\/\/wldstainless.com\/de\/products\/stainless-steel-large-diameter-pipe\/\">Edelstahlrohr mit gro\u00dfem Durchmesser<\/a><\/li>\n<li id=\"menu-item-1934\" class=\"menu-item menu-item-type-post_type menu-item-object-page menu-item-1934\"><a href=\"https:\/\/wldstainless.com\/de\/products\/stainless-steel-round-bars\/\">Rundst\u00e4be aus Edelstahl<\/a><\/li>\n<li id=\"menu-item-1935\" class=\"menu-item menu-item-type-post_type menu-item-object-page menu-item-1935\"><a href=\"https:\/\/wldstainless.com\/de\/products\/stainless-steel-square-tube\/\">Vierkantrohr aus Edelstahl<\/a><\/li>\n<li id=\"menu-item-1936\" class=\"menu-item menu-item-type-post_type menu-item-object-page menu-item-1936\"><a href=\"https:\/\/wldstainless.com\/de\/products\/stainless-steel-u-bend-tube\/\">U-Bogenrohr aus Edelstahl<\/a><\/li>\n<\/ul><\/div><\/div><\/div><br \/>\n<div  class='hr hr-default'><span class='hr-inner' ><span class='hr-inner-style'><\/span><\/span><\/div><br \/>\n<div class='avia-button-wrap avia-button-left'><a href='http:\/\/wldstainless.com\/contact\/#contact' class='avia-button   avia-icon_select-yes-left-icon avia-color-custom avia-size-large avia-position-left'  target=\"_blank\"  style='background-color:#e82221; border-color:#e82221; color:#ffffff; ' ><span class='avia_button_icon avia_button_icon_left' aria-hidden='true' data-av_icon='\ue84b' data-av_iconfont='entypo-fontello'><\/span><span class='avia_iconbox_title' >Angebot anfordern<\/span><\/a><\/div><\/p><\/div>\n<div class=\"flex_column av_three_fourth  flex_column_div\" style='padding:0px 0px 50px 0px ; border-radius:0px; '><p><div style='padding-bottom:10px;color:#d3311f;' class='av-special-heading av-special-heading-h3 custom-color-heading'><h3 class='av-special-heading-tag'  itemprop=\"headline\"  >T-St\u00fccke aus Edelstahl<\/h3><div class='special-heading-border'><div class='special-heading-inner-border' style='border-color:#d3311f'><\/div><\/div><\/div><br \/>\n<div  class='hr hr-default'><span class='hr-inner' ><span class='hr-inner-style'><\/span><\/span><\/div><br \/>\n<section class=\"av_textblock_section\"  itemscope=\"itemscope\" itemtype=\"https:\/\/schema.org\/CreativeWork\" ><div class='avia_textblock'   itemprop=\"text\" ><p>T-St\u00fccke sind eine Art h\u00e4ufig verwendetes Rohrverbindungsst\u00fcck f\u00fcr Rohrverbindungen, das haupts\u00e4chlich T-St\u00fccke mit gleichem Durchmesser und Reduzier-T-St\u00fccke umfasst. Je nach Sto\u00dfverbindung kann es in Stumpfschwei\u00df-T-St\u00fccke, Muffen-T-St\u00fccke, Muffen-T-St\u00fccke und Gewinde-T-St\u00fccke unterteilt werden. Das Edelstahl-T-St\u00fcck kann nahtlos oder geschwei\u00dft sein, und nahtlose Edelstahl-T-St\u00fccke werden durch hydraulisches Aufw\u00f6lben und Hei\u00dfpressen hergestellt. WLD Steel ist ein f\u00fchrender Hersteller, Lieferant und Lagerhalter von Edelstahl-T-St\u00fccken, die in verschiedenen G\u00fcten und Gr\u00f6\u00dfen erh\u00e4ltlich sind.<\/p>\n<h3>Spezifikationen f\u00fcr Rohrverbindungen<\/h3>\n<p>Typ: Nahtlos \/ Geschwei\u00dft \/ Hergestellt<\/p>\n<p>Spezifikation: ASTM A403<\/p>\n<p>Abmessungen: ANSI\/ASME B16.9, B16.28, MSS-SP-43.<\/p>\n<p>Dicke: Schedule 5S, 10S, 20S, S10, S20, S30, STD, 40S, S40, S60, XS, S100, S120, S140, S160, XXS usw.<\/p>\n<p>Gr\u00f6\u00dfe: Nahtlos (1\/2\u2033\uff5e24\u2033), ERW \/ Geschwei\u00dft \/ Hergestellter Winkel (1\/2\u2033\uff5e48\u2033)<\/p>\n<p>Form: Rohr-T-St\u00fcck, gleichschenkliges T-St\u00fcck, ungleichschenkliges T-St\u00fcck, Kreuz-T-St\u00fcck, gerades T-St\u00fcck, Reduzier-T-St\u00fcck, nahtloses T-St\u00fcck, geschwei\u00dftes T-St\u00fcck<\/p>\n<\/div><\/section><br \/>\n<div class='avia-gallery  avia-gallery-1 avia_lazyload avia_animate_when_visible'  itemprop=\"ImageObject\" itemscope=\"itemscope\" itemtype=\"https:\/\/schema.org\/ImageObject\" ><div class='avia-gallery-thumb'> <a href='https:\/\/wldstainless.com\/wp-content\/uploads\/2021\/02\/ASTM-A403-Ppipe-fitting-tees.jpg' data-rel='gallery-1' data-prev-img='https:\/\/wldstainless.com\/wp-content\/uploads\/2021\/02\/ASTM-A403-Ppipe-fitting-tees.jpg' class='first_thumb lightbox' data-onclick='1' title=''  itemprop=\"thumbnailUrl\" ><img  src='https:\/\/wldstainless.com\/wp-content\/uploads\/2021\/02\/ASTM-A403-Ppipe-fitting-tees.jpg' width='300' height='300'  title='ASTM A403 T-St\u00fccke f\u00fcr Rohrverschraubungen' alt='' \/><\/a> <a href='https:\/\/wldstainless.com\/wp-content\/uploads\/2021\/02\/304-Cross-Tees.jpg' data-rel='gallery-1' data-prev-img='https:\/\/wldstainless.com\/wp-content\/uploads\/2021\/02\/304-Cross-Tees.jpg' class='lightbox' data-onclick='2' title=''  itemprop=\"thumbnailUrl\" ><img  src='https:\/\/wldstainless.com\/wp-content\/uploads\/2021\/02\/304-Cross-Tees.jpg' width='300' height='300'  title='304 Querschienen' alt='' \/><\/a> <a href='https:\/\/wldstainless.com\/wp-content\/uploads\/2021\/02\/304-Tees.jpg' data-rel='gallery-1' data-prev-img='https:\/\/wldstainless.com\/wp-content\/uploads\/2021\/02\/304-Tees.jpg' class='lightbox' data-onclick='3' title=''  itemprop=\"thumbnailUrl\" ><img  src='https:\/\/wldstainless.com\/wp-content\/uploads\/2021\/02\/304-Tees.jpg' width='300' height='300'  title='304 T-St\u00fccke' alt='' \/><\/a><\/div><\/div><br \/>\n<div  class='hr hr-default'><span class='hr-inner' ><span class='hr-inner-style'><\/span><\/span><\/div><br \/>\n<section class=\"av_textblock_section\"  itemscope=\"itemscope\" itemtype=\"https:\/\/schema.org\/CreativeWork\" ><div class='avia_textblock'   itemprop=\"text\" ><h4>Verf\u00fcgbare SS-T-Stahlqualit\u00e4ten bei WID Steel<\/h4>\n<ul>\n<li>Edelstahl <a href=\"https:\/\/wldstainless.com\/materials\/austenitic-stainless-steel\/304-304l-stainless-steel\/\">304\/304L\/304H<\/a> T-Shirt<\/li>\n<li>Edelstahl <a href=\"https:\/\/wldstainless.com\/materials\/austenitic-stainless-steel\/316-316l-stainless-steel\/\">316\/316L\/316Ti<\/a> T-Shirt<\/li>\n<li>Edelstahl <a href=\"https:\/\/wldstainless.com\/materials\/austenitic-stainless-steel\/309s-stainless-steel\/\">309S<\/a> T-Shirt<\/li>\n<li>Edelstahl <a href=\"https:\/\/wldstainless.com\/materials\/austenitic-stainless-steel\/310s-stainless-steel\/\">310\/310S<\/a> T-Shirt<\/li>\n<li>T-St\u00fcck aus Edelstahl 317\/317L<\/li>\n<li>Edelstahl <a href=\"https:\/\/wldstainless.com\/materials\/austenitic-stainless-steel\/321-321h-stainless-steel\/\">321\/321H<\/a> T-Shirt<\/li>\n<li>Edelstahl <a href=\"https:\/\/wldstainless.com\/materials\/austenitic-stainless-steel\/347-347h-stainless-steel\/\">347\/347H<\/a> T-Shirt<\/li>\n<li>Duplexstahl 31803 T-St\u00fcck<\/li>\n<li>Duplex-Stahl <a href=\"https:\/\/wldstainless.com\/materials\/duplex-stainless-steel\/alloy-2205-stainless-steel\/\">32550<\/a> T-Shirt<\/li>\n<\/ul>\n<\/div><\/section><\/p><\/div>","protected":false},"excerpt":{"rendered":"","protected":false},"author":1,"featured_media":0,"parent":346,"menu_order":0,"comment_status":"closed","ping_status":"closed","template":"","meta":{"footnotes":""},"class_list":["post-2082","page","type-page","status-publish","hentry"],"aioseo_notices":[],"_links":{"self":[{"href":"https:\/\/wldstainless.com\/de\/wp-json\/wp\/v2\/pages\/2082","targetHints":{"allow":["GET"]}}],"collection":[{"href":"https:\/\/wldstainless.com\/de\/wp-json\/wp\/v2\/pages"}],"about":[{"href":"https:\/\/wldstainless.com\/de\/wp-json\/wp\/v2\/types\/page"}],"author":[{"embeddable":true,"href":"https:\/\/wldstainless.com\/de\/wp-json\/wp\/v2\/users\/1"}],"replies":[{"embeddable":true,"href":"https:\/\/wldstainless.com\/de\/wp-json\/wp\/v2\/comments?post=2082"}],"version-history":[{"count":4,"href":"https:\/\/wldstainless.com\/de\/wp-json\/wp\/v2\/pages\/2082\/revisions"}],"predecessor-version":[{"id":2090,"href":"https:\/\/wldstainless.com\/de\/wp-json\/wp\/v2\/pages\/2082\/revisions\/2090"}],"up":[{"embeddable":true,"href":"https:\/\/wldstainless.com\/de\/wp-json\/wp\/v2\/pages\/346"}],"wp:attachment":[{"href":"https:\/\/wldstainless.com\/de\/wp-json\/wp\/v2\/media?parent=2082"}],"curies":[{"name":"wp","href":"https:\/\/api.w.org\/{rel}","templated":true}]}}