{"id":197,"date":"2019-05-16T14:56:59","date_gmt":"2019-05-16T14:56:59","guid":{"rendered":"http:\/\/wldstainless.com\/?page_id=197"},"modified":"2020-12-11T03:38:18","modified_gmt":"2020-12-11T03:38:18","slug":"steel-services","status":"publish","type":"page","link":"https:\/\/wldstainless.com\/de\/about\/steel-services\/","title":{"rendered":"DIENSTLEISTUNGEN"},"content":{"rendered":"<\/div><\/div><\/div><!-- close content main div --><\/div><\/div><div id='aboutpage' class='avia-section main_color avia-section-small avia-no-shadow avia-bg-style-scroll   container_wrap sidebar_left'   ><div class='container' ><div class='template-page content  av-content-small units'><div class='post-entry post-entry-type-page post-entry-197'><div class='entry-content-wrapper clearfix'>\n<div class=\"flex_column av_one_full  flex_column_div av-zero-column-padding first\" style='border-radius:0px; '><section class=\"av_textblock_section\"  itemscope=\"itemscope\" itemtype=\"https:\/\/schema.org\/CreativeWork\" ><div class='avia_textblock'   itemprop=\"text\" ><p>Mit moderner Ausr\u00fcstung und einem strengen Produktionsplan fertigt WLD Steel neben unseren Standardprodukten auch spezielle ma\u00dfgeschneiderte Produkte nach den spezifischen Anforderungen und Zeichnungen des Kunden. Wir bieten unseren Kunden auch eine Vielzahl von Edelstahl-Verarbeitungsdienstleistungen aus einer Hand wie Schwei\u00dfen, Bohren, Biegen, Polieren und Drehbearbeitung.<\/p>\n<\/div><\/section><\/div><div class=\"flex_column av_one_fourth  flex_column_div av-zero-column-padding first\" style='border-radius:0px; '><div class='avia-image-container  av-styling-circle    avia-align-center'  itemprop=\"ImageObject\" itemscope=\"itemscope\" itemtype=\"https:\/\/schema.org\/ImageObject\"  ><div class='avia-image-container-inner'><img class='avia_image' src='https:\/\/wldstainless.com\/wp-content\/uploads\/2020\/08\/Water-jet-cutting.jpg' alt='' title='Wasserstrahlschneiden'   itemprop=\"thumbnailUrl\"  \/><\/div><\/div><\/div><div class=\"flex_column av_three_fourth  flex_column_div\" style='padding:50px 0px 50px 0px ; border-radius:0px; '><section class=\"av_textblock_section\"  itemscope=\"itemscope\" itemtype=\"https:\/\/schema.org\/CreativeWork\" ><div class='avia_textblock'   itemprop=\"text\" ><h3 align=\"justify\"><\/h3>\n<h3>Pr\u00e4zisionsschneideservice<\/h3>\n<p>Laser schneiden<\/p>\n<p>Laserschneiden kann zum Schneiden komplexer Formen verwendet werden oder wenn hochpr\u00e4zise Abmessungen erforderlich sind, kann es gleichzeitig mit hoher Effizienz auf beiden Seiten des SS-Werkst\u00fccks geschnitten werden. Hier bei WLD Steel sind wir stolz auf unsere F\u00e4higkeit, zu bearbeiten <a href=\"https:\/\/wldstainless.com\/products\/stainless-steel-coiled-tube\/\">Rohr aus rostfreiem Stahl<\/a> oder Stange mit einem maximalen Durchmesser von 508\u00a0mm, einer L\u00e4nge von 15,5\u00a0m und einer Edelstahlplatte mit einer maximalen Breite von 4,5\u00a0m und einer Dicke von 16\u00a0mm.<\/p>\n<p>Plasmaschneiden<\/p>\n<p>Plasmaschneiden ist ein Schmelzschneidverfahren, bei dem die Hitze von hei\u00dfem Plasma verwendet wird, um das Metall zu schmelzen und das geschmolzene Metall vom Schnitt wegzublasen. Diese Methode eignet sich zum Schneiden von Edelstahlplatten mit einer Dicke von weniger als 30 mm. Sie hat den Vorteil geringer Verformung, da das Schneiden in einem engen Hochtemperaturbereich durchgef\u00fchrt wird.<\/p>\n<p>S\u00e4gen<\/p>\n<p>WLD Steel kann Auftr\u00e4ge exakt nach Kundenwunsch bearbeiten. Unsere Edelstahlrohre und -profile k\u00f6nnen je nach den angegebenen Spezifikationen gerade oder im gew\u00fcnschten Winkel ges\u00e4gt werden. Das Verfahren ist speziell f\u00fcr die Bau- und Maschinenbaubranche geeignet.<\/p>\n<p>Brennschneiden<\/p>\n<p>WLD Steel akzeptiert Flamm- und Hochdruckwasserstrahlschneiden. Flammschneiden ist ein Verfahren, bei dem Stahl mit einer Mischung aus Sauerstoff und Gas geschmolzen wird und das geschmolzene Metall mit einer Sauerstoffspritzpistole abgebrannt wird, die zum Schneiden dicker Edelstahlplatten geeignet ist.<\/p>\n<p>HP-Wasserstrahlschneiden<\/p>\n<p>Beim Wasserstrahlschneiden handelt es sich um ein Verfahren, bei dem ein unter hohem Druck stehender Wasserstrahl Schleifkorn mit sich f\u00fchrt. Es ist pr\u00e4zise, wirtschaftlich, umweltfreundlich und erfordert keine Nachbehandlung und verursacht keine thermische Verformung der Schnittfl\u00e4che.<\/p>\n<\/div><\/section><br \/>\n<div style='height:50px' class='hr hr-invisible'><span class='hr-inner' ><span class='hr-inner-style'><\/span><\/span><\/div><\/p><\/div><\/div><\/div><\/div><!-- close content main div --><\/div><\/div><div id='after_section_1' class='main_color av_default_container_wrap container_wrap sidebar_left'   ><div class='container' ><div class='template-page content  av-content-small units'><div class='post-entry post-entry-type-page post-entry-197'><div class='entry-content-wrapper clearfix'><div class=\"flex_column av_one_fourth  flex_column_div av-zero-column-padding first\" style='border-radius:0px; '><div class='avia-image-container  av-styling-circle    avia-align-center'  itemprop=\"ImageObject\" itemscope=\"itemscope\" itemtype=\"https:\/\/schema.org\/ImageObject\"  ><div class='avia-image-container-inner'><img class='avia_image' src='https:\/\/wldstainless.com\/wp-content\/uploads\/2020\/08\/Sandblasting.jpg' alt='' title='Sandstrahlen'   itemprop=\"thumbnailUrl\"  \/><\/div><\/div><\/div><\/p>\n<div class=\"flex_column av_three_fourth  flex_column_div av-zero-column-padding\" style='border-radius:0px; '><section class=\"av_textblock_section\"  itemscope=\"itemscope\" itemtype=\"https:\/\/schema.org\/CreativeWork\" ><div class='avia_textblock'   itemprop=\"text\" ><h3>Oberfl\u00e4chenbehandlungsservice<\/h3>\n<p>WLD Steel hat immer eine Reihe von Oberfl\u00e4chenbehandlungen an Edelstahlblechen und -platten durchgef\u00fchrt, darunter 2B Mill, BA (Bright Annealed), #4 geb\u00fcrstet \/ Nr. 4 Satin-Finish, Haaransatz-Finish, hochglanzpoliert, Kreuzhaaransatz, farbige \/ PVD-Beschichtung, Anti-Fingerabdruck-Beschichtung.<\/p>\n<\/div><\/section><br \/>\n<div style='height:50px' class='hr hr-invisible'><span class='hr-inner' ><span class='hr-inner-style'><\/span><\/span><\/div><\/p><\/div><div class=\"flex_column av_one_fourth  flex_column_div av-zero-column-padding first\" style='border-radius:0px; '><div class='avia-image-container  av-styling-circle    avia-align-center'  itemprop=\"ImageObject\" itemscope=\"itemscope\" itemtype=\"https:\/\/schema.org\/ImageObject\"  ><div class='avia-image-container-inner'><img class='avia_image' src='https:\/\/wldstainless.com\/wp-content\/uploads\/2020\/08\/Bending-2.jpg' alt='' title='Biegen'   itemprop=\"thumbnailUrl\"  \/><\/div><\/div><\/div><\/p>\n<div class=\"flex_column av_three_fourth  flex_column_div av-zero-column-padding\" style='border-radius:0px; '><section class=\"av_textblock_section\"  itemscope=\"itemscope\" itemtype=\"https:\/\/schema.org\/CreativeWork\" ><div class='avia_textblock'   itemprop=\"text\" ><h3>CNC-Biegeservice<\/h3>\n<p>Biegen ist haupts\u00e4chlich f\u00fcr Edelstahlbleche und -profile vorgesehen. Unsere CNC-Biegemaschine erm\u00f6glicht uns eine strenge Qualit\u00e4tskontrolle unserer Herstellungsprozesse und bietet Ihnen Biegewinkel und eine perfekte Oberfl\u00e4chenqualit\u00e4t. Wir bieten auch Biegetests nach kompromisslosen Spezifikationen wie ANSI, ASTM und ASME an.<\/p>\n<\/div><\/section><\/div>","protected":false},"excerpt":{"rendered":"","protected":false},"author":1,"featured_media":0,"parent":76,"menu_order":0,"comment_status":"closed","ping_status":"closed","template":"","meta":{"footnotes":""},"class_list":["post-197","page","type-page","status-publish","hentry"],"aioseo_notices":[],"_links":{"self":[{"href":"https:\/\/wldstainless.com\/de\/wp-json\/wp\/v2\/pages\/197","targetHints":{"allow":["GET"]}}],"collection":[{"href":"https:\/\/wldstainless.com\/de\/wp-json\/wp\/v2\/pages"}],"about":[{"href":"https:\/\/wldstainless.com\/de\/wp-json\/wp\/v2\/types\/page"}],"author":[{"embeddable":true,"href":"https:\/\/wldstainless.com\/de\/wp-json\/wp\/v2\/users\/1"}],"replies":[{"embeddable":true,"href":"https:\/\/wldstainless.com\/de\/wp-json\/wp\/v2\/comments?post=197"}],"version-history":[{"count":19,"href":"https:\/\/wldstainless.com\/de\/wp-json\/wp\/v2\/pages\/197\/revisions"}],"predecessor-version":[{"id":2048,"href":"https:\/\/wldstainless.com\/de\/wp-json\/wp\/v2\/pages\/197\/revisions\/2048"}],"up":[{"embeddable":true,"href":"https:\/\/wldstainless.com\/de\/wp-json\/wp\/v2\/pages\/76"}],"wp:attachment":[{"href":"https:\/\/wldstainless.com\/de\/wp-json\/wp\/v2\/media?parent=197"}],"curies":[{"name":"wp","href":"https:\/\/api.w.org\/{rel}","templated":true}]}}