{"id":1678,"date":"2020-09-09T02:11:01","date_gmt":"2020-09-09T02:11:01","guid":{"rendered":"http:\/\/wldstainless.com\/?page_id=1678"},"modified":"2020-09-18T10:04:14","modified_gmt":"2020-09-18T10:04:14","slug":"stainless-steel-round-bars","status":"publish","type":"page","link":"https:\/\/wldstainless.com\/de\/products\/stainless-steel-round-bars\/","title":{"rendered":"Rundst\u00e4be aus Edelstahl"},"content":{"rendered":"<div class=\"flex_column av_one_fourth  flex_column_div av-zero-column-padding first\" style='border-radius:0px; '><p><div class='avia-builder-widget-area clearfix'><div id=\"nav_menu-7\" class=\"widget clearfix widget_nav_menu\"><h3 class=\"widgettitle\">Produkte<\/h3><div class=\"menu-accessories-container\"><ul id=\"menu-accessories\" class=\"menu\"><li id=\"menu-item-1924\" class=\"menu-item menu-item-type-post_type menu-item-object-page menu-item-1924\"><a href=\"https:\/\/wldstainless.com\/de\/products\/stainless-steel-angle\/\">Edelstahlwinkel<\/a><\/li>\n<li id=\"menu-item-1925\" class=\"menu-item menu-item-type-post_type menu-item-object-page menu-item-1925\"><a href=\"https:\/\/wldstainless.com\/de\/products\/stainless-steel-beam\/\">Edelstahltr\u00e4ger<\/a><\/li>\n<li id=\"menu-item-1926\" class=\"menu-item menu-item-type-post_type menu-item-object-page menu-item-1926\"><a href=\"https:\/\/wldstainless.com\/de\/products\/stainless-steel-capillary-tubes\/\">Kapillarr\u00f6hrchen aus Edelstahl<\/a><\/li>\n<li id=\"menu-item-1927\" class=\"menu-item menu-item-type-post_type menu-item-object-page menu-item-1927\"><a href=\"https:\/\/wldstainless.com\/de\/products\/stainless-steel-channel\/\">Edelstahlkanal<\/a><\/li>\n<li id=\"menu-item-1928\" class=\"menu-item menu-item-type-post_type menu-item-object-page menu-item-1928\"><a href=\"https:\/\/wldstainless.com\/de\/products\/stainless-steel-coiled-tube\/\">Spiralrohr aus Edelstahl<\/a><\/li>\n<li id=\"menu-item-1929\" class=\"menu-item menu-item-type-post_type menu-item-object-page menu-item-1929\"><a href=\"https:\/\/wldstainless.com\/de\/products\/stainless-steel-cold-rolled-plate-sheet-coil\/\">Kaltgewalzte Platte\/Blech\/Spule aus Edelstahl<\/a><\/li>\n<li id=\"menu-item-1930\" class=\"menu-item menu-item-type-post_type menu-item-object-page menu-item-1930\"><a href=\"https:\/\/wldstainless.com\/de\/products\/stainless-steel-flats\/\">Edelstahl-Flachst\u00fccke<\/a><\/li>\n<li id=\"menu-item-1931\" class=\"menu-item menu-item-type-post_type menu-item-object-page menu-item-1931\"><a href=\"https:\/\/wldstainless.com\/de\/products\/stainless-steel-hexagon-bars\/\">Sechskantstangen aus Edelstahl<\/a><\/li>\n<li id=\"menu-item-1932\" class=\"menu-item menu-item-type-post_type menu-item-object-page menu-item-1932\"><a href=\"https:\/\/wldstainless.com\/de\/products\/stainless-steel-hot-rolled-plate-sheet-coil\/\">Warmgewalzte Platte\/Blech\/Spule aus Edelstahl<\/a><\/li>\n<li id=\"menu-item-1933\" class=\"menu-item menu-item-type-post_type menu-item-object-page menu-item-1933\"><a href=\"https:\/\/wldstainless.com\/de\/products\/stainless-steel-large-diameter-pipe\/\">Edelstahlrohr mit gro\u00dfem Durchmesser<\/a><\/li>\n<li id=\"menu-item-1934\" class=\"menu-item menu-item-type-post_type menu-item-object-page menu-item-1934\"><a href=\"https:\/\/wldstainless.com\/de\/products\/stainless-steel-round-bars\/\">Rundst\u00e4be aus Edelstahl<\/a><\/li>\n<li id=\"menu-item-1935\" class=\"menu-item menu-item-type-post_type menu-item-object-page menu-item-1935\"><a href=\"https:\/\/wldstainless.com\/de\/products\/stainless-steel-square-tube\/\">Vierkantrohr aus Edelstahl<\/a><\/li>\n<li id=\"menu-item-1936\" class=\"menu-item menu-item-type-post_type menu-item-object-page menu-item-1936\"><a href=\"https:\/\/wldstainless.com\/de\/products\/stainless-steel-u-bend-tube\/\">U-Bogenrohr aus Edelstahl<\/a><\/li>\n<\/ul><\/div><\/div><\/div><br \/>\n<div  class='hr hr-default'><span class='hr-inner' ><span class='hr-inner-style'><\/span><\/span><\/div><br \/>\n<div class='avia-button-wrap avia-button-left'><a href='http:\/\/wldstainless.com\/contact\/#contact' class='avia-button   avia-icon_select-yes-left-icon avia-color-custom avia-size-large avia-position-left'  target=\"_blank\"  style='background-color:#e82221; border-color:#e82221; color:#ffffff; ' ><span class='avia_button_icon avia_button_icon_left' aria-hidden='true' data-av_icon='\ue84b' data-av_iconfont='entypo-fontello'><\/span><span class='avia_iconbox_title' >Angebot anfordern<\/span><\/a><\/div><\/p><\/div><div class=\"flex_column av_three_fourth  flex_column_div\" style='padding:0px 0px 50px 0px ; border-radius:0px; '><p><div style='padding-bottom:10px;color:#d3311f;' class='av-special-heading av-special-heading-h3 custom-color-heading'><h3 class='av-special-heading-tag'  itemprop=\"headline\"  >Rundst\u00e4be aus Edelstahl<\/h3><div class='special-heading-border'><div class='special-heading-inner-border' style='border-color:#d3311f'><\/div><\/div><\/div><br \/>\n<div  class='hr hr-default'><span class='hr-inner' ><span class='hr-inner-style'><\/span><\/span><\/div><br \/>\n<section class=\"av_textblock_section\"  itemscope=\"itemscope\" itemtype=\"https:\/\/schema.org\/CreativeWork\" ><div class='avia_textblock'   itemprop=\"text\" ><p>Rundst\u00e4be oder Stangen aus rostfreiem Stahl werden im Kaltzieh- oder Warmwalzverfahren hergestellt. Je nach Struktur und chemischer Zusammensetzung des Stahls k\u00f6nnen Edelstahlst\u00e4be in martensitische Edelstahlst\u00e4be, ferritische Edelstahlst\u00e4be, austenitische Edelstahlst\u00e4be, Duplex-Edelstahlst\u00e4be und ausgef\u00e4llte geh\u00e4rtete Edelstahlst\u00e4be oder Chrom-Edelstahlst\u00e4be und Nickel-Edelstahlst\u00e4be unterteilt werden. Je nach Form und Gestalt k\u00f6nnen Edelstahlst\u00e4be Flachst\u00e4be, Sechskantst\u00e4be, Vierkantst\u00e4be oder Rundst\u00e4be sein.<\/p>\n<p>Der Edelstahl-Rundstab bietet vielf\u00e4ltige Anwendungsm\u00f6glichkeiten und kann fast \u00fcberall dort eingesetzt werden, wo eine gute Korrosionsbest\u00e4ndigkeit und ausgezeichnete Festigkeit erforderlich sind. Er ist das Grundmaterial f\u00fcr die Herstellung nahtloser Edelstahlrohre. Bei WLD Steel liefern und fertigen wir Edelstahl-Rundst\u00e4be in verschiedenen Abmessungen und G\u00fcten, gewalzt, gegl\u00fcht und normalisiert. \u00dcber unser Servicecenter bieten wir auch Zuschnitte und W\u00e4rmebehandlungen an.<\/p>\n<\/div><\/section><br \/>\n<div  class='hr hr-default'><span class='hr-inner' ><span class='hr-inner-style'><\/span><\/span><\/div><br \/>\n<section class=\"av_textblock_section\"  itemscope=\"itemscope\" itemtype=\"https:\/\/schema.org\/CreativeWork\" ><div class='avia_textblock'   itemprop=\"text\" ><h4>Spezifikationen f\u00fcr industrielle Rundst\u00e4be aus rostfreiem Stahl<\/h4>\n<table>\n<tbody>\n<tr>\n<td width=\"323\">Formen:<\/td>\n<td width=\"529\">Rundstab<\/td>\n<\/tr>\n<tr>\n<td width=\"323\">Material<\/td>\n<td width=\"529\">Edelstahl<\/p>\n<p>Duplex-Edelstahl<\/td>\n<\/tr>\n<tr>\n<td width=\"323\">Oberfl\u00e4chenfinish<\/td>\n<td width=\"529\">Poliert, blank, geschliffen, sandgestrahlt, gebeizt, walzblank<\/td>\n<\/tr>\n<tr>\n<td width=\"323\">Spezifikation<\/td>\n<td width=\"529\">ASTM A276<\/p>\n<p>ASTM A484<\/p>\n<p>ASTM A564<\/p>\n<p>ASTM A581<\/p>\n<p>ASTM A582<\/td>\n<\/tr>\n<tr>\n<td width=\"323\">Gr\u00f6\u00dfe<\/td>\n<td width=\"529\">3,17 mm \u2013 350 mm<\/td>\n<\/tr>\n<tr>\n<td width=\"323\">Dicke<\/td>\n<td width=\"529\">0,3 mm bis 120 mm<\/td>\n<\/tr>\n<\/tbody>\n<\/table>\n<h4>Verf\u00fcgbare Stab- und Stangenqualit\u00e4ten bei WID Steel<\/h4>\n<ul>\n<li>Rundstab\/Stange aus Edelstahl 304\/304L<\/li>\n<li>Rundstab\/Stange aus Edelstahl 310\/310S<\/li>\n<li>Rundstab\/Rundstange aus Edelstahl 316\/316L<\/li>\n<li>Rundst\u00e4be\/-stangen aus Edelstahl 321<\/li>\n<li>Rundstab\/Stange aus Edelstahl 347H<\/li>\n<li>Rundstab\/Stange aus Edelstahl 904L<\/li>\n<li>Rundstab\/Stangen aus Edelstahl 409\/409L<\/li>\n<li>Rundstab\/Stange aus Edelstahl 410\/410S<\/li>\n<li>Rundstab\/Stange aus Edelstahl 430<\/li>\n<li>Rundstab\/Stange aus Duplex-Edelstahl 2205<\/li>\n<\/ul>\n<\/div><\/section><\/p><\/div><\/p>","protected":false},"excerpt":{"rendered":"","protected":false},"author":1,"featured_media":0,"parent":346,"menu_order":0,"comment_status":"closed","ping_status":"closed","template":"","meta":{"footnotes":""},"class_list":["post-1678","page","type-page","status-publish","hentry"],"aioseo_notices":[],"_links":{"self":[{"href":"https:\/\/wldstainless.com\/de\/wp-json\/wp\/v2\/pages\/1678","targetHints":{"allow":["GET"]}}],"collection":[{"href":"https:\/\/wldstainless.com\/de\/wp-json\/wp\/v2\/pages"}],"about":[{"href":"https:\/\/wldstainless.com\/de\/wp-json\/wp\/v2\/types\/page"}],"author":[{"embeddable":true,"href":"https:\/\/wldstainless.com\/de\/wp-json\/wp\/v2\/users\/1"}],"replies":[{"embeddable":true,"href":"https:\/\/wldstainless.com\/de\/wp-json\/wp\/v2\/comments?post=1678"}],"version-history":[{"count":5,"href":"https:\/\/wldstainless.com\/de\/wp-json\/wp\/v2\/pages\/1678\/revisions"}],"predecessor-version":[{"id":1951,"href":"https:\/\/wldstainless.com\/de\/wp-json\/wp\/v2\/pages\/1678\/revisions\/1951"}],"up":[{"embeddable":true,"href":"https:\/\/wldstainless.com\/de\/wp-json\/wp\/v2\/pages\/346"}],"wp:attachment":[{"href":"https:\/\/wldstainless.com\/de\/wp-json\/wp\/v2\/media?parent=1678"}],"curies":[{"name":"wp","href":"https:\/\/api.w.org\/{rel}","templated":true}]}}